{"id":2024,"date":"2026-01-18T18:47:06","date_gmt":"2026-01-18T18:47:06","guid":{"rendered":"https:\/\/vigo-rio.com\/?post_type=product&#038;p=2024"},"modified":"2026-02-23T19:07:58","modified_gmt":"2026-02-23T19:07:58","slug":"fc-14-lhasa","status":"publish","type":"product","link":"https:\/\/vigo-rio.com\/en\/product\/fc-14-lhasa\/","title":{"rendered":"FC Lhasa"},"content":{"rendered":"<p><strong>Kolzov-Platte &#8222;Lhasa&#8220;\u00a0&#8211; (Reinigung, Schwingungserh\u00f6hung, Anbindung an H\u00f6heres Selbst; Kraftplatz Pangong Tso See, Lhasa Jokhang-Tempel)<\/strong><\/p>\n<p><strong>&#8211; neueste Version mit 8-Elementen (8 enthaltenen Energiespeicher-Chips)<\/strong><\/p>\n<p>Die Kolzov-Platte &#8222;Lhasa&#8220; wurde in neuartiger t\u00fcrkisblauer Farbe gefertigt. Sie enth\u00e4lt die Energie und Information bedeutender Kraftpl\u00e4tze Tibets in Lhasa und von drei heiligen tibetischen Seen.<\/p>\n<p><em>Die Aussagen beziehen sich auf alternative Testmethoden wie Meridianenergie-Messungen der Organfunktionskreisl\u00e4ufe nach TCM, Kirlian-Fotografie (EPG\/GDV-Kamera), Oberon, Amsat o.\u00e4. durch den Hersteller &#8222;Planet der Regionen&#8220; und stellen keine medizinische oder auf den physischen K\u00f6rper und dessen Organe bezogenen Aussage im Sinne der westlichen Schulmedizin dar.<\/em><\/p>\n<p><strong>Die Platte ist in diesem Sinne vor allem geeignet f\u00fcr:<\/strong><\/p>\n<ul>\n<li>die Kolzov-Platte kl\u00e4rt die Umgebung von negativen und schweren Energien;<\/li>\n<li>erh\u00f6ht die Energie des Menschen und reinigt die Energiezentren, die Chakras);<\/li>\n<li>tr\u00e4gt zur Harmonisierung des mentalen und psychischen Zustands und zum Einklang der Emotionen bei, hilft zu einem Zustand des inneren Friedens zu finden;<\/li>\n<li>f\u00f6rdert die Verbindung und Vereinigung mit dem H\u00f6heren Selbst,;<\/li>\n<li>erh\u00f6ht die Spiritualit\u00e4t und hilft, sich der Verbindung mit dem Kosmos bewusst zu werden und einen Zustand innerer Ruhe zu finden;<\/li>\n<li>st\u00e4rkt Kraft und Mut, Ausdauer, Willenskraft und Effizienz, sch\u00fctzt vor Hindernissen auf dem Weg der Selbsterkenntnis;<\/li>\n<li>f\u00f6rdert die allgemeine Gesundheit, insbesondere die von Herz und Herz-Chakra;<\/li>\n<li>ruft die positiven Ver\u00e4nderungen im Leben herbei und hilft, die lebenswichtigen Ereignisse zu korrigieren;<\/li>\n<li>st\u00e4rkt die Intuition und das kreative Potenzial.<\/li>\n<\/ul>\n<p>Lhasa ist die historische Hauptstadt des mysteri\u00f6sen Tibet und ist mit einer H\u00f6he auf 3650m \u00fcber dem Meeresspiegel die h\u00f6chstgelegene Gro\u00dfstadt der Welt. Das tibetische Wort &#8222;Lhasa&#8220; bedeutet &#8222;Ort der G\u00f6tter&#8220; oder &#8222;Ort der Gottk\u00f6nige&#8220;. Lhasa ist immer noch einer der ber\u00fchmtesten Kraftorte der Welt und die Wiege der tibetischen Zivilisation, ein magisches Land unter den Bergen, &#8222;wo die G\u00f6tter wohnen.&#8220; Es ist der urspr\u00fcngliche traditionelle Sitz des Dalai Lama. Das spirituelle Zentrum der Stadt ist das Lhasa Tsuglagkhang (&#8222;w\u00f6rtlich &#8222;Heiligtum von Lhasa&#8220;), die bedeutendste religi\u00f6se St\u00e4tte des tibetischen Buddhismus. Und die Keimzelle und sein Zentrum ist der Jokhang-Tempel mit der Statue des Jowo Rinpoche, der bedeutendsten Statue Tibets, die Buddha Siddharta Gautama als zw\u00f6lfj\u00e4hrigen Prinzen darstellt. Dieser &#8222;Tempel der wunderbaren Ausstrahlung&#8220; ist der \u00e4lteste, heiligste und am meisten besuchte Tempel Tibets. Jeden Tag kommen Tausende Menschen um hier ihr Gebet und ihre Meditation zu verrichten und mindestens einmal im Leben soll ein Tibeter hierher pilgern.<\/p>\n<p>In den fernen Bergen Tibets gibt es heilige, verehrte Seen. Die Energie eines dieser Seen ist auf dieser Platte mit gespeichert: der &#8222;Pangong Tso&#8220;, der h\u00f6chste Bergsalzsee an der Grenze zwischen Tibet (China) und Ladakh (Indien), umgeben vom Himalaya, liegt auf 4.250 m H\u00f6he und ist einer der sch\u00f6nsten Seen der Erde. Ein unvergesslicher Blick auf Tibet und das ber\u00fchmte Karakoram-Gebirge \u00f6ffnet sich durch transparente, entladene Luft. Hier wirkt zun\u00e4chst alles monumental bewegungslos, aber wenn man nicht versucht, den Blick auf etwas Bestimmtes zu richten, sondern die ganze Landschaft zu betrachten, dann wird sie lebendig! Ungew\u00f6hnlich ist, dass das Wasser dieses sch\u00f6nen Sees auch vom st\u00e4rksten Wind nicht gest\u00f6rt wird, als w\u00e4re es verhext, immer ruhig zu sein, oder als ob es versteinert w\u00e4re. Wenn das Wetter hier sonnig ist, erh\u00e4lt die Farbe des Wassers von Pangong einen magischen azurblauen Farbton, von dem es unm\u00f6glich ist, die Augen abzuwenden. Ein ganz besonderer Kraftplatz.<\/p>\n<p>ZUR BEACHTUNG: Die Aktivierungszeit von Wasser auf der Platte betr\u00e4gt mindestens 15 Sekunden.<\/p>\n<p><em><u>Ergebnis im LIFE-TEST:\u00a0<\/u>Die Kolzov-Platte &#8222;Lhasa&#8220; hat ein neutrales Energiefeld mit einer Abstrahlung von deutlich mehr als 40.000 Bovis. Die Platte erh\u00f6ht damit die Energie gleich von 4 Chakras auf 40 000 Bovis: Kronen-, Stirn-, Herz-, Sexual- bzw. Blasen-Chakra und das Wurzel-Chakra steigen auf dieses hohe Energieniveau &#8211; also genau die beiden oberen und die beiden unteren Chakras. Das Hals-Chakra erh\u00f6ht seine Energie auf ebenfalls hohe 35 000 Bovis und das Solarplexus-Chakra auf 28 0000 Bovis. Durch die Aufladung der Chakras w\u00e4chst der bioenergetische Reaktionsabstand von zirka 75 Zentimetern um den K\u00f6rper auf 2,70 Meter.<\/em><\/p>\n<p><em><strong>Wichtiger Hinweis:<br \/>\nWir weisen ausdr\u00fccklich darauf hin, dass die Kolzov-Platte (russische Bezeichnung: &#8222;Korrektoren des funktionalen Zustands&#8220;) ein alternatives Energie- und Informationsprodukt ist und kein Heilmittel im Sinne der westlichen Schulmedizin. Vielmehr ist es ein rein energetisches Hilfsmittel zur ganzheitlichen Balancierung von energetischen Disharmonien und Blockaden. Informationen \u00fcber Qualit\u00e4t und Eigenschaften des Energieobjekts beziehen sich auf Aussagen des russischen Herstellers und alternativen Theorien zu Mensch und Umwelt, auf alternative Anschauungen und esoterische \u00dcberlieferungen oder Aussagen. Sie gelten nur im Sinne der esoterischen Lebensphilosophie und daran angelehnte Alternativheilkunde. Wirkungen im Sinne westlicher Wissenschaft oder Medizin werden hier nicht behauptet.<\/strong><\/em><\/p>","protected":false},"excerpt":{"rendered":"<p>Chakra-Reinigung, Erh\u00f6hung der Schwingung, H\u00f6heres Selbst<\/p>","protected":false},"featured_media":1910,"comment_status":"open","ping_status":"closed","template":"","meta":[],"product_brand":[],"product_cat":[31],"product_tag":[],"class_list":{"0":"post-2024","1":"product","2":"type-product","3":"status-publish","4":"has-post-thumbnail","6":"product_cat-exclusive-series","8":"first","9":"instock","10":"sale","11":"taxable","12":"shipping-taxable","13":"purchasable","14":"product-type-variable"},"_links":{"self":[{"href":"https:\/\/vigo-rio.com\/en\/wp-json\/wp\/v2\/product\/2024","targetHints":{"allow":["GET"]}}],"collection":[{"href":"https:\/\/vigo-rio.com\/en\/wp-json\/wp\/v2\/product"}],"about":[{"href":"https:\/\/vigo-rio.com\/en\/wp-json\/wp\/v2\/types\/product"}],"replies":[{"embeddable":true,"href":"https:\/\/vigo-rio.com\/en\/wp-json\/wp\/v2\/comments?post=2024"}],"wp:featuredmedia":[{"embeddable":true,"href":"https:\/\/vigo-rio.com\/en\/wp-json\/wp\/v2\/media\/1910"}],"wp:attachment":[{"href":"https:\/\/vigo-rio.com\/en\/wp-json\/wp\/v2\/media?parent=2024"}],"wp:term":[{"taxonomy":"product_brand","embeddable":true,"href":"https:\/\/vigo-rio.com\/en\/wp-json\/wp\/v2\/product_brand?post=2024"},{"taxonomy":"product_cat","embeddable":true,"href":"https:\/\/vigo-rio.com\/en\/wp-json\/wp\/v2\/product_cat?post=2024"},{"taxonomy":"product_tag","embeddable":true,"href":"https:\/\/vigo-rio.com\/en\/wp-json\/wp\/v2\/product_tag?post=2024"}],"curies":[{"name":"wp","href":"https:\/\/api.w.org\/{rel}","templated":true}]}}