{"id":1957,"date":"2026-01-18T08:59:25","date_gmt":"2026-01-18T08:59:25","guid":{"rendered":"https:\/\/vigo-rio.com\/?post_type=product&#038;p=1957"},"modified":"2026-02-04T19:53:48","modified_gmt":"2026-02-04T19:53:48","slug":"fc-flora-and-fauna","status":"publish","type":"product","link":"https:\/\/vigo-rio.com\/en\/product\/fc-flora-and-fauna\/","title":{"rendered":"FC Flora und Fauna"},"content":{"rendered":"<p><strong>Kolzov-Platte &#8222;Fauna &amp; Flora&#8220;\u00a0&#8211; (f\u00fcr Zimmer- und Gem\u00fcsepflanzen, Haus- und Nutztiere: zur St\u00e4rkung und zum Schutz vor Mikroorganismen, Parasiten und Sch\u00e4dlingen, erh\u00f6ht die Fruchtbarkeit)<\/strong><\/p>\n<p><strong>&#8211; neueste Version mit 8-Elementen (8 enthaltenen Energiespeicher-Chips)<\/strong><\/p>\n<p>Die Kolzov-Platte &#8222;Fauna und Flora&#8220; wurde f\u00fcr die Aktivierung von Wasser f\u00fcr Haustiere und alle Arten von Pflanzen entwickelt. Sie ist sowohl f\u00fcr Zimmer- als auch f\u00fcr Gem\u00fcsepflanzen, Blumen, B\u00e4ume und f\u00fcr den landwirtschaftlichen Anbau geeignet, ebenso f\u00fcr Haustiere wie Hund, Katze, V\u00f6gel, Kaninchen, Meerschweinchen usw. und Nutztiere wie Pferde, K\u00fche, Ziegen, Schafe und Schweine. Die Platte enth\u00e4lt Informationen f\u00fcr die umfassende Vitalisierung von Pflanzen und Tieren und zum Schutz gegen Parasiten. Pflanzen, die mit diesem aktivierten und informierten Wasser gegossen werden, ben\u00f6tigen deutlich weniger D\u00fcnger und Pflanzenschutzmittel, tragen reichere Ernte und werden weniger von Sch\u00e4dlingen befallen.<br \/>\nHilfreich ist auch das Bespr\u00fchen mit dem informierten Wasser. So ist die Platte auch ideal f\u00fcr schwierige Pflanzen wie Orchideen. Tiere k\u00f6nnen durch das Trinken des Wassers von dieser Platte ihr Futter besser verwerten, werden widerstandsf\u00e4higer und insgesamt vitaler.<\/p>\n<p><em>Die Aussagen beziehen sich auf alternative Testmethoden wie Meridianenergie-Messungen der Organfunktionskreisl\u00e4ufe nach TCM, Kirlian-Fotografie (EPG\/GDV-Kamera), Oberon, Amsat o.\u00e4. durch den Hersteller &#8222;Planet der Regionen&#8220; und stellen keine medizinische oder auf den physischen K\u00f6rper und dessen Organe bezogenen Aussage im Sinne der westlichen Schulmedizin dar.<\/em><\/p>\n<p><strong>Die Platte ist in diesem Sinne vor allem geeignet f\u00fcr:<\/strong><\/p>\n<ul>\n<li>Informationen aus kosmoenergetischen Kan\u00e4len zur F\u00f6rderung des Pflanzenwachstums,<\/li>\n<li>f\u00fcr die Vitalit\u00e4t von Tieren,<\/li>\n<li>gegen sch\u00e4dliche Mikroorganismen und Parasiten bei Pflanzen und Tieren.<\/li>\n<li>Au\u00dferdem Schwingungsinformationen gegen verschiedenen sch\u00e4dliche Pilze und Schimmel.<\/li>\n<li>Enthalten ist zudem das slawisch-arische Energiesymbol Yarovat f\u00fcr positive Wetterbedingungen und reiche Bl\u00fcte,<\/li>\n<li>das Symbol Solard, ein Fruchtbarkeitssymbol von Mutter Erde, f\u00fcr die optimale Nutzung von Licht und W\u00e4rme, sowie weitere Symbole f\u00fcr Licht, gute Ernten und Wohlstand.<\/li>\n<\/ul>\n<p>ZUR BEACHTUNG: Die Aktivierungszeit von Wasser auf der Platte betr\u00e4gt mindestens 15 Sekunden.<\/p>\n<p><em><u>Ergebnis im LIFE-TEST:<\/u>\u00a0Die Kolzov-Platte &#8222;Fauna &amp; Flora&#8220; hat ein neutrales Energiefeld mit einer Abstrahlung von 40.000 Bovis. Die Platte ist nat\u00fcrlich normalerweise f\u00fcr Tiere und Pflanzen gedacht. Sie zeigt auber auch auf die menschliche Chakras erstaunliche Wirkungen: insbesondere das Kronen- und das Scheitel-Chakra steigen auf 40 000 Bovis und das Hals-Chakra auf 35 000 Bovis. Durch die Aufladung der Chakras w\u00e4chst der bioenergetische Reaktionsabstand von zirka 75 Zentimetern um den K\u00f6rper auf enorme 2,30 Meter.<\/em><\/p>\n<p><em><strong>Wichtiger Hinweis:<br \/>\nWir weisen ausdr\u00fccklich darauf hin, dass die Kolzov-Platte (russische Bezeichnung: &#8222;Korrektoren des funktionalen Zustands&#8220;) ein alternatives Energie- und Informationsprodukt ist und kein Heilmittel im Sinne der westlichen Schulmedizin. Vielmehr ist es ein rein energetisches Hilfsmittel zur ganzheitlichen Balancierung von energetischen Disharmonien und Blockaden. Informationen \u00fcber Qualit\u00e4t und Eigenschaften des Energieobjekts beziehen sich auf Aussagen des russischen Herstellers und alternativen Theorien zu Mensch und Umwelt, auf alternative Anschauungen und esoterische \u00dcberlieferungen oder Aussagen. Sie gelten nur im Sinne der esoterischen Lebensphilosophie und daran angelehnte Alternativheilkunde. Wirkungen im Sinne westlicher Wissenschaft oder Medizin werden hier nicht behauptet.<\/strong><\/em><\/p>","protected":false},"excerpt":{"rendered":"<p>F\u00f6rdert den Schutz von Pflanzen und Tieren vor Parasiten und Krankheiten, die durch Mikroorganismen, Pilze, Schimmel und Mehltau verursacht werden. F\u00f6rdert ein schnelles Pflanzenwachstum und eine z\u00fcgige Entwicklung.<\/p>","protected":false},"featured_media":1909,"comment_status":"open","ping_status":"closed","template":"","meta":[],"product_brand":[],"product_cat":[31],"product_tag":[65],"class_list":{"0":"post-1957","1":"product","2":"type-product","3":"status-publish","4":"has-post-thumbnail","6":"product_cat-exclusive-series","7":"product_tag-65","9":"first","10":"instock","11":"taxable","12":"shipping-taxable","13":"purchasable","14":"product-type-simple"},"_links":{"self":[{"href":"https:\/\/vigo-rio.com\/en\/wp-json\/wp\/v2\/product\/1957","targetHints":{"allow":["GET"]}}],"collection":[{"href":"https:\/\/vigo-rio.com\/en\/wp-json\/wp\/v2\/product"}],"about":[{"href":"https:\/\/vigo-rio.com\/en\/wp-json\/wp\/v2\/types\/product"}],"replies":[{"embeddable":true,"href":"https:\/\/vigo-rio.com\/en\/wp-json\/wp\/v2\/comments?post=1957"}],"wp:featuredmedia":[{"embeddable":true,"href":"https:\/\/vigo-rio.com\/en\/wp-json\/wp\/v2\/media\/1909"}],"wp:attachment":[{"href":"https:\/\/vigo-rio.com\/en\/wp-json\/wp\/v2\/media?parent=1957"}],"wp:term":[{"taxonomy":"product_brand","embeddable":true,"href":"https:\/\/vigo-rio.com\/en\/wp-json\/wp\/v2\/product_brand?post=1957"},{"taxonomy":"product_cat","embeddable":true,"href":"https:\/\/vigo-rio.com\/en\/wp-json\/wp\/v2\/product_cat?post=1957"},{"taxonomy":"product_tag","embeddable":true,"href":"https:\/\/vigo-rio.com\/en\/wp-json\/wp\/v2\/product_tag?post=1957"}],"curies":[{"name":"wp","href":"https:\/\/api.w.org\/{rel}","templated":true}]}}