{"id":1955,"date":"2026-01-18T08:29:44","date_gmt":"2026-01-18T08:29:44","guid":{"rendered":"https:\/\/vigo-rio.com\/?post_type=product&#038;p=1955"},"modified":"2026-03-23T08:37:21","modified_gmt":"2026-03-23T08:37:21","slug":"fc-rejuvenating-apple","status":"publish","type":"product","link":"https:\/\/vigo-rio.com\/en\/product\/fc-rejuvenating-apple\/","title":{"rendered":"FC Verjungender Apfel \/ Rejuvenating Apple"},"content":{"rendered":"<p><strong>Kolzov-Platte &#8222;Goldener Schnitt&#8220;\u00a0&#8211; (russisch w\u00f6rtlich: &#8222;Verj\u00fcngender Apfel&#8220;; f\u00fcr Harmonie, Balance, Sch\u00f6nheit und gesundem R\u00fccken)<\/strong><\/p>\n<p><strong>&#8211; neueste Version mit 8-Elementen (8 enthaltenen Energiespeicher-Chips)<\/strong><\/p>\n<p>Die Kolzov-Platte &#8222;Goldener Schnitt&#8220; (auch &#8222;Phi-Harmonie&#8220;; im Russischen w\u00f6rtlich &#8222;verj\u00fcngender Apfel&#8220; genannt) enth\u00e4lt unter anderem die Maya-Kan\u00e4le Yaash und Chaochak. Sie st\u00e4rkt insgesamt die Verbindung zum harmonischen Fluss der Lebensenergie und zur eigenen energetischen Matrix.<\/p>\n<p><em>Die Aussagen beziehen sich auf alternative Testmethoden wie Meridianenergie-Messungen der Organfunktionskreisl\u00e4ufe nach TCM, Kirlian-Fotografie (EPG\/GDV-Kamera), Oberon, Amsat o.\u00e4. durch den Hersteller &#8222;Planet der Regionen&#8220; und stellen keine medizinische oder auf den physischen K\u00f6rper und dessen Organe bezogenen Aussage im Sinne der westlichen Schulmedizin dar.<\/em><\/p>\n<p><strong>Die Platte ist in diesem Sinne vor allem geeignet f\u00fcr:<\/strong><\/p>\n<ul>\n<li>unterst\u00fctzt die harmonischen Proportionen, den Goldenen Schnitt und die Phi-Harmonie, im menschlichen K\u00f6rper und verbessert damit die Verbindung von physischem K\u00f6rper und \u00c4ther-Matrix,<\/li>\n<li>regt die Produktion von Stammzellen an, unterst\u00fctzt so Zellregeneration und Verj\u00fcngung,<\/li>\n<li>st\u00e4rkt die Balance und Harmonie im gesamten Organismus,<\/li>\n<li>unterst\u00fctzt die Wiederherstellung normaler Gesichtsproportionen, korrigiert durch Fehlhaltungen und Schocks entstandene Asymmetrien und Ungleichgewichte im Gesicht,<\/li>\n<li>unterst\u00fctzt die Bandscheiben in der normalen, idealen physiologischen Position,<\/li>\n<li>st\u00e4rkt die harmonische Ausbildung von R\u00fccken- und Bauchmuskulatur und Faszien, die die Wirbels\u00e4ule unterst\u00fctzen und tr\u00e4gt somit insgesamt zur physischen und energetischen Aufrichtung von Wirbels\u00e4ule bei,<\/li>\n<li>f\u00f6rdert die Verbesserung von Cellulite in den Oberschenkeln und in der Taille,<\/li>\n<li>l\u00f6st negative Bindungen und Programme, einschlie\u00dflich jener in h\u00f6heren Ebenen auf und stellt die Anbindung an die g\u00f6ttliche Harmonie wieder her,<\/li>\n<li>verhilft zu einem harmonischen Zustand des zentralen Nervensystems, st\u00e4rkt die positiven und ausgeglichenen Emotionen und reduziert die Resonanzen auf negative Emotionen wie \u00c4rger, Zorn, Wut, Verrat, Niedertracht, Neid, Eifersucht usw.<\/li>\n<\/ul>\n<p>Die irrationale Zahl Phi 1,618&#8230; gilt als g\u00f6ttliche Proportion und ist in vielen Dingen der Welt, in den Ma\u00dfen von Pflanzen, Tieren und Menschen zu finden. Sie ist als Basis im Goldenen Schnitt, in der Goldenen Spirale und im Goldenen Winkel ebenso zu finden wie in der Fibonacci-Reihe. In dieser mathematischen Progression erh\u00e4lt man die jeweils n\u00e4chste Zahl durch Addition der beiden vorhergehenden: 1, 1, 2, 3, 5, 8, 13, 2, 34, 55, 89, 144&#8230; Das Verh\u00e4ltnis zweier aufeinanderfolgender Zahlen der Folge n\u00e4hert sich als Grenzwert dem Goldenen Schnitt 1,618&#8230;<\/p>\n<p>Die Proportion Phi ist allgegenw\u00e4rtig: Die \u00e4gyptischen und mexikanischen Pyramiden wurden in \u00dcbereinstimmung mit dem Goldenen Schnitt konstruiert. In der Musik liegt sie der nat\u00fcrlichen Harmonik zugrunde und findet sich augenscheinlich im Verh\u00e4ltnis von 8 wei\u00dfen und 5 schwarzen Klaviertasten je Oktave. Pflanzen wachsen vielfach in diesen Proportionen und so gelten diese Ma\u00dfverh\u00e4ltnisse auch als Ausdruck des universellen Flusses der Lebensenergie. Bekannt sind Goldener Schnitt und die Zahl Phi auch durch ein Bild von Leonardo da Vinci: &#8222;Der vitruvianische Mensch&#8220;. Es zeigt einen nackten Mann in Kreis und Quadrat, dabei wird auf die Quadratur des Kreises als ein Symbol des vollkommenen Menschen verwiesen. Die Abmessungen des Menschen stellen die idealisierten &#8222;g\u00f6ttlichen&#8220; Proportionen dar, wie sie bereits der antike Architekt und Ingenieur Vitruv formuliert hatte. So erscheint der Mensch in seinen Ma\u00dfen als vielfach ineinander verschachteltes Gebilde von Phi-Verh\u00e4ltnissen &#8211; wir sind gleichsam selbst eine &#8222;goldene Proportion&#8220;. Alle psychischen und physiologischen Disharmonien im Organismus des Menschen (und die einfachen gesundheitlichen Probleme) k\u00f6nnen als Abweichungen von den Goldenen Proportionen und somit als St\u00f6rungen im Fluss der Lebensenergie verstanden werden. Werden im Menschen die Proportionen des Goldenen Schnitts energetisch gest\u00e4rkt, wird die nat\u00fcrlich Anbindung an die eigene \u00c4ther-Matrix verbessert &#8211; Leistungsf\u00e4higkeit, Vitalit\u00e4t und Intuition werden gesteigert. Menschen mit Proportionen nah am Goldenen Schnitt haben meist eine gute k\u00f6rperliche Verfassung, sind sozial anerkannt und zeigen spirituelle Interessen und F\u00e4higkeiten, sie weisen ein Gleichgewicht der m\u00e4nnlich-weiblichen Anteile f\u00fcr ihr jeweiliges Geschlecht auf und sie verf\u00fcgen &#8211; da ihre k\u00f6rperlichen Proportionen denen der \u00c4ther-Matrix entsprechen &#8211; \u00fcber eine hohe k\u00f6rperliche Leistungsf\u00e4higkeit und gute Intuition. Im menschlichen Organismus beginnt der harmonische Aufbau auf kleinster Basis schon bei den Stammzellen. Aus diesen noch undifferenzierten Zellen k\u00f6nnen als Bausteine alle anderen Zellen entstehen &#8211; je nachdem, was der K\u00f6rper ben\u00f6tigt. Sie zirkulieren im Blut und werden durch die energetische Matrix und Botenstoffe dorthin gerufen, wo sie f\u00fcr die Zellerneuerung zum Beispiel in einem Organ gebraucht werden. Mit zunehmendem Alter werden aber immer weniger Stammzellen gebildet und so nimmt die M\u00f6glichkeit der Zellerneuerung ab. Biologen sind heute der Meinung, dass eine Vielzahl von Gesundheits- und Altersproblemen behoben werden k\u00f6nnen, wenn wieder eine hohe Anzahl an Stammzellen im Blut zirkulieren w\u00fcrde. Genau dies unterst\u00fctzt die Platte &#8222;Goldener Schnitt&#8220;, indem sie den Organismus besser mit der energetischen Matrix verbindet.<\/p>\n<p>ZUR BEACHTUNG: Die Aktivierungszeit von Wasser auf der Platte betr\u00e4gt mindestens 15 Sekunden.<\/p>\n<p><em><u>Ergebnis im LIFE-TEST:<\/u>\u00a0Die Kolzov-Platte Goldener Schnitt hat ein neutrales Energiefeld mit einer Abstrahlung von enormen 40.000 Bovis. Die Platte erh\u00f6ht das Energieniveau aller Chakras, besonders das Herz- und das Wurzel-Chakra auf 40000 Bovis (40000 ist die sichere Messgrenze, wahrscheinlich auf 42000). Das Stirn-Chakra steigt auf ebenfalls beachtliche 35000 Bovis, Scheitel und Hals-Chakra auf 28000 Bovis und das Solarplexus-Chakra auf 21000 Bovis und damit immer noch auf das Dreifache.<\/em><\/p>\n<p><em><strong>Wichtiger Hinweis:<br \/>\nWir weisen ausdr\u00fccklich darauf hin, dass die Kolzov-Platte (russische Bezeichnung: &#8222;Korrektoren des funktionalen Zustands&#8220;) ein alternatives Energie- und Informationsprodukt ist und kein Heilmittel im Sinne der westlichen Schulmedizin. Vielmehr ist es ein rein energetisches Hilfsmittel zur ganzheitlichen Balancierung von energetischen Disharmonien und Blockaden. Informationen \u00fcber Qualit\u00e4t und Eigenschaften des Energieobjekts beziehen sich auf Aussagen des russischen Herstellers und alternativen Theorien zu Mensch und Umwelt, auf alternative Anschauungen und esoterische \u00dcberlieferungen oder Aussagen. Sie gelten nur im Sinne der esoterischen Lebensphilosophie und daran angelehnte Alternativheilkunde. Wirkungen im Sinne westlicher Wissenschaft oder Medizin werden hier nicht behauptet.<\/strong><\/em><\/p>","protected":false},"excerpt":{"rendered":"<p>f\u00fcr Harmonie, Gleichgewicht, Sch\u00f6nheit und einen gesunden R\u00fccken.<\/p>","protected":false},"featured_media":1867,"comment_status":"open","ping_status":"closed","template":"","meta":[],"product_brand":[],"product_cat":[31],"product_tag":[68],"class_list":{"0":"post-1955","1":"product","2":"type-product","3":"status-publish","4":"has-post-thumbnail","6":"product_cat-exclusive-series","7":"product_tag-68","9":"first","10":"instock","11":"taxable","12":"shipping-taxable","13":"purchasable","14":"product-type-simple"},"_links":{"self":[{"href":"https:\/\/vigo-rio.com\/en\/wp-json\/wp\/v2\/product\/1955","targetHints":{"allow":["GET"]}}],"collection":[{"href":"https:\/\/vigo-rio.com\/en\/wp-json\/wp\/v2\/product"}],"about":[{"href":"https:\/\/vigo-rio.com\/en\/wp-json\/wp\/v2\/types\/product"}],"replies":[{"embeddable":true,"href":"https:\/\/vigo-rio.com\/en\/wp-json\/wp\/v2\/comments?post=1955"}],"wp:featuredmedia":[{"embeddable":true,"href":"https:\/\/vigo-rio.com\/en\/wp-json\/wp\/v2\/media\/1867"}],"wp:attachment":[{"href":"https:\/\/vigo-rio.com\/en\/wp-json\/wp\/v2\/media?parent=1955"}],"wp:term":[{"taxonomy":"product_brand","embeddable":true,"href":"https:\/\/vigo-rio.com\/en\/wp-json\/wp\/v2\/product_brand?post=1955"},{"taxonomy":"product_cat","embeddable":true,"href":"https:\/\/vigo-rio.com\/en\/wp-json\/wp\/v2\/product_cat?post=1955"},{"taxonomy":"product_tag","embeddable":true,"href":"https:\/\/vigo-rio.com\/en\/wp-json\/wp\/v2\/product_tag?post=1955"}],"curies":[{"name":"wp","href":"https:\/\/api.w.org\/{rel}","templated":true}]}}