{"id":1954,"date":"2026-01-18T08:29:23","date_gmt":"2026-01-18T08:29:23","guid":{"rendered":"https:\/\/vigo-rio.com\/?post_type=product&#038;p=1954"},"modified":"2026-02-04T19:54:19","modified_gmt":"2026-02-04T19:54:19","slug":"fc-shambhala-spring","status":"publish","type":"product","link":"https:\/\/vigo-rio.com\/en\/product\/fc-shambhala-spring\/","title":{"rendered":"FC Shambhala Quelle\/ Shambhala Source"},"content":{"rendered":"<p><strong>Kolzov-Platte (Shambala( (&#8222;Quelle Shambala&#8220;)\u00a0&#8211; (f\u00fcr Spiritualit\u00e4t und geistige Klarheit; Kraftplatz &#8222;Hamryn Khiid&#8220; W\u00fcste Gobi)<\/strong><\/p>\n<p><strong>&#8211; neueste Version mit 8-Elementen (8 enthaltenen Energiespeicher-Chips)<\/strong><\/p>\n<p>Die Kolzov-Platte &#8222;Quelle Shambala&#8220; hat vielf\u00e4ltige Wirkungen, ist aber vor allem daf\u00fcr geeignet, die Hindernisse f\u00fcr spirituelles Wachstum zu \u00fcberwinden und um in seine eigene Kraft zu kommen.<\/p>\n<p><em>Die Aussagen beziehen sich auf alternative Testmethoden wie Meridianenergie-Messungen der Organfunktionskreisl\u00e4ufe nach TCM, Kirlian-Fotografie (EPG\/GDV-Kamera), Oberon, Amsat o.\u00e4. durch den Hersteller &#8222;Planet der Regionen&#8220; und stellen keine medizinische oder auf den physischen K\u00f6rper und dessen Organe bezogenen Aussage im Sinne der westlichen Schulmedizin dar.<\/em><\/p>\n<p><strong>Die Platte ist in diesem Sinne vor allem geeignet f\u00fcr:<\/strong><\/p>\n<ul>\n<li>offenbart die wahre Spiritualit\u00e4t und &#8222;Quelle der Kraft&#8220; einer Person und beseitigt Hindernisse f\u00fcr spirituelles Wachstum,<\/li>\n<li>bringt geistige Klarheit, entfernt einen Zustand des Rausches;<\/li>\n<li>sch\u00fctzt und regeneriert das Energiesystem des Anwenders,<\/li>\n<li>bringt bei hohen Belastungen mit Ersch\u00f6pfung der physischen und psycho-emotionalen Kr\u00e4fte wieder Leistungsf\u00e4higkeit und Vitalit\u00e4t zur\u00fcck,<\/li>\n<li>reinigt und regeneriert Leber, Gallenblase und Verdauungstrakt,<\/li>\n<li>st\u00e4rkt die Abwehrkr\u00e4fte und das Immunsystem.<\/li>\n<\/ul>\n<p>Das mythische K\u00f6nigreich Shambala wird in Zentralasien, in Tibet und den angrenzenden Regionen, vermutet. Den Mythen zufolge gilt Shambala als Mittelpunkt der Welt, wo es eine Quelle gibt, die das Leben auf der gesamten Erde erh\u00e4lt. Laut buddhistischen \u00dcberlieferung \u00fcbertrug Buddha Shakyamuni das Kalachakra-Tantra zun\u00e4chst an K\u00f6nig Suchandra von Shambala, da die Zeit noch nicht reif sei, das Kalachakra-Tantra unter den Menschen auf der Erde zu verbreiten. Dieser \u00fcbertrug es an seine Nebenherrscher und deren Untertanen. Shambala soll ein Lebensbereich sein, der f\u00fcr spirituelle Entwicklung besonders g\u00fcnstig ist. Der 14, Dalai Lama TendzinGyatsho sagt \u00fcber Shambala: &#8222;Gleichg\u00fcltig ob Shambala ein Ort irgendwo auf diesem Planeten ist, oder nicht, so kann er dennoch nur von denen gesehen werden, deren Geist und karmische Tendenzen rein sind.&#8220; Verschiedenen Legenden zufolge gibt es drei materielle Eing\u00e4nge zu dem mythischen Land. Einer der Eing\u00e4nge wird in der Umgebung des Kailash-Berges in Tibet vermutet, ein zweiter im Altai-Gebirge in der N\u00e4he des Belucha-Massivs. Und es gibt einen Eingang in der mongolischen W\u00fcste Gobi bei dem Kloster und Wallfahrtsort &#8222;Hamryn Khiid&#8220;. N\u00f6rdlich des Klosters gibt es 108 H\u00f6hlen, in denen zum Teil auch heute noch M\u00f6nche meditieren und in ihrer N\u00e4hre soll der dritte Zugang zu Shambala sein. Das Verbinden mit Shambala gilt so als Hilfe auf dem Weg zur Erleuchtung. Dieses Verbinden unterst\u00fctzt die Kolzov-Platte &#8222;Quelle Shambala&#8220;.<\/p>\n<p>ZUR BEACHTUNG: Die Aktivierungszeit von Wasser auf der Platte betr\u00e4gt mindestens 15 Sekunden.<\/p>\n<p><em><u>Ergebnis im LIFE-TEST:\u00a0<\/u>Die Kolzov-Platte &#8222;Quelle Shambala&#8220; hat ein neutrales Energiefeld mit einer Abstrahlung von deutlich mehr als 40.000 Bovis (40000 ist die sichere Messgrenze). Die Platte erh\u00f6ht damit die Energie gleich von 5 Chakras auf 40 000 Bovis: Kronen-, Herz-, Solarplexus-Chakra, Sexual- bzw. Blasen-Chakra und das Wurzel-Chakra steigen auf dieses hohe Energieniveau. Das Stirn-Chakra erreicht ebenfalls hohe 35 000 Bovis und das Hals-Chakra 28 0000 Bovis. Durch die Aufladung der Chakras w\u00e4chst der bioenergetische Reaktionsabstand von zirka 75 Zentimetern um den K\u00f6rper auf enorme 2,75 Meter.<br \/>\n<\/em><\/p>\n<p><strong><em>Wichtiger Hinweis:<br \/>\nWir weisen ausdr\u00fccklich darauf hin, dass die Kolzov-Platte (russische Bezeichnung: &#8222;Korrektoren des funktionalen Zustands&#8220;) ein alternatives Energie- und Informationsprodukt ist und kein Heilmittel im Sinne der westlichen Schulmedizin. Vielmehr ist es ein rein energetisches Hilfsmittel zur ganzheitlichen Balancierung von energetischen Disharmonien und Blockaden. Informationen \u00fcber Qualit\u00e4t und Eigenschaften des Energieobjekts beziehen sich auf Aussagen des russischen Herstellers und alternativen Theorien zu Mensch und Umwelt, auf alternative Anschauungen und esoterische \u00dcberlieferungen oder Aussagen. Sie gelten nur im Sinne der esoterischen Lebensphilosophie und daran angelehnte Alternativheilkunde. Wirkungen im Sinne westlicher Wissenschaft oder Medizin werden hier nicht behauptet.<\/em><\/strong><\/p>","protected":false},"excerpt":{"rendered":"<p>f\u00fcr Spiritualit\u00e4t und geistige Klarheit, beseitigt Hindernisse<\/p>","protected":false},"featured_media":1863,"comment_status":"open","ping_status":"closed","template":"","meta":[],"product_brand":[],"product_cat":[31],"product_tag":[],"class_list":{"0":"post-1954","1":"product","2":"type-product","3":"status-publish","4":"has-post-thumbnail","6":"product_cat-exclusive-series","8":"first","9":"instock","10":"sale","11":"taxable","12":"shipping-taxable","13":"purchasable","14":"product-type-variable"},"_links":{"self":[{"href":"https:\/\/vigo-rio.com\/en\/wp-json\/wp\/v2\/product\/1954","targetHints":{"allow":["GET"]}}],"collection":[{"href":"https:\/\/vigo-rio.com\/en\/wp-json\/wp\/v2\/product"}],"about":[{"href":"https:\/\/vigo-rio.com\/en\/wp-json\/wp\/v2\/types\/product"}],"replies":[{"embeddable":true,"href":"https:\/\/vigo-rio.com\/en\/wp-json\/wp\/v2\/comments?post=1954"}],"wp:featuredmedia":[{"embeddable":true,"href":"https:\/\/vigo-rio.com\/en\/wp-json\/wp\/v2\/media\/1863"}],"wp:attachment":[{"href":"https:\/\/vigo-rio.com\/en\/wp-json\/wp\/v2\/media?parent=1954"}],"wp:term":[{"taxonomy":"product_brand","embeddable":true,"href":"https:\/\/vigo-rio.com\/en\/wp-json\/wp\/v2\/product_brand?post=1954"},{"taxonomy":"product_cat","embeddable":true,"href":"https:\/\/vigo-rio.com\/en\/wp-json\/wp\/v2\/product_cat?post=1954"},{"taxonomy":"product_tag","embeddable":true,"href":"https:\/\/vigo-rio.com\/en\/wp-json\/wp\/v2\/product_tag?post=1954"}],"curies":[{"name":"wp","href":"https:\/\/api.w.org\/{rel}","templated":true}]}}