{"id":1953,"date":"2026-01-18T08:29:02","date_gmt":"2026-01-18T08:29:02","guid":{"rendered":"https:\/\/vigo-rio.com\/?post_type=product&#038;p=1953"},"modified":"2026-02-04T19:54:27","modified_gmt":"2026-02-04T19:54:27","slug":"fc-beauty-factor","status":"publish","type":"product","link":"https:\/\/vigo-rio.com\/en\/product\/fc-beauty-factor\/","title":{"rendered":"FC Sch\u00f6nheitsfaktor\/ Beauty Factor"},"content":{"rendered":"<p><strong>Kolzov-Platte &#8222;Sch\u00f6ne Haut&#8220;\u00a0&#8211; (russ.: &#8222;Sch\u00f6nheitsfaktor&#8220;; Anti-Aging; regeneriert die Oberhaut und verbessert das Hautbild, auch bei Altersflecken, Anti-Aging)<br \/>\n&#8211; neueste Version mit 8-Elementen (8 enthaltenen Energiespeicher-Chips)<\/strong><\/p>\n<p>Die Kolzov-Platte \u201eSch\u00f6ne Haut\/Anti-Aging\u201c (russischer Name: &#8222;Sch\u00f6nheits-Faktor&#8220;) enth\u00e4lt viele Informationen aus Quellen, Pflanzen und Mineralien, die energetisch die Regeneration und Verj\u00fcngung von Oberhaut, Bindegewebe und Organen durch Bildung von Stammzellen unterst\u00fctzen.<\/p>\n<p><em>Die Aussagen beziehen sich auf alternative Testmethoden wie Meridianenergie-Messungen der Organfunktionskreisl\u00e4ufe nach TCM, Kirlian-Fotografie (EPG\/GDV-Kamera), Oberon, Amsat o.\u00e4. durch den Hersteller &#8222;Planet der Regionen&#8220; und stellen keine medizinische oder auf den physischen K\u00f6rper und dessen Organe bezogenen Aussage im Sinne der westlichen Schulmedizin dar.<\/em><\/p>\n<p><strong>Die Platte ist in diesem Sinne vor allem geeignet f\u00fcr:<\/strong><\/p>\n<ul>\n<li>f\u00f6rdert die Wundheilung und verbessert die Zellversorgung im Bindegewebe,<\/li>\n<li>regeneriert insgesamt die Epidermis (=Oberhaut) und damit das \u00e4u\u00dfere Erscheinungsbild der Haut,<\/li>\n<li>verringert Altersflecken und bietet eine hochwirksame Anti-Aging-Wirkung f\u00fcr die Haut,<\/li>\n<li>beschleunigt die Stoffwechselprozesse der Hautzellen und stellt die nat\u00fcrlichen Abl\u00e4ufe wieder her.<\/li>\n<li>erh\u00f6ht die Anzahl der Stammzellen in der Haut und hilft so, die Oberhaut zu verj\u00fcngen.<\/li>\n<\/ul>\n<p>Anwendung: 1. Wasser von der Platte energetisieren lassen und trinken. 2. bei sich tragen. 3. mit der Platte Baden und Dusche. 4. Behandlung kosmetischer Produkte wie Creme, Shampoo, Duschgel, Badezus\u00e4tze, indem man diese zirka 8 Minuten auf die Platte stellt.<\/p>\n<p>ZUR BEACHTUNG: Die Aktivierungszeit von Wasser auf der Platte betr\u00e4gt mindestens 15 Sekunden.<\/p>\n<p><em><u>Ergebnis im LIFE-TEST:<\/u>\u00a0Die Kolzov-Platte &#8222;Sch\u00f6ne&#8220; (= &#8222;Sch\u00f6nheitsfaktor&#8220;) hat ein neutrales Energiefeld mit einer Abstrahlung von 40.000 Bovis. Damit erh\u00f6ht sie die Energie gleich von 3 Chakras auf 40 000 Bovis: Stirn-, Solarplexus-Chakra und das Sexual-\/Blasen-Chakra steigen auf dieses hohe Energieniveau. Das Hals-Chakra erh\u00f6ht seine Energie auf 35 000 Bovis, das Herz-Chakra auf 28 000 Bovis und das Wurzel-Chakra verdoppelt seine Energie auf 14 000 Bovis. Durch die Aufladung der Chakras w\u00e4chst der bioenergetische Reaktionsabstand von zirka 75 Zentimetern um den K\u00f6rper auf 1,00 Meter.<\/em><\/p>\n<p><strong><em>Wichtiger Hinweis:<br \/>\nWir weisen ausdr\u00fccklich darauf hin, dass die Kolzov-Platte (russische Bezeichnung: &#8222;Korrektoren des funktionalen Zustands&#8220;) ein alternatives Energie- und Informationsprodukt ist und kein Heilmittel im Sinne der westlichen Schulmedizin. Vielmehr ist es ein rein energetisches Hilfsmittel zur ganzheitlichen Balancierung von energetischen Disharmonien und Blockaden. Informationen \u00fcber Qualit\u00e4t und Eigenschaften des Energieobjekts beziehen sich auf Aussagen des russischen Herstellers und alternativen Theorien zu Mensch und Umwelt, auf alternative Anschauungen und esoterische \u00dcberlieferungen oder Aussagen. Sie gelten nur im Sinne der esoterischen Lebensphilosophie und daran angelehnte Alternativheilkunde. Wirkungen im Sinne westlicher Wissenschaft oder Medizin werden hier nicht behauptet.<\/em><\/strong><\/p>","protected":false},"excerpt":{"rendered":"<p>regeneriert die Epidermis, verbessert das Hautbild und hilft bei Altersflecken<\/p>","protected":false},"featured_media":1861,"comment_status":"open","ping_status":"closed","template":"","meta":[],"product_brand":[],"product_cat":[31],"product_tag":[],"class_list":{"0":"post-1953","1":"product","2":"type-product","3":"status-publish","4":"has-post-thumbnail","6":"product_cat-exclusive-series","8":"first","9":"instock","10":"sale","11":"taxable","12":"shipping-taxable","13":"purchasable","14":"product-type-variable"},"_links":{"self":[{"href":"https:\/\/vigo-rio.com\/en\/wp-json\/wp\/v2\/product\/1953","targetHints":{"allow":["GET"]}}],"collection":[{"href":"https:\/\/vigo-rio.com\/en\/wp-json\/wp\/v2\/product"}],"about":[{"href":"https:\/\/vigo-rio.com\/en\/wp-json\/wp\/v2\/types\/product"}],"replies":[{"embeddable":true,"href":"https:\/\/vigo-rio.com\/en\/wp-json\/wp\/v2\/comments?post=1953"}],"wp:featuredmedia":[{"embeddable":true,"href":"https:\/\/vigo-rio.com\/en\/wp-json\/wp\/v2\/media\/1861"}],"wp:attachment":[{"href":"https:\/\/vigo-rio.com\/en\/wp-json\/wp\/v2\/media?parent=1953"}],"wp:term":[{"taxonomy":"product_brand","embeddable":true,"href":"https:\/\/vigo-rio.com\/en\/wp-json\/wp\/v2\/product_brand?post=1953"},{"taxonomy":"product_cat","embeddable":true,"href":"https:\/\/vigo-rio.com\/en\/wp-json\/wp\/v2\/product_cat?post=1953"},{"taxonomy":"product_tag","embeddable":true,"href":"https:\/\/vigo-rio.com\/en\/wp-json\/wp\/v2\/product_tag?post=1953"}],"curies":[{"name":"wp","href":"https:\/\/api.w.org\/{rel}","templated":true}]}}