{"id":1952,"date":"2026-01-18T08:28:44","date_gmt":"2026-01-18T08:28:44","guid":{"rendered":"https:\/\/vigo-rio.com\/?post_type=product&#038;p=1952"},"modified":"2026-02-25T22:24:32","modified_gmt":"2026-02-25T22:24:32","slug":"fc-source-of-life","status":"publish","type":"product","link":"https:\/\/vigo-rio.com\/en\/product\/fc-source-of-life\/","title":{"rendered":"FC Quelle des Lebens\/ Source of Life"},"content":{"rendered":"<p><strong>Kolzov-Platte &#8222;Quelle des Lebens&#8220;\u00a0&#8211; (bei Ersch\u00f6pfung und Hautproblemen, f\u00fcr Gesundung und Verj\u00fcngung; Kraftplatz Froschberg, Quellfluss mit Zeit- und Orion-Energieportal, Fernost Russland)<\/strong><\/p>\n<p><strong>&#8211; neueste Version mit 8-Elementen (8 enthaltenen Energiespeicher-Chips)<\/strong><\/p>\n<p>Die Kolzov-Platte &#8222;Quelle des Lebens&#8220; st\u00e4rkt den gesamten Organismus, hat eine energetisch-verj\u00fcngende Wirkung und hilft insbesondere bei Hautproblemen.<\/p>\n<p><em>Die Aussagen beziehen sich auf alternative Testmethoden wie Meridianenergie-Messungen der Organfunktionskreisl\u00e4ufe nach TCM, Kirlian-Fotografie (EPG\/GDV-Kamera), Oberon, Amsat o.\u00e4. durch den Hersteller &#8222;Planet der Regionen&#8220; und stellen keine medizinische oder auf den physischen K\u00f6rper und dessen Organe bezogenen Aussage im Sinne der westlichen Schulmedizin dar.<\/em><\/p>\n<p><strong>Die Platte ist in diesem Sinne vor allem geeignet f\u00fcr:<\/strong><\/p>\n<ul>\n<li>unterst\u00fctzt die energetische Grundregulation, aktiviert das Immunsystem und st\u00e4rkt die Abwehrkr\u00e4fte,<\/li>\n<li>unterst\u00fctzt den antioxidativen Schutz der Zellen, beseitigt k\u00f6rperliche Ersch\u00f6pfung und M\u00fcdigkeit, unterst\u00fctzt die Regeneration und st\u00e4rkt die Kr\u00e4fte nach einer Erkrankung,<\/li>\n<li>wirkt insgesamt positiv auf den physischen K\u00f6rper und verbessert den allgemeinen Gesundheitszustand,<\/li>\n<li>f\u00f6rdert die schnellere Heilung von verschiedenen Hautverletzungen wie Verbrennungen, Schnittwunden, Wundliegen, Geschw\u00fcren, nach Operationen etc.,<\/li>\n<li>f\u00f6rdert die Erneuerung der Haut bei Psoriasis, Dermatitis, Ekzem etc..<\/li>\n<\/ul>\n<p>Die Platte &#8222;Quelle des Lebens&#8220; enth\u00e4lt die Polarisation des Wassers aus einem &#8222;Quelle des Lebens&#8220; (im Sinne von &#8222;Ursprung des Lebens&#8220;) genannten, stark belebenden, kleinen Fluss sowie eine Reihe kosmo-energetischer Kan\u00e4le und Informationen. Die &#8222;Quelle des Lebens&#8220; befindet sich im Fernen Osten am Fu\u00dfe des sogenannten Frosch-Berges, ein starker Kraftort. Dieser ungew\u00f6hnliche Gebirgsfluss ist in den 90er Jahren des 20.Jahrhunderts aufgrund seines sehr reinen und schmackhaften Trinkwassers als &#8222;Quelle des Lebens&#8220; bekannt geworden. Der aus der &#8222;Quelle des Lebens&#8220; entspringende Fluss flie\u00dft durch felsigen Quarzboden mit ferromagnetischen Eigenschaften. Diese magnetischen Eigenschaften werden dabei auf das Wasser \u00fcbertragen und das Wasser wird energetisiert. Er l\u00e4uft 10 Meter von einer Waldwiese entfernt, wo sich ein Zeit-Portal manifestiert und vorbei an einem Kraftplatz mit Verbindung zu den Sternen des Sternbildes Orion. Der Fluss gilt zudem als Projektion des Himmelsflusses Eridanus und ist verbunden mit dem s\u00fcdlichen Ende des Eridanus dem Stern Achernar (Alpha Eridanus) dem hellsten Stern im Sternbild Eridanus und einem der zehn hellsten Sterne am Himmel.<\/p>\n<p>ZUR BEACHTUNG: Die Aktivierungszeit von Wasser auf der Platte betr\u00e4gt mindestens 15 Sekunden.<\/p>\n<p><em><u>Ergebnis im LIFE-TEST:<\/u>\u00a0Die Kolzov-Platte &#8222;Quelle des Lebens&#8220; hat ein neutrales Energiefeld mit einer Abstrahlung von enormen 40.000 Bovis. Die Platte erh\u00f6ht das Energieniveau aller Chakras insbesondere aber das Herz-Chakra, das Hals-Chakra und das Solarplexus-Chakra auf 40000 Bovis (40000 ist die sichere Messgrenze, wahrscheinlich auf 42000). Das Sexual- bzw. Blasen-Chakra steigt von 7000 auf 35000 Bovis und die anderen jeweils auf 21000 Bovis, was immerhin auf das Dreifache der durchschnittlichen 7000 Bovis ist. Im Test der Meridianenergien mit Hilfe von Hautwiderstandsmessungen ist eine deutliche Verbesserung der Energiewerte zu erkennen, die zum Teil sogar den Idealwert eines gesunden Erwachsenen erreichen: Die durchschnittlichen Meridianwerte aller Probanden betragen in der Ausgangsmessung 76,3 Kiloohm. Nach einmaliger Anwendung der Platte &#8222;Quelle des Lebens&#8220; sinken die Werte auf 47,7 Kiloohm, also n\u00e4hern sich um fast 30 Kiloohm dem Idealwert eines gesunden Erwachsenen an. Bezogen auf diesen Idealwert von 40 Kiloohm, gleichgesetzt mit 100%, entspricht das einer Reduzierung von 190,75% in der Ausgangsmessung auf rund 119,25%. Eine solch deutliche Ann\u00e4herung an den Idealwert kann als energetische Verj\u00fcngung bezeichnet werden.<\/em><\/p>\n<p><strong><em>Wichtiger Hinweis:<br \/>\nWir weisen ausdr\u00fccklich darauf hin, dass die Kolzov-Platte (russische Bezeichnung: &#8222;Korrektoren des funktionalen Zustands&#8220;) ein alternatives Energie- und Informationsprodukt ist und kein Heilmittel im Sinne der westlichen Schulmedizin. Vielmehr ist es ein rein energetisches Hilfsmittel zur ganzheitlichen Balancierung von energetischen Disharmonien und Blockaden. Informationen \u00fcber Qualit\u00e4t und Eigenschaften des Energieobjekts beziehen sich auf Aussagen des russischen Herstellers und alternativen Theorien zu Mensch und Umwelt, auf alternative Anschauungen und esoterische \u00dcberlieferungen oder Aussagen. Sie gelten nur im Sinne der esoterischen Lebensphilosophie und daran angelehnte Alternativheilkunde. Wirkungen im Sinne westlicher Wissenschaft oder Medizin werden hier nicht behauptet.<\/em><\/strong><\/p>","protected":false},"excerpt":{"rendered":"<p>bei Ersch\u00f6pfung, Hautproblemen, f\u00fcr Gesundheit und Verj\u00fcngung<\/p>","protected":false},"featured_media":1865,"comment_status":"open","ping_status":"closed","template":"","meta":[],"product_brand":[],"product_cat":[31],"product_tag":[],"class_list":{"0":"post-1952","1":"product","2":"type-product","3":"status-publish","4":"has-post-thumbnail","6":"product_cat-exclusive-series","8":"first","9":"instock","10":"sale","11":"taxable","12":"shipping-taxable","13":"purchasable","14":"product-type-variable"},"_links":{"self":[{"href":"https:\/\/vigo-rio.com\/en\/wp-json\/wp\/v2\/product\/1952","targetHints":{"allow":["GET"]}}],"collection":[{"href":"https:\/\/vigo-rio.com\/en\/wp-json\/wp\/v2\/product"}],"about":[{"href":"https:\/\/vigo-rio.com\/en\/wp-json\/wp\/v2\/types\/product"}],"replies":[{"embeddable":true,"href":"https:\/\/vigo-rio.com\/en\/wp-json\/wp\/v2\/comments?post=1952"}],"wp:featuredmedia":[{"embeddable":true,"href":"https:\/\/vigo-rio.com\/en\/wp-json\/wp\/v2\/media\/1865"}],"wp:attachment":[{"href":"https:\/\/vigo-rio.com\/en\/wp-json\/wp\/v2\/media?parent=1952"}],"wp:term":[{"taxonomy":"product_brand","embeddable":true,"href":"https:\/\/vigo-rio.com\/en\/wp-json\/wp\/v2\/product_brand?post=1952"},{"taxonomy":"product_cat","embeddable":true,"href":"https:\/\/vigo-rio.com\/en\/wp-json\/wp\/v2\/product_cat?post=1952"},{"taxonomy":"product_tag","embeddable":true,"href":"https:\/\/vigo-rio.com\/en\/wp-json\/wp\/v2\/product_tag?post=1952"}],"curies":[{"name":"wp","href":"https:\/\/api.w.org\/{rel}","templated":true}]}}