{"id":1951,"date":"2026-01-18T08:28:25","date_gmt":"2026-01-18T08:28:25","guid":{"rendered":"https:\/\/vigo-rio.com\/?post_type=product&#038;p=1951"},"modified":"2026-02-04T19:54:41","modified_gmt":"2026-02-04T19:54:41","slug":"fc-restart-clean","status":"publish","type":"product","link":"https:\/\/vigo-rio.com\/en\/product\/fc-restart-clean\/","title":{"rendered":"FC Neuanfang Reinigung\/ Reboot Cleansing"},"content":{"rendered":"<p><strong>Kolzov-Platte &#8222;Neustart REINIGEN&#8220;\u00a0&#8211; (l\u00f6st Blockaden und Programme aus der Vergangenheit f\u00fcr einen Neuanfang, sehr gut gemeinsam mit &#8222;Neustart F\u00dcLLEN&#8220; verwenden; H\u00f6hlen-Kraftplatz Efremkino, Region Krasnojarsk)<\/strong><\/p>\n<p><strong>&#8211; neueste Version mit 8-Elementen (8 enthaltenen Energiespeicher-Chips)<\/strong><\/p>\n<p>Die Kolzov-Platten &#8222;Neustart REINIGEN&#8220; und &#8222;Neustart F\u00dcLLEN&#8220; enthalten unter anderen Informationen der Kraftplatz-H\u00f6hlen von Efremkino. Die Kolzov-Platten &#8222;Neustart REINIGEN&#8220; und &#8222;Neustart F\u00dcLLEN&#8220; werden gemeinsam angewendet.<\/p>\n<p>Es gibt einen Ort in Chakassien (autonome russische Republik in der Region Krasnojarsk), wo jeder einmal sein sollte, der den verborgenen Sinn des Lebens sucht. Es ist uralter Weg unserer Vorfahren, ein schamanischer Kraftweg. Er beginnt in der N\u00e4he des Dorfes Efremkino und verl\u00e4uft an den auf- und abfallenden Ufern des Flusses Wei\u00dfe Iyusa zu einem hohen Felsmassiv. Dieses tr\u00e4gt seit alters her den Namen &#8222;Togys Az&#8220;, was &#8222;Neun M\u00e4uler zu stopfen&#8220; bedeutet. Und in der Tat kann man dort 9 gro\u00dfe H\u00f6hlen finden, die an offenstehende M\u00fcnder erinnern. Sie wurden arch\u00e4ologischen Untersuchungen zufolge bereits vor \u00fcber 24 000 Jahren von Menschen als Rast- und Kultpl\u00e4tze genutzt und sind damit die \u00e4ltesten steinzeitlichen H\u00f6hlen in Sibirien. In den H\u00f6hlen sind heute unter andern noch ganz besondere Felsmalereien erhalten geblieben, die auf ein Alter von zirka 4500 Jahren datiert wurden. Sie folgen einer Passage im Fels, die in sieben Sektoren gegliedert ist und den Weg der m\u00f6glichen Erkenntnis im Laufe des Lebens von der Geburt an symbolisiert. Jemand kann sich mit Halbwissen zufrieden geben oder aber den ganzen Weg bis zu tiefen Weisheit beschreiten.<\/p>\n<p>Die Kolzov-Platte &#8222;Neustart REINIGEN&#8220; vermittelt einen Neubeginn in diesem schamanischen Sinne, um seinen Lebensweg bis zu tiefer Erkenntnis gehen zu k\u00f6nnen. Die Kolzov-Platte &#8222;Neustart F\u00dcLLEN&#8220; hilft die eigenen Wurzeln, sein Potential und die innere Kraftquelle zu erschlie\u00dfen und die eigene Lebensaufgabe zu verwirklichen. Die Kolzov-Platten &#8222;Neustart REINIGEN&#8220; und &#8222;Neustart F\u00dcLLEN&#8220; werden gemeinsam angewendet.<\/p>\n<p><em>Die Aussagen beziehen sich auf alternative Testmethoden wie Meridianenergie-Messungen der Organfunktionskreisl\u00e4ufe nach TCM, Kirlian-Fotografie (EPG\/GDV-Kamera), Oberon, Amsat o.\u00e4. durch den Hersteller &#8222;Planet der Regionen&#8220; und stellen keine medizinische oder auf den physischen K\u00f6rper und dessen Organe bezogenen Aussage im Sinne der westlichen Schulmedizin dar.<\/em><\/p>\n<p><strong>Die Platte ist in diesem Sinne vor allem geeignet f\u00fcr:<\/strong><\/p>\n<ul>\n<li>l\u00f6st Blockaden und Programme aus der Vergangenheit und setzt einen &#8222;Nullpunkt&#8220;. Sie hilft so, einen echten Neuanfang, einen neuen Weg im Leben beginnen zu k\u00f6nnen,<\/li>\n<li>ein solcher Neuanfang wird in vielen spirituellen Traditionen als Transformation, als symbolische Einweihung mit &#8222;Tod&#8220; und &#8222;Wiedergeburt&#8220; einer Person &#8211; im K\u00f6rperlichen wie im Geistigen beschrieben. In diesem Sinne helfen die beiden Kolzov-Platten zu einer &#8222;Wiedergeburt&#8220; des eigenen Selbst,<\/li>\n<li>negative innere Programme und unerlaubte Zugriffe auf das eigene Energiefeld von au\u00dfen werden daf\u00fcr gel\u00f6scht und unterbunden,<\/li>\n<li>die ureigene innere Energie- und Kraftquelle wird ge\u00f6ffnet.<\/li>\n<\/ul>\n<p>Die Kolzov-Platte &#8222;Neustart REINIGEN&#8220; vermittelt einen Neubeginn in diesem schamanischen Sinne, um seinen Lebensweg bis zu tiefer Erkenntnis gehen zu k\u00f6nnen.<\/p>\n<p>ZUR BEACHTUNG: Die Aktivierungszeit von Wasser auf der Platte betr\u00e4gt mindestens 15 Sekunden.<\/p>\n<p><em><u>Ergebnis im LIFE-TEST:\u00a0<\/u>Die Kolzov-Platte Neustart REINIGEN hat ein neutrales Energiefeld mit einer Abstrahlung von 40.000 Bovis. Damit erh\u00f6ht sie das Energieniveau des Kronen- und des das Solarplexus-Chakras auf 40 000 Bovis. das Hals- und das Sexual-\/Blasen-Chakra steigen auf ebenfalls 35 000 Bovis. Stirn- und Herz-Chakra steigern sich in ihrer Energie auf 28 000 Bovis und das Wurzel-Chakra auf 14 000 Bovis. Durch die Aufladung der Chakras w\u00e4chst der bioenergetische Reaktionsabstand von zirka 75 Zentimetern um den K\u00f6rper auf 1,70 Meter.<\/em><\/p>\n<p><strong><em>Wichtiger Hinweis:<br \/>\nWir weisen ausdr\u00fccklich darauf hin, dass die Kolzov-Platte (russische Bezeichnung: &#8222;Korrektoren des funktionalen Zustands&#8220;) ein alternatives Energie- und Informationsprodukt ist und kein Heilmittel im Sinne der westlichen Schulmedizin. Vielmehr ist es ein rein energetisches Hilfsmittel zur ganzheitlichen Balancierung von energetischen Disharmonien und Blockaden. Informationen \u00fcber Qualit\u00e4t und Eigenschaften des Energieobjekts beziehen sich auf Aussagen des russischen Herstellers und alternativen Theorien zu Mensch und Umwelt, auf alternative Anschauungen und esoterische \u00dcberlieferungen oder Aussagen. Sie gelten nur im Sinne der esoterischen Lebensphilosophie und daran angelehnte Alternativheilkunde. Wirkungen im Sinne westlicher Wissenschaft oder Medizin werden hier nicht behauptet.<\/em><\/strong><\/p>","protected":false},"excerpt":{"rendered":"<p>L\u00f6st Blockaden und Programme aus der Vergangenheit auf<\/p>","protected":false},"featured_media":1866,"comment_status":"open","ping_status":"closed","template":"","meta":[],"product_brand":[],"product_cat":[31],"product_tag":[],"class_list":{"0":"post-1951","1":"product","2":"type-product","3":"status-publish","4":"has-post-thumbnail","6":"product_cat-exclusive-series","8":"first","9":"instock","10":"sale","11":"taxable","12":"shipping-taxable","13":"purchasable","14":"product-type-variable"},"_links":{"self":[{"href":"https:\/\/vigo-rio.com\/en\/wp-json\/wp\/v2\/product\/1951","targetHints":{"allow":["GET"]}}],"collection":[{"href":"https:\/\/vigo-rio.com\/en\/wp-json\/wp\/v2\/product"}],"about":[{"href":"https:\/\/vigo-rio.com\/en\/wp-json\/wp\/v2\/types\/product"}],"replies":[{"embeddable":true,"href":"https:\/\/vigo-rio.com\/en\/wp-json\/wp\/v2\/comments?post=1951"}],"wp:featuredmedia":[{"embeddable":true,"href":"https:\/\/vigo-rio.com\/en\/wp-json\/wp\/v2\/media\/1866"}],"wp:attachment":[{"href":"https:\/\/vigo-rio.com\/en\/wp-json\/wp\/v2\/media?parent=1951"}],"wp:term":[{"taxonomy":"product_brand","embeddable":true,"href":"https:\/\/vigo-rio.com\/en\/wp-json\/wp\/v2\/product_brand?post=1951"},{"taxonomy":"product_cat","embeddable":true,"href":"https:\/\/vigo-rio.com\/en\/wp-json\/wp\/v2\/product_cat?post=1951"},{"taxonomy":"product_tag","embeddable":true,"href":"https:\/\/vigo-rio.com\/en\/wp-json\/wp\/v2\/product_tag?post=1951"}],"curies":[{"name":"wp","href":"https:\/\/api.w.org\/{rel}","templated":true}]}}