{"id":1950,"date":"2026-01-18T08:28:09","date_gmt":"2026-01-18T08:28:09","guid":{"rendered":"https:\/\/vigo-rio.com\/?post_type=product&#038;p=1950"},"modified":"2026-02-04T19:54:47","modified_gmt":"2026-02-04T19:54:47","slug":"fc-restart-fill","status":"publish","type":"product","link":"https:\/\/vigo-rio.com\/en\/product\/fc-restart-fill\/","title":{"rendered":"FC Neuanfang Erf\u00fcllung\/ Reboot Filling"},"content":{"rendered":"<p><strong>Kolzov-Platte &#8222;Neustart F\u00dcLLEN&#8220;\u00a0&#8211; (hilft sich seiner Lebensaufgabe bewusst zu werden, sehr gut gemeinsam mit &#8222;Neustart REINIGEN&#8220; verwenden; H\u00f6hlen-Kraftplatz Efremkino, Region Krasnojarsk)<\/strong><\/p>\n<p><strong>&#8211; neueste Version mit 8-Elementen (8 enthaltenen Energiespeicher-Chips)<\/strong><\/p>\n<p>Die Kolzov-Platten &#8222;Neustart REINIGEN&#8220; und &#8222;Neustart F\u00dcLLEN&#8220; enthalten unter anderen Informationen der Kraftplatz-H\u00f6hlen von Efremkino. Die Kolzov-Platten &#8222;Neustart REINIGEN&#8220; und &#8222;Neustart F\u00dcLLEN&#8220; werden gemeinsam angewendet.<\/p>\n<p>Es gibt einen Ort in Chakassien (autonome russische Republik in der Region Krasnojarsk), wo jeder einmal sein sollte, der den verborgenen Sinn des Lebens sucht. Es ist uralter Weg unserer Vorfahren, ein schamanischer Kraftweg. Er beginnt in der N\u00e4he des Dorfes Efremkino und verl\u00e4uft an den auf- und abfallenden Ufern des Flusses Wei\u00dfe Iyusa zu einem hohen Felsmassiv. Dieses tr\u00e4gt seit alters her den Namen &#8222;Togys Az&#8220;, was &#8222;Neun M\u00e4uler zu stopfen&#8220; bedeutet. Und in der Tat kann man dort 9 gro\u00dfe H\u00f6hlen finden, die an offenstehende M\u00fcnder erinnern. Sie wurden arch\u00e4ologischen Untersuchungen zufolge bereits vor \u00fcber 24 000 Jahren von Menschen als Rast- und Kultpl\u00e4tze genutzt und sind damit die \u00e4ltesten steinzeitlichen H\u00f6hlen in Sibirien. In den H\u00f6hlen sind heute unter andern noch ganz besondere Felsmalereien erhalten geblieben, die auf ein Alter von zirka 4500 Jahren datiert wurden. Sie folgen einer Passage im Fels, die in sieben Sektoren gegliedert ist und den Weg der m\u00f6glichen Erkenntnis im Laufe des Lebens von der Geburt an symbolisiert. Jemand kann sich mit Halbwissen zufrieden geben oder aber den ganzen Weg bis zu tiefen Weisheit beschreiten.<\/p>\n<p><em>Die Aussagen beziehen sich auf alternative Testmethoden wie Meridianenergie-Messungen der Organfunktionskreisl\u00e4ufe nach TCM, Kirlian-Fotografie (EPG\/GDV-Kamera), Oberon, Amsat o.\u00e4. durch den Hersteller &#8222;Planet der Regionen&#8220; und stellen keine medizinische oder auf den physischen K\u00f6rper und dessen Organe bezogenen Aussage im Sinne der westlichen Schulmedizin dar.<\/em><\/p>\n<p><strong>Die Platte ist in diesem Sinne vor allem geeignet f\u00fcr:<\/strong><\/p>\n<ul>\n<li>vermittelt inneren Frieden und die Verbundenheit mit allem Leben,<\/li>\n<li>hilft die eigenen Wurzeln zu verstehen und anzunehmen, seine Vergangenheit anzunehmen und die unterst\u00fctzende Kraft der Vorfahren zu erschlie\u00dfen,<\/li>\n<li>f\u00f6rdert die Entwicklung von Sensitivit\u00e4t und Spiritualit\u00e4t und h\u00f6herer Weisheit,<\/li>\n<li>hilft, um sich seiner ureigenen Bestimmung und Lebensaufgabe bewusst zu werden,<\/li>\n<li>hilft sich selbst als ganzheitliche Pers\u00f6nlichkeit zu begreifen und seine Lebensziele und -aufgaben zu anzunehmen,<\/li>\n<li>erschlie\u00dft die eigene innere Quelle der Kraft und er\u00f6ffnet die M\u00f6glichkeit das h\u00f6chste geistige und k\u00f6rperliche Potenzial zu erschlie\u00dfen,<\/li>\n<li>hilft neue Perspektiven in allen Lebensbereichen zu erkennen und harmonisch zu erschlie\u00dfen: im Pers\u00f6nlichen, Beruflichen, Materiellen und Geistigen.<\/li>\n<\/ul>\n<p>Die Kolzov-Platte &#8222;Neustart F\u00dcLLEN&#8220; hilft die eigenen Wurzeln, sein Potential und die innere Kraftquelle zu erschlie\u00dfen und die eigene Lebensaufgabe zu verwirklichen.<\/p>\n<p>ZUR BEACHTUNG: Die Aktivierungszeit von Wasser auf der Platte betr\u00e4gt mindestens 15 Sekunden.<\/p>\n<p><em><u>Ergebnis im LIFE-TEST:<\/u>\u00a0Die Kolzov-Platte&#8220; Neustart F\u00dcLLEN&#8220; hat ein neutrales Energiefeld mit einer Abstrahlung von 40.000 Bovis. Damit erh\u00f6ht die Platte das Energieniveau von Kronen- und Solarplexus-Chakra auf 40 000 Bovis. Das Herz-Chakra steigt auf 28 000 Bovis. Stirn-, Hals-Chakra und Sexual-\/Blasen-Chakra erh\u00f6hen ihre Aktivit\u00e4t auf 21 000 Bovis, und das Wurzel-Chakra verdoppelt seine Energie auf 14 000 Bovis. Durch die Aufladung der Chakras w\u00e4chst der bioenergetische Reaktionsabstand von zirka 75 Zentimetern um den K\u00f6rper auf 1,20 Meter.<\/em><\/p>\n<p><em><strong>Wichtiger Hinweis:<br \/>\nWir weisen ausdr\u00fccklich darauf hin, dass die Kolzov-Platte (russische Bezeichnung: &#8222;Korrektoren des funktionalen Zustands&#8220;) ein alternatives Energie- und Informationsprodukt ist und kein Heilmittel im Sinne der westlichen Schulmedizin. Vielmehr ist es ein rein energetisches Hilfsmittel zur ganzheitlichen Balancierung von energetischen Disharmonien und Blockaden. Informationen \u00fcber Qualit\u00e4t und Eigenschaften des Energieobjekts beziehen sich auf Aussagen des russischen Herstellers und alternativen Theorien zu Mensch und Umwelt, auf alternative Anschauungen und esoterische \u00dcberlieferungen oder Aussagen. Sie gelten nur im Sinne der esoterischen Lebensphilosophie und daran angelehnte Alternativheilkunde. Wirkungen im Sinne westlicher Wissenschaft oder Medizin werden hier nicht behauptet.<\/strong><\/em><\/p>","protected":false},"excerpt":{"rendered":"<p>Erkennen der eigenen Lebensbestimmung, Neuanfang.<\/p>","protected":false},"featured_media":1956,"comment_status":"open","ping_status":"closed","template":"","meta":[],"product_brand":[],"product_cat":[31],"product_tag":[],"class_list":{"0":"post-1950","1":"product","2":"type-product","3":"status-publish","4":"has-post-thumbnail","6":"product_cat-exclusive-series","8":"first","9":"instock","10":"sale","11":"taxable","12":"shipping-taxable","13":"purchasable","14":"product-type-variable"},"_links":{"self":[{"href":"https:\/\/vigo-rio.com\/en\/wp-json\/wp\/v2\/product\/1950","targetHints":{"allow":["GET"]}}],"collection":[{"href":"https:\/\/vigo-rio.com\/en\/wp-json\/wp\/v2\/product"}],"about":[{"href":"https:\/\/vigo-rio.com\/en\/wp-json\/wp\/v2\/types\/product"}],"replies":[{"embeddable":true,"href":"https:\/\/vigo-rio.com\/en\/wp-json\/wp\/v2\/comments?post=1950"}],"wp:featuredmedia":[{"embeddable":true,"href":"https:\/\/vigo-rio.com\/en\/wp-json\/wp\/v2\/media\/1956"}],"wp:attachment":[{"href":"https:\/\/vigo-rio.com\/en\/wp-json\/wp\/v2\/media?parent=1950"}],"wp:term":[{"taxonomy":"product_brand","embeddable":true,"href":"https:\/\/vigo-rio.com\/en\/wp-json\/wp\/v2\/product_brand?post=1950"},{"taxonomy":"product_cat","embeddable":true,"href":"https:\/\/vigo-rio.com\/en\/wp-json\/wp\/v2\/product_cat?post=1950"},{"taxonomy":"product_tag","embeddable":true,"href":"https:\/\/vigo-rio.com\/en\/wp-json\/wp\/v2\/product_tag?post=1950"}],"curies":[{"name":"wp","href":"https:\/\/api.w.org\/{rel}","templated":true}]}}