{"id":1949,"date":"2026-01-18T08:27:50","date_gmt":"2026-01-18T08:27:50","guid":{"rendered":"https:\/\/vigo-rio.com\/?post_type=product&#038;p=1949"},"modified":"2026-02-04T19:54:57","modified_gmt":"2026-02-04T19:54:57","slug":"fc-love-formula-yin","status":"publish","type":"product","link":"https:\/\/vigo-rio.com\/en\/product\/fc-love-formula-yin\/","title":{"rendered":"FC Liebesformel Yin\/ Love Formula Yin"},"content":{"rendered":"<p><strong>Kolzov-Platte &#8222;Liebe YIN&#8220;\u00a0&#8211; (Frauen-Platte, St\u00e4rkung der Yin-Energie, f\u00fcr mehr Anziehungskraft, Libido und Harmonie, l\u00f6scht Negativprogramme zu Sexualit\u00e4t, f\u00fcr Yin-Yang-Ausgleich gemeinsam mit &#8222;Liebe YANG&#8220; verwenden)<\/strong><\/p>\n<p><strong>&#8211; neueste Version mit 8-Elementen (8 enthaltenen Energiespeicher-Chips)<\/strong><\/p>\n<p>Die Kolzov-Platte &#8222;Liebe YIN&#8220; (f\u00fcr Frauen) nutzt unter anderem den enthaltenen Maya-Kanal Baldiz-Vuagre (weiblich).<\/p>\n<p><em>Die Aussagen beziehen sich auf alternative Testmethoden wie Meridianenergie-Messungen der Organfunktionskreisl\u00e4ufe nach TCM, Kirlian-Fotografie (EPG\/GDV-Kamera), Oberon, Amsat o.\u00e4. durch den Hersteller &#8222;Planet der Regionen&#8220; und stellen keine medizinische oder auf den physischen K\u00f6rper und dessen Organe bezogenen Aussage im Sinne der westlichen Schulmedizin dar.<\/em><\/p>\n<p><strong>Die Platte ist in diesem Sinne vor allem geeignet f\u00fcr:<\/strong><\/p>\n<ul>\n<li>offenbart das wahre Wesen und die Natur der Frauen, st\u00e4rkt das Selbstvertrauen und die weibliche Anziehungskraft,<\/li>\n<li>erleichtert das Erwachen der weiblichen Sexualit\u00e4t,<\/li>\n<li>st\u00e4rkt das gesunde sexuelle Verlangen &#8211; Libido,<\/li>\n<li>beseitigt Disharmonie in den Sexualfunktionen,<\/li>\n<li>hilft Befriedigung im Sexualleben zu finden,<\/li>\n<li>tr\u00e4gt zur Beseitigung verschiedener Ursachen von Frigidit\u00e4t bei,<\/li>\n<li>f\u00f6rdert die Entwicklung und die Wiederherstellung verlorenen sexuellen Interesses (auch nach Schwangerschaft),<\/li>\n<li>beseitigt psychologische Blockaden und Negativprogramme, die durch strenge Erziehung oder Mangel an angemessener Aufkl\u00e4rung w\u00e4hrend der Pubert\u00e4t entstanden sind,<\/li>\n<li>beseitigt Traumata von physischer oder psychischer Gewalt gegen Frauen aller Altersgruppen,<\/li>\n<li>regeneriert und sch\u00fctzt die Energiezentren (Chakras),<\/li>\n<li>f\u00f6rdert das gegenseitige Verst\u00e4ndnis und die Harmonie der Beziehungen zwischen den sexuellen Partnern, \u2022 hilft, einen &#8222;seelenverwandten&#8220; Partner anzuziehen.<\/li>\n<\/ul>\n<p>TIPP: Zum Ausgleich der Yin-Yang-Energien (egal ob Mann oder Frau) kann man sich mit beiden Platten durchstr\u00f6men lassen: wechselseitig je eine Platte unter die F\u00fc\u00dfe legen oder in die H\u00e4nde nehmen.<\/p>\n<p>ZUR BEACHTUNG: Die Aktivierungszeit von Wasser auf der Platte betr\u00e4gt mindestens 15 Sekunden.<\/p>\n<p><em><u>Ergebnis im LIFE-TEST:<\/u>\u00a0Die Kolzov-Platte &#8222;Liebe Yin&#8220; hat ein neutrales Energiefeld mit einer Abstrahlung von 40.000 Bovis. Die Platte erh\u00f6ht damit die Energie gleich von 4 Chakras auf 40 000 Bovis: Kronen-, Solarplexus-, Sexual- bzw. Blasen-Chakra und Wurzel-Chakra steigen auf dieses hohe Energieniveau. Das Herz-Chakra steigt in der Energie auf ebenfalls hohe 35 000 Bovis, Das Stirn-Chakra auf 21 0000 Bovis und das Hals-Chakra auf 14 000 Bovis. Durch die Aufladung der Chakras w\u00e4chst der bioenergetische Reaktionsabstand von zirka 75 Zentimetern um den K\u00f6rper auf 2,00 Meter.<\/em><\/p>\n<p><em><strong>Wichtiger Hinweis:<br \/>\nWir weisen ausdr\u00fccklich darauf hin, dass die Kolzov-Platte (russische Bezeichnung: &#8222;Korrektoren des funktionalen Zustands&#8220;) ein alternatives Energie- und Informationsprodukt ist und kein Heilmittel im Sinne der westlichen Schulmedizin. Vielmehr ist es ein rein energetisches Hilfsmittel zur ganzheitlichen Balancierung von energetischen Disharmonien und Blockaden. Informationen \u00fcber Qualit\u00e4t und Eigenschaften des Energieobjekts beziehen sich auf Aussagen des russischen Herstellers und alternativen Theorien zu Mensch und Umwelt, auf alternative Anschauungen und esoterische \u00dcberlieferungen oder Aussagen. Sie gelten nur im Sinne der esoterischen Lebensphilosophie und daran angelehnte Alternativheilkunde. Wirkungen im Sinne westlicher Wissenschaft oder Medizin werden hier nicht behauptet.<\/strong><\/em><\/p>","protected":false},"excerpt":{"rendered":"<p>Erweckung der weiblichen Sexualit\u00e4t. Offenbarung der wahren Natur der Frau. Entfaltung des weiblichen Potenzials.<\/p>","protected":false},"featured_media":1858,"comment_status":"open","ping_status":"closed","template":"","meta":[],"product_brand":[],"product_cat":[31],"product_tag":[],"class_list":{"0":"post-1949","1":"product","2":"type-product","3":"status-publish","4":"has-post-thumbnail","6":"product_cat-exclusive-series","8":"first","9":"instock","10":"sale","11":"taxable","12":"shipping-taxable","13":"purchasable","14":"product-type-variable"},"_links":{"self":[{"href":"https:\/\/vigo-rio.com\/en\/wp-json\/wp\/v2\/product\/1949","targetHints":{"allow":["GET"]}}],"collection":[{"href":"https:\/\/vigo-rio.com\/en\/wp-json\/wp\/v2\/product"}],"about":[{"href":"https:\/\/vigo-rio.com\/en\/wp-json\/wp\/v2\/types\/product"}],"replies":[{"embeddable":true,"href":"https:\/\/vigo-rio.com\/en\/wp-json\/wp\/v2\/comments?post=1949"}],"wp:featuredmedia":[{"embeddable":true,"href":"https:\/\/vigo-rio.com\/en\/wp-json\/wp\/v2\/media\/1858"}],"wp:attachment":[{"href":"https:\/\/vigo-rio.com\/en\/wp-json\/wp\/v2\/media?parent=1949"}],"wp:term":[{"taxonomy":"product_brand","embeddable":true,"href":"https:\/\/vigo-rio.com\/en\/wp-json\/wp\/v2\/product_brand?post=1949"},{"taxonomy":"product_cat","embeddable":true,"href":"https:\/\/vigo-rio.com\/en\/wp-json\/wp\/v2\/product_cat?post=1949"},{"taxonomy":"product_tag","embeddable":true,"href":"https:\/\/vigo-rio.com\/en\/wp-json\/wp\/v2\/product_tag?post=1949"}],"curies":[{"name":"wp","href":"https:\/\/api.w.org\/{rel}","templated":true}]}}