{"id":1948,"date":"2026-01-18T08:27:30","date_gmt":"2026-01-18T08:27:30","guid":{"rendered":"https:\/\/vigo-rio.com\/?post_type=product&#038;p=1948"},"modified":"2026-02-04T19:55:07","modified_gmt":"2026-02-04T19:55:07","slug":"fc-love-formula-yang","status":"publish","type":"product","link":"https:\/\/vigo-rio.com\/en\/product\/fc-love-formula-yang\/","title":{"rendered":"FC Liebesformel Yang\/  Love Formula Yang"},"content":{"rendered":"<p><strong>Kolzov-Platte &#8222;Liebe YANG&#8220;\u00a0&#8211; (M\u00e4nner-Platte, St\u00e4rkung der Yang-Energie, f\u00fcr mehr Kraft, Potenz und m\u00e4nnliche Attraktivit\u00e4t, f\u00fcr Yin-Yang-Ausgleich gemeinsam mit &#8222;Liebe YIN&#8220; verwenden)<\/strong><\/p>\n<p><strong>&#8211; neueste Version mit 8-Elementen (8 enthaltenen Energiespeicher-Chips)<\/strong><\/p>\n<p>Ein erf\u00fclltes Sexualleben ist ein wesentlicher Bestandteil des Erwachsenenlebens und essentiell f\u00fcr den Aufbau einer vollwertiger Familienbeziehungen. Wenn M\u00e4nner und Frauen eine gemeinsame harmonische Sexualit\u00e4t entwickeln und keine sexuellen Schwierigkeiten haben, dann erf\u00fcllen sie den jeweils anderen mit Energie und Lebensfreude.<br \/>\nSexuell zufriedene Menschen, insbesondere M\u00e4nner, streben zudem auch in anderen Bereichen ihres Lebens Harmonie, was dann zu mehr Harmonie in Familie, Unternehmen, Arbeit, Politik und insgesamt der Gesellschaft f\u00fchren kann.<\/p>\n<p><em>Die Aussagen beziehen sich auf alternative Testmethoden wie Meridianenergie-Messungen der Organfunktionskreisl\u00e4ufe nach TCM, Kirlian-Fotografie (EPG\/GDV-Kamera), Oberon, Amsat o.\u00e4. durch den Hersteller &#8222;Planet der Regionen&#8220; und stellen keine medizinische oder auf den physischen K\u00f6rper und dessen Organe bezogenen Aussage im Sinne der westlichen Schulmedizin dar.<\/em><\/p>\n<p><strong>Die Platte ist in diesem Sinne vor allem geeignet f\u00fcr:<\/strong><\/p>\n<ul>\n<li>f\u00fcr mehr innere Harmonie und zur St\u00e4rkung der Energien von Liebe, G\u00fcte und Kreativit\u00e4t, f\u00fcr das L\u00f6schen negativer energetischer Einwirkungen von au\u00dfen,<\/li>\n<li>helfen m\u00f6gliche Probleme, Querelen und Konflikte schon fr\u00fchzeitig zu erkennen und zu vermeiden,<\/li>\n<li>helfen beim Aufbau zwischenmenschlicher Beziehungen, die von Freundschaft, Liebe und Verst\u00e4ndnis und von positiven Emotionen gepr\u00e4gt sind,<\/li>\n<li>st\u00e4rken die Lebenskraft,<\/li>\n<li>verbessern die Schlafqualit\u00e4t und hilft bei der Meditationspraxis.<\/li>\n<li>Die Kolzov-Platte &#8222;Liebe YANG&#8220; (f\u00fcr M\u00e4nner) nutzt unter anderem den enthaltenen Maya-Kanal Baldiz-Vuagre (m\u00e4nnlich):<\/li>\n<li>f\u00fcr die St\u00e4rkung einer gesunden sexuellen Aktivit\u00e4t und k\u00f6rperliche Ausdauer,<\/li>\n<li>tr\u00e4gt zur Beseitigung verschiedener Ursachen der erektilen Dysfunktion bei,<\/li>\n<li>hilft psychologische Faktoren, die zu Impotenz f\u00fchren k\u00f6nnen (einschlie\u00dflich &#8222;Stress-Syndrom&#8220;, Mangel an Schlaf usw.) aufzul\u00f6sen,<\/li>\n<li>st\u00e4rkt die Potenz nach psychischen Verletzungen und Schocks,<\/li>\n<li>hilft die eigene m\u00e4nnliche Attraktivit\u00e4t frei zu setzen,<\/li>\n<li>regeneriert und sch\u00fctzt die Energiezentren (Chakras),<\/li>\n<li>f\u00f6rdert das gegenseitige Verst\u00e4ndnis und die Harmonie der Beziehungen,<\/li>\n<li>hilft, einen &#8222;seelenverwandten&#8220; Partner anzuziehen.<\/li>\n<\/ul>\n<p>ZUR BEACHTUNG: Die Aktivierungszeit von Wasser auf der Platte betr\u00e4gt mindestens 15 Sekunden.<\/p>\n<p><em><u>Ergebnis im LIFE-TEST:\u00a0<\/u>Die Kolzov-Platte &#8222;Liebe Yang&#8220; hat ein neutrales Energiefeld mit einer Abstrahlung von 40.000 Bovis. Die Platte erh\u00f6ht damit die Energie des obersten und des untersten Chakra auf 40 000 Bovis: also Kronen- und Wurzel-Chakra steigen auf dieses hohe Energieniveau, das Wurzel-Chakra sogar noch deutlich dar\u00fcber. Herz- und Sexual- bzw. Blasen-Chakra erh\u00f6hen ihre Energie auf 35 000 Bovis, Stirn-Chakra auf 28 000 Bovis, Solarplexus-Chakra auf 21 000 Bovis und das Hals-Chakra auf 14 000 Bovis. Durch die Aufladung der Chakras w\u00e4chst der bioenergetische Reaktionsabstand von zirka 75 Zentimetern um den K\u00f6rper auf 2,10 Meter.<\/em><\/p>\n<p><em><strong>Wichtiger Hinweis:<br \/>\nWir weisen ausdr\u00fccklich darauf hin, dass die Kolzov-Platte (russische Bezeichnung: &#8222;Korrektoren des funktionalen Zustands&#8220;) ein alternatives Energie- und Informationsprodukt ist und kein Heilmittel im Sinne der westlichen Schulmedizin. Vielmehr ist es ein rein energetisches Hilfsmittel zur ganzheitlichen Balancierung von energetischen Disharmonien und Blockaden. Informationen \u00fcber Qualit\u00e4t und Eigenschaften des Energieobjekts beziehen sich auf Aussagen des russischen Herstellers und alternativen Theorien zu Mensch und Umwelt, auf alternative Anschauungen und esoterische \u00dcberlieferungen oder Aussagen. Sie gelten nur im Sinne der esoterischen Lebensphilosophie und daran angelehnte Alternativheilkunde. Wirkungen im Sinne westlicher Wissenschaft oder Medizin werden hier nicht behauptet.<\/strong><\/em><\/p>","protected":false},"excerpt":{"rendered":"<p>Bei einem gesunden Mann steigert es die sexuelle Aktivit\u00e4t und die k\u00f6rperliche Ausdauer in Bezug auf die intimen Aspekte des Lebens.<\/p>","protected":false},"featured_media":1859,"comment_status":"open","ping_status":"closed","template":"","meta":[],"product_brand":[],"product_cat":[31],"product_tag":[],"class_list":{"0":"post-1948","1":"product","2":"type-product","3":"status-publish","4":"has-post-thumbnail","6":"product_cat-exclusive-series","8":"first","9":"instock","10":"sale","11":"taxable","12":"shipping-taxable","13":"purchasable","14":"product-type-variable"},"_links":{"self":[{"href":"https:\/\/vigo-rio.com\/en\/wp-json\/wp\/v2\/product\/1948","targetHints":{"allow":["GET"]}}],"collection":[{"href":"https:\/\/vigo-rio.com\/en\/wp-json\/wp\/v2\/product"}],"about":[{"href":"https:\/\/vigo-rio.com\/en\/wp-json\/wp\/v2\/types\/product"}],"replies":[{"embeddable":true,"href":"https:\/\/vigo-rio.com\/en\/wp-json\/wp\/v2\/comments?post=1948"}],"wp:featuredmedia":[{"embeddable":true,"href":"https:\/\/vigo-rio.com\/en\/wp-json\/wp\/v2\/media\/1859"}],"wp:attachment":[{"href":"https:\/\/vigo-rio.com\/en\/wp-json\/wp\/v2\/media?parent=1948"}],"wp:term":[{"taxonomy":"product_brand","embeddable":true,"href":"https:\/\/vigo-rio.com\/en\/wp-json\/wp\/v2\/product_brand?post=1948"},{"taxonomy":"product_cat","embeddable":true,"href":"https:\/\/vigo-rio.com\/en\/wp-json\/wp\/v2\/product_cat?post=1948"},{"taxonomy":"product_tag","embeddable":true,"href":"https:\/\/vigo-rio.com\/en\/wp-json\/wp\/v2\/product_tag?post=1948"}],"curies":[{"name":"wp","href":"https:\/\/api.w.org\/{rel}","templated":true}]}}