{"id":1947,"date":"2026-01-18T08:27:14","date_gmt":"2026-01-18T08:27:14","guid":{"rendered":"https:\/\/vigo-rio.com\/?post_type=product&#038;p=1947"},"modified":"2026-03-02T17:13:49","modified_gmt":"2026-03-02T17:13:49","slug":"fc-clear-view-2","status":"publish","type":"product","link":"https:\/\/vigo-rio.com\/en\/product\/fc-clear-view-2\/","title":{"rendered":"FC Klarer Blick 2\/ Clear Vision-2"},"content":{"rendered":"<p><strong>Kolzov-Platte &#8222;Klarer Blick 2&#8220;\u00a0&#8211; (f\u00fcr Kurz- und Weitsichtigkeit, Star-Erkrankungen, entz\u00fcndliche Augenerkrankungen, gesunde Durchblutung und Augeninnendruck uvm.)<\/strong><\/p>\n<p><strong>&#8211; neueste Version mit 8-Elementen (8 enthaltenen Energiespeicher-Chips)<\/strong><\/p>\n<p>Kolzov-Platte &#8222;Klarer Blick 2&#8220; erg\u00e4nzt die Platte &#8222;Klarer Blick&#8220; in den positiven Wirkungen f\u00fcr das Sehverm\u00f6gen. Die Platte &#8222;Klarer Blick 2&#8220; enth\u00e4lt die Heilinformation von drei ber\u00fchmten Heilquellen gegen Augenleiden. Au\u00dferdem sind spezielle kosmo-energetische Maya-Kan\u00e4le auf der Platte enthalten, wie sie \u00e4hnlich bei den Platten der Serie Kolzov-GOLD verwendet wurden. Diese Informationskan\u00e4le sind 5-10mal st\u00e4rker als die bisherigen kosmo-energetische Kan\u00e4le.<\/p>\n<p><em>Die Aussagen beziehen sich auf alternative Testmethoden wie Meridianenergie-Messungen der Organfunktionskreisl\u00e4ufe nach TCM, Kirlian-Fotografie (EPG\/GDV-Kamera), Oberon, Amsat o.\u00e4. durch den Hersteller &#8222;Planet der Regionen&#8220; und stellen keine medizinische oder auf den physischen K\u00f6rper und dessen Organe bezogenen Aussage im Sinne der westlichen Schulmedizin dar.<\/em><\/p>\n<p><strong>Die Platte ist in diesem Sinne vor allem geeignet f\u00fcr:<\/strong><\/p>\n<ul>\n<li>Korrektur und Vorbeugung von entz\u00fcndlichen, infekti\u00f6sen, virale, bakterielle Erkrankung des Auges, Pr\u00e4vention und Korrektur von Astigmatismus bei Kurz- und Weitsichtigkeit,<\/li>\n<li>Vermeidung und Korrektur von Glaukom (Gr\u00fcner Star) und Katarakt (Grauer Star),<\/li>\n<li>Reinigung des Gewebes der Sehorgane, anti-oxidativer Augenschutz gegen freie Radikale,<\/li>\n<li>Wiederherstellen von Gewebe und Blutgef\u00e4\u00dfen des Auges in seiner urspr\u00fcnglichen Form,<\/li>\n<li>Wiederherstellung und Regulierung der Durchblutung in den Sehorganen,<\/li>\n<li>Beseitigung von Sch\u00e4den an den Sehnervenfasern; Regulierung des Augeninnendrucks,<\/li>\n<li>Wiederherstellung der ausreichenden Zufuhr von Sauerstoff in den Sehorganen,<\/li>\n<li>Regulierung von Gewebestoffwechsel und Ern\u00e4hrung der Linse, Netzhaut, Lederhaut und Hornhaut des Auges; Pr\u00e4vention von Netzhautabl\u00f6sung, auch bei Diabetes,<\/li>\n<li>Beseitigung der Folgen von Augenverletzungen,<\/li>\n<li>F\u00fcllen der Iris mit sauberer Lichtenergie,<\/li>\n<li>Wiederherstellung der am Sehverm\u00f6gen beteiligten Bereiche des Zentralnervensystems, der endokrinen Dr\u00fcsen und des Stoffwechsels im gesamten K\u00f6rper.<\/li>\n<\/ul>\n<p>Die Platte &#8222;Klarer Blick 2&#8220; enth\u00e4lt die Heilinformationen der Quellen:<\/p>\n<p>Jungfrau-Quelle: diese entspringt in der N\u00e4he der Kirche der Geburt Christi in Izborsk (ein Dorf im Petschora-Distrikt, Region Pskov) getroffen. Es gibt viele erstaunliche Heilberichte zu dieser Quelle. Ihr Ruhm aber begann mit der Heilung eines blind geborenen M\u00e4dchens, deren Mutter es mit dem Quellwasser wusch und das sofort danach sehen konnte.<br \/>\nAugen-Quelle: eine der Quellen im Tempel des Heilers St. Pantaleon in Belokurikha im Altai-Gebirge. Der Ort ist seit \u00fcber 100 Jahren als Heilort bekannt. Einheimischen holen regelm\u00e4\u00dfig im Tempel ihr Wasser und Heilung Suchende kommen in die Sanatorien von Belokurikha. Die Quelle hat antibakterielle und heilenden Eigenschaften. Das Wasser wird f\u00fcr die Behandlung von Augenkrankheiten auch in Lotionen verarbeitet sowie f\u00fcr Tinkturen, Speisen und Tees verwendet.<\/p>\n<p>Shumak-Quelle: Shumak ist ein nat\u00fcrlicher Heil- und Kraftort in den Bergen der \u00f6stlichen Sayan auf einer H\u00f6he von 1558 Metern gelegen. Dieses Gebiet geh\u00f6rt zum Oka-Distrikt in der Region Burjatien und wird &#8222;die Perle Russlands&#8220; oder &#8222;Russisch Klein Tibet&#8220; genannt. Die Shumak-Quelle gegen Augenprobleme ist die am schwierigsten zu erreichende Quelle in einem Tal mit mehr als einhundert Heilquellen. Das Wasser einer jeden von ihnen, wirkt wie eine fein abgestimmte Stimmgabel selektiv auf jeweils ein Organ oder Funktionskreislauf des menschlichen K\u00f6rpers. So k\u00f6nnen die Quellen auf vielf\u00e4ltige Weise f\u00fcr energetische Harmonisierung und Heilung genutzt werden. Die Shumak-Quelle hat dabei das st\u00e4rkste Heilungspotential. Der Legende zufolge sollen die Quellen bereits zu Zeiten Dschingis Chans bekannt gewesen sein und er selbst habe im Shumaktal Heilung und Kr\u00e4ftigung gefunden. In heutiger Zeit wurden die Quellen medizinisch untersucht und gingen aufgrund ihrer ungew\u00f6hnlichen Eigenschaften als Shumaksky-Wasser in die russische Wissenschaft ein. Die Quellen des Tals befinden sich jeweils in kleinen Vertiefungen in der Erde und jede weist einen unterschiedlichen Geschmack und Gehalt an basischen Mineralien, Bicarbonaten, Calcium und Magnesium, und einen hohen Siliziumgehalt auf. Die Temperaturen der W\u00e4sser schwanken zwischen 22 und 55 \u00b0C. Zudem weisen sie einen hohen Gehalt an Radon auf. In der medizinischen Balneologie ist bekannt, dass Radon das menschliche Immunsystem stimulieren und dadurch Krankheiten lindern kann.<\/p>\n<p>ZUR BEACHTUNG: Die Aktivierungszeit von Wasser auf der Platte betr\u00e4gt mindestens 15 Sekunden.<\/p>\n<p><em><u>Ergebnis im LIFE-TEST:<\/u>\u00a0Die Platte &#8222;Klarer Blick 2&#8220; hat ein neutrales Energiefeld mit einer St\u00e4rke von 40 000 Bovis. Sie aktiviert damit alle 3 oberen Chakras auf 40 000 Bovis: Kronen-, Stirn und Hals-Chakra steigen auf diese hohe Energie. Das Herz-Chakra wird auf 28 000 Bovis aktiviert, das Solarplexus-Chakra noch st\u00e4rker auf 35 000 Bovis und Blase-\/Sexual-Chakra und Wurzel-Chakra steigen auf 21 000 Bovis. Durch die Aufladung der Chakras w\u00e4chst der bioenergetische Reaktionsabstand von zirka 75 Zentimetern um den K\u00f6rper auf 2,70 Meter<\/em><\/p>\n<p><em><strong>Wichtiger Hinweis:<br \/>\nWir weisen ausdr\u00fccklich darauf hin, dass die Kolzov-Platte (russische Bezeichnung: &#8222;Korrektoren des funktionalen Zustands&#8220;) ein alternatives Energie- und Informationsprodukt ist und kein Heilmittel im Sinne der westlichen Schulmedizin. Vielmehr ist es ein rein energetisches Hilfsmittel zur ganzheitlichen Balancierung von energetischen Disharmonien und Blockaden. Informationen \u00fcber Qualit\u00e4t und Eigenschaften des Energieobjekts beziehen sich auf Aussagen des russischen Herstellers und alternativen Theorien zu Mensch und Umwelt, auf alternative Anschauungen und esoterische \u00dcberlieferungen oder Aussagen. Sie gelten nur im Sinne der esoterischen Lebensphilosophie und daran angelehnte Alternativheilkunde. Wirkungen im Sinne westlicher Wissenschaft oder Medizin werden hier nicht behauptet.<\/strong><\/em><\/p>","protected":false},"excerpt":{"rendered":"<p>F\u00f6rdert die Augengesundheit. Lindert verschiedene Augenleiden<\/p>","protected":false},"featured_media":1857,"comment_status":"open","ping_status":"closed","template":"","meta":[],"product_brand":[],"product_cat":[31],"product_tag":[],"class_list":{"0":"post-1947","1":"product","2":"type-product","3":"status-publish","4":"has-post-thumbnail","6":"product_cat-exclusive-series","8":"first","9":"instock","10":"sale","11":"taxable","12":"shipping-taxable","13":"purchasable","14":"product-type-variable"},"_links":{"self":[{"href":"https:\/\/vigo-rio.com\/en\/wp-json\/wp\/v2\/product\/1947","targetHints":{"allow":["GET"]}}],"collection":[{"href":"https:\/\/vigo-rio.com\/en\/wp-json\/wp\/v2\/product"}],"about":[{"href":"https:\/\/vigo-rio.com\/en\/wp-json\/wp\/v2\/types\/product"}],"replies":[{"embeddable":true,"href":"https:\/\/vigo-rio.com\/en\/wp-json\/wp\/v2\/comments?post=1947"}],"wp:featuredmedia":[{"embeddable":true,"href":"https:\/\/vigo-rio.com\/en\/wp-json\/wp\/v2\/media\/1857"}],"wp:attachment":[{"href":"https:\/\/vigo-rio.com\/en\/wp-json\/wp\/v2\/media?parent=1947"}],"wp:term":[{"taxonomy":"product_brand","embeddable":true,"href":"https:\/\/vigo-rio.com\/en\/wp-json\/wp\/v2\/product_brand?post=1947"},{"taxonomy":"product_cat","embeddable":true,"href":"https:\/\/vigo-rio.com\/en\/wp-json\/wp\/v2\/product_cat?post=1947"},{"taxonomy":"product_tag","embeddable":true,"href":"https:\/\/vigo-rio.com\/en\/wp-json\/wp\/v2\/product_tag?post=1947"}],"curies":[{"name":"wp","href":"https:\/\/api.w.org\/{rel}","templated":true}]}}