{"id":1946,"date":"2026-01-18T08:26:44","date_gmt":"2026-01-18T08:26:44","guid":{"rendered":"https:\/\/vigo-rio.com\/?post_type=product&#038;p=1946"},"modified":"2026-03-18T18:21:09","modified_gmt":"2026-03-18T18:21:09","slug":"fc-healing","status":"publish","type":"product","link":"https:\/\/vigo-rio.com\/en\/product\/fc-healing\/","title":{"rendered":"FC Heilung2 \/ Healing 2"},"content":{"rendered":"<p><strong>Kolzov-Platte &#8222;Heilung 2&#8220;\u00a0&#8211; (f\u00fcr Bindegewebe, Organe, Weichteile und Nervensystem, sehr gut gemeinsam mit der &#8222;Heilung 1&#8220; verwenden)<\/strong><\/p>\n<p><strong>&#8211; neueste Version mit 8-Elementen (8 enthaltenen Energiespeicher-Chips)<\/strong><\/p>\n<p>Die Kolzov-Platte \u201eHeilung\u201c: unterst\u00fctzt auf energetische Weise die Regeneration von Bindegewebe, Organen und Weichteilen, unterst\u00fctzt und reguliert das Nervensystem<\/p>\n<p>Auf der Platte sind die Informationen des Wassers aus der Zam-Zam-Quelle gespeichert, die sich an der Heiligen Kaaba und im Inneren der Heiligen Moschee von al-Haram (Mekka, Saudi-Arabien) befindet. Ihm wird eine gro\u00dfe Kraft zugesprochen.<\/p>\n<p><em>Die Aussagen beziehen sich auf alternative Testmethoden wie Meridianenergie-Messungen der Organfunktionskreisl\u00e4ufe nach TCM, Kirlian-Fotografie (EPG\/GDV-Kamera), Oberon, Amsat o.\u00e4. durch den Hersteller &#8222;Planet der Regionen&#8220; und stellen keine medizinische oder auf den physischen K\u00f6rper und dessen Organe bezogenen Aussage im Sinne der westlichen Schulmedizin dar.<\/em><\/p>\n<p><strong>Die Platte ist in diesem Sinne vor allem geeignet f\u00fcr:<\/strong><\/p>\n<ul>\n<li>tr\u00e4gt zur Korrektur und Vorbeugung von entz\u00fcndlichen, bakteriellen und viralen Erkrankungen bei,<\/li>\n<li>hat eine wundheilende, antiallergische Wirkung, reduziert Schwellungen,<\/li>\n<li>wirkt als starkes Adaptogen und Immunmodulator, wodurch die k\u00f6rpereigenen Abwehrkr\u00e4fte wiederhergestellt und verbessert werden,<\/li>\n<li>hilft, Nierensteine zu erweichen und aufzul\u00f6sen,<\/li>\n<li>wirkt auf den gesamten K\u00f6rper und stellt in gr\u00f6\u00dferem Umfang die Funktion der Organe wieder her, die von den oberen Energiezentren kontrolliert werden, beginnend mit dem Herzen<\/li>\n<li>wirkt harmonisierend auf den psycho-emotionalen Zustand.<\/li>\n<\/ul>\n<p>Anwendung: Heilung 1 und 2 k\u00f6nnen sehr gut in Kombination verwendet werden; z.B. damit \u201eDurchstr\u00f6men\u201c lassen (siehe Anwendung).<\/p>\n<p>ZUR BEACHTUNG: Die Aktivierungszeit von Wasser auf der Platte betr\u00e4gt mindestens 15 Sekunden.<\/p>\n<p><em><u>Ergebnis im LIFE-TEST:<\/u>\u00a0Die Platte &#8222;Heilung 2&#8220; hat ein neutrales Energiefeld mit einer St\u00e4rke von 40 000 Bovis. Sie aktiviert damit das Kronen-Chakra auf enorme 40 000 Boivs. Stirn-, Hals- und Solarplexus-Chakra steigen auf 28 000 Bovis und die beiden untersten Chakra, Blasen- bzw. Sexual-Chakra und Wurzel-Chakra auf 21 000 Bovis. Durch die Aufladung der Chakras w\u00e4chst der bioenergetische Reaktionsabstand von zirka 75 Zentimetern um den K\u00f6rper auf 1,40 Meter.<\/em><\/p>\n<p><em><strong>Wichtiger Hinweis:<br \/>\nWir weisen ausdr\u00fccklich darauf hin, dass die Kolzov-Platte (russische Bezeichnung: &#8222;Korrektoren des funktionalen Zustands&#8220;) ein alternatives Energie- und Informationsprodukt ist und kein Heilmittel im Sinne der westlichen Schulmedizin. Vielmehr ist es ein rein energetisches Hilfsmittel zur ganzheitlichen Balancierung von energetischen Disharmonien und Blockaden. Informationen \u00fcber Qualit\u00e4t und Eigenschaften des Energieobjekts beziehen sich auf Aussagen des russischen Herstellers und alternativen Theorien zu Mensch und Umwelt, auf alternative Anschauungen und esoterische \u00dcberlieferungen oder Aussagen. Sie gelten nur im Sinne der esoterischen Lebensphilosophie und daran angelehnte Alternativheilkunde. Wirkungen im Sinne westlicher Wissenschaft oder Medizin werden hier nicht behauptet.<\/strong><\/em><\/p>","protected":false},"excerpt":{"rendered":"<p>Es hilft bei der Behandlung und Vorbeugung von Entz\u00fcndungen sowie von bakteriellen und viralen Erkrankungen.<\/p>","protected":false},"featured_media":1868,"comment_status":"open","ping_status":"closed","template":"","meta":[],"product_brand":[],"product_cat":[31],"product_tag":[],"class_list":{"0":"post-1946","1":"product","2":"type-product","3":"status-publish","4":"has-post-thumbnail","6":"product_cat-exclusive-series","8":"first","9":"instock","10":"sale","11":"taxable","12":"shipping-taxable","13":"purchasable","14":"product-type-variable"},"_links":{"self":[{"href":"https:\/\/vigo-rio.com\/en\/wp-json\/wp\/v2\/product\/1946","targetHints":{"allow":["GET"]}}],"collection":[{"href":"https:\/\/vigo-rio.com\/en\/wp-json\/wp\/v2\/product"}],"about":[{"href":"https:\/\/vigo-rio.com\/en\/wp-json\/wp\/v2\/types\/product"}],"replies":[{"embeddable":true,"href":"https:\/\/vigo-rio.com\/en\/wp-json\/wp\/v2\/comments?post=1946"}],"wp:featuredmedia":[{"embeddable":true,"href":"https:\/\/vigo-rio.com\/en\/wp-json\/wp\/v2\/media\/1868"}],"wp:attachment":[{"href":"https:\/\/vigo-rio.com\/en\/wp-json\/wp\/v2\/media?parent=1946"}],"wp:term":[{"taxonomy":"product_brand","embeddable":true,"href":"https:\/\/vigo-rio.com\/en\/wp-json\/wp\/v2\/product_brand?post=1946"},{"taxonomy":"product_cat","embeddable":true,"href":"https:\/\/vigo-rio.com\/en\/wp-json\/wp\/v2\/product_cat?post=1946"},{"taxonomy":"product_tag","embeddable":true,"href":"https:\/\/vigo-rio.com\/en\/wp-json\/wp\/v2\/product_tag?post=1946"}],"curies":[{"name":"wp","href":"https:\/\/api.w.org\/{rel}","templated":true}]}}