{"id":1945,"date":"2026-01-18T08:26:33","date_gmt":"2026-01-18T08:26:33","guid":{"rendered":"https:\/\/vigo-rio.com\/?post_type=product&#038;p=1945"},"modified":"2026-04-15T08:51:22","modified_gmt":"2026-04-15T08:51:22","slug":"fc-cure","status":"publish","type":"product","link":"https:\/\/vigo-rio.com\/en\/product\/fc-cure\/","title":{"rendered":"FC Heilung \/ Healing"},"content":{"rendered":"<p><strong>Kolzov-Platte &#8222;Heilung 1&#8220;\u00a0&#8211; (f\u00fcr Gelenke und Wirbels\u00e4ule, Augen und bei L\u00e4hmungen, sehr gut gemeinsam mit &#8222;Heilung 2&#8220; verwenden)<\/strong><\/p>\n<p><strong>&#8211; neueste Version mit 8-Elementen (8 enthaltenen Energiespeicher-Chips)<\/strong><\/p>\n<p>Die Informationen dieser Kolzov-Platte stammen insbesondere von speziellem Heilwasser aus einem russischen See, dem Syezzhee in der Region Samara, dessen Wasserschwingungen eine gro\u00dfe Kraft zugesprochen wird.<\/p>\n<p><em>Die Aussagen beziehen sich auf alternative Testmethoden wie Meridianenergie-Messungen der Organfunktionskreisl\u00e4ufe nach TCM, Kirlian-Fotografie (EPG\/GDV-Kamera), Oberon, Amsat o.\u00e4. durch den Hersteller &#8222;Planet der Regionen&#8220; und stellen keine medizinische oder auf den physischen K\u00f6rper und dessen Organe bezogenen Aussage im Sinne der westlichen Schulmedizin dar.<\/em><\/p>\n<p><strong>Die Platte ist in diesem Sinne vor allem geeignet f\u00fcr:<\/strong><\/p>\n<ul>\n<li>tr\u00e4gt zur Korrektur von Erkrankungen des Bewegungsapparates bei, wird effektiv bei Wirbels\u00e4ulenverletzungen eingesetzt, inkl. mit L\u00e4hmungen, Verletzungen von Sportlern<\/li>\n<li>stellt die Abwehrkr\u00e4fte des K\u00f6rpers wieder her und st\u00e4rkt sie,<\/li>\n<li>hilft, S\u00fcchte und Abh\u00e4ngigkeiten (Alkohol, Nikotin, Besessenheit) loszuwerden, hilft, den K\u00f6rper von den Folgen ihrer sch\u00e4dlichen Wirkungen zu reinigen,<\/li>\n<li>f\u00f6rdert eine schnellere und effektivere Rehabilitation bei Erkrankungen des Herz-Kreislauf- und Nervensystems,<\/li>\n<li>hat eine ausgepr\u00e4gte beruhigende und Anti-Stress-Wirkung (jede Art von Stress), beseitigt Depressionen und das chronische M\u00fcdigkeitssyndrom, verbessert die Schlafqualit\u00e4t.<\/li>\n<\/ul>\n<p>ZUR BEACHTUNG: Die Aktivierungszeit von Wasser auf der Platte betr\u00e4gt mindestens 15 Sekunden.<\/p>\n<p><em><u>Ergebnis im LIFE-TEST:<\/u>\u00a0Die Platte &#8222;Heilung 1&#8220; hat ein neutrales Energiefeld mit einer St\u00e4rke von 40 000 Bovis. Sie aktiviert damit gleich 3 Chakras auf 40 000 Bovis: Hals-, Herz- und Solarplexus-Chakra. Das Kronen-Chakra steigt auf 35 000 Bovis, Stirn- und Wurzel-Chakra auf 28 000 Bovis und das Blasen- bzw. Sexual-Chakra auf 21 000 Bovis. Durch die Aufladung der Chakras w\u00e4chst der bioenergetische Reaktionsabstand von zirka 75 Zentimetern um den K\u00f6rper auf 1,75 Meter.<\/em><\/p>\n<p><em><strong>Wichtiger Hinweis:<br \/>\nWir weisen ausdr\u00fccklich darauf hin, dass die Kolzov-Platte (russische Bezeichnung: &#8222;Korrektoren des funktionalen Zustands&#8220;) ein alternatives Energie- und Informationsprodukt ist und kein Heilmittel im Sinne der westlichen Schulmedizin. Vielmehr ist es ein rein energetisches Hilfsmittel zur ganzheitlichen Balancierung von energetischen Disharmonien und Blockaden. Informationen \u00fcber Qualit\u00e4t und Eigenschaften des Energieobjekts beziehen sich auf Aussagen des russischen Herstellers und alternativen Theorien zu Mensch und Umwelt, auf alternative Anschauungen und esoterische \u00dcberlieferungen oder Aussagen. Sie gelten nur im Sinne der esoterischen Lebensphilosophie und daran angelehnte Alternativheilkunde. Wirkungen im Sinne westlicher Wissenschaft oder Medizin werden hier nicht behauptet.<\/strong><\/em><\/p>","protected":false},"excerpt":{"rendered":"<p>Hilft bei der Korrektur von Funktionsst\u00f6rungen des Bewegungsapparates<\/p>","protected":false},"featured_media":1869,"comment_status":"open","ping_status":"closed","template":"","meta":[],"product_brand":[],"product_cat":[31],"product_tag":[],"class_list":{"0":"post-1945","1":"product","2":"type-product","3":"status-publish","4":"has-post-thumbnail","6":"product_cat-exclusive-series","8":"first","9":"instock","10":"sale","11":"taxable","12":"shipping-taxable","13":"purchasable","14":"product-type-variable"},"_links":{"self":[{"href":"https:\/\/vigo-rio.com\/en\/wp-json\/wp\/v2\/product\/1945","targetHints":{"allow":["GET"]}}],"collection":[{"href":"https:\/\/vigo-rio.com\/en\/wp-json\/wp\/v2\/product"}],"about":[{"href":"https:\/\/vigo-rio.com\/en\/wp-json\/wp\/v2\/types\/product"}],"replies":[{"embeddable":true,"href":"https:\/\/vigo-rio.com\/en\/wp-json\/wp\/v2\/comments?post=1945"}],"wp:featuredmedia":[{"embeddable":true,"href":"https:\/\/vigo-rio.com\/en\/wp-json\/wp\/v2\/media\/1869"}],"wp:attachment":[{"href":"https:\/\/vigo-rio.com\/en\/wp-json\/wp\/v2\/media?parent=1945"}],"wp:term":[{"taxonomy":"product_brand","embeddable":true,"href":"https:\/\/vigo-rio.com\/en\/wp-json\/wp\/v2\/product_brand?post=1945"},{"taxonomy":"product_cat","embeddable":true,"href":"https:\/\/vigo-rio.com\/en\/wp-json\/wp\/v2\/product_cat?post=1945"},{"taxonomy":"product_tag","embeddable":true,"href":"https:\/\/vigo-rio.com\/en\/wp-json\/wp\/v2\/product_tag?post=1945"}],"curies":[{"name":"wp","href":"https:\/\/api.w.org\/{rel}","templated":true}]}}