{"id":1944,"date":"2026-01-18T08:26:20","date_gmt":"2026-01-18T08:26:20","guid":{"rendered":"https:\/\/vigo-rio.com\/?post_type=product&#038;p=1944"},"modified":"2026-02-04T19:55:27","modified_gmt":"2026-02-04T19:55:27","slug":"fc-sacred-cave","status":"publish","type":"product","link":"https:\/\/vigo-rio.com\/en\/product\/fc-sacred-cave\/","title":{"rendered":"FC Heilige H\u00f6hle\/ Sacred Cave"},"content":{"rendered":"<p><strong>Kolzov-Platte &#8222;Heilige H\u00f6hle&#8220;\u00a0&#8211; (starke, hohe Energie f\u00fcr Reinigung und Erleuchtung der Seele, f\u00fcr Gesundheit und Verj\u00fcngung; Kraftplatz, vier heilige H\u00f6hlen in der Mongolei)<\/strong><\/p>\n<p><strong>&#8211; neueste Version mit 8-Elementen (8 enthaltenen Energiespeicher-Chips)<\/strong><\/p>\n<p>Es gibt in der Mongolei einen wunderbaren Ort der Kraft \u2013 er vereinigt 4 au\u00dfergew\u00f6hnliche H\u00f6hlen. Eine dieser H\u00f6hlen wird als besonders heilig verehrt. Diese Heilige H\u00f6hle ist ein gro\u00dfes Energiezentrum nicht nur der Mongolei, sondern dar\u00fcberhinaus der gesamten Erde. In dieser H\u00f6hle haben traditionell buddhistische Lamas 108 Tage lang meditiert (108 ist eine heilige Zahl). Dabei haben sie nur etwas Wasser getrunken und waren dennoch voller Energie und Vitalit\u00e4t. Noch heute kommen Pilger hierher, um zu beten und die Energie des Universums zu erhalten. Und f\u00fcr viele Menschen gilt diese H\u00f6hle als der st\u00e4rkste Kraftplatz der Erde. Die dortige au\u00dfergew\u00f6hnliche Energie bewirkt beim Menschen eine Kl\u00e4rung und Reinigung der Seele und hilft, negative Haltungen zu \u00e4ndern.<\/p>\n<p><em>Die Aussagen beziehen sich auf alternative Testmethoden wie Meridianenergie-Messungen der Organfunktionskreisl\u00e4ufe nach TCM, Kirlian-Fotografie (EPG\/GDV-Kamera), Oberon, Amsat o.\u00e4. durch den Hersteller &#8222;Planet der Regionen&#8220; und stellen keine medizinische oder auf den physischen K\u00f6rper und dessen Organe bezogenen Aussage im Sinne der westlichen Schulmedizin dar.<\/em><\/p>\n<p><strong>Die Platte ist in diesem Sinne vor allem geeignet f\u00fcr:<\/strong><\/p>\n<ul>\n<li>f\u00fcllt das menschliche Energiesystem sehr schnell mit starker Energie und verbindet mit den H\u00f6heren Kr\u00e4ften, um die Reinigung und Erleuchtung der Seele zu f\u00f6rdern;<\/li>\n<li>f\u00f6rdert die allgemeine Verbesserung der Gesundheit und Verj\u00fcngung des Organismus;<\/li>\n<li>\u00f6ffnet und st\u00e4rkt kreative Potentiale und hilft, sich auf Gl\u00fcck und Erfolg einzustellen;<\/li>\n<li>f\u00f6rdert eine tiefe Transformation der Pers\u00f6nlichkeit;<\/li>\n<li>harmonisiert, reinigt und sch\u00fctzt den Raum.<\/li>\n<\/ul>\n<p>ZUR BEACHTUNG: Die Aktivierungszeit von Wasser auf der Platte betr\u00e4gt mindestens 15 Sekunden.<\/p>\n<p><u><em>Ergebnis im LIFE-TEST:<\/em><\/u><em>\u00a0Die Platte &#8222;Heilige H\u00f6hle&#8220; hat ein neutrales Energiefeld mit einer St\u00e4rke von 40 000 Bovis. Damit aktiviert sie das Stirn-Chakra sogar deutlich \u00fcber die 40 000 Bovis hinaus (40 000 Bovis ist die schere Messgrenze in dieser Testmethode) und auch das Wurzel-Chakra steigt auf 40 000 Bovis. Das Kronen-Chakra steigt auf ebenfalls hohe 35 000 Bovis. Das Herz-Chakra steigt auf 28 000 Bovis, das Solarplexus- das Blasen- bzw. Sexual-Chakra auf 21 000 Bovis. Durch die Aufladung der Chakras w\u00e4chst der bioenergetische Reaktionsabstand von zirka 75 Zentimetern um den K\u00f6rper auf 2,10 Meter.<\/em><\/p>\n<p><strong><em>Wichtiger Hinweis:<br \/>\nWir weisen ausdr\u00fccklich darauf hin, dass die Kolzov-Platte (russische Bezeichnung: &#8222;Korrektoren des funktionalen Zustands&#8220;) ein alternatives Energie- und Informationsprodukt ist und kein Heilmittel im Sinne der westlichen Schulmedizin. Vielmehr ist es ein rein energetisches Hilfsmittel zur ganzheitlichen Balancierung von energetischen Disharmonien und Blockaden. Informationen \u00fcber Qualit\u00e4t und Eigenschaften des Energieobjekts beziehen sich auf Aussagen des russischen Herstellers und alternativen Theorien zu Mensch und Umwelt, auf alternative Anschauungen und esoterische \u00dcberlieferungen oder Aussagen. Sie gelten nur im Sinne der esoterischen Lebensphilosophie und daran angelehnte Alternativheilkunde. Wirkungen im Sinne westlicher Wissenschaft oder Medizin werden hier nicht behauptet.<\/em><\/strong><\/p>","protected":false},"excerpt":{"rendered":"<p>Kolzov-Platte &#8222;Heilige H\u00f6hle&#8220;\u00a0&#8211; (starke, hohe Energie f\u00fcr Reinigung und Erleuchtung der Seele, f\u00fcr Gesundheit und Verj\u00fcngung; Kraftplatz, vier heilige H\u00f6hlen in der Mongolei) &#8211; neueste Version mit 8-Elementen (8 enthaltenen&#8230;<\/p>","protected":false},"featured_media":1862,"comment_status":"open","ping_status":"closed","template":"","meta":[],"product_brand":[],"product_cat":[31],"product_tag":[],"class_list":{"0":"post-1944","1":"product","2":"type-product","3":"status-publish","4":"has-post-thumbnail","6":"product_cat-exclusive-series","8":"first","9":"instock","10":"sale","11":"taxable","12":"shipping-taxable","13":"purchasable","14":"product-type-variable"},"_links":{"self":[{"href":"https:\/\/vigo-rio.com\/en\/wp-json\/wp\/v2\/product\/1944","targetHints":{"allow":["GET"]}}],"collection":[{"href":"https:\/\/vigo-rio.com\/en\/wp-json\/wp\/v2\/product"}],"about":[{"href":"https:\/\/vigo-rio.com\/en\/wp-json\/wp\/v2\/types\/product"}],"replies":[{"embeddable":true,"href":"https:\/\/vigo-rio.com\/en\/wp-json\/wp\/v2\/comments?post=1944"}],"wp:featuredmedia":[{"embeddable":true,"href":"https:\/\/vigo-rio.com\/en\/wp-json\/wp\/v2\/media\/1862"}],"wp:attachment":[{"href":"https:\/\/vigo-rio.com\/en\/wp-json\/wp\/v2\/media?parent=1944"}],"wp:term":[{"taxonomy":"product_brand","embeddable":true,"href":"https:\/\/vigo-rio.com\/en\/wp-json\/wp\/v2\/product_brand?post=1944"},{"taxonomy":"product_cat","embeddable":true,"href":"https:\/\/vigo-rio.com\/en\/wp-json\/wp\/v2\/product_cat?post=1944"},{"taxonomy":"product_tag","embeddable":true,"href":"https:\/\/vigo-rio.com\/en\/wp-json\/wp\/v2\/product_tag?post=1944"}],"curies":[{"name":"wp","href":"https:\/\/api.w.org\/{rel}","templated":true}]}}