{"id":1943,"date":"2026-01-18T08:26:00","date_gmt":"2026-01-18T08:26:00","guid":{"rendered":"https:\/\/vigo-rio.com\/?post_type=product&#038;p=1943"},"modified":"2026-03-29T15:36:39","modified_gmt":"2026-03-29T15:36:39","slug":"fc-golden-sand","status":"publish","type":"product","link":"https:\/\/vigo-rio.com\/en\/product\/fc-golden-sand\/","title":{"rendered":"FC Goldener Sand\/ Golden Sand"},"content":{"rendered":"<p><strong>Kolzov-Platte &#8222;Goldener Sand&#8220;\u00a0&#8211; (f\u00fcr inneren und \u00e4u\u00dferen Reichtum, st\u00e4rkt K\u00f6rper und Geist, Lernf\u00e4higkeit und Lebensfreude; Kraftplatz Berg Otgon-Tenger Mongolei)<\/strong><\/p>\n<p><strong>&#8211; neueste Version mit 8-Elementen (8 enthaltenen Energiespeicher-Chips)<\/strong><\/p>\n<p>Die Kolzov-Platte &#8222;Goldener Sand&#8220; tr\u00e4gt die Energie des mongolischen Kraftberges Otgon-Tenger und des &#8222;Goldenen Sandes&#8220;.<\/p>\n<p><em>Die Aussagen beziehen sich auf alternative Testmethoden wie Meridianenergie-Messungen der Organfunktionskreisl\u00e4ufe nach TCM, Kirlian-Fotografie (EPG\/GDV-Kamera), Oberon, Amsat o.\u00e4. durch den Hersteller &#8222;Planet der Regionen&#8220; und stellen keine medizinische oder auf den physischen K\u00f6rper und dessen Organe bezogenen Aussage im Sinne der westlichen Schulmedizin dar.<\/em><\/p>\n<p><strong>Die Platte ist in diesem Sinne vor allem geeignet f\u00fcr:<\/strong><\/p>\n<ul>\n<li>Diese Kolzov-Platte zieht Energie und Reichtum sowohl im Geistigen als auch im Materiellen an;<\/li>\n<li>st\u00e4rkt die Geisteskraft des Menschen und gibt k\u00f6rperliche St\u00e4rke und Ausdauer;<\/li>\n<li>\u00f6ffnet die inneren Potentiale, tr\u00e4gt zur Entwicklung von Intuition und Kreativit\u00e4t und deren Umsetzung bei;<\/li>\n<li>harmoniert das Verh\u00e4ltnis zwischen K\u00f6rper und Geist des Menschen;<\/li>\n<li>st\u00e4rkt die Lernf\u00e4higkeit, Wahrnehmung und Verarbeitung von Informationen;<\/li>\n<li>harmonisiert die Funktion aller Organe und Systeme und wirkt allgemein belebend und verj\u00fcngend;<\/li>\n<li>gibt ein Gef\u00fchl von F\u00fclle und Lebensfreude und hilft, alle Momente im &#8222;Hier und Jetzt&#8220; zu leben.<\/li>\n<\/ul>\n<p>Einer der st\u00e4rksten Kraftpl\u00e4tze der Mongolei ist der Berg Otgon-Tenger, dessen Namen auf deutsch &#8222;j\u00fcngster Sohn des Himmels&#8220; bedeutet. In der nordwestlichen Provinz Dsawchan-Aimag gelegen ist er mit zirka 4008 Metern H\u00f6he der h\u00f6chste Berg des Changai-Gebirges. Sein Gipfel liegt als einziger des Changai in der Permafrostzone und ist immer mit Schnee bedeckt. Seit alters her ist der Otgon-Tenger ein heiliger Berg der Mongolen und wurde 1995 sogar als Nationalheiligtum anerkannt und unter staatlichen Schutz gestellt. Sein heiliger Name, unter dem er verehrte wird, ist &#8222;Bogd Otschirwaan&#8220;, was &#8222;Berg des Erdgottes&#8220; oder &#8222;Berg des irdischen Gottes&#8220; bedeutet. Nicht zuf\u00e4llig wurden in seinem unmittelbaren Umfeld bisher bereits 13 Erleuchtete und ranghohe Lamas geboren.<\/p>\n<p>Im westlichen Teil des Berges Otgon-Tenger, in zirka 450m H\u00f6he, liegt der legend\u00e4re &#8222;Goldene Sand&#8220;: Sandd\u00fcnen, die in der Sonne wie Gold schimmern. Aufgeladen von der besonderen Energie des Kraftplatzes hat der Sand den Berichten der mongolischen Pilger zufolge heilende und magische Wirkungen &#8211; und er soll eine verbl\u00fcffende Eigenschaft besitzen: er schmilzt im Mund, l\u00f6st sich aber nicht in Wasser.<\/p>\n<p>ZUR BEACHTUNG: Die Aktivierungszeit von Wasser auf der Platte betr\u00e4gt mindestens 15 Sekunden.<\/p>\n<p><em><u>Ergebnis im LIFE-TEST:\u00a0<\/u>Die Kolzov-Platte &#8222;Goldener Sand&#8220; hat ein neutrales Energiefeld von 40.000 Bovis. Die Platte erh\u00f6ht damit die Energie des Kronen-Chakra sogar deutlich \u00fcber 40 000 Bovis (40 000 Bovis ist sicher Messgrenze in dieser Testmethode). Auch das Solarplexus-Chakra steigt auf 40 000 Bovis. Hals- und Herz-Chakra erh\u00f6hen ihre Energie auf 35 000 Bovis. Stirn- und Sexual- bzw. Blasen-Chakra auf 28 0000 Bovis unddas Wurzel-Chakra auf 21 000 Bovis. Durch die Aufladung der Chakras w\u00e4chst der bioenergetische Reaktionsabstand von zirka 75 Zentimetern um den K\u00f6rper auf enorme 1,80 Meter.<br \/>\nBei einer kombinierten Anwendung der drei Platten &#8222;Fortuna&#8220;, &#8222;F\u00fclle &amp; Erfolg&#8220; und &#8222;Goldener Sand&#8220;, die alle drei das Thema &#8222;innerer und \u00e4u\u00dferer Reichtum&#8220; ber\u00fchren, erh\u00f6ht sich die Energie aller auf 40 000 Bovis!<\/em><\/p>\n<p><em><strong>Wichtiger Hinweis:<br \/>\nWir weisen ausdr\u00fccklich darauf hin, dass die Kolzov-Platte (russische Bezeichnung: &#8222;Korrektoren des funktionalen Zustands&#8220;) ein alternatives Energie- und Informationsprodukt ist und kein Heilmittel im Sinne der westlichen Schulmedizin. Vielmehr ist es ein rein energetisches Hilfsmittel zur ganzheitlichen Balancierung von energetischen Disharmonien und Blockaden. Informationen \u00fcber Qualit\u00e4t und Eigenschaften des Energieobjekts beziehen sich auf Aussagen des russischen Herstellers und alternativen Theorien zu Mensch und Umwelt, auf alternative Anschauungen und esoterische \u00dcberlieferungen oder Aussagen. Sie gelten nur im Sinne der esoterischen Lebensphilosophie und daran angelehnte Alternativheilkunde. Wirkungen im Sinne westlicher Wissenschaft oder Medizin werden hier nicht behauptet.<\/strong><\/em><\/p>","protected":false},"excerpt":{"rendered":"<p>f\u00fcr inneren und \u00e4u\u00dferen Reichtum, st\u00e4rkt K\u00f6rper und Geist<\/p>","protected":false},"featured_media":1871,"comment_status":"open","ping_status":"closed","template":"","meta":[],"product_brand":[],"product_cat":[31],"product_tag":[],"class_list":{"0":"post-1943","1":"product","2":"type-product","3":"status-publish","4":"has-post-thumbnail","6":"product_cat-exclusive-series","8":"first","9":"instock","10":"sale","11":"taxable","12":"shipping-taxable","13":"purchasable","14":"product-type-variable"},"_links":{"self":[{"href":"https:\/\/vigo-rio.com\/en\/wp-json\/wp\/v2\/product\/1943","targetHints":{"allow":["GET"]}}],"collection":[{"href":"https:\/\/vigo-rio.com\/en\/wp-json\/wp\/v2\/product"}],"about":[{"href":"https:\/\/vigo-rio.com\/en\/wp-json\/wp\/v2\/types\/product"}],"replies":[{"embeddable":true,"href":"https:\/\/vigo-rio.com\/en\/wp-json\/wp\/v2\/comments?post=1943"}],"wp:featuredmedia":[{"embeddable":true,"href":"https:\/\/vigo-rio.com\/en\/wp-json\/wp\/v2\/media\/1871"}],"wp:attachment":[{"href":"https:\/\/vigo-rio.com\/en\/wp-json\/wp\/v2\/media?parent=1943"}],"wp:term":[{"taxonomy":"product_brand","embeddable":true,"href":"https:\/\/vigo-rio.com\/en\/wp-json\/wp\/v2\/product_brand?post=1943"},{"taxonomy":"product_cat","embeddable":true,"href":"https:\/\/vigo-rio.com\/en\/wp-json\/wp\/v2\/product_cat?post=1943"},{"taxonomy":"product_tag","embeddable":true,"href":"https:\/\/vigo-rio.com\/en\/wp-json\/wp\/v2\/product_tag?post=1943"}],"curies":[{"name":"wp","href":"https:\/\/api.w.org\/{rel}","templated":true}]}}