{"id":1942,"date":"2026-01-18T08:44:36","date_gmt":"2026-01-18T08:44:36","guid":{"rendered":"https:\/\/vigo-rio.com\/?post_type=product&#038;p=1942"},"modified":"2026-04-02T08:40:19","modified_gmt":"2026-04-02T08:40:19","slug":"fc-secret-lake","status":"publish","type":"product","link":"https:\/\/vigo-rio.com\/en\/product\/fc-secret-lake\/","title":{"rendered":"FC Geheimer See\/ Secret Lake"},"content":{"rendered":"<p><strong>Kolzov-Platte &#8222;Geheimer heiliger See&#8220;\u00a0&#8211; (f\u00fcr Regeneration, Immunschutz und Verj\u00fcngung, sehr gut gemeinsam mit &#8222;Danilowo See&#8220; verwenden; Kraftplatz Region Omsk)<\/strong><\/p>\n<p><strong>&#8211; neueste Version mit 8-Elementen (8 enthaltenen Energiespeicher-Chips)<\/strong><\/p>\n<p>Die Kolzov-Platte &#8222;Geheimer heiliger See&#8220; besitzt eine regenerierende Wirkung auf die Thymusdr\u00fcse und damit auf das Immunsystem sowie insgesamt eine verj\u00fcngende und lebensverl\u00e4ngernde Funktion.<\/p>\n<p><em>Die Aussagen beziehen sich auf alternative Testmethoden wie Meridianenergie-Messungen der Organfunktionskreisl\u00e4ufe nach TCM, Kirlian-Fotografie (EPG\/GDV-Kamera), Oberon, Amsat o.\u00e4. durch den Hersteller &#8222;Planet der Regionen&#8220; und stellen keine medizinische oder auf den physischen K\u00f6rper und dessen Organe bezogenen Aussage im Sinne der westlichen Schulmedizin dar.<\/em><\/p>\n<p><strong>Die Platte ist in diesem Sinne vor allem geeignet f\u00fcr:<\/strong><\/p>\n<ul>\n<li>die schnelle Wiederherstellung der Energie und K\u00f6rperkraft,<\/li>\n<li>allgemein belebende Wirkung auf den gesamten Organismus,<\/li>\n<li>starke anti-bakterielle Wirkung,<\/li>\n<li>Wiederherstellung der Immunstatus aufgrund der Regenerierung der Thymusdr\u00fcsen-Funktionen,<\/li>\n<li>Anstieg der Lebenserwartung,<\/li>\n<li>bewirkt in Verbindung mit der Kolzov-Platte &#8222;Danilowo See&#8220; eine Verj\u00fcngung des gesamten Organismus.<\/li>\n<li>Wirkung auf Tiere und Pflanzen: verbessert die Anpassungs-f\u00e4higkeit gegen\u00fcber extremen Umweltbedingungen, verbessert das Wachstum von Pflanzen und die Fruchtbarkeit der Tiere.<\/li>\n<\/ul>\n<p>Das kleine Dorf Okunjewo in der Region Omsk ist in ganz Russland bekannt. Um ihn ranken sich zahlreiche Legenden, deren bekannteste ist jene von den f\u00fcnf Seen: Danilowo See, Linyow, Schtschutschje und Urman (Shaitan-See). Der f\u00fcnfte See aber ist der geheime, der verborgene heilige See. Er zeigt sich nicht jedem und seinem Wasser werden die au\u00dfergew\u00f6hnlichsten Kr\u00e4fte zugeschrieben. Durch die Geschichte vom &#8222;Buckligen Pferdchen&#8220; von Pjotr Jerschow fand der verborgene See mit seinen Wunderkr\u00e4ften Eingang in die russische Literatur. Jerschow selbst lebte einige Jahre lang selbst in Okunjewo. Eine seltsame Fortsetzung der Legende geschah im August 1992. Ins Dorf Okunjewo kam der Inder Rasma Rosita, der \u00fcber acht Jahre lang in einem Ashram von Sri Babaji in Indien gelebt hatte und zu Fu\u00df von dort bis nach Okunjewo gewandert sein soll. Der verbl\u00fcffende Grund: Alten indischen Schriften zufolge soll die Region der f\u00fcnf Seen der Schauplatz einer gro\u00dfen Schlacht zwischen Rama (die siebente Inkarnation des Gottes Vishnu) und den b\u00f6sen M\u00e4chten gewesen sein und die Seen selbst sind kosmischen Ursprungs. Auf Seiten der G\u00f6tter k\u00e4mpfte der affenk\u00f6pfige Hanuman. Der General einer Affenarmee und treuerer Gef\u00e4hrte Ramas ist heute in Indien einer der popul\u00e4rsten Gottheiten. F\u00fcr seine Hilfe erhielt Hanuman das heutige Sibirien als Land geschenkt. Der Legende zufolge gr\u00fcndete er bei den f\u00fcnf Seen eine Stadt, in deren Tempel ein Kristall aufbewahrt wurde, der die kosmische Weisheit bewahrt. Noch heute soll dieser Tempel in der N\u00e4he von Okunjewo verborgen sein. Auf geheimnisvolle Weise ist die Region mythisch und energetisch mit dem alten Indien verbunden. Der See aber gilt als energetische Erg\u00e4nzung und Heilung aller f\u00fcnf Seen &#8211; und der Legende zufolge soll gerade die Zugabe seines Wassers die f\u00fcnf W\u00e4sser der Seen zu einem Trank machen, der alle Krankheiten heilt.<\/p>\n<p>Der &#8222;Geheime heilige See&#8220; ist durch S\u00fcmpfe so von der Au\u00dfenwelt abgeschnitten, dass mit keinem Fahrzeug erreicht werden kann. Der See ist vermutlich durch den Einschlag eines Meteoriten entstanden. Diese Hypothese wird auch durch die Form der anderen Seen und deren Anordnung in einer Linie gest\u00fctzt. Dar\u00fcber hinaus gibt es dort magnetischen Anomalien, seismische Ersch\u00fctterungen und anderes f\u00fcr die Region Ungew\u00f6hnliches. Michail Reschkin, Fachmann f\u00fcr paranormale Naturerscheinungen, Journalist und Organisator einer wissenschaftlichen Expeditionen zur Erforschung der vielf\u00e4ltigen Energieph\u00e4nomene im Norden der Region Omsk, bescheinigte dem Seewasser ein au\u00dfergew\u00f6hnlich hohes Energiepotential, das noch um ein Vielfaches \u00fcber dem des Danilowo Sees liegt. W\u00fcrden beide gemischt, k\u00f6nnte ihre gemeinsame Energie die Lebenserwartung erheblich erh\u00f6hen. Daher der TIPP: Die Kolzov-Platte &#8222;Geheimer heiliger See&#8220; kann f\u00fcr eine gesamte Verj\u00fcngung des K\u00f6rpers mit der Platte &#8222;Danilowo See&#8220; kombiniert angewendet werden.<\/p>\n<p>ZUR BEACHTUNG: Die Aktivierungszeit von Wasser auf der Platte betr\u00e4gt mindestens 15 Sekunden.<\/p>\n<p><em><u>Ergebnis im LIFE-TEST:<\/u><strong>\u00a0<\/strong>Die Kolzov-Platte &#8222;Geheimer heiliger See&#8220; hat ein neutrales Energiefeld mit einer Abstrahlung von 40.000 Bovis. Die Platte erh\u00f6ht damit die Energie der oberen 3 Chakra auf 40 000 Bovis, wobei das Stirn-Chakra sogar noch deutlich dar\u00fcber aktiviert wird (40 000 Bovis ist die sichere Messgrenze in dieser Testmethode). Auf das Herz- und das Sexual- bzw. Blasen-Chakra steigen auf ebenfalls sehr hohe 35 000 Bovis. Das steigert seine Enerige auf 28 000 Bovis und das Wurzel-Chakra auf 21 000 Bovis. Durch die Aufladung der Chakras w\u00e4chst der bioenergetische Reaktionsabstand von zirka 75 Zentimetern um den K\u00f6rper auf enorme 3,20 Meter, eine der st\u00e4rksten Aura-Ausdehnung aller Kolzov-Platten!<br \/>\nWendet man die Platte &#8222;Geheimer heiliger See&#8220; gemeinsam mit der Platte &#8222;Danilowo See&#8220; an, steigt das Energieniveau aller 7 Chakras auf 40 000 Bovis!<\/em><br \/>\n<em>Im Test der Meridianenergien mit Hilfe von Hautwiderstandsmessungen best\u00e4tigt sich diese erstaunliche Wirkung bei gemeinsamer Anwendung der Platten Geheimer-heiliger See und Danilowo See: Die durchschnittlichen Meridianwerte aller Probanden betragen in der Ausgangsmessung 71,3 Kiloohm. Nach gemeinsamer Anwendung der Platten Danilowo See und Geheimer-heiliger See sinken die Werte auf 42,7 Kiloohm, also fast bis auf den Idealwert eines gesunden Erwachsenen. Bezogen auf diesen Idealwert von 40 Kiloohm, gleichgesetzt mit 100%, entspricht das einer Reduzierung von 178,25% in der Ausgangsmessung auf rund 106,75%. Eine solche Ann\u00e4herung an den Idealwert, den in Messungen nur gesunde junge Erwachsene erreichen, kann die gemeinsame Anwendung der beiden Platten tats\u00e4chlich als energetische Verj\u00fcngung bezeichnet werden.<\/em><\/p>\n<p><em><strong>Wichtiger Hinweis:<br \/>\nWir weisen ausdr\u00fccklich darauf hin, dass die Kolzov-Platte (russische Bezeichnung: &#8222;Korrektoren des funktionalen Zustands&#8220;) ein alternatives Energie- und Informationsprodukt ist und kein Heilmittel im Sinne der westlichen Schulmedizin. Vielmehr ist es ein rein energetisches Hilfsmittel zur ganzheitlichen Balancierung von energetischen Disharmonien und Blockaden. Informationen \u00fcber Qualit\u00e4t und Eigenschaften des Energieobjekts beziehen sich auf Aussagen des russischen Herstellers und alternativen Theorien zu Mensch und Umwelt, auf alternative Anschauungen und esoterische \u00dcberlieferungen oder Aussagen. Sie gelten nur im Sinne der esoterischen Lebensphilosophie und daran angelehnte Alternativheilkunde. Wirkungen im Sinne westlicher Wissenschaft oder Medizin werden hier nicht behauptet.<\/strong><\/em><\/p>","protected":false},"excerpt":{"rendered":"<p>f\u00fcr die Regeneration, den Immunschutz und die Verj\u00fcngung.<\/p>","protected":false},"featured_media":1864,"comment_status":"open","ping_status":"closed","template":"","meta":[],"product_brand":[],"product_cat":[31],"product_tag":[],"class_list":{"0":"post-1942","1":"product","2":"type-product","3":"status-publish","4":"has-post-thumbnail","6":"product_cat-exclusive-series","8":"first","9":"instock","10":"sale","11":"taxable","12":"shipping-taxable","13":"purchasable","14":"product-type-variable"},"_links":{"self":[{"href":"https:\/\/vigo-rio.com\/en\/wp-json\/wp\/v2\/product\/1942","targetHints":{"allow":["GET"]}}],"collection":[{"href":"https:\/\/vigo-rio.com\/en\/wp-json\/wp\/v2\/product"}],"about":[{"href":"https:\/\/vigo-rio.com\/en\/wp-json\/wp\/v2\/types\/product"}],"replies":[{"embeddable":true,"href":"https:\/\/vigo-rio.com\/en\/wp-json\/wp\/v2\/comments?post=1942"}],"wp:featuredmedia":[{"embeddable":true,"href":"https:\/\/vigo-rio.com\/en\/wp-json\/wp\/v2\/media\/1864"}],"wp:attachment":[{"href":"https:\/\/vigo-rio.com\/en\/wp-json\/wp\/v2\/media?parent=1942"}],"wp:term":[{"taxonomy":"product_brand","embeddable":true,"href":"https:\/\/vigo-rio.com\/en\/wp-json\/wp\/v2\/product_brand?post=1942"},{"taxonomy":"product_cat","embeddable":true,"href":"https:\/\/vigo-rio.com\/en\/wp-json\/wp\/v2\/product_cat?post=1942"},{"taxonomy":"product_tag","embeddable":true,"href":"https:\/\/vigo-rio.com\/en\/wp-json\/wp\/v2\/product_tag?post=1942"}],"curies":[{"name":"wp","href":"https:\/\/api.w.org\/{rel}","templated":true}]}}