{"id":1941,"date":"2026-01-18T08:44:55","date_gmt":"2026-01-18T08:44:55","guid":{"rendered":"https:\/\/vigo-rio.com\/?post_type=product&#038;p=1941"},"modified":"2026-04-01T16:01:28","modified_gmt":"2026-04-01T16:01:28","slug":"fc-fortuna","status":"publish","type":"product","link":"https:\/\/vigo-rio.com\/en\/product\/fc-fortuna\/","title":{"rendered":"FC Fortuna"},"content":{"rendered":"<p><strong>Kolzov-Platte &#8222;Fortuna&#8220;\u00a0&#8211; (f\u00fcr geistigen und materiellen Reichtum, l\u00f6scht Negativprogramme, die dem entgegen stehen)<\/strong><\/p>\n<p><strong>&#8211; neueste Version mit 8-Elementen (8 enthaltenen Energiespeicher-Chips)<\/strong><\/p>\n<p>Die Kolzov-Platte \u201eFortuna\u201c enth\u00e4lt die starken kosmo-energetischen Kan\u00e4len der Gold-Serie. Sie wurde entwickelt, um finanzielle und wirtschaftliche Probleme zu vertreiben und damit verbundene negative innere Programme und \u00e4u\u00dfere astrale Belastungen aufzul\u00f6sen.<\/p>\n<p><em>Die Aussagen beziehen sich auf alternative Testmethoden wie Meridianenergie-Messungen der Organfunktionskreisl\u00e4ufe nach TCM, Kirlian-Fotografie (EPG\/GDV-Kamera), Oberon, Amsat o.\u00e4. durch den Hersteller &#8222;Planet der Regionen&#8220; und stellen keine medizinische oder auf den physischen K\u00f6rper und dessen Organe bezogenen Aussage im Sinne der westlichen Schulmedizin dar.<\/em><\/p>\n<p><strong>Die Platte ist in diesem Sinne vor allem geeignet f\u00fcr:<\/strong><\/p>\n<ul>\n<li>l\u00f6st die Bindungen an negative Programme, die den finanziellen Erfolg verhindern,<\/li>\n<li>l\u00f6st auf, was dem wirtschaftlichen Erfolg im Wege steht,<\/li>\n<li>\u00f6ffnet f\u00fcr neue kreative Ideen im Beruf,<\/li>\n<li>gibt geistigen und materiellen Reichtum,<\/li>\n<li>reinigt im K\u00f6rperlichen die mentalen Hirngef\u00e4\u00dfe.<\/li>\n<\/ul>\n<p>Die Kolzov-Platte \u201eFortuna\u201c enth\u00e4lt die Maya-Kan\u00e4le: \u201eALKAK\u201c, \u201eKANKA\u201c, \u201eZAT\u201c und weitere Energie-Kan\u00e4le aus der Serie Kolzov-VIOLETT wie \u201eDas Wohl\u201c.<br \/>\nDer Kanal \u201eALKAK\u201c hilft dabei, sich von Stagnation und \u00e4u\u00dferen Hindernissen zu befreien, um wieder mit beiden Beinen stabil auf dem Boden zu stehen und nach vorne schreiten zu k\u00f6nnen. Er Stellt zudem die Verbindung mit dem Geist der Vorfahren v\u00e4terlicher- und m\u00fctterlicherseits her, um die Ahnenenergie positiv zu aktivieren und um wiederkehrende negative Zyklen zu durchbrechen.<\/p>\n<p>Der Kanal \u201eKANKA\u201c befreit von emotionaler Abh\u00e4ngigkeit von schlechtgesinnten Menschen, hilft positive Beziehungen wieder herzustellen und bei der Erf\u00fcllung seiner wahren Lebensaufgaben. Er sch\u00fctzt automatisch den Familienfrieden.<\/p>\n<p>\u201eDer Kanal ZAT\u201c sorgt f\u00fcr die Wiederherstellung und Verbesserung des Gesch\u00e4fts und des Gesch\u00e4ftsklimas. Er beseitigt H\u00fcrden f\u00fcr Erfolg und verbessert die Zusammenarbeit mit Partnern ohne den Beteiligten zu schaden.<\/p>\n<p>Die Kan\u00e4le \u201eDas Wohl\u201c aus der violetten Kolzov-Serie koppeln das pers\u00f6nliche Gl\u00fcck an das Wohl aller. Unter anderen sind Informationen enthalten f\u00fcr: Friede auf Erden und Bewahrung des Planeten, Reinigung und Heilung, Verj\u00fcngung, Einstellung des Bewusstseins auf innere Ruhe, Schutz vor sch\u00e4dlicher Strahlung, seelisches und materielles Wohlbefinden. Dies ist die Arbeit der Naturgewalten und der Erzengel.<br \/>\nAlle Kan\u00e4le wirken mit gegenseitiger Verst\u00e4rkung.<\/p>\n<p>ZUR BEACHTUNG: Die Aktivierungszeit von Wasser auf dieser Platte betr\u00e4gt mindestes 15 Sekunden.<\/p>\n<p><em><u>Ergebnis im LIFE-TEST:<\/u>\u00a0Die Kolzov-Platte &#8222;Fortuna&#8220; hat ein neutrales Energiefeld mit mehr als 40 000 Bovis. Damit aktiviert sie gleich 3 Chakras auf 40 000 Bovis: Kronen-,Stirn- und Herz-Chakra. Und auch das Wurzel-Chakra steigt noch auf enorme 35 000 Bovis. Das Solarplexus-Chakra erh\u00f6ht sich in seiner Energie auf 28 000 Bovis, Hals- und Blase-Sexual-Chakra steigen auf 21 000 Bovis. Durch die Aufladung der Chakras w\u00e4chst der bioenergetische Reaktionsabstand von zirka 75 Zentimetern um den K\u00f6rper auf 1,70 Meter.<\/em><\/p>\n<p><em><strong>Wichtiger Hinweis:<br \/>\nWir weisen ausdr\u00fccklich darauf hin, dass die Kolzov-Platte (russische Bezeichnung: &#8222;Korrektoren des funktionalen Zustands&#8220;) ein alternatives Energie- und Informationsprodukt ist und kein Heilmittel im Sinne der westlichen Schulmedizin. Vielmehr ist es ein rein energetisches Hilfsmittel zur ganzheitlichen Balancierung von energetischen Disharmonien und Blockaden. Informationen \u00fcber Qualit\u00e4t und Eigenschaften des Energieobjekts beziehen sich auf Aussagen des russischen Herstellers und alternativen Theorien zu Mensch und Umwelt, auf alternative Anschauungen und esoterische \u00dcberlieferungen oder Aussagen. Sie gelten nur im Sinne der esoterischen Lebensphilosophie und daran angelehnte Alternativheilkunde. Wirkungen im Sinne westlicher Wissenschaft oder Medizin werden hier nicht behauptet.<\/strong><\/em><\/p>","protected":false},"excerpt":{"rendered":"<p>Es wurde entwickelt, um finanzielle und wirtschaftliche Probleme zu vertreiben sowie damit verbundene negative innere Blockaden aufzul\u00f6sen.<\/p>","protected":false},"featured_media":1860,"comment_status":"open","ping_status":"closed","template":"","meta":[],"product_brand":[],"product_cat":[31],"product_tag":[],"class_list":{"0":"post-1941","1":"product","2":"type-product","3":"status-publish","4":"has-post-thumbnail","6":"product_cat-exclusive-series","8":"first","9":"instock","10":"sale","11":"taxable","12":"shipping-taxable","13":"purchasable","14":"product-type-variable"},"_links":{"self":[{"href":"https:\/\/vigo-rio.com\/en\/wp-json\/wp\/v2\/product\/1941","targetHints":{"allow":["GET"]}}],"collection":[{"href":"https:\/\/vigo-rio.com\/en\/wp-json\/wp\/v2\/product"}],"about":[{"href":"https:\/\/vigo-rio.com\/en\/wp-json\/wp\/v2\/types\/product"}],"replies":[{"embeddable":true,"href":"https:\/\/vigo-rio.com\/en\/wp-json\/wp\/v2\/comments?post=1941"}],"wp:featuredmedia":[{"embeddable":true,"href":"https:\/\/vigo-rio.com\/en\/wp-json\/wp\/v2\/media\/1860"}],"wp:attachment":[{"href":"https:\/\/vigo-rio.com\/en\/wp-json\/wp\/v2\/media?parent=1941"}],"wp:term":[{"taxonomy":"product_brand","embeddable":true,"href":"https:\/\/vigo-rio.com\/en\/wp-json\/wp\/v2\/product_brand?post=1941"},{"taxonomy":"product_cat","embeddable":true,"href":"https:\/\/vigo-rio.com\/en\/wp-json\/wp\/v2\/product_cat?post=1941"},{"taxonomy":"product_tag","embeddable":true,"href":"https:\/\/vigo-rio.com\/en\/wp-json\/wp\/v2\/product_tag?post=1941"}],"curies":[{"name":"wp","href":"https:\/\/api.w.org\/{rel}","templated":true}]}}