{"id":1940,"date":"2026-01-18T08:45:29","date_gmt":"2026-01-18T08:45:29","guid":{"rendered":"https:\/\/vigo-rio.com\/?post_type=product&#038;p=1940"},"modified":"2026-04-14T08:56:03","modified_gmt":"2026-04-14T08:56:03","slug":"fc-lake-danilovo","status":"publish","type":"product","link":"https:\/\/vigo-rio.com\/en\/product\/fc-lake-danilovo\/","title":{"rendered":"FC Danilovo See"},"content":{"rendered":"<p><strong>Kolzov-Platte &#8222;Danilowo See&#8220;\u00a0&#8211; (f\u00fcr Haut, Augen, Z\u00e4hne, Herz und Verj\u00fcngung, sehr gut gemeinsam mit &#8222;Geheimer Heiliger See&#8220; verwenden; Kraftplatz Region Nowosibirsk)<\/strong><\/p>\n<p><strong>&#8211; neueste Version mit 8-Elementen (8 enthaltenen Energiespeicher-Chips)<\/strong><\/p>\n<p>Die Kolzov-Platte &#8222;Danilowo See&#8220; hat viele positive Eigenschaften unter anderem eine starke krebssch\u00fctzende Wirkung, Funktionen zur Verbesserung des Sehverm\u00f6gens wie altersbedingter Kurzsichtigkeit und (erstmals auf einer Kolzov-Platte!) auch zum Schutz vor Karies.<\/p>\n<p><em>Die Aussagen beziehen sich auf alternative Testmethoden wie Meridianenergie-Messungen der Organfunktionskreisl\u00e4ufe nach TCM, Kirlian-Fotografie (EPG\/GDV-Kamera), Oberon, Amsat o.\u00e4. durch den Hersteller &#8222;Planet der Regionen&#8220; und stellen keine medizinische oder auf den physischen K\u00f6rper und dessen Organe bezogenen Aussage im Sinne der westlichen Schulmedizin dar.<\/em><\/p>\n<p><strong>Die Platte ist in diesem Sinne vor allem geeignet f\u00fcr:<\/strong><\/p>\n<ul>\n<li>hat eine verj\u00fcngende Wirkung auf den gesamten K\u00f6rper und gibt wieder Kraft &#8211; die Energiewerte der Vitalzentren Wurzel-Chakra, Sexual-\/Blasen- und Solarplexus-Chakra steigen auf enorme 40000 Bovis,<\/li>\n<li>f\u00f6rdert die Entwicklung von Intuition und der sensitiven und au\u00dfersinnlichen F\u00e4higkeiten,<\/li>\n<li>tr\u00e4gt zur Verbesserung der Stoffwechselvorg\u00e4nge im K\u00f6rper bei und aktiviert die Abwehrkr\u00e4fte,<\/li>\n<li>hat eine wundheilende Wirkung bei Erkrankungen und Verletzungen der Haut und der Schleimh\u00e4ute und hilft bei Psoriasis, Ekzemen, Neurodermitis,<\/li>\n<li>verf\u00fcgt \u00fcber eine leistungsstarke krebssch\u00fctzende Funktionen,<\/li>\n<li>f\u00f6rdert die schnellere und effektive Rehabilitation des K\u00f6rpers nach einem Schlaganfall und Herzinfarkt;<\/li>\n<li>hat eine vorteilhafte Wirkung auf das Sehverm\u00f6gen, tr\u00e4gt zur wirksamen Vorbeugung und Korrektur von altersbedingter Kurzsichtigkeit;<\/li>\n<li>hat Anti-Karies-Wirkung und sch\u00fctzt den Zahnschmelz.<\/li>\n<\/ul>\n<p>Die Kolzov-Platte &#8222;Danilowo See&#8220; kann f\u00fcr eine gesamte Verj\u00fcngung des K\u00f6rpers sehr gut mit der Platte &#8222;Geheimer heiliger See&#8220; kombiniert angewendet werden.<br \/>\nDie medizinischen Eigenschaften des Wasser im Danilowo See sind durch eine einzigartige Kombination von bestimmten enthaltenen Metallen bedingt. Es besitzt hervorragende antibakterielle Eigenschaften, aber dennoch eine hohe biologische Aktivit\u00e4t (\u00fcber 500%). An den Ufern des Danilowo Sees finden sich keinerlei Insekten wie etwa M\u00fccken, da diese von Ausd\u00fcnstungen des Heilschlamms vertrieben werden. Das Wasser ist in seinen physikalischen Eigenschaften einzigartig &#8211; so besitzt es eine seltene Strukturstabilit\u00e4t, die es nicht zu einem sehr guten Trink- und Kochwasser macht, sondern auch f\u00fcr medizinische L\u00f6sungen ideal ist. Der Danilowo See liegt im Kyschtowski Bezirk der Region Nowosibirsk an der Grenze zur Region Omsk. Der Durchmesser des Sees betr\u00e4gt 1 Kilometer, die Tiefe 17 Meter und die Klarheit des Wassers 5 Meter. Der Danilowo See entstand durch einen Meteoriteneinschlag, er besitzt Trichterform und sein Boden ist von Sedimenten bedeckt. Seine Wasserfl\u00e4che wird nicht von Wasserpflanzen \u00fcberwuchert und er besitzt besonders sauberes, klares Wasser.<\/p>\n<p>TIPP: bei der Eigenherstellung von Pflanzenausz\u00fcgen, Kr\u00e4uteressigen und Heilschn\u00e4psen die Flasche auf diese Kolzov-Platte stellen.<\/p>\n<p>ZUR BEACHTUNG: Die Aktivierungszeit von Wasser auf der Platte betr\u00e4gt mindestens 15 Sekunden.<\/p>\n<p><em><u>Ergebnis im LIFE-TEST:<\/u>\u00a0Die Kolzov-Platte &#8222;Danilowo See&#8220; hat ein neutrales Energiefeld mit einer Abstrahlung von deutlich mehr als 40.000 Bovis. Die Platte erh\u00f6ht damit die Energie der beiden oberen Chakras auf 40 000 Bovis: Kronen- und Stirn-Chakra erh\u00f6hen Ihr Energieniveau auf diesen enormen Wert. Weitere 3 Charka stiegen auf ebenfalls hohe 35 000 Bovis: Hals-, Solarplexus-Chakra und Sexual- bzw. Blasen-Chakra. Das Wurzel-Chakra vervierfacht noch seine Energie auf 28 000 Bovis. Durch die Aufladung der Chakras w\u00e4chst der bioenergetische Reaktionsabstand von zirka 75 Zentimetern um den K\u00f6rper auf 2,50 Meter. Wendet man die Platte &#8222;Danilowo See&#8220; &#8222;Geheimer heiliger See&#8220; gemeinsam mit der Platte Geheimer heiliger See&#8220; an, steigt das Energieniveau aller 7 Chakras auf 40 000 Bovis!<\/em><\/p>\n<p><strong>Wichtiger Hinweis:<br \/>\nWir weisen ausdr\u00fccklich darauf hin, dass die Kolzov-Platte (russische Bezeichnung: &#8222;Korrektoren des funktionalen Zustands&#8220;) ein alternatives Energie- und Informationsprodukt ist und kein Heilmittel im Sinne der westlichen Schulmedizin. Vielmehr ist es ein rein energetisches Hilfsmittel zur ganzheitlichen Balancierung von energetischen Disharmonien und Blockaden. Informationen \u00fcber Qualit\u00e4t und Eigenschaften des Energieobjekts beziehen sich auf Aussagen des russischen Herstellers und alternativen Theorien zu Mensch und Umwelt, auf alternative Anschauungen und esoterische \u00dcberlieferungen oder Aussagen. Sie gelten nur im Sinne der esoterischen Lebensphilosophie und daran angelehnte Alternativheilkunde. Wirkungen im Sinne westlicher Wissenschaft oder Medizin werden hier nicht behauptet.<\/strong><\/p>","protected":false},"excerpt":{"rendered":"<p>Es f\u00f6rdert die Aktivierung der k\u00f6rpereigenen Abwehrmechanismen und wirkt verj\u00fcngend auf den gesamten K\u00f6rper. Es beschleunigt die Erholung nach verschiedenen Verletzungen und Krankheiten<\/p>","protected":false},"featured_media":1872,"comment_status":"open","ping_status":"closed","template":"","meta":[],"product_brand":[],"product_cat":[31],"product_tag":[67],"class_list":{"0":"post-1940","1":"product","2":"type-product","3":"status-publish","4":"has-post-thumbnail","6":"product_cat-exclusive-series","7":"product_tag-67","9":"first","10":"instock","11":"taxable","12":"shipping-taxable","13":"purchasable","14":"product-type-simple"},"_links":{"self":[{"href":"https:\/\/vigo-rio.com\/en\/wp-json\/wp\/v2\/product\/1940","targetHints":{"allow":["GET"]}}],"collection":[{"href":"https:\/\/vigo-rio.com\/en\/wp-json\/wp\/v2\/product"}],"about":[{"href":"https:\/\/vigo-rio.com\/en\/wp-json\/wp\/v2\/types\/product"}],"replies":[{"embeddable":true,"href":"https:\/\/vigo-rio.com\/en\/wp-json\/wp\/v2\/comments?post=1940"}],"wp:featuredmedia":[{"embeddable":true,"href":"https:\/\/vigo-rio.com\/en\/wp-json\/wp\/v2\/media\/1872"}],"wp:attachment":[{"href":"https:\/\/vigo-rio.com\/en\/wp-json\/wp\/v2\/media?parent=1940"}],"wp:term":[{"taxonomy":"product_brand","embeddable":true,"href":"https:\/\/vigo-rio.com\/en\/wp-json\/wp\/v2\/product_brand?post=1940"},{"taxonomy":"product_cat","embeddable":true,"href":"https:\/\/vigo-rio.com\/en\/wp-json\/wp\/v2\/product_cat?post=1940"},{"taxonomy":"product_tag","embeddable":true,"href":"https:\/\/vigo-rio.com\/en\/wp-json\/wp\/v2\/product_tag?post=1940"}],"curies":[{"name":"wp","href":"https:\/\/api.w.org\/{rel}","templated":true}]}}