{"id":1939,"date":"2026-01-18T08:23:42","date_gmt":"2026-01-18T08:23:42","guid":{"rendered":"https:\/\/vigo-rio.com\/?post_type=product&#038;p=1939"},"modified":"2026-02-04T19:55:37","modified_gmt":"2026-02-04T19:55:37","slug":"fc-mountain-altar","status":"publish","type":"product","link":"https:\/\/vigo-rio.com\/en\/product\/fc-mountain-altar\/","title":{"rendered":"FC Berg-Altear \/ Mount Altar"},"content":{"rendered":"<p><strong>Kolzov-Platte &#8222;Berg-Altar&#8220; \/ &#8222;Orion-Sirius Portal&#8220;\u00a0&#8211; (&#8222;Mountain-Altar, f\u00fcr Meditation und Spiritualit\u00e4t, Bewusstseinsentwicklung und Evolution des Menschen; Kraftplatz Sachalin mit Orion-Sirius-Energieportal)<\/strong><\/p>\n<p><strong>&#8211; neueste Version mit 8-Elementen (8 enthaltenen Energiespeicher-Chips)<\/strong><\/p>\n<p>Die Kolzov-Platte &#8222;Berg-Altar&#8220; tr\u00e4gt die Energie und Information eines besonderen Kraftplatzes auf der russischen Insel Sachalin, n\u00f6rdlich von Japan.<\/p>\n<p><em>Die Aussagen beziehen sich auf alternative Testmethoden wie Meridianenergie-Messungen der Organfunktionskreisl\u00e4ufe nach TCM, Kirlian-Fotografie (EPG\/GDV-Kamera), Oberon, Amsat o.\u00e4. durch den Hersteller &#8222;Planet der Regionen&#8220; und stellen keine medizinische oder auf den physischen K\u00f6rper und dessen Organe bezogenen Aussage im Sinne der westlichen Schulmedizin dar.<\/em><\/p>\n<p><strong>Die Platte ist in diesem Sinne vor allem geeignet f\u00fcr:<\/strong><\/p>\n<ul>\n<li>f\u00f6rdert die Bewusstseins-Ebene des Menschen und aktiviert die Entwicklung einer Einheit von Denken, Bewusstsein und H\u00f6heren Selbst und erf\u00fcllt mit der Energie des g\u00f6ttlichen Bewusstseins,<\/li>\n<li>gibt Impulse f\u00fcr die Bewusstseinsentwicklung und Evolution des Menschen und verbessert das geistige und kreative Potential;<\/li>\n<li>st\u00e4rkt das Erkenntnisverm\u00f6gen und hilft, das System der ewigen Werte und absoluten Liebe zu akzeptieren;<\/li>\n<li>f\u00f6rdert die Erweiterung des Bewusstseins, das Verst\u00e4ndnis der Wahrheit und der Gesetze, die das Leben auf der Erde regieren;<\/li>\n<li>f\u00f6rdert die Umwandlung von Energie in Licht und damit in h\u00f6here Energieebene;<\/li>\n<li>harmonisiert die weiblichen und m\u00e4nnlichen Energien;<\/li>\n<li>hilft eventuelle zugrunde liegende Probleme in den Beziehungen mit anderen Menschen und in schwierigen Situationen in allen Bereichen des Lebens zu verstehen und zu wandeln.<\/li>\n<\/ul>\n<p>Berg Altar ist einer der Projektionen des Dreigestirns Sirius A, B und C auf dem K\u00f6rper der Erde, ein Energieportal, durch das die g\u00f6ttliche weibliche Energie des Sirius auf unserem Planeten handelt. Sirius A ist der bei weitem hellste Stern des Nachthimmels, mehr als doppelt so hell wie der zeithellste Stern am Himmel. Sein Partner im Doppelsternsystem Sirius B ist ein lichtschwacher Stern aus der Klasse der wei\u00dfen Zwerge, der erst 1862 entdeckt wurde, \u00fcber den aber bereits die Sternensagen der Dogon im afrikanischen Mali berichten und der in Ufo-Legenden eine Rolle spielt.<\/p>\n<p>Der Kraftplatz &#8222;Berg-Altar&#8220; liegt auf der Insel Sachalin n\u00f6rdlich von Japan, 20 Kilometer nord\u00f6stlich der Stadt Juschno-Sachalinsk, Susunai Grat, in 1600 m H\u00f6he im Norden \u00f6stlich einer gro\u00dfen Auto-Flussbr\u00fccke. Das Portal &#8222;Konstellation Orion&#8220; manifestiert sich ebenfalls auf dem &#8222;Berg-Altar&#8220;. Orion ist zweifellos die ber\u00fchmteste und sch\u00f6nste Sternenkonstellation unseres Himmels. Sie wird in den Mythen und Sternenkunden nahezu aller V\u00f6lker der Welt beschrieben. Bereits in der Antike war Orion ein Objekt der Anbetung und Mythenbildung. Die drei Sterne des Orion G\u00fcrtels werden oft unter besonderen Namen wie &#8222;Die Drei Magier&#8220;, Drei K\u00f6nige, Jakobsstab, Schwert von Kaleva (Esten), Sorcerer Messer (bei Wogulen) gew\u00fcrdigt. In Asien und Afrika sind Ruinen antiker Tempel gefunden worden, die dem Orion gewidmet waren. In \u00c4gypten sollen die drei gro\u00dfen Pyramiden von Gizeh und benachbarte Pyramiden in ihrer Lage nach der genauen Stellung der Sterne des Sternbildes Orion zu einem bestimmten bedeutsamen Zeitpunkt erbaut worden sein. Sogar die sogenannten &#8222;Luftsch\u00e4chte&#8220; der gro\u00dfen Pyramide sind z.T. auf Sirius ausgerichtet.<\/p>\n<p>Das Sternbild Orion ist ein galaktisches Portal unserer Galaxie mit anderen Galaxien und Teilen des Universums. Am G\u00fcrtel des Orion ist eine Verbindung von Geist und Materie. Es ist eine \u00dcbergangszone, wo die Dualit\u00e4t in die Einheit \u00fcbergeht. Die Energie Orions \u00fcbermittelt die Qualit\u00e4t der Transformation und des \u00dcbergangs auf ein neues Niveau des Bewusstseins und der Entwicklung. Sirius &#8211; der hellste Stern im Sternbild Canis Major und der hellste Stern in unserem Himmel &#8211; unterst\u00fctzt von seiner energetischen Position ein hochgeistiges, spirituelles Bewusstsein und so auch das geistige Erwachen auf unserer Erde. Dieser Stern ist auch ein Sternen-Portal, eine Art Star-Gate, durch das &#8211; wie durch eine T\u00fcr im Haus &#8211; ein Dimensionswechsel in unsere Welt m\u00f6glich ist. Moderne Wissenschaftler vermuten, dass &#8222;Schwarze L\u00f6cher&#8220; tats\u00e4chlich zu &#8222;Dimensionstoren&#8220; werden k\u00f6nnen. Sirius ist wahrscheinlich f\u00fcr unsere Erde der wichtigste Stern nach unserer Sonne.<\/p>\n<p>ZUR BEACHTUNG: Die Aktivierungszeit von Wasser auf der Platte betr\u00e4gt mindestens 15 Sekunden.<\/p>\n<p><em><u>Ergebnis im LIFE-TEST:<\/u>\u00a0Die Platte &#8222;Berg-Altar&#8220; erh\u00f6ht das Energieniveau aller Chakras, vor allem des Stirn- und des Herz-Chakras auf 40 000 Bovis, dabei steigt das Stirn-Chakra sogar deutlcih \u00fcber 40 000 Bovis. Kronen-, Solarplexus-Chakras und Wurzel-Chakra steigen auf 28 000 Bovis, das Sexual- bzw. Blasen-Chakra auf 21 000 Bovis und das Hals-Chakra auf 14 000 Bovis. Durch die Aufladung der Chakras w\u00e4chst der bioenergetische Reaktionsabstand von zirka 75 Zentimetern um den K\u00f6rper auf 1,90 Meter.<\/em><\/p>\n<p><em><strong>Wichtiger Hinweis:<br \/>\nWir weisen ausdr\u00fccklich darauf hin, dass die Kolzov-Platte (russische Bezeichnung: &#8222;Korrektoren des funktionalen Zustands&#8220;) ein alternatives Energie- und Informationsprodukt ist und kein Heilmittel im Sinne der westlichen Schulmedizin. Vielmehr ist es ein rein energetisches Hilfsmittel zur ganzheitlichen Balancierung von energetischen Disharmonien und Blockaden. Informationen \u00fcber Qualit\u00e4t und Eigenschaften des Energieobjekts beziehen sich auf Aussagen des russischen Herstellers und alternativen Theorien zu Mensch und Umwelt, auf alternative Anschauungen und esoterische \u00dcberlieferungen oder Aussagen. Sie gelten nur im Sinne der esoterischen Lebensphilosophie und daran angelehnte Alternativheilkunde. Wirkungen im Sinne westlicher Wissenschaft oder Medizin werden hier nicht behauptet.<\/strong><\/em><\/p>","protected":false},"excerpt":{"rendered":"<p>Orion-Sirius-Portal, f\u00fcr Meditation, Spiritualit\u00e4t und Bewusstseinsentwicklung<\/p>","protected":false},"featured_media":1873,"comment_status":"open","ping_status":"closed","template":"","meta":[],"product_brand":[],"product_cat":[31],"product_tag":[],"class_list":{"0":"post-1939","1":"product","2":"type-product","3":"status-publish","4":"has-post-thumbnail","6":"product_cat-exclusive-series","8":"first","9":"instock","10":"sale","11":"taxable","12":"shipping-taxable","13":"purchasable","14":"product-type-variable"},"_links":{"self":[{"href":"https:\/\/vigo-rio.com\/en\/wp-json\/wp\/v2\/product\/1939","targetHints":{"allow":["GET"]}}],"collection":[{"href":"https:\/\/vigo-rio.com\/en\/wp-json\/wp\/v2\/product"}],"about":[{"href":"https:\/\/vigo-rio.com\/en\/wp-json\/wp\/v2\/types\/product"}],"replies":[{"embeddable":true,"href":"https:\/\/vigo-rio.com\/en\/wp-json\/wp\/v2\/comments?post=1939"}],"wp:featuredmedia":[{"embeddable":true,"href":"https:\/\/vigo-rio.com\/en\/wp-json\/wp\/v2\/media\/1873"}],"wp:attachment":[{"href":"https:\/\/vigo-rio.com\/en\/wp-json\/wp\/v2\/media?parent=1939"}],"wp:term":[{"taxonomy":"product_brand","embeddable":true,"href":"https:\/\/vigo-rio.com\/en\/wp-json\/wp\/v2\/product_brand?post=1939"},{"taxonomy":"product_cat","embeddable":true,"href":"https:\/\/vigo-rio.com\/en\/wp-json\/wp\/v2\/product_cat?post=1939"},{"taxonomy":"product_tag","embeddable":true,"href":"https:\/\/vigo-rio.com\/en\/wp-json\/wp\/v2\/product_tag?post=1939"}],"curies":[{"name":"wp","href":"https:\/\/api.w.org\/{rel}","templated":true}]}}