{"id":1915,"date":"2026-01-15T23:31:46","date_gmt":"2026-01-15T23:31:46","guid":{"rendered":"https:\/\/vigo-rio.com\/?post_type=product&#038;p=1915"},"modified":"2026-03-31T10:04:01","modified_gmt":"2026-03-31T10:04:01","slug":"fc-precepts-of-the-ancestors","status":"publish","type":"product","link":"https:\/\/vigo-rio.com\/en\/product\/fc-precepts-of-the-ancestors\/","title":{"rendered":"FC Gebote der Vorfahren \/ Precepts of the Ancestors"},"content":{"rendered":"<p><strong>Kolzov-Platte: &#8222;Gebote der Vorfahren&#8220;\u00a0(heilt Liebesverrat und Familienkarma, aktiviert die Kraft der Familie und der Ahnen, f\u00fcr harmonische Kommunikation, L\u00fcgen werden erkannt, Verbindung zum H\u00f6heren Selbst, aktiviert Gesundungsprozesse, W\u00fcnscheplatte)<\/strong><\/p>\n<p>&#8211; neueste Version mit 8-Elementen (8 enthaltenen Energiespeicher-Chips)<\/p>\n<p><em>Die Platte tr\u00e4gt die russische Aufschrift \u00ab\u0417\u0410\u0412\u0415\u0422\u042b \u041f\u0420\u0415\u0414\u041a\u041e\u0412\u00bb und auf dem erg\u00e4nzenden Deckblatt: PRECEPTS OF THE ANCESTORS, PR\u00c9CEPTES ANCESTRAUX, GEBOTE DER VORFAHREN<\/em><\/p>\n<p>Die Platte &#8222;Gebote der Vorfahren&#8220; erm\u00f6glicht es, alte Familiengeschichten und Liebesverrat zu heilen und gibt Ihrer Familie das einst verlorene Gleichgewicht der Beziehungen zur\u00fcck. Verrat an der Liebe und Rache um der Macht willen, werden geheilt.<\/p>\n<p>Die Platte vermittelt zudem das Fundament f\u00fcr eine spirituelle Entwicklung und f\u00fcr die \u00d6ffnung &#8222;himmlischer&#8220; F\u00e4higkeiten, von denen man tr\u00e4umt, durch wahre Selbstfindung und durch eine Verschmelzung mit dem eigenen H\u00f6heren Selbst &#8211; menschliches Bewusstseins und das Bewusstseins seines H\u00f6heren Selbst arbeiten dann im Einklang zusammen. Leider wirken \u00e4u\u00dfere zerst\u00f6rerische Kr\u00e4fte auf den physischen K\u00f6rper ein, um ihn von der Seele und dem Geist zu trennen. Erkennbar wird dies unter anderen an h\u00e4ufiger grundloser M\u00fcdigkeit, falscher Atmung, Konzentrationsschwierigkeiten, h\u00e4ufigen Sorgen, Depressionen, st\u00e4ndiger emotionale Gereiztheit &#8211; genau in diesen F\u00e4llen kann diese neue Kolzov-Platte helfen!<\/p>\n<p>Auf der feinstofflichen Ebene erzeugt die Platte einen Energieschutz f\u00fcr den Anwender vor negativen und falschen Informationen. Denn wir k\u00f6nnen sehen, wie Str\u00f6me falscher Informationen aktiviert werden, und manchmal kann es schwierig sein, Wahrheit von L\u00fcge zu unterscheiden.<\/p>\n<div>\n<p><em>Die Aussagen beziehen sich auf alternative Testmethoden wie Meridianenergie-Messungen der Organfunktionskreisl\u00e4ufe nach TCM, Kirlian-Fotografie (EPG\/GDV-Kamera), Oberon, Amsat o.\u00e4. durch den Hersteller &#8222;Planet der Regionen&#8220; und stellen keine medizinische oder auf den physischen K\u00f6rper und dessen Organe bezogenen Aussage im Sinne der westlichen Schulmedizin dar.<\/em><\/p>\n<div><strong>Die Platte ist in diesem Sinne vor allem geeignet f\u00fcr:<br \/>\n<\/strong><\/div>\n<\/div>\n<p><strong>Harmonie in Beziehungen und Kraft der Familie:<\/strong><\/p>\n<ul>\n<li>aktiviert und verst\u00e4rkt die Interaktion mit den Energie der Vorfahren und der Kraft der Familie,<\/li>\n<li>alte Verletzungen an der Liebe, um der Macht willen, k\u00f6nnen geheilt werden, und alte Schuld aufgrund von Verrat, Rache und Hochverrat kann aufgel\u00f6st werden,<\/li>\n<li>das Herz wird f\u00fcr die Liebe ge\u00f6ffnet, die Platte hilft, einen passenden Lebenspartner zu finden und Hindernisse, die eine Partnerschaft in gegenseitiger Liebe verhindern, werden beseitigt,<\/li>\n<li>f\u00f6rdert das richtige Ausleben des eigenen Geschlechts bei Frauen und bei M\u00e4nnern,<\/li>\n<li>st\u00e4rkt die f\u00fcrsorgliche Haltung gegen\u00fcber der Natur und Tieren<\/li>\n<\/ul>\n<p><strong>Gesundheit:<\/strong><\/p>\n<ul>\n<li>vermittelt das Verst\u00e4ndnis f\u00fcr die inneren Ursachen einer Erkrankung und wirkt als energetischer Heiler auf allen Ebenen,<\/li>\n<li>aktiviert Heilungsprozesse im gesamten Bewegungsapparat,<\/li>\n<li>wirkt positiv auf das Herz-Kreislauf-System,<\/li>\n<li>reinigt und beseitigt Hautausschl\u00e4ge,<\/li>\n<li>vermittelt einen Schub an Kraft und Energie,<\/li>\n<li>unterst\u00fctzt Empf\u00e4ngnis, Schwangerschaft und Geburt<\/li>\n<\/ul>\n<p><strong>Energiesystem:<\/strong><\/p>\n<ul>\n<li>aktiviert zuerst das Herz- und das Hals-Chakra, was unter anderem zum Aufbau einer harmonischen Kommunikation mit den Menschen im Umfeld beitr\u00e4gt,<\/li>\n<li>erzeugt starken energetischen Schutz auf der feinstofflichen Ebene,<\/li>\n<li>bietet Unterst\u00fctzung und Schutz durch die H\u00f6heren M\u00e4chte vor verschiedenen Arten von negativen Angriffen und Vorf\u00e4llen im Leben, dem Fluss negativer und\/oder unzuverl\u00e4ssiger Informationen und negativer Energien,<\/li>\n<li>harmonisiert den inneren Zustand des Anwenders, l\u00e4dt das Energiesystem des Anwenders auf und wirkt als gro\u00dfer nat\u00fcrlicher Energie-Akkumulator,<\/li>\n<li>\u00f6ffnet einen Kommunikationskanal mit den H\u00f6heren Lichtwelten,<\/li>\n<li>erweitert das Bewusstseins, hilft dem Anwender die Geheimnisse der Welt zu enth\u00fcllen und zu verstehen, aktiviert das Potenzial der inneren Weisheit<\/li>\n<\/ul>\n<p><strong>Spirituelle und pers\u00f6nliche Entwicklung:<\/strong><\/p>\n<ul>\n<li>aktiviert den Kommunikationskanal des Anwenders mit seiner Seele, st\u00e4rkt die Verbindung zum H\u00f6heren Selbst und seinem Geistf\u00fchrer &#8211; menschliches Bewusstsein und das Bewusstseins seines H\u00f6heren Selbst verschmelzen,<\/li>\n<li>startet einen Prozess der spirituellen Reinigung,<\/li>\n<li>\u2022heilt tiefe psychische Traumata und deren Folgen und st\u00e4rkt eine optimistische Lebenseinstellung,<\/li>\n<li>vermittelt Vertrauen in die eigenen Talente und erweckt sensitive F\u00e4higkeiten,<\/li>\n<li>hilft, alle Arten von Hindernissen im Leben des Anwenders aus dem Weg zu r\u00e4umen,<\/li>\n<li>st\u00e4rkt das Selbstvertrauen, vermittelt Schutz, Ruhe, Festigkeit und innere Unterst\u00fctzung \u2013 \u201eKraft f\u00fcr die Beine, Fl\u00fcgel f\u00fcr das Herz und Reinheit der Gedanken\u201c<\/li>\n<li>f\u00f6rdert die Erf\u00fcllung von W\u00fcnschen zum Wohle des Anwenders und der Menschen seines Umfelds.<\/li>\n<\/ul>\n<p>Auf der Platte &#8222;Gebote der Vorfahren&#8220; sind Informationen der heiligen Insel Olchon mit allen insgesamt 144 Kraftorten gespeichert. Die Insel Olchon (Region Irkutsk, Russland) ist die gr\u00f6\u00dfte Binneninsel im Baikalsee und die drittgr\u00f6\u00dfte Binneninsel der Welt.<\/p>\n<p>TIPPS: Die Energie der Platte flie\u00dft wie ein z\u00e4hfl\u00fcssiger, wundersch\u00f6n funkelnder Honig durch den K\u00f6rper. Besonders beim Trinken von Wasser, das auf der Platte aktiviert wurde, oder beim Baden und Duschen mit damit informierten Wasser, werden die Energien der Platte sehr gut freigesetzt, so dass diese auch auf der k\u00f6rperlichen Ebene sp\u00fcrbar werden. Verwenden Sie die Platte zu jeder Tageszeit, um sich mit Energie und Kraft aufzuladen.<\/p>\n<p>Die Platte ist mit allen zuvor erschienenen Platten kombinierbar.<\/p>\n<p><u>Haut und Haar:<\/u>\u00a0Sie k\u00f6nnen mit der Platte sehr gut Kosmetika, Shampoos, Sp\u00fclungen, Haarpackungen, Duschgels etc. energetisieren &#8211; auch vorbeugend gegen Haarausfall.<\/p>\n<p><u>Wunscherf\u00fcllung:<\/u>\u00a0Die Platte hilft auch bei der Erf\u00fcllung von W\u00fcnschen, die dem eigenen Wohl und dem Gemeinwohl dienlich sind &#8211; dazu muss zuerst seine Absicht zum Wohl aller Menschen und dann die pers\u00f6nliche Absicht formuliert werden.<\/p>\n<p><u>Liebesverrat und Familienkarma heilen:<\/u>\u00a0Geben Sie Ihrer Familie das einst verlorene Gleichgewicht der Beziehungen zur\u00fcck und heilen Sie Liebesverrat: Lesen Sie dazu den folgenden Manifestationstext mindestens dreimal laut vor und halten Sie dabei die Platte zwischen den Handfl\u00e4chen auf Herzh\u00f6he:<\/p>\n<p>&#8222;Ich (Name) widerrufe in meinem eigenen Namen, im Namen aller meiner Kinder und im Namen aller unserer Vorfahren in allen Clans, in denen wir inkarniert sind, alle Vertr\u00e4ge, Vereinbarungen, Abkommen, Pakte, Memoranden, Zustimmungen, Erlaubnisse, \u00dcbereink\u00fcnfte, Eide, Gel\u00fcbde, Versprechen, Versprechen, B\u00fcndnisse und Zusagen, die jemals von uns abgeschlossen oder gegeben wurden.&#8220;<\/p>\n<p>&#8222;Ich gebe in meinem eigenen Namen, im Namen meiner Kinder und im Namen aller unserer Vorfahren in allen Clans, in denen wir inkarniert sind, meine Zustimmung zur vollst\u00e4ndigen Neutralisierung und Zerst\u00f6rung von allem, was wir jemals Negatives getan haben, und zwar absolut sicher f\u00fcr alle.&#8220;<\/p>\n<p>&#8222;Ich, in meinem eigenen Namen, im Namen meiner Kinder und im Namen aller unserer Vorfahren in allen Clans, in denen wir inkarniert wurden, bereue alles, wof\u00fcr wir wirklich schuldig sind, und bitte alle f\u00fcr alles um Vergebung.&#8220;<\/p>\n<p>&#8222;Ich, in meinem eigenen Namen, im Namen meiner Kinder und im Namen aller unserer Vorfahren in allen Clans, in denen wir inkarniert wurden, vergebe allen alles.&#8220;<\/p>\n<p>&#8222;Ich verzichte in meinem eigenen Namen, im Namen aller meiner Kinder und im Namen aller unserer Vorfahren in allen Clans, in denen wir inkarniert wurden, auf die Macht im Interesse der Wiederbelebung wahrer, reiner Liebe und ihrer R\u00fcckkehr zu unseren Clans.&#8220;<\/p>\n<p>&#8222;In meinem eigenen Namen, im Namen aller meiner Kinder und im Namen aller unserer Vorfahren in allen Clans, in denen wir inkarniert wurden, danke ich Ihnen f\u00fcr die Gelegenheit, f\u00fcr unsere Fehler zu b\u00fc\u00dfen.&#8220;<\/p>\n<p>&#8222;Wir sind alle und absolut alle v\u00f6llig frei. Bezahlt mit Liebe, Wahrheit, Dankbarkeit und Respekt. Vielen Dank f\u00fcr die Lektion.&#8220;<\/p>\n<p>&#8222;Mit einem Verbot der Wiederherstellung oder Herstellung von etwas \u00c4hnlichem. Unter Umgehung von allem und jedem, was dabei im Weg steht. Jetzt sofort, absolut, zu allen Zeiten und in aller Zeitlosigkeit.&#8220;<\/p>\n<p>&#8222;F\u00fcr immer. Ohne Berufung. Ohne Verz\u00f6gerung. Unwiderruflich. So sei es.&#8220;<\/p>\n<p>ZUR BEACHTUNG: Bei dieser Platte sollte das Wasser zum Energetisieren mindestens 20 Minuten lang darauf gestellt werden.<\/p>\n<p><em><strong>Wichtiger Hinweis:<\/strong><\/em><\/p>\n<p><em><strong>Wir weisen ausdr\u00fccklich darauf hin, dass die Kolzov-Platte (russische Bezeichnung: &#8222;Korrektoren des funktionalen Zustands&#8220;) ein alternatives Energie- und Informationsprodukt ist und kein Heilmittel im Sinne der westlichen Schulmedizin. Vielmehr ist es ein rein energetisches Hilfsmittel zur ganzheitlichen Balancierung von energetischen Disharmonien und Blockaden. Informationen \u00fcber Qualit\u00e4t und Eigenschaften des Energieobjekts beziehen sich auf Aussagen des russischen Herstellers und alternativen Theorien zu Mensch und Umwelt, auf alternative Anschauungen und esoterische \u00dcberlieferungen oder Aussagen. Sie gelten nur im Sinne der esoterischen Lebensphilosophie und daran angelehnte Alternativheilkunde. Wirkungen im Sinne westlicher Wissenschaft oder Medizin werden hier nicht behauptet.<\/strong><\/em><\/p>","protected":false},"excerpt":{"rendered":"<p>Heilt Liebesverrat und Familienkarma, Ahnenkraft, harmonische Kommunikation, das H\u00f6here Selbst, Wunschplatte.<\/p>","protected":false},"featured_media":1916,"comment_status":"open","ping_status":"closed","template":"","meta":[],"product_brand":[],"product_cat":[55],"product_tag":[72],"class_list":{"0":"post-1915","1":"product","2":"type-product","3":"status-publish","4":"has-post-thumbnail","6":"product_cat-myriads-series","7":"product_tag-72","9":"first","10":"instock","11":"taxable","12":"shipping-taxable","13":"purchasable","14":"product-type-simple"},"_links":{"self":[{"href":"https:\/\/vigo-rio.com\/en\/wp-json\/wp\/v2\/product\/1915","targetHints":{"allow":["GET"]}}],"collection":[{"href":"https:\/\/vigo-rio.com\/en\/wp-json\/wp\/v2\/product"}],"about":[{"href":"https:\/\/vigo-rio.com\/en\/wp-json\/wp\/v2\/types\/product"}],"replies":[{"embeddable":true,"href":"https:\/\/vigo-rio.com\/en\/wp-json\/wp\/v2\/comments?post=1915"}],"wp:featuredmedia":[{"embeddable":true,"href":"https:\/\/vigo-rio.com\/en\/wp-json\/wp\/v2\/media\/1916"}],"wp:attachment":[{"href":"https:\/\/vigo-rio.com\/en\/wp-json\/wp\/v2\/media?parent=1915"}],"wp:term":[{"taxonomy":"product_brand","embeddable":true,"href":"https:\/\/vigo-rio.com\/en\/wp-json\/wp\/v2\/product_brand?post=1915"},{"taxonomy":"product_cat","embeddable":true,"href":"https:\/\/vigo-rio.com\/en\/wp-json\/wp\/v2\/product_cat?post=1915"},{"taxonomy":"product_tag","embeddable":true,"href":"https:\/\/vigo-rio.com\/en\/wp-json\/wp\/v2\/product_tag?post=1915"}],"curies":[{"name":"wp","href":"https:\/\/api.w.org\/{rel}","templated":true}]}}