{"id":1913,"date":"2026-01-15T23:30:29","date_gmt":"2026-01-15T23:30:29","guid":{"rendered":"https:\/\/vigo-rio.com\/?post_type=product&#038;p=1913"},"modified":"2026-04-01T16:01:27","modified_gmt":"2026-04-01T16:01:27","slug":"fc-essential-wisdom","status":"publish","type":"product","link":"https:\/\/vigo-rio.com\/en\/product\/fc-essential-wisdom\/","title":{"rendered":"FC Uralte Weisheit \/ Essential Wisdom"},"content":{"rendered":"<p><strong>Kolzov-Platte: &#8222;Uralte Weisheit&#8220;\u00a0(f\u00fcr Freude, Liebe und Harmonie, Verj\u00fcngung und Anti-Aging, Energie und Fitness, Anti-Stress, hilft Groll und &#8222;Opferrolle&#8220; zu \u00fcberwinden, aktiviert die eigenen Seelen-Programme und f\u00f6rdert die Entwicklung der mentalen Ebene)<\/strong><\/p>\n<p>&#8211; neueste Version mit 8-Elementen (8 enthaltenen Energiespeicher-Chips)<\/p>\n<p><em>Die Platte tr\u00e4gt die russische Aufschrift \u00ab\u041f\u0420\u0415\u041c\u0423\u0414\u0420\u041e\u0421\u0422\u042c\u00bb und auf dem erg\u00e4nzenden Deckblatt: ESSENTIAL WISDOM, SAGESSE SUPR\u00c9ME, URALTE WEISHEIT<\/em><\/p>\n<p>Die Platte ist die ideale Unterst\u00fctzung f\u00fcr alle Menschen, die sich oft \u00fcber andere und das Leben beschweren und in eine &#8222;Opferrolle&#8220; abdriften, statt etwas zu ver\u00e4ndern. Die Energien der Platte helfen auch, Streitigkeiten, Konflikte und Missverst\u00e4ndnisse zu beseitigen und Klarheit in Beziehungen zu bringen. Dar\u00fcber hinaus vermittelt sie Energien der Liebe und Freude &#8211; sie hebt die Stimmung, Ihre Augen beginnen zu leuchten und Sie haben wieder Lust zu leben, zu singen und zu tanzen! Man f\u00fchlt eine innere emotionale und spirituelle Erhebung.<\/p>\n<p>Die Platte bringt den Anwender nach und nach auf eine h\u00f6here Ebene des Bewusstseins und es werden je nach Entwicklungsstand neue Informationsportale ge\u00f6ffnet, sodass man genau die Informationen erh\u00e4lt, die man braucht &#8211; auch zum Thema Regeneration und Verj\u00fcngung. Die Erweiterung des Bewusstseins und seine Anhebung auf ein h\u00f6heres Niveau steigert die Lebensqualit\u00e4t, das Leben wird ruhiger, freier und gl\u00fccklicher &#8211; und l\u00e4nger in einer besseren Lebensqualit\u00e4t.<\/p>\n<p><em>Die Aussagen beziehen sich auf alternative Testmethoden wie Meridianenergie-Messungen der Organfunktionskreisl\u00e4ufe nach TCM, Kirlian-Fotografie (EPG\/GDV-Kamera), Oberon, Amsat o.\u00e4. durch den Hersteller &#8222;Planet der Regionen&#8220; und stellen keine medizinische oder auf den physischen K\u00f6rper und dessen Organe bezogenen Aussage im Sinne der westlichen Schulmedizin dar.<\/em><\/p>\n<p><strong>Die Platte ist in diesem Sinne vor allem geeignet f\u00fcr:<\/strong><\/p>\n<p><strong>Entwicklung der geistigen Ebene:<\/strong><\/p>\n<ul>\n<li>das Wichtigste, was die Platte &#8222;Uralte Weisheit&#8220; bewirkt, ist, die Erinnerungen an unsere Vorfahren zu f\u00f6rdern: &#8222;Kehre zu Deinen Wurzeln zur\u00fcck, und du wirst die Tore zur himmlischen Welt \u00f6ffnen.&#8220;<\/li>\n<li>st\u00e4rkt die Verbindung zur Familie und ihre unterst\u00fctzenden Energien, f\u00f6rdert das Erwachen der Ahnenerinnerung,<\/li>\n<li>harmonisiert den Geist und st\u00e4rkt die Energien der Liebe und Freude,<\/li>\n<li>die Platte l\u00f6st Verj\u00fcngungsprozesse aus und verbindet sich mit allen sieben, sogenannten Zhivitsa-Energien (diese stehen f\u00fcr Lebensenergie, Verj\u00fcngung, Erneuerung und Fruchtbarkeit) &#8211; man erh\u00e4lt pl\u00f6tzliche Einsichten: \u201eWie erlange ich Gesundheit?\u201c und \u201eWie verj\u00fcnge ich mich?\u201c<\/li>\n<li>f\u00f6rdert die Aktivierung der Energie des gesunden Menschenverstands, st\u00e4rkt die mentalen und geistigen F\u00e4higkeiten und bringt den Benutzer der g\u00f6ttlichen Essenz des Seins n\u00e4her,<\/li>\n<li>f\u00f6rdert die Suche nach Gemeinsamkeiten und hilft in Konflikten, dem anderen wirklich zuzuh\u00f6ren und seine Einstellung zu \u00e4ndern,<\/li>\n<li>hilft in Beziehungen ein Gef\u00fchl von W\u00e4rme und Harmonie, Liebe und Verst\u00e4ndnis aufzubauen,<\/li>\n<li>unterst\u00fctzt und sch\u00fctzt in Momenten der Einsamkeit.<\/li>\n<\/ul>\n<p><strong>Gesundheit:<\/strong><\/p>\n<ul>\n<li>erf\u00fcllt den K\u00f6rper mit Lebensenergie, st\u00e4rkt die Gesundheit und verbindet mit speziellen verj\u00fcngenden Energien,<\/li>\n<li>startet auf Energieebene biochemische Prozesse im Einklang mit diesen belebenden und erneuernden Energien,<\/li>\n<li>lindert Stress, verleiht K\u00f6rper und Geist mehr Ausdauer und Kraft,<\/li>\n<li>hilft bei der Beseitigung von \u00c4ngsten, Sorgen und N\u00f6ten,<\/li>\n<li>hilft die tieferen Ursachen von Leiden und Beschwerden aufzuarbeiten: sie zu erkennen, noch einmal zu durchleben und nun dabei die eigene Verantwortung zu erkennen, zu vergeben und loszulassen. Kurzzeitig k\u00f6nnen so emotionales Leid, Kummer aus der Kindheit, unausgesprochene oder ungesagte Dinge, nicht vergossene Tr\u00e4nen, Wut, Aggression, Zorn und andere niederfrequente Energien noch einmal aufsteigen, um dann endg\u00fcltig aufgel\u00f6st zu werden. Danach kann ein Zustand der inneren &#8222;Stille&#8220; und &#8222;Leere&#8220; eintreten &#8211; die Negativit\u00e4t wurde durch Akzeptanz und Liebe transformiert,<\/li>\n<\/ul>\n<ul>\n<li>versetzt den Anwender in einen freudigen und gl\u00fcckseligen Geisteszustand.<\/li>\n<\/ul>\n<p><strong>Energiesystem:<\/strong><\/p>\n<ul>\n<li>stellt den harmonischen Energiefluss im \u00c4therk\u00f6rper des Anwenders wieder her,<\/li>\n<li>beseitigt Energieblockaden in den unteren Chakras und aktiviert die h\u00f6heren Chakras (das 6., 7. und 8.Chakra)<\/li>\n<li>unterst\u00fctzt einen energetischen Raum, in dem alles energetisch \u201eKalte\u201c verschwindet und nur aufrichtige Freundlichkeit, Liebe, Hilfe und Unterst\u00fctzung bleiben<\/li>\n<li>Spirituelle und pers\u00f6nliche Entwicklung:<\/li>\n<li>aktiviert Programme und F\u00e4higkeiten, die von der Seele w\u00e4hrend der Inkarnation eingebettet wurden, und hilft, den individuellen, harmonischen &#8222;Klang&#8220; einer Person im Kosmos durch eine kraftvolle Konzentration irdischer und kosmischer Energien zu manifestieren,<\/li>\n<li>erweitert den spirituellen Kanal im Gleichschritt mit der Bewusstseinserweiterung des Anwenders: f\u00fcr manche ist dieser Kanal ein schmaler Schlauch, f\u00fcr andere ist er breiter, und je breiter der spirituelle Kanal ist, desto besser ist das physische Leben auf dieser Erde,<\/li>\n<\/ul>\n<ul>\n<li>versorgt das Energiefeld und alle K\u00f6rper (physisch, feinstofflich) mit spiritueller Kraft und \u00f6ffnet die M\u00f6glichkeit, den Segen der Lichtg\u00f6tter zu empfangen,<\/li>\n<li>taucht den Anwender in Licht und hohe Schwingungen und hilft, die Seele des Anwenders auf eine h\u00f6here Ebene des Bewusstseins zu heben.<\/li>\n<\/ul>\n<p>Auf der Platte &#8222;Uralte Weisheit&#8220; sind Informationen von mehreren \u201eKraftorten\u201c auf der Insel Kischi gespeichert, die im n\u00f6rdlichen Teil des Onegasees liegt (nord\u00f6stlich von St. Petersburg in Karelien, Russland). Die Insel Kischi ist heute durch ihre alten Holzkirchen bekannt, sie beherbergt aber auch eine Reihe sehr alter Kraft- und Ritualplatz des Volkes der Karelen.<\/p>\n<p>Die Platte verbindet unter anderem mit den belebenden Energien der Fruchtbarkeitsg\u00f6ttin und G\u00f6ttin der Lebenskraft Zhiva (auch Siva oder \u017diva), der Hauptg\u00f6ttin der westslawischen St\u00e4mme (\u00e4hnlich der ostslawischen Mokosch und vergleichbar der r\u00f6mischen Ceres und griechischen Demeter). Der westliche Haupttempel der Zhiva lag einst im deutschen Ratzeburg, an dessen Stelle dann der Ratzeburger Dom erbaut wurde.<\/p>\n<p>TIPPS: Die Energie der Platte strahlt W\u00e4rme, Komfort, Ruhe, Harmonie und Integrit\u00e4t aus. Die Platte &#8222;Uralte Weisheit&#8220; ist mit allen bisher erschienenen Platten kombinierbar.<\/p>\n<p><u>Fitness-Hilfe:<\/u>\u00a0Die Platte ist eine hervorragende Hilfe f\u00fcr alle, die einen aktiven Lebensstil f\u00fchren, Sport treiben und sich f\u00fcr Fitness interessieren. Besteigen Sie die Platte am besten am Handgelenkt und f\u00fchren Sie z.B. Liegest\u00fctze aus &#8211; je nach Lebensalter und k\u00f6rperlicher Fitness am Boden oder von der Wand aus. Dadurch wird die Lebensenergie im K\u00f6rper gest\u00e4rkt und angesammelt, was zu einer k\u00f6rperlichen Erneuerung und einem langen, aktiven Leben f\u00fchrt.<\/p>\n<p>Die Platte lindert Verspannungen und Kr\u00e4mpfe und regt dazu an, sich frei zu bewegen und zu tanzen.<\/p>\n<p><u>Raum-Energetisierung:\u00a0<\/u>Die Platte kann genutzt werden, um in Ihrem Zuhause, B\u00fcro oder Urlaubsdomizil eine Atmosph\u00e4re des Komforts und Wohlbefindens zu schaffen.<\/p>\n<p><u>Trauma-Aufarbeitung:<\/u>\u00a0Verwenden Sie die Platte, um gezielt Traumata und verschiedene Ebenen von Emotionen und Gedanken effektiver zu verarbeiten, sowohl selbstst\u00e4ndig als auch mit Hilfe von Psychologen, Trainern oder Coaches.<\/p>\n<p>Kontakt auf Seelen-Ebene: Wenn Sie mit Ihren Lieben, die weit weg sind oder diese Welt bereits verlassen haben, sprechen m\u00f6chten, nehmen Sie einfach die Platte in die Hand und teilen Sie Ihre Sorgen und \u00c4ngste mit. Dann wird ein Kontakt auf Seelen-Ebene hergestellt.<\/p>\n<p>ZUR BEACHTUNG: Bei dieser Platte sollte das Wasser zum Energetisieren mindestens 18 Minuten lang darauf gestellt werden.<\/p>\n<p><em><strong>Wichtiger Hinweis:<\/strong><\/em><\/p>\n<p><em><strong>Wir weisen ausdr\u00fccklich darauf hin, dass die Kolzov-Platte (russische Bezeichnung: &#8222;Korrektoren des funktionalen Zustands&#8220;) ein alternatives Energie- und Informationsprodukt ist und kein Heilmittel im Sinne der westlichen Schulmedizin. Vielmehr ist es ein rein energetisches Hilfsmittel zur ganzheitlichen Balancierung von energetischen Disharmonien und Blockaden. Informationen \u00fcber Qualit\u00e4t und Eigenschaften des Energieobjekts beziehen sich auf Aussagen des russischen Herstellers und alternativen Theorien zu Mensch und Umwelt, auf alternative Anschauungen und esoterische \u00dcberlieferungen oder Aussagen. Sie gelten nur im Sinne der esoterischen Lebensphilosophie und daran angelehnte Alternativheilkunde. Wirkungen im Sinne westlicher Wissenschaft oder Medizin werden hier nicht behauptet.<\/strong><\/em><\/p>","protected":false},"excerpt":{"rendered":"<p>F\u00fcr Freude, Liebe und Harmonie, Verj\u00fcngung, Stressabbau, aktiviert das eigene Seelenprogramm und f\u00f6rdert die geistige Entwicklung.<\/p>","protected":false},"featured_media":1914,"comment_status":"open","ping_status":"closed","template":"","meta":[],"product_brand":[],"product_cat":[55],"product_tag":[71],"class_list":{"0":"post-1913","1":"product","2":"type-product","3":"status-publish","4":"has-post-thumbnail","6":"product_cat-myriads-series","7":"product_tag-71","9":"first","10":"instock","11":"taxable","12":"shipping-taxable","13":"purchasable","14":"product-type-simple"},"_links":{"self":[{"href":"https:\/\/vigo-rio.com\/en\/wp-json\/wp\/v2\/product\/1913","targetHints":{"allow":["GET"]}}],"collection":[{"href":"https:\/\/vigo-rio.com\/en\/wp-json\/wp\/v2\/product"}],"about":[{"href":"https:\/\/vigo-rio.com\/en\/wp-json\/wp\/v2\/types\/product"}],"replies":[{"embeddable":true,"href":"https:\/\/vigo-rio.com\/en\/wp-json\/wp\/v2\/comments?post=1913"}],"wp:featuredmedia":[{"embeddable":true,"href":"https:\/\/vigo-rio.com\/en\/wp-json\/wp\/v2\/media\/1914"}],"wp:attachment":[{"href":"https:\/\/vigo-rio.com\/en\/wp-json\/wp\/v2\/media?parent=1913"}],"wp:term":[{"taxonomy":"product_brand","embeddable":true,"href":"https:\/\/vigo-rio.com\/en\/wp-json\/wp\/v2\/product_brand?post=1913"},{"taxonomy":"product_cat","embeddable":true,"href":"https:\/\/vigo-rio.com\/en\/wp-json\/wp\/v2\/product_cat?post=1913"},{"taxonomy":"product_tag","embeddable":true,"href":"https:\/\/vigo-rio.com\/en\/wp-json\/wp\/v2\/product_tag?post=1913"}],"curies":[{"name":"wp","href":"https:\/\/api.w.org\/{rel}","templated":true}]}}