{"id":1912,"date":"2026-01-15T23:29:12","date_gmt":"2026-01-15T23:29:12","guid":{"rendered":"https:\/\/vigo-rio.com\/?post_type=product&#038;p=1912"},"modified":"2026-04-01T16:01:27","modified_gmt":"2026-04-01T16:01:27","slug":"fc-blue-stone","status":"publish","type":"product","link":"https:\/\/vigo-rio.com\/en\/product\/fc-blue-stone\/","title":{"rendered":"FC Blauer Stein \/ Blue Stone"},"content":{"rendered":"<p><strong>Kolzov-Platte: &#8222;Blauer Stein&#8220;\u00a0(Energien der Neuen Zeit, hohe Lichtenergien, spirituelles Wachstum, sch\u00fctzende Arcturs-Lichtkuppel, Seelen-Schutz, Harmonie und Gelassenheit, Wunscherf\u00fcllung)<\/strong><\/p>\n<div><\/div>\n<p>&#8211; neueste Version mit 8-Elementen (8 enthaltenen Energiespeicher-Chips)<\/p>\n<div><em>Die Platte tr\u00e4gt die russische Aufschrift &#8222;\u00ab\u0421\u0418\u041d\u042c-\u041a\u0410\u041c\u0415\u041d\u042c\u00bb&#8220; und auf dem erg\u00e4nzenden Deckblatt: BLUE STONE, PIERRE BLEUE, BLAUER STEIN<\/em><\/div>\n<div><\/div>\n<div>Die Platte &#8222;Blauer Stein&#8220; ist die erste in der neuen Serie &#8222;MYRIADEN&#8220;, welche eine Reihe leistungsstarker Platten umfassen, die ein tiefes Verst\u00e4ndnis von sich selbst und der Welt vermitteln und den Zugang zu h\u00f6chsten Schwingungen erm\u00f6glichen sollen.<\/div>\n<div><\/div>\n<div>Die Platte bereitet das Bewusstsein des Anwenders auf die Energien der Neuen Zeit vor und f\u00f6rdert das spirituelle Wachstum. Sie hilft, hohe Lichtenergien aufzunehmen und sich mit h\u00f6heren Dimensionen zu verbinden, \u00f6ffnet ein Informationsportal zur &#8222;Stadt des Lichts&#8220;, die sich in einer h\u00f6heren Dimension befindet. Die Platte erzeugt zudem eine sch\u00fctzende Lichtkuppel um den Anwender und einen besonderen Schutz der Seele. Durch die Verbindung mit hohen geistigen Energien f\u00f6rdert sie auch die Heilung von K\u00f6rper und Seele.<\/div>\n<div>Bei guten Absichten werden die W\u00fcnsche des Anwenders beschleunigt verwirklicht und der Erfolg in Beruf und bei Projekten wird bef\u00f6rdert.<\/div>\n<div><\/div>\n<div>\n<p><em>Die Aussagen beziehen sich auf alternative Testmethoden wie Meridianenergie-Messungen der Organfunktionskreisl\u00e4ufe nach TCM, Kirlian-Fotografie (EPG\/GDV-Kamera), Oberon, Amsat o.\u00e4. durch den Hersteller &#8222;Planet der Regionen&#8220; und stellen keine medizinische oder auf den physischen K\u00f6rper und dessen Organe bezogenen Aussage im Sinne der westlichen Schulmedizin dar.<\/em><\/p>\n<div><strong>Die Platte ist in diesem Sinne vor allem geeignet f\u00fcr:<\/strong><\/div>\n<\/div>\n<div><strong>Neues Energiezeitalter:<\/strong><\/div>\n<ul>\n<li>bereitet das Bewusstsein des Anwenders auf den Eintritt in das neue Zeitalter des Wassermanns vor, und f\u00f6rdert ein Leben in Harmonie, Ausgeglichenheit und Liebe,<\/li>\n<li>f\u00f6rdert (wenn der Anwender dies aktiv w\u00fcnscht) bei regelm\u00e4\u00dfiger Anwendung nach und nach die \u00d6ffnung des &#8222;Galaktischen Kanals&#8220;,<\/li>\n<li>\u00f6ffnet ein Informationsportal zur &#8222;Stadt des Lichts&#8220;, die sich in einer h\u00f6heren Dimension \u00fcber dem Pleschtschejewo-See befindet,<\/li>\n<li>hilft, Lichtenergie von der Gro\u00dfen Zentralsonne der Galaxie zu empfangen,<\/li>\n<li>durch das eingebettete kosmische Energieprogramms von Arcturus erzeugt es eine sch\u00fctzende Lichtkuppel um den Anwender,<\/li>\n<\/ul>\n<div><\/div>\n<div><strong>Wunscherf\u00fcllung:<\/strong><\/div>\n<ul>\n<li>beschleunigt die Verwirklichung guter Absichten und W\u00fcnsche des Anwenders,<\/li>\n<li>f\u00f6rdert den Erfolg in Beruf, Gesch\u00e4ftsvorhaben und Projekten,<\/li>\n<li>vermittelt mehrdimensionale, lebenswichtige Informationen,<\/li>\n<\/ul>\n<div><\/div>\n<div><strong>Gesundheit:<\/strong><\/div>\n<ul>\n<li>harmonisiert das zweite und dritte Chakra, steigert die Libido, reinigt das Fortpflanzungssystem von negativem Energie-\u201eSchmutz\u201c und f\u00fcllt es mit sauberer und gesunder Energie, beseitigt Ursachen von Unfruchtbarkeit,<\/li>\n<li>f\u00f6rdert die Heilung der Seele und des K\u00f6rpers durch die Einbeziehung der Energien des Geistes (K\u00f6rper-Geist-Seele im Einklang) und korrigiert die Funktionen der genetischen Systems,<\/li>\n<li>aktiviert das Herz-Chakra, welches sich ausdehnt und mit h\u00f6chster Schwingungsenergie f\u00fcllt, so dass der Anwender seine Liebe aus einem Zustand der F\u00fclle in die Welt entl\u00e4sst,<\/li>\n<\/ul>\n<div><\/div>\n<div><strong>Energie-System:<\/strong><\/div>\n<ul>\n<li>erzeugt eine sch\u00fctzende Kuppel lichter Energie um den Anwender, die in allen Lebenssituationen Seelenfrieden und Selbstvertrauen gibt,<\/li>\n<li>erzeugt ein Gleichgewicht der Energien auf der Ebene des \u00c4therk\u00f6rpers des Anwenders,<\/li>\n<li>f\u00fcllt die Seele des Benutzers mit lichten und friedlichen Energien,<\/li>\n<\/ul>\n<div><\/div>\n<div><strong>Spirituelle und pers\u00f6nliche Entwicklung:<\/strong><\/div>\n<ul>\n<li>erm\u00f6glicht dem Anwender, die Stufen der evolution\u00e4ren Reinigung sicher zu durchlaufen und seine Frequenzen vollst\u00e4ndig auf das erforderliche hohe Niveau anzuheben, um in die neue Zeit einzutreten,<\/li>\n<li>verbindet mit dem galaktischen Evolutionsprogramm und erm\u00f6glicht es in Harmonie mit sich selbst, der \u00e4u\u00dferen Umgebung und dem Kosmos zu leben,<\/li>\n<li>\u00f6ffnet das spirituelle Herz des Anwenders und erf\u00fcllt es mit kraftvollen kreativen Energien,<\/li>\n<li>vermittelt die Energie der &#8222;Mutter der Welt&#8220;, f\u00f6rdert das spirituelle Wachstum des Anwenders und erm\u00f6glicht es, in einen hohen Schwingungszustand in seinem Lebensraums aufrechtzuerhalten,<\/li>\n<li>besch\u00fctzt die Seele des Anwenders in der Weite der Frequenzen der 3., 4. und 5. Dimension.<\/li>\n<\/ul>\n<div><\/div>\n<div>Auf der Platte sind die Informationen des Kraftplatzes eines alten, heidnischen Kultsteines, dem &#8222;Blauen Stein&#8220; auch &#8222;S\u00fcndenstein&#8220; genannt, gespeichert. Er befindet sich nahe des Ufers des kreisrunden Pleschtschejewo-Sees bei dem Ort Pereslawl-Salesski, nord\u00f6stlich von Moskau.<\/div>\n<div>In einer h\u00f6heren Dimension soll sich \u00fcber dem Pleschtschejewo-Sees eine geistige &#8222;Stadt des Lichts&#8220; befinden. Die Stadt Pereslawl-Salesski geh\u00f6rt zu den \u00e4ltesten St\u00e4dten Russlands und wurde im Jahre 1152 von Gro\u00dff\u00fcrst Yuri Dolgoruki als die zuk\u00fcnftige Hauptstadt des nord\u00f6stlichen Russlands gegr\u00fcndet.<\/div>\n<div><\/div>\n<div>TIPPS: Die Platte vermittelt eine sehr kraftvolle, helle Energie. Die Platte &#8222;Blauer Stein&#8220; ist mit allen anderen bisher erschienenen kombinierbar.<\/div>\n<div><u>Anwendung am Morgen:<\/u>\u00a0Beginnen Sie Ihren Tag mit einem Glas Wasser, strukturiert mit Hilfe des FSC \u201eBLUE-STONE\u201c. Dies wird Ihnen helfen, den ganzen Tag \u00fcber Harmonie, Licht und positive Energie zu sp\u00fcren.<\/div>\n<div><u>Energiegleichgewicht:<\/u>\u00a0Setzen oder legen Sie sich f\u00fcr ein paar Minuten hin und platzieren Sie die Platte auf der Brust, auf der Thymusdr\u00fcse, oder auf dem Solarplexus-Chakra -so k\u00f6nnen Sie Ihr Energiegleichgewicht wieder herstellen.<\/div>\n<div>Meditation: Zur St\u00e4rkung der spirituellen Verbindung mit den H\u00f6heren M\u00e4chten, um den Fluss der Lichtenergie der Gro\u00dfen Zentralsonne zu sp\u00fcren und sich mit der Energie der &#8222;Mutter der Welt&#8220; zu verbinden, platzieren Sie die Platte auf Ihrem Herzen (Herz-Chakra).<\/div>\n<div><u>Wunscherf\u00fcllung:<\/u>\u00a0Schreiben Sie Ihre Absichten und W\u00fcnsche auf ein St\u00fcck Papier, legen Sie auf die Platte und stellen darauf dann ein Glas Wasser &#8211; lassen Sie es \u00fcber Nacht stehen und trinken Sie es morgens Wasser aus. Danken Sie dabei den Energien des Blauen Steins \u2013 dies beschleunigt die Materialisierung und erf\u00fcllt Ihre Absichten mit kreativer Energie.<\/div>\n<div><u>Anwendung am Abend:<\/u>\u00a0Vor dem Schlafengehen halten Sie die Platte zwischen beiden H\u00e4nden &#8211; dies hilft Ihnen, den \u00c4therk\u00f6rper zu reinigen, zu entspannen und sich auf einen tiefen, erholsamen Schlaf einzustimmen. Wenn Sie das Gef\u00fchl haben, dass die Energien zu stark sind und Sie zu munter werden, dann f\u00fchren Sie dieses Ritual bereits fr\u00fcher durch, wenn Sie von der Arbeit nach Hause kommen.<\/div>\n<div><\/div>\n<div>ZUR BEACHTUNG: Bei dieser Platte sollte das Wasser zum Energetisieren mindestens 25 Minuten lang darauf gestellt werden.<\/div>\n<p><em><strong>Wichtiger Hinweis:<\/strong><\/em><\/p>\n<p><em><strong>Wir weisen ausdr\u00fccklich darauf hin, dass die Kolzov-Platte (russische Bezeichnung: &#8222;Korrektoren des funktionalen Zustands&#8220;) ein alternatives Energie- und Informationsprodukt ist und kein Heilmittel im Sinne der westlichen Schulmedizin. Vielmehr ist es ein rein energetisches Hilfsmittel zur ganzheitlichen Balancierung von energetischen Disharmonien und Blockaden. Informationen \u00fcber Qualit\u00e4t und Eigenschaften des Energieobjekts beziehen sich auf Aussagen des russischen Herstellers und alternativen Theorien zu Mensch und Umwelt, auf alternative Anschauungen und esoterische \u00dcberlieferungen oder Aussagen. Sie gelten nur im Sinne der esoterischen Lebensphilosophie und daran angelehnte Alternativheilkunde. Wirkungen im Sinne westlicher Wissenschaft oder Medizin werden hier nicht behauptet.<\/strong><\/em><\/p>","protected":false},"excerpt":{"rendered":"<p>Energien des neuen Zeitalters, hohe Lichtenergie, Arkturus-Energie-Schutzkokon, Seelenschutz, spirituelles Wachstum.<\/p>","protected":false},"featured_media":1917,"comment_status":"open","ping_status":"closed","template":"","meta":[],"product_brand":[],"product_cat":[55],"product_tag":[70],"class_list":{"0":"post-1912","1":"product","2":"type-product","3":"status-publish","4":"has-post-thumbnail","6":"product_cat-myriads-series","7":"product_tag-70","9":"first","10":"instock","11":"taxable","12":"shipping-taxable","13":"purchasable","14":"product-type-simple"},"_links":{"self":[{"href":"https:\/\/vigo-rio.com\/en\/wp-json\/wp\/v2\/product\/1912","targetHints":{"allow":["GET"]}}],"collection":[{"href":"https:\/\/vigo-rio.com\/en\/wp-json\/wp\/v2\/product"}],"about":[{"href":"https:\/\/vigo-rio.com\/en\/wp-json\/wp\/v2\/types\/product"}],"replies":[{"embeddable":true,"href":"https:\/\/vigo-rio.com\/en\/wp-json\/wp\/v2\/comments?post=1912"}],"wp:featuredmedia":[{"embeddable":true,"href":"https:\/\/vigo-rio.com\/en\/wp-json\/wp\/v2\/media\/1917"}],"wp:attachment":[{"href":"https:\/\/vigo-rio.com\/en\/wp-json\/wp\/v2\/media?parent=1912"}],"wp:term":[{"taxonomy":"product_brand","embeddable":true,"href":"https:\/\/vigo-rio.com\/en\/wp-json\/wp\/v2\/product_brand?post=1912"},{"taxonomy":"product_cat","embeddable":true,"href":"https:\/\/vigo-rio.com\/en\/wp-json\/wp\/v2\/product_cat?post=1912"},{"taxonomy":"product_tag","embeddable":true,"href":"https:\/\/vigo-rio.com\/en\/wp-json\/wp\/v2\/product_tag?post=1912"}],"curies":[{"name":"wp","href":"https:\/\/api.w.org\/{rel}","templated":true}]}}