{"id":1799,"date":"2026-01-15T10:16:11","date_gmt":"2026-01-15T10:16:11","guid":{"rendered":"https:\/\/vigo-rio.com\/?post_type=product&#038;p=1799"},"modified":"2026-02-04T19:55:49","modified_gmt":"2026-02-04T19:55:49","slug":"fc-wisdom","status":"publish","type":"product","link":"https:\/\/vigo-rio.com\/en\/product\/fc-wisdom\/","title":{"rendered":"FC Weisheit \/ Wisdom"},"content":{"rendered":"<p><strong>Kolzov-Platte: &#8222;Weisheit&#8220;\u00a0&#8211; (f\u00fcr Weisheit, Erkenntnis, Spiritualit\u00e4t und weises Handeln)<\/strong><br \/>\n<em>Die Platte tr\u00e4gt die russische Aufschrift: \u041c\u0423\u0414\u0420\u041e\u0421\u0422\u042c<\/em><\/p>\n<p>Die Verwendung der Kolzov-Platte \u201eWeisheit\u201c bietet die M\u00f6glichkeit, sich best\u00e4ndig in einem Zustand innerer Weisheit zu befinden, in allen Lebenslagen richtig zu handeln, sich kreativ zu verwirklichen und seine wahren Absichten zu erreichen. Die Platte hilft dabei, den von der Menschheit vergessenen Zustand g\u00f6ttlicher Freude aus tiefer Weisheit und Erkenntnis wieder zu erfahren.<\/p>\n<p><em>Die Aussagen beziehen sich auf alternative Testmethoden wie Meridianenergie-Messungen der Organfunktionskreisl\u00e4ufe nach TCM, Kirlian-Fotografie (EPG\/GDV-Kamera), Oberon, Amsat o.\u00e4. durch den Hersteller &#8222;Planet der Regionen&#8220; und stellen keine medizinische oder auf den physischen K\u00f6rper und dessen Organe bezogenen Aussage im Sinne der westlichen Schulmedizin dar.<\/em><\/p>\n<p><strong>Die Platte ist in diesem Sinne vor allem geeignet f\u00fcr:<\/strong><\/p>\n<ul>\n<li>Die Platte bef\u00e4higt den Menschen, die Freude an der g\u00f6ttlichen Weisheit zu erkennen; der Mensch kann immer weise und rechtschaffen im Einklang mit den Gesetzen des Universums handeln.<\/li>\n<li>Sie erweckt die g\u00f6ttliche, innere Weisheit der menschlichen Seele, f\u00fchrt hin zu klarem Denken und hilft dabei, das Wesen der in der \u00e4u\u00dferen Welt ablaufenden Ereignisse zu erkennen.<\/li>\n<li>Die Platte zielt darauf ab, das pers\u00f6nlichen Energieniveau zu erh\u00f6hen, das innere Licht zu erwecken und dadurch den Zustand innerer und \u00e4u\u00dferer spiritueller Sch\u00f6nheit eines Menschen in jedem Alter zu bewahren und zu \u00fcbertragen.<\/li>\n<li>F\u00f6rdert den Zugang zum kosmischen Wissen und die achtsame Teilnahme am Leben, um Fehler und negative Programme in Gedanken und Handlungen zu vermeiden.<\/li>\n<li>Aktiviert die Weisheit der Sch\u00f6pfung im Menschen, erleichtert die Orientierung und die Wahl des richtigen Weges unter dem Aspekt der Vorbestimmung und \u00f6ffnet so den Weg zur echter Selbst-Verwirklichung.<\/li>\n<li>Hilft dabei, die wahren W\u00fcnsche zu verstehen und zu verwirklichen und die eigenen kreativen F\u00e4higkeiten zu entfalten, um so die Ziele zu erreichen.<\/li>\n<li>Aktiviert den Wunsch, Sch\u00f6nheit im Innen wie im Au\u00dfen zu schaffen, den Raum der Liebe und G\u00fcte in der Gesellschaft zu bewahren und zu vergr\u00f6\u00dfern.<\/li>\n<li>Tr\u00e4gt zur spirituellen Entwicklung des Menschen bei, aktiviert sein bildliches Vorstellungsverm\u00f6gen, f\u00f6rdert das Erlernen von Fremdsprachen.<\/li>\n<\/ul>\n<p>Auf der Kolzov- Platte &#8222;Weisheit&#8220; sind unter anderem die Informationen des kosmo-energetischen Kanals des Gottes Wey gespeichert, die dazu verhelfen, den g\u00f6ttlichen Zustand der Freude aus der Weisheit \u201eWeedast\u201c zu erfahren.<\/p>\n<p>TIPP 1: Die Strukturierung von Wasser oder Lebensmitteln mit Hilfe der Platte Weisheit kann zu jeder Zeit durchgef\u00fchrt werden. Wenn man die Platte bei Meditationen, Gebeten oder energetischen Praktiken nutzen m\u00f6chten, dann ist die Tageszeit um zirka 20 Uhr besonders effektiv.<\/p>\n<p>TIPP 2: Um die g\u00f6ttliche Weisheit schneller in sich zu st\u00e4rken, nimmt man die Platte &#8222;Weisheit&#8220; in die rechte Hand, spannt den Hals leicht an und ber\u00fchrt mit der rechten Hand die rechte Halsschlagader (und informiert so mit der Platte das vorbeiflie\u00dfende Blut in der rechten Halsschlagader). Danach wechselt man Seite: die Platte in die linke Hand nehmen und an die linke Halsseite auf die linke Halsschlagader halten.<br \/>\nBlaue Farbe st\u00e4rkt die innere Wirkung der Platte. Wird die Platte zusammen mit einem Chrysoberyll-Kristall verwendet, \u00f6ffnet die Platte schneller auch das Ahnenged\u00e4chtnis und macht die spirituellen F\u00e4higkeiten der Vorfahren, die sie in fr\u00fcheren Inkarnationen erworben haben, verf\u00fcgbar.<\/p>\n<p>TIPP 3: Sollen Kraft und Lebensenergie durch die Platte &#8222;Weisheit&#8220; gest\u00e4rkt werden, legt man mindestens 4 Stunden oder l\u00e4nger eines der folgenden Lebensmittel zum Energetisieren auf die Platte und verzehrt sie: Haseln\u00fcsse, Kohlr\u00fcbe, Feijoa (brasilianische Guave), Austernpilz, Gerste, Salbei.<br \/>\nDie Energie der g\u00f6ttlichen Weisheit wird auch durch das H\u00f6ren von Musik oder das Spielen von verschiedenen Musikinstrumenten, wie der Schaleika (Horpfeife, eine russische Fl\u00f6tenart) oder der 5-saitigen Gitarre bei Verwendung der Platte aktiviert.<\/p>\n<p>TIPP 4: Die Platte &#8222;Weisheit&#8220; kann einzeln oder in Kombination verwendet werden mit den Platten: &#8222;Inka&#8220;, &#8222;Gr\u00fcne Tara &#8211; Kailash&#8220; und See Manasarovar &#8211; Kailash&#8220; (Serie Elite), &#8222;Geheimer Heiliger See&#8220;, Lhasa&#8220; (Serie Effizient) und &#8222;Indi&#8220; (Serie Kollektion).<\/p>\n<p>ZUR BEACHTUNG: Bei der Platte &#8222;Weisheit&#8220; sollte das Wasser zum Energetisieren mindestens 4 Stunden lang darauf gestellt werden.<\/p>\n<p><em><u>Ergebnis im LIFE-TEST:\u00a0<\/u>Die Kolzov-Platte &#8222;Weisheit&#8220; hat ein neutrales Energiefeld mit mehr als 40 000 Bovis. Damit aktiviert sie vor allem das Kronen- und das Stirn-Chakra, also die f\u00fcr das Bewusstsein &#8222;zust\u00e4ndigen&#8220; Kopfchakras, auf enorme 40 000 Bovis. Auch das Solarplexus-Chakra erh\u00f6ht seine Aktivit\u00e4t auf 40 000 Bovis. Das Herz- und das Wurzel-Chaka steigen auf sehr hohe 35 000 Bovis. Das Blase-\/Sexual-Chakra steigt auf 28 000 Bovis und das Hals-Chakra auf 14 000 Bovis. Durch die Aufladung der Chakras w\u00e4chst der bioenergetische Reaktionsabstand von zirka 75 Zentimetern um den K\u00f6rper sofort auf 1,50 Meter.<\/em><\/p>\n<p><strong><em>Wichtiger Hinweis:<br \/>\nWir weisen ausdr\u00fccklich darauf hin, dass die Kolzov-Platte (russische Bezeichnung: &#8222;Korrektoren des funktionalen Zustands&#8220;) ein alternatives Energie- und Informationsprodukt ist und kein Heilmittel im Sinne der westlichen Schulmedizin. Vielmehr ist es ein rein energetisches Hilfsmittel zur ganzheitlichen Balancierung von energetischen Disharmonien und Blockaden. Informationen \u00fcber Qualit\u00e4t und Eigenschaften des Energieobjekts beziehen sich auf Aussagen des russischen Herstellers und alternativen Theorien zu Mensch und Umwelt, auf alternative Anschauungen und esoterische \u00dcberlieferungen oder Aussagen. Sie gelten nur im Sinne der esoterischen Lebensphilosophie und daran angelehnte Alternativheilkunde. Wirkungen im Sinne westlicher Wissenschaft oder Medizin werden hier nicht behauptet.<\/em><\/strong><\/p>","protected":false},"excerpt":{"rendered":"<p>Die Kolzov-Platte \u201eWeisheit\u201c (\u041c\u0423\u0414\u0420\u041e\u0421\u0422\u042c) erm\u00f6glicht es dem Anwender, in einen Zustand tiefer innerer Klarheit und Erkenntnis zu gelangen. Sie unterst\u00fctzt weises, rechtschaffenes Handeln im Einklang mit den universellen Gesetzen, f\u00f6rdert die kreative Selbstverwirklichung und hilft dabei, das Wesen \u00e4u\u00dferer Ereignisse zu durchschauen. Zudem aktiviert sie das bildliche Vorstellungsverm\u00f6gen und ist eine wertvolle Unterst\u00fctzung beim Erlernen von Fremdsprachen.<\/p>","protected":false},"featured_media":2212,"comment_status":"open","ping_status":"closed","template":"","meta":[],"product_brand":[],"product_cat":[33],"product_tag":[116],"class_list":{"0":"post-1799","1":"product","2":"type-product","3":"status-publish","4":"has-post-thumbnail","6":"product_cat-elite-series","7":"product_tag-116","9":"first","10":"instock","11":"taxable","12":"shipping-taxable","13":"purchasable","14":"product-type-simple"},"_links":{"self":[{"href":"https:\/\/vigo-rio.com\/en\/wp-json\/wp\/v2\/product\/1799","targetHints":{"allow":["GET"]}}],"collection":[{"href":"https:\/\/vigo-rio.com\/en\/wp-json\/wp\/v2\/product"}],"about":[{"href":"https:\/\/vigo-rio.com\/en\/wp-json\/wp\/v2\/types\/product"}],"replies":[{"embeddable":true,"href":"https:\/\/vigo-rio.com\/en\/wp-json\/wp\/v2\/comments?post=1799"}],"wp:featuredmedia":[{"embeddable":true,"href":"https:\/\/vigo-rio.com\/en\/wp-json\/wp\/v2\/media\/2212"}],"wp:attachment":[{"href":"https:\/\/vigo-rio.com\/en\/wp-json\/wp\/v2\/media?parent=1799"}],"wp:term":[{"taxonomy":"product_brand","embeddable":true,"href":"https:\/\/vigo-rio.com\/en\/wp-json\/wp\/v2\/product_brand?post=1799"},{"taxonomy":"product_cat","embeddable":true,"href":"https:\/\/vigo-rio.com\/en\/wp-json\/wp\/v2\/product_cat?post=1799"},{"taxonomy":"product_tag","embeddable":true,"href":"https:\/\/vigo-rio.com\/en\/wp-json\/wp\/v2\/product_tag?post=1799"}],"curies":[{"name":"wp","href":"https:\/\/api.w.org\/{rel}","templated":true}]}}