{"id":1796,"date":"2026-01-15T10:13:48","date_gmt":"2026-01-15T10:13:48","guid":{"rendered":"https:\/\/vigo-rio.com\/?post_type=product&#038;p=1796"},"modified":"2026-03-10T16:26:31","modified_gmt":"2026-03-10T16:26:31","slug":"fc-triumph-of-being","status":"publish","type":"product","link":"https:\/\/vigo-rio.com\/en\/product\/fc-triumph-of-being\/","title":{"rendered":"FC Triumph des Seins \/ Triumph of Being"},"content":{"rendered":"<p><strong>Kolzov-Platte: &#8222;Triumph des Seins&#8220;\u00a0&#8211; (gibt Kraft und Stabilit\u00e4t, st\u00e4rkt die Resonanz mit der irdischen Sch\u00f6pfungsmatrix, mit den Energien der Erde und der heiligen Geometrie, hilft bei der Umsetzung von Zielen)<\/strong><br \/>\n<em>Die Platte tr\u00e4gt die russische Aufschrift: \u0422\u0420\u0418\u0423\u041c\u0424 \u0411\u042b\u0422\u0418\u042f<\/em><\/p>\n<p>Die Platte &#8222;Triumph des Seins&#8220; ist unverzichtbar f\u00fcr die Heilungsarbeit und ideal um Energie zu tanken und Ersch\u00f6pfungszust\u00e4nde zu lindern &#8211; sie ist sowohl f\u00fcr den eigenen Gebrauch als auch f\u00fcr Therapeuten und energetische Praktiken geeignet. Sie st\u00e4rkt allgemein die Resonanz mit der irdischen Sch\u00f6pfungsmatrix, mit den Energien der Erde und der heiligen Geometrie von der Zellebene bis ins Bewusstsein&#8230; Die Platte unterst\u00fctzt auch tiefe Meditationen und hilft, Verbindung mit den Ahnen aufzunehmen und fr\u00fchere Inkarnationen aufzuarbeiten.<\/p>\n<p><em>Die Aussagen beziehen sich auf alternative Testmethoden wie Meridianenergie-Messungen der Organfunktionskreisl\u00e4ufe nach TCM, Kirlian-Fotografie (EPG\/GDV-Kamera), Oberon, Amsat o.\u00e4. durch den Hersteller &#8222;Planet der Regionen&#8220; und stellen keine medizinische oder auf den physischen K\u00f6rper und dessen Organe bezogenen Aussage im Sinne der westlichen Schulmedizin dar.<\/em><\/p>\n<p><strong>Die Platte ist in diesem Sinne vor allem geeignet f\u00fcr:<\/strong><\/p>\n<ul>\n<li>vermittelt &#8222;Erdung&#8220;, Halt und Stabilit\u00e4t; sie hilft dabei, fest und selbstbewusst auf der Erde zu stehen und seine Lebensziele im &#8222;Hier und Jetzt&#8220; umzusetzen; st\u00e4rkt die Hinwendung zur realen Verwirklichung von Pl\u00e4nen, Projekten und Ereignissen und hilft sich von illusorischen &#8222;Wolkenfl\u00fcgen&#8220; zu l\u00f6sen, unterst\u00fctzt die Realisation seiner Absichten in einem Bewusstsein der F\u00fclle, der positiver Kommunikation und des gleichberechtigten Miteinander,<\/li>\n<li>st\u00e4rkt den Kontakt mit der irdischen Sch\u00f6pfungsmatrix und den urspr\u00fcnglichen Energien von Mutter Erde, schenkt Schutz und st\u00e4rkt die Wiederverbindung mit seinem nat\u00fcrlichen Lebensraum der Pflanzen und Tiere,<\/li>\n<li>stellt auch die Wiederverbindung mit der feinstofflichen Lebensph\u00e4re unseres Planeten Erde wieder her, die nach den Gesetzen der heiligen Geometrie wie dem &#8222;Goldenen Schnitt&#8220; aufgebaut ist, f\u00f6rdert so die Aktivierung dieser irdischen und zugleich &#8222;g\u00f6ttlichen&#8220; Harmonien, Frequenzen und Rhythmen im Menschen,<\/li>\n<li>durch diese bessere Resonanz des Organismus mit den Frequenzen des Lebens, kann die Platte kraftvoll auf k\u00f6rperlicher Ebene wirken und den Menschen auf den Weg der Heilung und des Strebens nach Wahrheit und innerer Sch\u00f6nheit f\u00fchren, zugleich \u00f6ffnet diese Resonanz mit der Sch\u00f6pfung auch sch\u00f6pferische F\u00e4higkeiten und verhilft zur Entstehung der richtigen Gedanken zur rechten Zeit,<\/li>\n<li>schwingt der Mensch in g\u00f6ttlicher Symmetrie \u00fcbertr\u00e4gt sich dies auf sein n\u00e4heres Umfeld, was den Prozess von Harmonisierung und Synchronisierung von K\u00f6rper und Geist, menschlicher Feldmatrix und den Energien der Erde weiter unterst\u00fctzt,<\/li>\n<li>so k\u00f6nnen auch negative psychische Energien und Emanationen, die von einer Person ausgesendet werden, transformiert werden,<\/li>\n<li>die Platte regt auch im Zellwasser des K\u00f6rpers eine Neustrukturierung an, was der Erneuerung und Regeneration des K\u00f6rpers auf zellul\u00e4rer Ebene dient und zugleich die Resonanz mit den nat\u00fcrlichen Energien der Sch\u00f6pfung weiter verst\u00e4rkt,<\/li>\n<li>so baut die Platte auf vielf\u00e4ltige Weise eine kraftvolle Erweiterung des Biofeldes, der Aura, auf.<\/li>\n<li>Die Platte f\u00fcllt und harmonisiert das Biofeld, nach einer ersten Erdung leitet sie die Energie von unten nach oben durch den K\u00f6rper und verwandelt diese aus einem ruhigen, gem\u00e4chlich dahinstr\u00f6menden Fluss in einen &#8222;feurigen&#8220; Zustand, der sich meist in den Handfl\u00e4chen konzentriert.<\/li>\n<li>Sie aktiviert und harmonisiert dabei die Arbeit des Herz-Kreislauf- und des Nervensystems, nimmt \u00c4ngste und erf\u00fcllt uns mit Ruhe und Zuversicht.<\/li>\n<li>So hilft die Platte dabei, Durchblutungsst\u00f6rungen, insbesondere in den unteren Extremit\u00e4ten, zu beheben, den Lymphfluss zu normalisieren und \u00d6deme zu lindern, und hilft dem K\u00f6rper, sich besser an Temperaturschwankungen anzupassen,<\/li>\n<li>sie erweist vorbeugende entz\u00fcndungshemmende Wirkung bei Erkrankungen des Harnsystems (Zystitis, Pyelonephritis, Prostatitis usw.),<\/li>\n<li>f\u00f6rdert die Ausscheidung von Giftstoffen, tr\u00e4gt zur Entschlackung des Verdauungstraktes bei und regt die Peristaltik an,<\/li>\n<li>sie kann zudem in einem ganzheitlichen Therapieansatz auch eine gute Erg\u00e4nzung bei der Behandlung altersbedingter Erkrankungen (Demenz, Alzheimer) sein.<\/li>\n<li>Die Platte erweckt das Ahnen- und Zellged\u00e4chtnis, aktiviert die unterbewusste Ebene und beseitigt &#8222;Anhaftungen&#8220; an die materielle Welt; so erm\u00f6glicht sie ein \u00dcberdenken der Grundwerte des eigenen Lebens, f\u00fchrt in eine neue innere qualitative Tiefe und hilft dabei, uns wieder daran zu erinnern, wie man gesund und lange bei hoher k\u00f6rperlicher und geistiger Vitalti\u00e4t leben kann.<\/li>\n<\/ul>\n<p>Auf der Platte &#8222;Triumph des Seins&#8220; sind die Energie und Informationen des Wassers aus dem See des Ngorongoro-Kraters in Tansania gespeichert.<\/p>\n<p>TIPP 1: W\u00e4hrend der ersten Anwendungen der Platte &#8222;Triumph des Seins&#8220; sollten Sie keine anderen Platten am K\u00f6rper tragen, um sich an diese neuen, starken Energien zu gew\u00f6hnen.<\/p>\n<p>TIPP 2: Trinken Sie zuerst ein Glas Wasser, welches mit der Platte &#8222;Triumph des Seins&#8220; energetisiert wurde. Nehmen Sie dann die Platte in die Hand, m\u00f6glicherweise versp\u00fcren Sie ein &#8222;Feuer&#8220; oder &#8222;Kribbeln&#8220;, dann legen Sie die Platte f\u00fcr 5-10 Minuten auf ein Problemstelle oder ein Organ Ihres K\u00f6rpers und bitten Sie um Heilung. Folgen Sie dabei Ihrer Intention. Nach dem Abklingen des &#8222;Feuergef\u00fchls&#8220; k\u00f6nnen Sie die Platte in die linke Hand nehmen und die rechte Hand in verschiedenen Abst\u00e4nden \u00fcber die Problemstelle bzw. das Organ in die Aura halten, um die St\u00f6rung auch in den verschiedenen Auraschichten zu harmonisieren.<\/p>\n<p>TIPP 3: Die Platte hat sich als ungew\u00f6hnlich hilfreich bei akuten und chronischen Blasenentz\u00fcndungen erwiesen. Hierbei sollte \u00fcber 21 Tage lang das damit energetisierte Wasser getrunken und die Platte t\u00e4glich f\u00fcr 10-15 Minuten (1-2mal t\u00e4glich) auf das erste und zweite Chakra gelegt werden. Auch Sitzb\u00e4der sind ebenfalls empfehlenswert.<\/p>\n<p>TIPP 4: Die Platte &#8222;Triumph des Seins&#8220; enth\u00e4lt starke Energieanteile des Feuerelements und sollte daher w\u00e4hrend der aktiven Zeit des Tages verwendet werden. Eine Anwendung in der Nacht unterm Kopfkissen kann den Schlaf unruhig und daher wengier erholsam werden lassen.<\/p>\n<p>TIPP 5: Die Platte &#8222;Triumph des Seins&#8220; kann einzeln verwendet werden, bildet aber mit der Platte &#8222;Energien der Erf\u00fcllung&#8220; ein einzigartiges Gespann, denn im Zusammenspiel gleichen diese beiden Platten die oberen und unteren Chakren aus und sie verst\u00e4rken gegenseitig die positiven Effekt beider Platten. Zus\u00e4tzlich kann die Platte &#8222;Triumph des Seins&#8220; auch sehr gut verwendet werden mit den Platten: &#8222;Fr\u00fchling des Lebens&#8220;, &#8222;Bewahrer des Lebens&#8220; und &#8222;Kolzovs Lichtgeschenk&#8220; (Serie Elite), Berg-Altar \/ Portal Orion-Sirius&#8220;, &#8222;Heilige H\u00f6hle&#8220; (Serie Effzient) aber auch mit allen anderen bisher erschienenen Platten verschiedener Serien bevorzugt noch mit: &#8222;Talisman&#8220;, &#8222;Code Gobi&#8220; &#8222;Gold der W\u00fcste Gobi&#8220;, &#8222;Wundert\u00e4ter&#8220;, &#8222;Kraft der Eintracht&#8220;, &#8222;Quelle der drei heiligen Hierarchen&#8220; (alle Serie Elite), &#8222;Lhasa&#8220;, &#8222;Neustart Reinigen&#8220; und &#8222;Neustart F\u00fcllen&#8220; (Serie Effizient).<\/p>\n<p>ZUR BEACHTUNG: Bei der Platte &#8222;Triumph des Seins&#8220; sollte das Wasser zum Energetisieren mindestens 7 Stunden lang darauf gestellt werden.<\/p>\n<p><em><u>Ergebnis im LIFE-TEST:<\/u>\u00a0Die Kolzov-Platte &#8222;Triumph des Seins&#8220; hat ein neutrales Energiefeld mit mehr als 40 000 Bovis. Damit aktiviert sie drei Chakras auf 40 000 Bovis: Stirn-, Hals- und Wurzel-Chakra. Das Solarplexus-Chakra steigt auf 35 000 Bovis, das Kronen-Chakra auf 28 000 Bovis, das Herz-Chakra auf 21 000 Bovis und das Blase-\/Sexual-Chakra verdoppelt noch seine Energie auf 14 000 Bovis. Durch die Aufladung der Chakras w\u00e4chst der bioenergetische Reaktionsabstand von zirka 75 Zentimetern um den K\u00f6rper auf 2,10 Meter. Wendet man die Platte &#8222;Triumph des Seins&#8220; gemeinsam mit der Platte &#8222;Energien der Erf\u00fcllung&#8220; an, steigen die Chakras in ihrer Energie alle auf 40 000 Bovis und der bioenergetische Reaktionsabstand, also die Ausdehnung der Aura, w\u00e4chst auf \u00fcber 3,00 Meter.<\/em><\/p>\n<p><strong><em>Wichtiger Hinweis:<br \/>\nWir weisen ausdr\u00fccklich darauf hin, dass die Kolzov-Platte (russische Bezeichnung: &#8222;Korrektoren des funktionalen Zustands&#8220;) ein alternatives Energie- und Informationsprodukt ist und kein Heilmittel im Sinne der westlichen Schulmedizin. Vielmehr ist es ein rein energetisches Hilfsmittel zur ganzheitlichen Balancierung von energetischen Disharmonien und Blockaden. Informationen \u00fcber Qualit\u00e4t und Eigenschaften des Energieobjekts beziehen sich auf Aussagen des russischen Herstellers und alternativen Theorien zu Mensch und Umwelt, auf alternative Anschauungen und esoterische \u00dcberlieferungen oder Aussagen. Sie gelten nur im Sinne der esoterischen Lebensphilosophie und daran angelehnte Alternativheilkunde. Wirkungen im Sinne westlicher Wissenschaft oder Medizin werden hier nicht behauptet.<\/em><\/strong><\/p>","protected":false},"excerpt":{"rendered":"<p>Die Kolzov-Platte \u201eTriumph des Seins\u201c (\u0422\u0420\u0418\u0423\u041c\u0424 \u0411\u042b\u0422\u0418\u042f) ist ein kraftvolles Werkzeug f\u00fcr Erdung, Stabilit\u00e4t und vitale Kraft. Sie st\u00e4rkt die Resonanz mit der irdischen Sch\u00f6pfungsmatrix und der heiligen Geometrie, hilft bei der Realisierung konkreter Projekte im \u201eHier und Jetzt\u201c und wirkt Ersch\u00f6pfungszust\u00e4nden entgegen. Durch die Verbindung mit den Energien des Ngorongoro-Kraters unterst\u00fctzt sie die zellul\u00e4re Regeneration, harmonisiert den Lymphfluss und dient der Aufarbeitung des Ahnen- und Zellged\u00e4chtnisses.<\/p>","protected":false},"featured_media":2184,"comment_status":"open","ping_status":"closed","template":"","meta":[],"product_brand":[],"product_cat":[33],"product_tag":[98],"class_list":{"0":"post-1796","1":"product","2":"type-product","3":"status-publish","4":"has-post-thumbnail","6":"product_cat-elite-series","7":"product_tag-98","9":"first","10":"instock","11":"taxable","12":"shipping-taxable","13":"purchasable","14":"product-type-simple"},"_links":{"self":[{"href":"https:\/\/vigo-rio.com\/en\/wp-json\/wp\/v2\/product\/1796","targetHints":{"allow":["GET"]}}],"collection":[{"href":"https:\/\/vigo-rio.com\/en\/wp-json\/wp\/v2\/product"}],"about":[{"href":"https:\/\/vigo-rio.com\/en\/wp-json\/wp\/v2\/types\/product"}],"replies":[{"embeddable":true,"href":"https:\/\/vigo-rio.com\/en\/wp-json\/wp\/v2\/comments?post=1796"}],"wp:featuredmedia":[{"embeddable":true,"href":"https:\/\/vigo-rio.com\/en\/wp-json\/wp\/v2\/media\/2184"}],"wp:attachment":[{"href":"https:\/\/vigo-rio.com\/en\/wp-json\/wp\/v2\/media?parent=1796"}],"wp:term":[{"taxonomy":"product_brand","embeddable":true,"href":"https:\/\/vigo-rio.com\/en\/wp-json\/wp\/v2\/product_brand?post=1796"},{"taxonomy":"product_cat","embeddable":true,"href":"https:\/\/vigo-rio.com\/en\/wp-json\/wp\/v2\/product_cat?post=1796"},{"taxonomy":"product_tag","embeddable":true,"href":"https:\/\/vigo-rio.com\/en\/wp-json\/wp\/v2\/product_tag?post=1796"}],"curies":[{"name":"wp","href":"https:\/\/api.w.org\/{rel}","templated":true}]}}