{"id":1795,"date":"2026-01-15T10:13:29","date_gmt":"2026-01-15T10:13:29","guid":{"rendered":"https:\/\/vigo-rio.com\/?post_type=product&#038;p=1795"},"modified":"2026-02-04T19:56:27","modified_gmt":"2026-02-04T19:56:27","slug":"fc-treasure-of-spain","status":"publish","type":"product","link":"https:\/\/vigo-rio.com\/en\/product\/fc-treasure-of-spain\/","title":{"rendered":"FC Schatz Spaniens \/ Treasure of Spain"},"content":{"rendered":"<p><strong>Kolzov-Platte: &#8222;Schatz Spaniens&#8220;\u00a0&#8211; (f\u00fcr &#8222;Spa&#8220;-Anwendungen daheim, f\u00fcr die Energetisierung von B\u00e4dern und Cremes, f\u00fcr Haut und Bewegungsapparat, zur Regeneration nach HNO-Erkrankungen &#8211; auch Covid-19)<\/strong><br \/>\n<em>Die Platte tr\u00e4gt die russische Aufschrift: \u0421\u041e\u041a\u0420\u041e\u0412\u0418\u0429\u0415 \u0418\u0421\u041f\u0410\u041d\u0418\u0418<\/em><\/p>\n<p>Die Platte &#8222;Der Schatz Spaniens&#8220; leistet gute Dienste im privaten Spa zu Hause &#8211; f\u00fcr Salzb\u00e4der, Moorpackungen, kosmetische Masken und Packungen, Duftlampen, Salzlampen und -grotten, zur Inhalationen, Energetisierung von Cremes, Gesichtswasser etc. Die Platte tr\u00e4gt zur Behandlung von Haut und Bewegungsapparates bei und dient der Vorbeugung und Behandlung von Erkrankungen der Atemwege und ist hilfreich bei gyn\u00e4kologischen und urologischen Krankheiten. Auf ihr ist das Heilgeheimnis des pinkfarbenen Salzsees von Torrevieja in Spanien gespeichert.<\/p>\n<p><em>Die Aussagen beziehen sich auf alternative Testmethoden wie Meridianenergie-Messungen der Organfunktionskreisl\u00e4ufe nach TCM, Kirlian-Fotografie (EPG\/GDV-Kamera), Oberon, Amsat o.\u00e4. durch den Hersteller &#8222;Planet der Regionen&#8220; und stellen keine medizinische oder auf den physischen K\u00f6rper und dessen Organe bezogenen Aussage im Sinne der westlichen Schulmedizin dar.<\/em><\/p>\n<p><strong>Die Platte ist in diesem Sinne vor allem geeignet f\u00fcr:<\/strong><\/p>\n<ul>\n<li>f\u00f6rdert die Regeneration, Erneuerung und Verj\u00fcngung der Haut durch Unterst\u00fctzung der Blutversorgung verschiedener Hautschichten (was ein breites Anwendungsspektrum in der kosmetischen Behandlung er\u00f6ffnet),<\/li>\n<li>hilft im Energetischen bei der Behandlung von Hauterkrankungen wie Dermatitis, Ekzemen, Psoriasis, Neurodermitis, Akne, Wunden, Schnittverletzungen (auch in Verbindung mit einer entz\u00fcndlichen Komponente),<\/li>\n<li>st\u00e4rkt Knochen, Z\u00e4hne und N\u00e4gel<\/li>\n<li>wirkt energetisch unterst\u00fctzend bei verschiedensten Erkrankungen des Bewegungsapparates, auch entz\u00fcndlicher Art wie Arthralgie, Arthritis, Arthrose, Gicht, Tennisellbogen, bei Osteoporose, Osteochondrose und anderen Erkrankungen von Gelenken und Bandscheiben u.v.m,<\/li>\n<li>wirkt unterst\u00fctzend bei der Wiederherstellung des S\u00e4ure-Basen-Gleichgewichts und des Wasser-Salz-Gleichgewichts im K\u00f6rper und wirkt abschwellend bei \u00d6demen,<\/li>\n<li>wird als energetische Unterst\u00fctzung empfohlen bei Herz-Kreislauf-Erkrankungen, senkt den Blutdruck und stellt die Herzfrequenz wieder her,<\/li>\n<li>tr\u00e4gt energetisch zur Verbesserung des funktionellen Zustandes der Atmungsorgane bei einer Vielzahl von Erkrankungen der oberen Atemwege, Bronchien und der Lunge bei,<\/li>\n<li>die Platte ist zudem ein wichtiges Glied eines umfassenden Rehabilitationsprogramms nach durchgemachten HNO-Erkrankungen, ob entz\u00fcndlicher, bakterieller oder viraler Art (einschlie\u00dflich Lungenentz\u00fcndung, virusbedingter Atemwegserkrankungen, COVID-19 usw.),<\/li>\n<li>\u2022 wirkt abschwellend und krampfl\u00f6send bei Personen, die an Asthma bronchiale leiden, bei Verkrampfungen der Bronchien und Bronchiolen,<\/li>\n<li>hilft energetisch unterst\u00fctzend bei entz\u00fcndlichen, infekti\u00f6sen, viralen Erkrankungen der Genitalorgane, auch bei unspezifischen Krankheiten, hervorgerufen durch Immunschw\u00e4che, mangelnder K\u00f6rperhygiene oder \u00c4nderung des pH-Werts infolge gyn\u00e4kologischer Eingriffe,<\/li>\n<li>hilft energetisch unterst\u00fctzend auch bei einer Vielzahl von urologischen Erkrankungen bei M\u00e4nnern und Frauen (Nieren, Harnleiter, Blase, Harnr\u00f6hre), auch in Folge von Unterk\u00fchlung, Bewegungsmangel, Durchblutungsst\u00f6rungen in den Beckenorganen oder bei Lymphstau,<\/li>\n<li>hilft dabei, Stress und Depressionen abzubauen, wirkt einer Schlaflosigkeit entgegen und ist wirkungsvoll bei nerv\u00f6ser Ersch\u00f6pfung,<\/li>\n<li>kann unterst\u00fctzend bei gesundheitsf\u00f6rdernden Praktiken der Atem- und K\u00f6rperarbeit verwendet werden etwa bei Yoga, Qi-Gong, Wushu und Atemtechniken.<\/li>\n<\/ul>\n<p>Auf der Platte &#8222;Der Schatz Spaniens&#8220; sind u.a. die Informationen der heilkr\u00e4ftigen Salzseen von Torrevieja, bei Mucia in S\u00fcdspanien, gespeichert. Insbesondere der pinke See der Salinas in Torrevieja verf\u00fcgt \u00fcber therapeutische Eigenschaften, die ihn zu einem Natur-Spa machen. Es wird berichtet, dass die \u00f6rtliche N\u00e4he zum See schon positive Auswirkungen f\u00fcr das Wohlbefinden und Gesundheit \u00fcber das Einatmen der salzhaltigen Luft hat. Die au\u00dfergew\u00f6hnliche pinke Farbe des Wassers im Salzsee entsteht durch eine seltene Variante der Mikro-Algenart &#8222;Dunaliella Salina&#8220;.<\/p>\n<p>TIPP 1: Trinken Sie Wasser, welches mit der Platte energetisiert wurde, verwenden Sie dieses bzw. die Platte auch f\u00fcr Fu\u00df-, Wannen- oder Duschb\u00e4der, f\u00fcr Umschl\u00e4ge, Moorpackungen und kosmetische Masken, f\u00fcr Sp\u00fclungen und G\u00fcsse. Inhalieren Sie mit dem energetisiertem Wasser, verwenden Sie die Platte bei Salzlampen und Salzgrotten. Es ist sinnvoll, kosmetische und medizinische Cremes, Salben und verschiedene Hygieneprodukte f\u00fcr die \u00e4u\u00dferliche Anwendung mit der Platte zu energetisieren. Die Platte ist daher universell als heimische &#8222;Spa&#8220;-Platte einsetzbar.<\/p>\n<p>TIPP 2: Die Platte kann die Gesundung und Rehabilitation nach operativen Eingriffen und Verletzungen beschleunigen und ebenso in der Sportmedizin verwendet werden. Kommt es bei Erkrankungen des Bewegungsapparates zu schnellen Reaktionen und damit zu sogenannten &#8222;Erstverschlimmerungen&#8220; pausieren mit der Anwendung der Platte und verwenden Sie in der Zwischnezeit z.B: die Platte &#8222;Bewegungsfreiheit&#8220;, &#8222;Sch\u00f6ne Haut&#8220; oder &#8222;Gesunde Gelenke&#8220; oder eine andere der unten genannten Platten.<\/p>\n<p>TIPP 3: Die Platte &#8222;Der Schatz Spaniens&#8220; kann einzeln oder in Kombination verwendet werden vor allem mit den Platten: &#8222;Bewegungsfreiheit&#8220;, &#8222;Bogurajew&#8220;, &#8222;Paraskeva&#8220; und &#8222;Weggef\u00e4hrte&#8220;(in der &#8222;Winterserie 2020&#8220;), &#8222;Allergieschutz&#8220;, &#8222;Barbara Quelle&#8220;, &#8222;Quelle der drei heiligen Hierarchen&#8220;, &#8222;Ph\u00f6nix&#8220;, &#8222;Neurovita&#8220;, &#8222;Welikoretzki&#8220;, &#8222;Gesunde Lunge&#8220; und &#8222;Extra HNO&#8220;, Kamerton (Serie &#8222;Kollektion&#8220;), &#8222;Sch\u00f6ne Haut&#8220; (Serie &#8222;Effizient&#8220;), &#8222;Nr.10 &#8211; Gesunde Gelenke&#8220; (Serie &#8222;Violett&#8220;), &#8222;Nr.2&#8220;, &#8222;Nr.3&#8220; und &#8222;Nr.5&#8243; (Serie Blau&#8220;).<\/p>\n<p>Zur BEACHTUNG: Bei der Platte &#8222;Der Schatz Spaniens&#8220; sollte das Wasser zum Energetisieren mindestens 4,5 Stunden lang darauf gestellt werden.<\/p>\n<p><em><u>Ergebnis im LIFE-TEST:\u00a0<\/u>Die Kolzov-Platte &#8222;Schatz Spaniens&#8220; hat ein neutrales Energiefeld mit mehr als 40 000 Bovis. Damit aktiviert sie vor allem das Hals- und das Solarplexus-Chakra sehr stark auf \u00fcber 40 000 Bovis. Das Herz-Chakra steigt auf ebenfalls hohe 28 000 Bovis. Stirn-Chakra und Blase-\/Sexual-Chakra steigen auf 21 000, und Kronen- und Wurzel-Chakra verdoppeln ihre Energie auf 14 000 Bovis. Durch die Aufladung der Chakras w\u00e4chst der bioenergetische Reaktionsabstand von zirka 75 Zentimetern um den K\u00f6rper auf 1,40 Meter.<br \/>\nWasser-Energetisierung: fixiert man die Platte am Wasserhahn oder h\u00e4lt sie in die Luft direkt neben dem Wasserstrahl beim Einf\u00fcllen des Glases hat das Wasser im Glas sofort eine Energie von 40 000 Bovis und damit genauso viel wie nach 4,5 Stunden darauf stehender Energetisierung!<\/em><\/p>\n<p><strong><em>Wichtiger Hinweis:<br \/>\nWir weisen ausdr\u00fccklich darauf hin, dass die Kolzov-Platte (russische Bezeichnung: &#8222;Korrektoren des funktionalen Zustands&#8220;) ein alternatives Energie- und Informationsprodukt ist und kein Heilmittel im Sinne der westlichen Schulmedizin. Vielmehr ist es ein rein energetisches Hilfsmittel zur ganzheitlichen Balancierung von energetischen Disharmonien und Blockaden. Informationen \u00fcber Qualit\u00e4t und Eigenschaften des Energieobjekts beziehen sich auf Aussagen des russischen Herstellers und alternativen Theorien zu Mensch und Umwelt, auf alternative Anschauungen und esoterische \u00dcberlieferungen oder Aussagen. Sie gelten nur im Sinne der esoterischen Lebensphilosophie und daran angelehnte Alternativheilkunde. Wirkungen im Sinne westlicher Wissenschaft oder Medizin werden hier nicht behauptet.<\/em><\/strong><\/p>","protected":false},"excerpt":{"rendered":"<p>Die Kolzov-Platte \u201eSchatz Spaniens\u201c (\u0421\u041e\u041a\u0420\u041e\u0412\u0418\u0429\u0415 \u0418\u0421\u041f\u0410\u041d\u0418\u0418) ist die ideale \u201eSpa-Platte\u201c f\u00fcr zu Hause. Sie nutzt die heilsamen Informationen des pinkfarbenen Salzsees von Torrevieja, um Haut und Bewegungsapparat zu regenerieren. Sie ist eine kraftvolle Unterst\u00fctzung bei der Rehabilitation nach Atemwegserkrankungen (inkl. Covid-19), harmonisiert das Wasser-Salz-Gleichgewicht und dient der energetischen Pflege bei gyn\u00e4kologischen sowie urologischen Themen.<\/p>","protected":false},"featured_media":2208,"comment_status":"open","ping_status":"closed","template":"","meta":[],"product_brand":[],"product_cat":[33],"product_tag":[113],"class_list":{"0":"post-1795","1":"product","2":"type-product","3":"status-publish","4":"has-post-thumbnail","6":"product_cat-elite-series","7":"product_tag-113","9":"first","10":"instock","11":"taxable","12":"shipping-taxable","13":"purchasable","14":"product-type-simple"},"_links":{"self":[{"href":"https:\/\/vigo-rio.com\/en\/wp-json\/wp\/v2\/product\/1795","targetHints":{"allow":["GET"]}}],"collection":[{"href":"https:\/\/vigo-rio.com\/en\/wp-json\/wp\/v2\/product"}],"about":[{"href":"https:\/\/vigo-rio.com\/en\/wp-json\/wp\/v2\/types\/product"}],"replies":[{"embeddable":true,"href":"https:\/\/vigo-rio.com\/en\/wp-json\/wp\/v2\/comments?post=1795"}],"wp:featuredmedia":[{"embeddable":true,"href":"https:\/\/vigo-rio.com\/en\/wp-json\/wp\/v2\/media\/2208"}],"wp:attachment":[{"href":"https:\/\/vigo-rio.com\/en\/wp-json\/wp\/v2\/media?parent=1795"}],"wp:term":[{"taxonomy":"product_brand","embeddable":true,"href":"https:\/\/vigo-rio.com\/en\/wp-json\/wp\/v2\/product_brand?post=1795"},{"taxonomy":"product_cat","embeddable":true,"href":"https:\/\/vigo-rio.com\/en\/wp-json\/wp\/v2\/product_cat?post=1795"},{"taxonomy":"product_tag","embeddable":true,"href":"https:\/\/vigo-rio.com\/en\/wp-json\/wp\/v2\/product_tag?post=1795"}],"curies":[{"name":"wp","href":"https:\/\/api.w.org\/{rel}","templated":true}]}}