{"id":1793,"date":"2026-01-15T10:12:50","date_gmt":"2026-01-15T10:12:50","guid":{"rendered":"https:\/\/vigo-rio.com\/?post_type=product&#038;p=1793"},"modified":"2026-02-04T19:56:38","modified_gmt":"2026-02-04T19:56:38","slug":"fc-three-holy-hierarchs","status":"publish","type":"product","link":"https:\/\/vigo-rio.com\/en\/product\/fc-three-holy-hierarchs\/","title":{"rendered":"FC Drei Heilige Hierachen \/ Three Holy Hierarchs"},"content":{"rendered":"<p><strong>Kolzov-Platte: &#8222;Quelle der drei Heiligen Hierarchen&#8220;\u00a0&#8211; kurz: &#8222;Drei Hierarchen&#8220; (f\u00fcr gesunde Lebensweise und Pers\u00f6nlichkeitsentwicklung, bei Erkrankungen von Nervensystem und Bewegungsapparat)<\/strong><\/p>\n<p><em>Die Platte tr\u00e4gt die russische Aufschrift: \u0422\u0420\u0418 \u0421\u0412\u042f\u0422\u0418\u0422\u0415\u041b\u042f<\/em><\/p>\n<p>Die Platte &#8222;Quelle der drei Heiligen Hierarchen&#8220; (oder kurz &#8222;Drei Hierarchen&#8220;) unterst\u00fctzt nachhaltig darin, eine gesunde Lebensweise zu f\u00fchren. Sie dient zudem der energetischen Unterst\u00fctzung und Vorbeugung bei Erkrankungen des Nervensystems und der Wirbels\u00e4ule, auch nach Verletzungen und Operationen. Sie ist besonders in Zeiten von Stress, bei hormonellem Ungleichgewicht und Stoffwechselst\u00f6rungen, bei Fehlern\u00e4hrung, Verdauungs- und Durchblutungsst\u00f6rungen sehr zu empfehlen. Zudem unterst\u00fctzt sie die Pers\u00f6nlichkeitsentwicklung insbesondere in Phasen der Ver\u00e4nderung &#8211; sowohl in der Jugend als auch im Erwachsenenalter.<\/p>\n<p><em>Die Aussagen beziehen sich auf alternative Testmethoden wie Meridianenergie-Messungen der Organfunktionskreisl\u00e4ufe nach TCM, Kirlian-Fotografie (EPG\/GDV-Kamera), Oberon, Amsat o.\u00e4. durch den Hersteller &#8222;Planet der Regionen&#8220; und stellen keine medizinische oder auf den physischen K\u00f6rper und dessen Organe bezogenen Aussage im Sinne der westlichen Schulmedizin dar.<\/em><\/p>\n<p><strong>Die Platte ist in diesem Sinne vor allem geeignet f\u00fcr:<\/strong><\/p>\n<ul>\n<li>bei chronischem Stress, hormonellem Ungleichgewicht und Stoffwechselst\u00f6rungen,<\/li>\n<li>f\u00fcr alle, die sich wenig bewegen und sch\u00e4dliche Substanzen im \u00dcberma\u00df zu sich nehmen (zu viel Zucker und Fett, Genussmittel, Alkohol, Tabak, Drogen),<\/li>\n<li>hilft energetisch bei diversen Problemen der Durchblutung wie: Blutdruckschwankungen, Herzrhythmusst\u00f6rungen, Durchblutungsst\u00f6rungen (auch des Gehirns), Herzbeschwerden, Schwindelgef\u00fchl, Luftmangel, St\u00f6rung der Thermoregulation (Sch\u00fcttelfrost, Fieber), Verdauungsst\u00f6rungen, Reizdarmsyndrom und vielem mehr und dient der Vorbeugung von Gef\u00e4\u00dferkrankungen,<\/li>\n<li>hilft bei der Vorbeugung und der Heilung von Erkrankungen des Bewegungsapparates wie: bei unterschiedlichen Erkrankungen, die Knochen, Gelenke, Muskeln oder Bindegewebe sch\u00e4digen sowie bei neurologischen St\u00f6rungen der Wirbels\u00e4ule,<\/li>\n<li>unterst\u00fctzt energetisch die schnellere Genesung und Rehabilitation nach Verletzungen und Krankheiten,<\/li>\n<li>beugt vor und hilft im Energetischen bei neuro-vegetativen St\u00f6rungen wie Schlaflosigkeit, Kopfschmerzen, Verschlechterung des Allgemeinzustands, Fehlfunktionen des Nervensystems (wie vegetativ-vaskul\u00e4re Dystonie usw.) bei,<\/li>\n<li>hilft bei Erkrankungen des Nervensystems wie: bei Nervenleiden, die durch st\u00e4ndigen Stress und \u00dcberlastung entstehen, Neurosen unterschiedlicher Ursache, bei Erkrankungen des peripheren Nervensystems in Zusammenhang mit dem Bewegungsapparat, bei Einklemmen oder Sch\u00e4digung von Nervenwurzeln, bei Neuropathie und Neuralgie usw., bei traumatischen Hirnverletzungen (Gehirnersch\u00fctterungen, Hirnprellungen usw.),<\/li>\n<li>bei somatischen Erkrankungen unterschiedlichen Ursprungs, zur Vorbeugung von psychosomatischen Komplikationen (Depression, Neurose usw.)<\/li>\n<li>bei psychogene St\u00f6rungen des Nervensystems (neurotische St\u00f6rungen, Stresszust\u00e4nde, posttraumatische Stressst\u00f6rungen, emotionale Erregungszust\u00e4nde)<\/li>\n<li>hilft im Energetischen w\u00e4hrend der Schwangerschaft und bei der Geburt verschiedenen Erkrankungen des Nervensystems vorzubeugen (traumatischen Verletzungen des Nervensystems, verschiedene Stoffwechselst\u00f6rungen usw.),<\/li>\n<li>unterst\u00fctzt den K\u00f6rper bei verschiedenen erblich bedingten Krankheiten des Nervensystems (einschlie\u00dflich Muskeldystrophie, Myasthenie, spinale Muskelatrophie),<\/li>\n<li>In Lebensphasen der Ver\u00e4nderung und \u00dcbergangszeiten kann das Nervensystem besonders belastet sein &#8211; hier unterst\u00fctzt die Platte Jugendliche und Erwachsene in unterschiedlichen Etappen der Pers\u00f6nlichkeitsentwicklung.<\/li>\n<li>Unterst\u00fctzt die Auspr\u00e4gung des Charakters, insbesondere im Jugendalter, f\u00f6rdert Geduld, Achtsamkeit, Toleranz und ad\u00e4quate Wahrnehmung der Welt und des Platzes, den wir in ihr einnehmen, regt den Willen zum Lernen und zur Erweiterung des geistigen Horizonts an, hilft dabei, die Versuchungen des heutigen Lebens, die vom ureigenen Lebensziel ablenken, besser zu erkennen und ihnen zu widerstehen.<\/li>\n<\/ul>\n<p>Auf der Platte &#8222;Quelle der drei Heiligen Hierarchen&#8220; ist die Information der gleichnamigen heilkr\u00e4ftigen &#8222;Quelle der drei Heiligen Hierarchen&#8220; gespeichert, die in der N\u00e4he des orthodoxen Klosters Toplowski auf der Krim entspringt. Als die drei heiligen Hierarchen werden die im 4.Jhd. lebenden Bisch\u00f6fe Basilius der Gro\u00dfe, Gregor der Theologe und Johannes Chrysostomos bezeichnet.<\/p>\n<p>TIPP 1: Die Platte &#8222;Quelle der drei Heiligen Hierarchen&#8220; kann bei Bedarf sehr gut kombiniert werden mit den Kolzov-Platten Nr.1, Nr.2, Nr.5 und Nr.7 (Serie Blau), mit den Platten &#8222;Neurovita&#8220;, &#8222;Barbara-Quelle&#8220;, &#8222;Sdrawa&#8220; (Serie Kollektion), &#8222;Kolzovs Lichtgeschenk&#8220; und &#8222;Wundert\u00e4ter&#8220; (Serie Elite), &#8222;Langes Leben&#8220; (Serie Gr\u00fcn) und &#8222;Danilowo See&#8220; (Serie Effizient).<\/p>\n<p>ZUR BEACHTUNG: Bei dieser Platte sollte das Wasser zum Energetisieren mindestens 4 Stunden lang darauf gestellt werden, also am besten einfach \u00fcber Nacht eine Flasche Wasser bzw. Karaffe daraufstellen und \u00fcber den Tag verteilt trinken.<br \/>\nF\u00fcr eine intensive Anwendung trinken Sie Wasser, welches mit Hilfe der Platte energetisiert wurde, tragen Sie die Platte bei sich und lassen Sie sich mit der Platte und einer der oben erw\u00e4hnten &#8222;Durchstr\u00f6men&#8220;.<\/p>\n<p><em><u>Ergebnis im LIFE-TEST:\u00a0<\/u>Die Kolzov-Platte &#8222;Quelle der Drei Heiligen Hierarchen&#8220; hat ein neutrales Energiefeld mit mehr als 40 000 Bovis. Damit aktiviert sie insbesondere das Kronen-Chakra, Stirn-Chakra und Herz-Chakra die in ihrer Energie auf enorme 40 000 Bovis steigen. Das Solarplexus-Chakra steigt auf ebenfalls sehr hohe 35 000 Bovis. Hals- und Blasen-\/Sexual-Chakra steigen auf 28 000 Bovis. Das Wurzel-Chakra verdreifacht noch seine Energie auf 21 000 Bovis. Das Energiefeld erf\u00e4hrt eine St\u00e4rkung und Kr\u00e4ftigung und der bioenergetische Reaktionsabstand verdoppelt seine Ausdehnung von 75 Zentimetern um den K\u00f6rper auf 1,5 Meter.<\/em><\/p>\n<p>&nbsp;<\/p>\n<p><strong><em>Wichtiger Hinweis:<br \/>\nWir weisen ausdr\u00fccklich darauf hin, dass die Kolzov-Platte (russische Bezeichnung: &#8222;Korrektoren des funktionalen Zustands&#8220;) ein alternatives Energie- und Informationsprodukt ist und kein Heilmittel im Sinne der westlichen Schulmedizin. Vielmehr ist es ein rein energetisches Hilfsmittel zur ganzheitlichen Balancierung von energetischen Disharmonien und Blockaden. Informationen \u00fcber Qualit\u00e4t und Eigenschaften des Energieobjekts beziehen sich auf Aussagen des russischen Herstellers und alternativen Theorien zu Mensch und Umwelt, auf alternative Anschauungen und esoterische \u00dcberlieferungen oder Aussagen. Sie gelten nur im Sinne der esoterischen Lebensphilosophie und daran angelehnte Alternativheilkunde. Wirkungen im Sinne westlicher Wissenschaft oder Medizin werden hier nicht behauptet.<\/em><\/strong><\/p>","protected":false},"excerpt":{"rendered":"<p>unterst\u00fctzt eine gesunde Lebensweise und bietet energetische Hilfe bei Erkrankungen des Nervensystems sowie des Bewegungsapparates. Sie f\u00f6rdert die Rehabilitation nach Verletzungen, harmonisiert den Stoffwechsel bei Fehlern\u00e4hrung und begleitet Jugendliche sowie Erwachsene als stabilisierende Kraft in Phasen der Pers\u00f6nlichkeitsentwicklung und Ver\u00e4nderung.<\/p>","protected":false},"featured_media":2187,"comment_status":"open","ping_status":"closed","template":"","meta":[],"product_brand":[],"product_cat":[33],"product_tag":[100],"class_list":{"0":"post-1793","1":"product","2":"type-product","3":"status-publish","4":"has-post-thumbnail","6":"product_cat-elite-series","7":"product_tag-100","9":"first","10":"instock","11":"taxable","12":"shipping-taxable","13":"purchasable","14":"product-type-simple"},"_links":{"self":[{"href":"https:\/\/vigo-rio.com\/en\/wp-json\/wp\/v2\/product\/1793","targetHints":{"allow":["GET"]}}],"collection":[{"href":"https:\/\/vigo-rio.com\/en\/wp-json\/wp\/v2\/product"}],"about":[{"href":"https:\/\/vigo-rio.com\/en\/wp-json\/wp\/v2\/types\/product"}],"replies":[{"embeddable":true,"href":"https:\/\/vigo-rio.com\/en\/wp-json\/wp\/v2\/comments?post=1793"}],"wp:featuredmedia":[{"embeddable":true,"href":"https:\/\/vigo-rio.com\/en\/wp-json\/wp\/v2\/media\/2187"}],"wp:attachment":[{"href":"https:\/\/vigo-rio.com\/en\/wp-json\/wp\/v2\/media?parent=1793"}],"wp:term":[{"taxonomy":"product_brand","embeddable":true,"href":"https:\/\/vigo-rio.com\/en\/wp-json\/wp\/v2\/product_brand?post=1793"},{"taxonomy":"product_cat","embeddable":true,"href":"https:\/\/vigo-rio.com\/en\/wp-json\/wp\/v2\/product_cat?post=1793"},{"taxonomy":"product_tag","embeddable":true,"href":"https:\/\/vigo-rio.com\/en\/wp-json\/wp\/v2\/product_tag?post=1793"}],"curies":[{"name":"wp","href":"https:\/\/api.w.org\/{rel}","templated":true}]}}