{"id":1791,"date":"2026-01-15T10:12:09","date_gmt":"2026-01-15T10:12:09","guid":{"rendered":"https:\/\/vigo-rio.com\/?post_type=product&#038;p=1791"},"modified":"2026-02-04T19:56:46","modified_gmt":"2026-02-04T19:56:46","slug":"fc-tapir-cave-cenotes-yucatan","status":"publish","type":"product","link":"https:\/\/vigo-rio.com\/en\/product\/fc-tapir-cave-cenotes-yucatan\/","title":{"rendered":"FC Tapirh\u00f6hle Cenoten Yucatan \/ Tapir Cave Cenotes Yucatan"},"content":{"rendered":"<p><strong>Kolzov-Platte: &#8222;Tapirh\u00f6hle &#8211; Cenoten Yucatans&#8220;\u00a0&#8211; f\u00fcr energetische und emotionale Reinigung, vermittelt hohe Lichtenergie, Liebe und Harmonie)<\/strong><\/p>\n<p><em>Die Platte tr\u00e4gt die russische Aufschrift: \u00ab\u041f\u0415\u0429\u0415\u0420\u0410 \u0422\u0410\u041f\u0418\u0420\u0410. \u0421\u0415\u041d\u041e\u0422\u042b \u042e\u041a\u0410\u0422\u0410\u041d\u0410\u00bb<\/em><\/p>\n<p>Diese Platte tr\u00e4gt zur Reinigung des Bewusstseins und der Anreicherung mit hochfrequenter Lichtenergie bei, sie erzeugt hochschwingende Energien der Liebe und Achtsamkeit und st\u00e4rkt die Harmonie und das gegenseitige Verst\u00e4ndnis in Familien. Die Platte eignet sich sehr gut f\u00fcr die Meditation, die Entwicklung der menschlichen Sinne und h\u00f6heren Warhnehmung. Spirituelle Mentoren, Lehrer und Menschen, die andere anleiten, k\u00f6nnen sich mit der Platten mit der Quelle des Lichts verbinden und noch effektiver arbeiten. Alle kreativen Aktivit\u00e4ten werden mit der Platte ebenso unterst\u00fctzt wie heilerische T\u00e4tigkeiten. Sie erweist sich auch als effizient bei der Arbeit mit Programmierungen der Ahnenreihe. Die Platte verbindet mit dem Element Wasser und harmonisiert die vier Elemente-Energien.<\/p>\n<p><em>Die Aussagen beziehen sich auf alternative Testmethoden wie Meridianenergie-Messungen der Organfunktionskreisl\u00e4ufe nach TCM, Kirlian-Fotografie (EPG\/GDV-Kamera), Oberon, Amsat o.\u00e4. durch den Hersteller &#8222;Planet der Regionen&#8220; und stellen keine medizinische oder auf den physischen K\u00f6rper und dessen Organe bezogenen Aussage im Sinne der westlichen Schulmedizin dar.<br \/>\n<\/em><\/p>\n<p><strong>Die Platte ist in diesem Sinne vor allem geeignet f\u00fcr:<\/strong><\/p>\n<ul>\n<li>hilft dabei, sein Bewusstsein auf eine h\u00f6here Stufe der Lebenswahrnehmung auszurichten, l\u00f6scht veraltete sch\u00e4dliche Lebensprogrammierungen, regt das spirituelle Erwachen an und hilft dabei altes Wissen und h\u00f6here Erkenntnisse zu erschlie\u00dfen,<\/li>\n<li>st\u00e4rkt gleichzeitig drei Energieebenen im Menschen: die magnetische, solare und elektrische Ebene, welche mit der physische und \u00e4therische Ebene, der Seele und der geistige Ebene korrelieren. Das schafft einen Raum f\u00fcr Heilung und f\u00f6rdert Genesung und Gesundung,<\/li>\n<li>die Platte hilft dabei, die tieferen Ursachen von Erkrankungen auch auf zellul\u00e4rer Ebene zu erkennen und zu l\u00f6sen, eventuelle Zusammenh\u00e4nge beispielsweise von Traumata oder unterdr\u00fcckten Emotionen und Erkrankungen k\u00f6nnen identifiziert und Ans\u00e4tze f\u00fcr Heilung besser erkannt werden, und sie f\u00f6rdert die Entgiftung des K\u00f6rpers, wodurch die Resonanz mit anhaftenden Energien und Informationen von Krankheit stark reduziert wird,<\/li>\n<li>die Platte erf\u00fcllt mit der Kraft und der Energie von Mutter Erde und schafft ein hohes Ma\u00df an Gleichgewicht der 4 Elemente &#8211; dies ist Schl\u00fcssel zu mehr Ausgeglichenheit des Temperaments und eine h\u00f6here emotionalen Intelligenz, man kann einfach besser mit Emotionen umgehen und sie kontrollieren, was zu einem Gef\u00fchl von tiefer innerer Harmonie f\u00fchrt,<\/li>\n<li>lindert Unruhe und Angstzust\u00e4nde, sie zieht \u00c4ngste sanft wie ein Magnet in die Wahrnehmung und hilft sie loszulassen, um den Anwender mit hochschwingender Energie zu erf\u00fcllen,<\/li>\n<li>hilft dabei negative Programmierungen in der Ahnenreihe wie zum Beispiel unterdr\u00fcckte Emotionen, die sich in vererbten Krankheiten oder famili\u00e4ren Anf\u00e4lligkeiten f\u00fcr Erkrankungen ausdr\u00fccken k\u00f6nnen, aufzul\u00f6sen,<\/li>\n<li>in einem derat gereinigten Organismus und Bewusstsein kann die Platte die g\u00f6ttliche weibliche Mutterenergie ungehindert einflie\u00dfen lasen, welche ein reines Bewusstsein, tiefe Visionen, harmonische Pr\u00e4senz und die Wahrnehmung des Lebens als Fluss erm\u00f6glicht,<\/li>\n<li>die Intuition wird gest\u00e4rkt und eine \u00d6ffnung des &#8222;Dritten Auges&#8220; als h\u00f6chste Manifestation von Intuition durch Hellsehen und Hellwissen gef\u00f6rdert.<\/li>\n<li>Die Platte strahlt ein Umfeld hochfrequenter Schwingungen von Liebe, Achtsamkeit und gegenseitigem Verst\u00e4ndnis aus, was gerade im famili\u00e4ren Raum die Harmonie vergr\u00f6\u00dfert und sich alle Familienmitglieder st\u00e4rker zueinander hingezogen f\u00fchlen.<\/li>\n<li>Durch die Aktivierung des Elements Wasser werden lichte Eigenschaften wie Wohlwollen, Flexibilit\u00e4t und Gutherzigkeit, Anpassungsf\u00e4higkeit, unddie Intuition gef\u00f6rdert, was es dem Anwender erm\u00f6glicht, einen neuen, gl\u00fcckseligen Lebensabschnitt zu beginnen. Ziel ist es, einen Raum der Intuition und der M\u00f6glichkeiten f\u00fcr die Verwirklichung von Kreativit\u00e4t zu schaffen, die pers\u00f6nliche innere Energie zu wecken und das kreative Potenzial des Anwenders freizusetzen.<\/li>\n<\/ul>\n<p>Auf der Kolzov-Platte &#8222;Tapirh\u00f6hle &#8211; Cenoten Yucatans&#8220; sind die Informationen der Cenote &#8222;La Cueva del Tapir&#8220; (Tapirh\u00f6hle) gespeichert. Dieser Kraftplatz liegt die in etwa 30 km Entfernung von Puerto Morelos auf der Halbinsel Yucatan in Mexico.<\/p>\n<p>TIPP 1: F\u00fcr die ersten Anwendungen legen Sie die Platte am besten auf den Bereich der Thymusdr\u00fcse, also zwischen Herz- und Hals-Chakra. Rechtsh\u00e4nder nehmen dabei die Platte in die linke Hand, Linksh\u00e4nder in die rechte Hand. Legen Sie die Platte danach auf ein bestimmtes Organ und sprechen Sie mit diesem und bitten um Heilung und Vergebung. Nachdem Sie im Inneren versp\u00fcren, dass die Arbeit mit einem bestimmten inneren Organ nun &#8222;genug&#8220; sei, sollte die Platte nochmals auf die Thymusdr\u00fcse gelegt werden.<\/p>\n<p>TIPP 2: Die Anwendung empfiehlt sich besonders f\u00fcr Perosnen, die mit Kindern arbeiten, sowohl f\u00fcr Fachpersonal als auch Eltern. Insbesondere bis zum 8.-9. Lebensjahr kann so das reine, hohe Bewusstsein des Kindes und seine Wahrnehmung des zuk\u00fcnftigen Lebens unterst\u00fctzt werden.<\/p>\n<p>TIPP 3: Die Platte kann zur Durchf\u00fchrung von Reinigungsritualen, zur Manifestation der Energie der Sch\u00f6pfung und zur Reinigung und \u00d6ffnung des Kronen-Chakras verwendet werden: Dazu legen Sie zuerst die Platte Nr.20 (aus der Serie Gold) auf Ihr Kronen-Chakra auf den Kopf, setzen sich hin und legen die Platte &#8222;Tapirh\u00f6hle &#8211; Cenoten Yucatans&#8220; unter das Wurzel-Chakra, setzen sich also darauf. So verbleiben sie einige Minuten lang. Danach tauschen Sie die Platten unb bleiben erneut einige Minuten lang sitzen. Dies ist die \u00d6ffnungs- und Reinigungsphase, die Synchronisation auf Aufladung erfolgt gemeinsam mit der Platte Nr.18 (aus der Serie Gold) &#8211; also die Platte Nr.18 auf Ihr Kronen-Chakra auf den Kopf legen und die Platte &#8222;Tapirh\u00f6hle &#8211; Cenoten Yucatans&#8220; unter das Wurzel-Chakra legen und dann wieder tauschen. Auf diese Weise werden alle Charkas angeregt und es kommt zu einer kraftvollen Anreicherung des Biofeldes mit hochschwingenden Energien.<\/p>\n<p>TIPP 4: Die Platte &#8222;Tapirh\u00f6hle &#8211; Cenoten Yucatans&#8220; kann mit allen zuvor erschienenen Platten und Armb\u00e4ndern kombiniert werden, besonders aber empfiehlt sich die Anwendung mit: &#8222;Nr.20&#8220; (Serie Gold), &#8222;Inka&#8220;, &#8222;Energien des Gelingens&#8220;, &#8222;Energien der Erf\u00fcllung&#8220;, &#8222;Triumph des Seins&#8220;, &#8222;Gl\u00fcck&#8220;, &#8222;Weisheit&#8220; (Serie Elite), &#8222;Indi&#8220;, &#8222;Gl\u00fcckseligkeit&#8220;, (Serie Kollektion), &#8222;Harmonie&#8220;, &#8222;Gesunde Generationen&#8220; (Serie Gr\u00fcn), &#8222;Goldener Sand&#8220; (Serie Effizient), &#8222;Nr.13&#8220; und &#8222;Nr.16&#8220; (Serie Violett)<\/p>\n<p>ZUR BEACHTUNG: Bei der Platte &#8222;Tapirh\u00f6hle &#8211; CenotenYucatans&#8220; sollte das Wasser zum Energetisieren mindestens 8 Stunden lang darauf gestellt werden, am einfachsten \u00fcber Nacht darauf stellen.<\/p>\n<p><em><u>Ergebnis im LIFE-TEST:<\/u>\u00a0Die Kolzov-Platte Platte &#8222;Tapirh\u00f6hle &#8211; Cenoten Yucatans&#8220; hat ein neutrales Energiefeld mit mehr als 40 000 Bovis. Damit aktiviert sie Kronen-Chakra, Hals-Chakra und Wurzel-Chakra auf 40 000 Bovis. Das Blase-\/Sexual-Chakra steigt auf 35 000 Bovis. Stirn-, Herz- und Solarplexus-Chakra auf jeweils 21 000 Bovis. Durch die Aufladung der Chakras w\u00e4chst der bioenergetische Reaktionsabstand von zirka 75 Zentimetern um den K\u00f6rper auf 1,25 Meter. Verwendet man die Platte &#8222;Tapirh\u00f6hle &#8211; Cenoten Yucatans&#8220; mit &#8222;Silbener Quell&#8220; oder mit &#8222;Bacalar &#8211; Cenoten Yucatans&#8220; gemeinsam am K\u00f6rper steigen alle Chakras in ihrer Energie auf 40 000 Bovis.<br \/>\n<\/em><\/p>\n<p><em><strong>Wichtiger Hinweis:<br \/>\nWir weisen ausdr\u00fccklich darauf hin, dass die Kolzov-Platte (russische Bezeichnung: &#8222;Korrektoren des funktionalen Zustands&#8220;) ein alternatives Energie- und Informationsprodukt ist und kein Heilmittel im Sinne der westlichen Schulmedizin. Vielmehr ist es ein rein energetisches Hilfsmittel zur ganzheitlichen Balancierung von energetischen Disharmonien und Blockaden. Informationen \u00fcber Qualit\u00e4t und Eigenschaften des Energieobjekts beziehen sich auf Aussagen des russischen Herstellers und alternativen Theorien zu Mensch und Umwelt, auf alternative Anschauungen und esoterische \u00dcberlieferungen oder Aussagen. Sie gelten nur im Sinne der esoterischen Lebensphilosophie und daran angelehnte Alternativheilkunde. Wirkungen im Sinne westlicher Wissenschaft oder Medizin werden hier nicht behauptet.<\/strong><\/em><\/p>","protected":false},"excerpt":{"rendered":"<p>Die Kolzov-Platte \u201eTapirh\u00f6hle\u201c (\u041f\u0415\u0429\u0415\u0420\u0410 \u0422\u0410\u041f\u0418\u0420\u0410) dient der tiefgreifenden energetischen und emotionalen Reinigung. Sie nutzt die Frequenzen mexikanischer Kraftpl\u00e4tze, um veraltete Lebensprogramme zu l\u00f6schen, \u00c4ngste zu transformieren und das Bewusstsein auf eine h\u00f6here Stufe der Wahrnehmung zu heben. Sie st\u00e4rkt die Intuition (bis hin zum \u201eDritten Auge\u201c) und schafft ein harmonisches Umfeld voller Liebe und gegenseitigem Verst\u00e4ndnis, insbesondere im famili\u00e4ren Bereich.<\/p>","protected":false},"featured_media":2183,"comment_status":"open","ping_status":"closed","template":"","meta":[],"product_brand":[],"product_cat":[33],"product_tag":[97],"class_list":{"0":"post-1791","1":"product","2":"type-product","3":"status-publish","4":"has-post-thumbnail","6":"product_cat-elite-series","7":"product_tag-97","9":"first","10":"instock","11":"taxable","12":"shipping-taxable","13":"purchasable","14":"product-type-simple"},"_links":{"self":[{"href":"https:\/\/vigo-rio.com\/en\/wp-json\/wp\/v2\/product\/1791","targetHints":{"allow":["GET"]}}],"collection":[{"href":"https:\/\/vigo-rio.com\/en\/wp-json\/wp\/v2\/product"}],"about":[{"href":"https:\/\/vigo-rio.com\/en\/wp-json\/wp\/v2\/types\/product"}],"replies":[{"embeddable":true,"href":"https:\/\/vigo-rio.com\/en\/wp-json\/wp\/v2\/comments?post=1791"}],"wp:featuredmedia":[{"embeddable":true,"href":"https:\/\/vigo-rio.com\/en\/wp-json\/wp\/v2\/media\/2183"}],"wp:attachment":[{"href":"https:\/\/vigo-rio.com\/en\/wp-json\/wp\/v2\/media?parent=1791"}],"wp:term":[{"taxonomy":"product_brand","embeddable":true,"href":"https:\/\/vigo-rio.com\/en\/wp-json\/wp\/v2\/product_brand?post=1791"},{"taxonomy":"product_cat","embeddable":true,"href":"https:\/\/vigo-rio.com\/en\/wp-json\/wp\/v2\/product_cat?post=1791"},{"taxonomy":"product_tag","embeddable":true,"href":"https:\/\/vigo-rio.com\/en\/wp-json\/wp\/v2\/product_tag?post=1791"}],"curies":[{"name":"wp","href":"https:\/\/api.w.org\/{rel}","templated":true}]}}