{"id":1790,"date":"2026-01-15T10:11:42","date_gmt":"2026-01-15T10:11:42","guid":{"rendered":"https:\/\/vigo-rio.com\/?post_type=product&#038;p=1790"},"modified":"2026-02-04T19:56:51","modified_gmt":"2026-02-04T19:56:51","slug":"fc-talisman","status":"publish","type":"product","link":"https:\/\/vigo-rio.com\/en\/product\/fc-talisman\/","title":{"rendered":"FC Talisman"},"content":{"rendered":"<p><strong>Kolzov-Platte: &#8222;Talisman&#8220;\u00a0&#8211; (f\u00fcr Schutz, Friede und Harmonie, harmonisches Schicksal)<\/strong><br \/>\n<em>Die Platte tr\u00e4gt die russische Aufschrift: \u0422\u0410\u041b\u0418\u0421\u041c\u0410\u041d<\/em><\/p>\n<p>Die Platte &#8222;Talisman&#8220; leistet Unterst\u00fctzung dabei, dass wieder Friede und Harmonie in das Leben der Menschen und in die irdische Welt einkehren k\u00f6nnen und dass alles so wird, wie es sein sollte. Sie verleiht dem Menschen Zugang zu seinem g\u00f6ttlichen Schicksal und lehrt uns, unser Schicksal achtsam anzunehmen und zu lenken. Im gr\u00f6\u00dferen Einklang mit seinem Schicksal verleiht die Platte g\u00f6ttlichen Schutz und Heilung von Krankheiten. Gemeinsam mit dem neuen Armband &#8222;Amulett&#8220; angewendet entfaltet sich ein einzigartig starker Wirkmechanismus, der seinen positiven Einfluss dann auf K\u00f6rper, Geist und Seele entfaltet.<\/p>\n<p><em>Die Aussagen beziehen sich auf alternative Testmethoden wie Meridianenergie-Messungen der Organfunktionskreisl\u00e4ufe nach TCM, Kirlian-Fotografie (EPG\/GDV-Kamera), Oberon, Amsat o.\u00e4. durch den Hersteller &#8222;Planet der Regionen&#8220; und stellen keine medizinische oder auf den physischen K\u00f6rper und dessen Organe bezogenen Aussage im Sinne der westlichen Schulmedizin dar.<\/em><\/p>\n<p><strong>Die Platte ist in diesem Sinne vor allem geeignet f\u00fcr:<\/strong><\/p>\n<ul>\n<li>stellt die Ganzheit des Menschen wieder her, indem sie die verlorene Verbindung des Menschen mit der Quelle der Sch\u00f6pfung wieder herstellt und im Menschen den Wunsch nach Vollkommenheit aufleben l\u00e4sst,<\/li>\n<li>verleiht die F\u00e4higkeit, den Unterschied zwischen &#8222;maskierten&#8220; dunklen Energien und den Energien des Lichts wahrnehmen und verstehen zu k\u00f6nnen und bewahrt davor, in Extreme abzugleiten.<\/li>\n<li>Die Platte besch\u00fctzt und manifestiert die G\u00fcte im Menschen durch die Aktivierung der hellen g\u00f6ttlichen Essenz in der Person.<\/li>\n<li>befreit die Seele von Fesseln und schenkt denjenigen Segen und G\u00fcte, die den Weg der Einheit gew\u00e4hlt und sich daf\u00fcr entschieden haben, der Erde das Licht zur\u00fcckzubringen.<\/li>\n<li>f\u00f6rdert den Eintritt gesegneter Ereignisse im Leben, die durch die von der Person manifestierte Harmonie zu einem gl\u00fcckseligen Schicksal werden.<\/li>\n<li>hilft dabei, den richtigen Lebensweg einzuschlagen, verleiht Kraft und spendet Schutz auf seinem Lebensweg, offenbart Wahlm\u00f6glichkeiten, f\u00f6rdert Erfolg, Harmonie, Wohlstand und Gnade,<\/li>\n<li>harmonisiert Lebensereignisse und schenkt dem Menschen Einsicht in sein Schicksal aufgrund seiner jeweiligen Taten &#8211; dabei st\u00e4rkt sie auch die Sensitivit\u00e4t um zu erkennen, wie man sein Schicksal selbst auf harmonische Weise lenken kann.<\/li>\n<li>Die Platte aktiviert Heilenergien und schirmt vor Krankheiten und Beschwerden ab.<\/li>\n<\/ul>\n<p>Auf der Kolzov-Platte &#8222;Talisman&#8220; sind u.a. die Informationen des kosmo-energetischen Kanals des Gottes Trojan gespeichert, der uns die Freude \u00fcber den Wohlstand und ein gesegnetes Schicksal, die uns von Trojan verliehen werden, vermittelt.<\/p>\n<p>TIPP 1: Wenn man die Energien der Platte st\u00e4rker in sich verankern m\u00f6chte, nimmt man die Platte &#8222;Talisman&#8220; in die rechte Hand, spannt den Hals leicht an und ber\u00fchrt mit der rechten Hand die rechte Halsschlagader (und informiert so mit der Platte das vorbeiflie\u00dfende Blut in der rechten Halsschlagader) f\u00fcr die Dauer von 3 Herzschl\u00e4gen. Danach wechselt man die Seite: die Platte in die linke Hand nehmen und an die linke Halsseite auf die linke Halsschlagader halten.<br \/>\nDie Farben Wei\u00df und Schwarz gemeinsam verwendet verst\u00e4rken die Wirkung der Platte noch.<\/p>\n<p>TIPP 2: Die beste Zeit f\u00fcr eine intensive Arbeit mit der Platte ist gegen 10 Uhr vormittags.<\/p>\n<p>TIPP 3: Die Energien von Schutz und Bewahrung werden zus\u00e4tzlich gest\u00e4rkt, wenn man die Platte bei sich hat und harmonische Musik etwa von der Schaleika oder der 9-saitigen Tonica-Gitarreoder der Lyra h\u00f6rt oder spielt.<\/p>\n<p>TIPP 4: Die\u00a0<strong>Platte &#8222;Talisman&#8220; entwickelt in Kombination mit dem neuen Armband &#8222;Amulett&#8220;\u00a0<\/strong>einen einzigartigen starken Wirkmechanismus, der seinen positiven Einfluss dann auf K\u00f6rper, Geist und Seele entfaltet. Es werden nicht nur Heilung und Verj\u00fcngung bewirkt, sondern auch die spirituelle Evolution gef\u00f6rdert, da die Verbindung mit der Quelle der Sch\u00f6pfung wieder hergestellt wird.<\/p>\n<p>TIPP 5: Die Platte &#8222;Talisman&#8220; kann einzeln oder auch in Kombination verwendet werden mit den Platten: &#8222;Wahrhaftige Liebe&#8220; und &#8222;Harmonie&#8220; (Serie Gr\u00fcn), &#8222;Heheimer Heiliger See&#8220; (Serie Effizient), &#8222;Kolzovs Lichtgeschenk&#8220;, &#8222;Code Gobi&#8220;, &#8222;Gold der W\u00fcste Gobi&#8220; und &#8222;Geheimnisse des Universums&#8220; (Serie Elite), &#8222;Gl\u00fcckseligkeit&#8220; (Serie Kollektion).<\/p>\n<p>ZUR BEACHTUNG: Bei der Platte &#8222;Talisman&#8220; sollte das Wasser zum Energetisieren mindestens 4 Stunden lang darauf gestellt werden.<\/p>\n<p><em><u>Ergebnis im LIFE-TEST:\u00a0<\/u>Die Kolzov-Platte &#8222;Talisman&#8220; hat ein neutrales Energiefeld mit mehr als 40 000 Bovis. Damit aktiviert sie gleich 3 Chakras auf \u00fcber 40 000 Bovis: Stirn-, Herz- und Solarplexus-Chakra. Das Kronen-Chakra steigt auf 28 000 Bovis, das Hals-Chakra auf 21 000 Bovis und Wurzel-Chakra und Blase-\/Sexual-Chakra verdoppeln ihre Energie auf 14 000 Bovis. Durch die Aufladung der Chakras w\u00e4chst der bioenergetische Reaktionsabstand von zirka 75 Zentimetern um den K\u00f6rper auf 1,60 Meter. Tr\u00e4gt man die Platte &#8222;Talisman&#8220; zusammen mit seinem passenden &#8222;Baum&#8220;-Armband &#8222;Amulett&#8220; oder dem Armband &#8222;Besch\u00fctzer&#8220; werden alle Charkas auf deutlich \u00fcber 40 000 Bovis aktiviert. Dadurch w\u00e4chst der bioenergetische Reaktionsabstand, also die Ausdehnung der Aura, von zirka 75 Zentimetern um den K\u00f6rper auf enorme 3,20 Meter!<\/em><\/p>\n<p><em><strong>Wichtiger Hinweis:<br \/>\nWir weisen ausdr\u00fccklich darauf hin, dass die Kolzov-Platte (russische Bezeichnung: &#8222;Korrektoren des funktionalen Zustands&#8220;) ein alternatives Energie- und Informationsprodukt ist und kein Heilmittel im Sinne der westlichen Schulmedizin. Vielmehr ist es ein rein energetisches Hilfsmittel zur ganzheitlichen Balancierung von energetischen Disharmonien und Blockaden. Informationen \u00fcber Qualit\u00e4t und Eigenschaften des Energieobjekts beziehen sich auf Aussagen des russischen Herstellers und alternativen Theorien zu Mensch und Umwelt, auf alternative Anschauungen und esoterische \u00dcberlieferungen oder Aussagen. Sie gelten nur im Sinne der esoterischen Lebensphilosophie und daran angelehnte Alternativheilkunde. Wirkungen im Sinne westlicher Wissenschaft oder Medizin werden hier nicht behauptet.<\/strong><\/em><\/p>","protected":false},"excerpt":{"rendered":"<p>Die Kolzov-Platte \u201eTalisman\u201c (\u0422\u0410\u041b\u0418\u0421\u041c\u0410\u041d) dient der Wiederherstellung der Ganzheit des Menschen und seiner Verbindung zur Sch\u00f6pfungsquelle. Sie wirkt als kraftvoller Schutzschild, der hilft, zwischen lichten und dunklen Energien zu unterscheiden, und unterst\u00fctzt den Anwender dabei, sein g\u00f6ttliches Schicksal achtsam anzunehmen und harmonisch zu lenken. Sie bringt Frieden in das Leben und aktiviert tiefgreifende Heilenergien.<\/p>","protected":false},"featured_media":2182,"comment_status":"open","ping_status":"closed","template":"","meta":[],"product_brand":[],"product_cat":[33],"product_tag":[96],"class_list":{"0":"post-1790","1":"product","2":"type-product","3":"status-publish","4":"has-post-thumbnail","6":"product_cat-elite-series","7":"product_tag-96","9":"first","10":"instock","11":"taxable","12":"shipping-taxable","13":"purchasable","14":"product-type-simple"},"_links":{"self":[{"href":"https:\/\/vigo-rio.com\/en\/wp-json\/wp\/v2\/product\/1790","targetHints":{"allow":["GET"]}}],"collection":[{"href":"https:\/\/vigo-rio.com\/en\/wp-json\/wp\/v2\/product"}],"about":[{"href":"https:\/\/vigo-rio.com\/en\/wp-json\/wp\/v2\/types\/product"}],"replies":[{"embeddable":true,"href":"https:\/\/vigo-rio.com\/en\/wp-json\/wp\/v2\/comments?post=1790"}],"wp:featuredmedia":[{"embeddable":true,"href":"https:\/\/vigo-rio.com\/en\/wp-json\/wp\/v2\/media\/2182"}],"wp:attachment":[{"href":"https:\/\/vigo-rio.com\/en\/wp-json\/wp\/v2\/media?parent=1790"}],"wp:term":[{"taxonomy":"product_brand","embeddable":true,"href":"https:\/\/vigo-rio.com\/en\/wp-json\/wp\/v2\/product_brand?post=1790"},{"taxonomy":"product_cat","embeddable":true,"href":"https:\/\/vigo-rio.com\/en\/wp-json\/wp\/v2\/product_cat?post=1790"},{"taxonomy":"product_tag","embeddable":true,"href":"https:\/\/vigo-rio.com\/en\/wp-json\/wp\/v2\/product_tag?post=1790"}],"curies":[{"name":"wp","href":"https:\/\/api.w.org\/{rel}","templated":true}]}}