{"id":1789,"date":"2026-01-15T10:11:20","date_gmt":"2026-01-15T10:11:20","guid":{"rendered":"https:\/\/vigo-rio.com\/?post_type=product&#038;p=1789"},"modified":"2026-03-22T21:39:54","modified_gmt":"2026-03-22T21:39:54","slug":"fc-sun-symbol","status":"publish","type":"product","link":"https:\/\/vigo-rio.com\/en\/product\/fc-sun-symbol\/","title":{"rendered":"FC Sonnensymbol \/ Sun Symbol"},"content":{"rendered":"<p><strong>Kolzov-Platte: &#8222;Sonnensymbol&#8220;\u00a0&#8211; (erh\u00f6ht die Lichtdurchl\u00e4ssigkeit des physischen K\u00f6rpers, l\u00f6st \u00c4ngste, befriedet pers\u00f6nliche und kollektive Erinnerungen und erlittenes Leid, auch zwischen V\u00f6lkern)<br \/>\n<\/strong><\/p>\n<p><strong><em>(bei paarweiser Anwendung am besten mit der Platte &#8222;Wiedergeburt&#8220;)<\/em><br \/>\n<\/strong><\/p>\n<p><strong>&#8211; neueste Version mit 8-Elementen (8 enthaltenen Energiespeicher-Chips)<\/strong><\/p>\n<p><em>Die Platte tr\u00e4gt die russische Aufschrift: \u00ab\u0421\u0418\u041c\u0412\u041e\u041b \u0421\u0412\u0415\u0422\u0410\u00bb bzw. auf dem erg\u00e4nzenden Deckblatt: SYMBOL OF THE SUN, SYMBOLE DU SOLEIL, SONNENSYSMBOL<\/em><\/p>\n<p>Die Platte &#8222;Sonnensymbol&#8220; wirkt als Schutz f\u00fcr die Familie, harmonisiert den Raum und schafft eine Atmosph\u00e4re von Gem\u00fctlichkeit, Komfort und W\u00e4rme wie ein \u201eKamin im Winter\u201c. Die Platte hilft dabei, negative Emotionen, \u00c4ngste und erlittenes Leid aufzul\u00f6sen und sollte von jedem angewendet werden, in dessen Familie es kollektives Leid, Verfolgung oder V\u00f6lkermord gab (etwa aufgrund von Rasse, Geschlecht, Religion usw.).<br \/>\nDie Platte erh\u00f6ht die Lichtdurchl\u00e4ssigkeit des physischen K\u00f6rpers und \u00f6ffnet das Bewusstsein f\u00fcr die Energien der neuen Zeit. Sie beschleunigt die Transformation des physischen K\u00f6rpers, denn nach einer Anpassung an die neuen Rhythmen im Geistigen ist zwangsl\u00e4ufig auch eine Ver\u00e4nderung im K\u00f6rperlichen f\u00fcr die neue Synchronisation aller Ebenen n\u00f6tig. Wenn n\u00e4mlich der K\u00f6rper mit der geistigen Transformation nicht Schritt h\u00e4lt, verschr\u00e4nken sich die Energien und es entstehen &#8222;Knoten&#8220;, also Blockaden, durch die die Verbindung mit den Energien der Erde und des Kosmos verloren gehen.<\/p>\n<p><em>Die Aussagen beziehen sich auf alternative Testmethoden wie Meridianenergie-Messungen der Organfunktionskreisl\u00e4ufe nach TCM, Kirlian-Fotografie (EPG\/GDV-Kamera), Oberon, Amsat o.\u00e4. durch den Hersteller &#8222;Planet der Regionen&#8220; und stellen keine medizinische oder auf den physischen K\u00f6rper und dessen Organe bezogenen Aussage im Sinne der westlichen Schulmedizin dar.<\/em><\/p>\n<p><strong>Die Platte ist in diesem Sinne vor allem geeignet f\u00fcr:<\/strong><\/p>\n<ul>\n<li>erh\u00f6ht die Lichtdurchl\u00e4ssigkeit des physischen K\u00f6rpers und neutralisiert Krankheitsherde,<\/li>\n<li>unterst\u00fctzt die Entgiftung, hilft bei der Beseitigung von Lymphstaus, verbessert die Durchblutung und hat einen positiven Einfluss Nieren, Harnwege und H\u00f6rorgane,<\/li>\n<li>lindert psychosomatische Probleme und wirkt unterst\u00fctzend bei Nervenkrankheiten,<\/li>\n<li>s\u00e4ttigt den Anwender mit einem breiten Wellenspektrum von Quantenlicht, wodurch der physische K\u00f6rper aktiviert und transformiert und die Basis f\u00fcr eine Erweiterung des Bewusstseins und den Zugang zu h\u00f6heren Lichtfrequenzen geschaffen wird,<\/li>\n<li>hilft dabei, sich an die neuen, hochfrequenten Energien der zentralen galaktischen Sonne anzupassen; unterst\u00fctzt den Anwender dabei, sich von alten Mustern zu befreien und sich in erweiterten Dimensionen des Bewusstseins zu bewegen, um kontrolliert und bewusst in der neue Realit\u00e4t zu erwachen,<\/li>\n<li>aktiviert hohe Bewusstseinsenergien, erweckt die oberen Chakras, beschleunigt die Bewusstseins- und Pers\u00f6nlichkeitsentwicklung des Anwenders und bewegt ihn die Evolutionsspirale hinauf,<\/li>\n<li>aktiviert die h\u00f6heren Wahrnehmungsf\u00e4higkeiten wie intuitives Sehen und H\u00f6ren (Hellsehen und Hellh\u00f6ren), hilft die kognitiven Funktionen zu verbessern und das Ged\u00e4chtnispotential zu erweitern, \u00f6ffnet das Bewusstsein f\u00fcr neue Ideen, Informationen und Ziele, st\u00e4rkt Intuition und Kreativit\u00e4t,<\/li>\n<li>wirkt im Laufe der Anwendung auch auf die unteren Chakras und passt sie an die neuen Energien an,<\/li>\n<li>vermittelt die Energien der Leichtigkeit, Liebe und Freude, f\u00f6rdert das Erwachen der G\u00f6ttlichen Seele,<\/li>\n<li>unterst\u00fctzt energetisch dabei, negative Beziehungsszenarien aufzul\u00f6sen und positive Beziehungen zu heilen und wieder herzustellen, st\u00e4rkt dazu das gegenseitige Vertrauen und die spiritueller Intimit\u00e4t, hilft auf energetischem Wege auch bei Themen der Einsamkeit,<\/li>\n<li>belebt das g\u00f6ttliche Geschenk der Heilung im Anwender, gibt die M\u00f6glichkeit, die eigene Vergangenheit zu heilen, um seine Zukunft zu ver\u00e4ndern,<\/li>\n<li>hilft dabei, Fortschritte in der historischen Erinnerung und der Erinnerung an die Abstammungslinie zu machen und erlittenes Leid zu heilen &#8211; auch in Bezug auf Menschengruppen und V\u00f6lker, kollektives Leid und V\u00f6lkermord,<\/li>\n<li>hilft, ein energetisch gem\u00fctliches, gastfreundliches Zuhause zu schaffen, in das man gerne kommen und in Liebe und Harmonie leben m\u00f6chten.<\/li>\n<\/ul>\n<p>Auf der Platte sind die hohen Energien des Energieportals vom 01.09.2022 gespeichert.<\/p>\n<p>TIPP 1: Die Platte &#8222;Sonnensymbol&#8220; arbeitet mit der Platte &#8222;Wiedergeburt&#8220; in einem einzigartigen Tandem zusammen und erm\u00f6glicht es, Energie und Informationen sehr viel besser wahrnehmen, sammeln und verteilen zu k\u00f6nnen. Das Plattenpaar hilft, den Beginn notwendiger Ereignisse zu beschleunigen. Um die kognitiven Funktionen und das Ged\u00e4chtnis schneller zu verbessern, sollte bei der Anwendung ein Ziel, eine Absicht f\u00fcr das Ergebnis formuliert werden.<br \/>\nUm Stauungen in Gewebe oder Organen zu beheben, arbeitet die Platte &#8222;Sonnensymbol&#8220; sehr gut mit den Platten &#8222;Petrowotschka&#8220; und &#8222;Bukovicka&#8220; (Serie Elite 8-Elemente) zusammen. Sie ist aber auch mit allen anderen Platten kombinierbar.<\/p>\n<p>TIPP 2: Sie k\u00f6nnen die Platte &#8222;Sonnensymbol&#8220; auch nachts unter das Kopfkissen legen: verwenden Sie diese am besten abwechselnd mit den Platten &#8222;Portal der Tr\u00e4ume&#8220;, &#8222;L\u00e4cheln der Sonne&#8220; und &#8222;Wiedergeburt&#8220; (alle Serie Elite 8-Elemente).<\/p>\n<p>TIPP 3: Zum Schutz der Wohnung und um ein angenehmes energetisches Klima in seinem Zuhause zu schaffen, kann man die Platte &#8222;Sonnensymbol&#8220; auf das Fensterbrett legen, \u00fcber der Eingangst\u00fcr befestigen oder zum Beispiel zusammen mit den Platten &#8222;Unfall-Schutz&#8220; (Serie Effizient) und &#8222;Nr.16 &#8211; Reiner Raum&#8220; (Serie Violett) als Energiehaus auf das Fensterbrett stellen.<\/p>\n<p>TIPP 4: Die Platte ist eine wertvolle Unterst\u00fctzung f\u00fcr Therapeuten, Psychologen etc. und bei Regressionsarbeit und in der Meditation, um negative Emotionen, Ressentiments, \u00c4ngste und intellektueller M\u00fcdigkeit aufzul\u00f6sen.<\/p>\n<p>TIPP 5: Die Platte &#8222;Sonnensymbol&#8220; kann auch zur Informierung von feuchtigkeitsspendenden Kosmetikprodukten, f\u00fcr Cremes, Shampoos, Duschgele, \u00e4therische \u00d6le etc. verwendet werden.<\/p>\n<p>ZUR BEACHTUNG: Bei dieser Platte sollte das Wasser zum Energetisieren mindestens 15 Minuten lang darauf gestellt werden.<\/p>\n<p><em><u>Ergebnis im LIFE-TEST:\u00a0<\/u>Die Kolzov-Platte &#8222;Sonnensymbol&#8220; hat ein neutrales Energiefeld mit mehr als 40 000 Bovis. Damit aktiviert sie gleich 3 Chakras auf 40 000 Bovis: Stirn-, Herz- und Solarplexus-Chakra &#8211; dabei steigt das Solarplexus sogar weit \u00fcber 40 000 Bovis (40 000 ist die sichere Messgrenzen in dieser Test-Methode). Das Kronen- und das Hals-Chakra vervierfachen ihre Energie auf 28 000 Bovis, Das Blase-\/Sexual-Chakra steigt auf 21 000 Bovis und das Wurzel-Cakra verdoppelt seine Energie auf 14 000 Bovis. Durch die Aufladung der Chakras w\u00e4chst der bioenergetische Reaktionsabstand von zirka 75 Zentimetern um den K\u00f6rper auf 1,90 Meter.<\/em><\/p>\n<p><em><br \/>\n<strong>Wichtiger Hinweis:<br \/>\nWir weisen ausdr\u00fccklich darauf hin, dass die Kolzov-Platte (russische Bezeichnung: &#8222;Korrektoren des funktionalen Zustands&#8220;) ein alternatives Energie- und Informationsprodukt ist und kein Heilmittel im Sinne der westlichen Schulmedizin. Vielmehr ist es ein rein energetisches Hilfsmittel zur ganzheitlichen Balancierung von energetischen Disharmonien und Blockaden. Informationen \u00fcber Qualit\u00e4t und Eigenschaften des Energieobjekts beziehen sich auf Aussagen des russischen Herstellers und alternativen Theorien zu Mensch und Umwelt, auf alternative Anschauungen und esoterische \u00dcberlieferungen oder Aussagen. Sie gelten nur im Sinne der esoterischen Lebensphilosophie und daran angelehnte Alternativheilkunde. Wirkungen im Sinne westlicher Wissenschaft oder Medizin werden hier nicht behauptet.<\/strong><\/em><\/p>","protected":false},"excerpt":{"rendered":"<p data-path-to-node=\"2\">hilft dabei, tiefe negative Emotionen und kollektives Leid (auch Verfolgung in der Ahnenlinie) aufzul\u00f6sen. Sie erh\u00f6ht die \u201eLichtdurchl\u00e4ssigkeit\u201c deines K\u00f6rpers, damit dieser mit deiner geistigen Entwicklung Schritt halten kann und keine energetischen Blockaden entstehen. Sie schafft eine Atmosph\u00e4re von Geborgenheit und W\u00e4rme in deinem Zuhause.<\/p>","protected":false},"featured_media":1803,"comment_status":"open","ping_status":"closed","template":"","meta":[],"product_brand":[],"product_cat":[33],"product_tag":[143],"class_list":{"0":"post-1789","1":"product","2":"type-product","3":"status-publish","4":"has-post-thumbnail","6":"product_cat-elite-series","7":"product_tag-143","9":"first","10":"instock","11":"taxable","12":"shipping-taxable","13":"purchasable","14":"product-type-simple"},"_links":{"self":[{"href":"https:\/\/vigo-rio.com\/en\/wp-json\/wp\/v2\/product\/1789","targetHints":{"allow":["GET"]}}],"collection":[{"href":"https:\/\/vigo-rio.com\/en\/wp-json\/wp\/v2\/product"}],"about":[{"href":"https:\/\/vigo-rio.com\/en\/wp-json\/wp\/v2\/types\/product"}],"replies":[{"embeddable":true,"href":"https:\/\/vigo-rio.com\/en\/wp-json\/wp\/v2\/comments?post=1789"}],"wp:featuredmedia":[{"embeddable":true,"href":"https:\/\/vigo-rio.com\/en\/wp-json\/wp\/v2\/media\/1803"}],"wp:attachment":[{"href":"https:\/\/vigo-rio.com\/en\/wp-json\/wp\/v2\/media?parent=1789"}],"wp:term":[{"taxonomy":"product_brand","embeddable":true,"href":"https:\/\/vigo-rio.com\/en\/wp-json\/wp\/v2\/product_brand?post=1789"},{"taxonomy":"product_cat","embeddable":true,"href":"https:\/\/vigo-rio.com\/en\/wp-json\/wp\/v2\/product_cat?post=1789"},{"taxonomy":"product_tag","embeddable":true,"href":"https:\/\/vigo-rio.com\/en\/wp-json\/wp\/v2\/product_tag?post=1789"}],"curies":[{"name":"wp","href":"https:\/\/api.w.org\/{rel}","templated":true}]}}