{"id":1785,"date":"2026-01-15T10:10:14","date_gmt":"2026-01-15T10:10:14","guid":{"rendered":"https:\/\/vigo-rio.com\/?post_type=product&#038;p=1785"},"modified":"2026-02-25T22:24:00","modified_gmt":"2026-02-25T22:24:00","slug":"fc-silver-spring","status":"publish","type":"product","link":"https:\/\/vigo-rio.com\/en\/product\/fc-silver-spring\/","title":{"rendered":"FC Silberber Quell \/ Silver Spring"},"content":{"rendered":"<p><strong>Kolzov-Platte: &#8222;Silbener Quell&#8220;\u00a0&#8211; (f\u00fcr die Reinigung der Pers\u00f6nlichkeit von \u00c4ngsten, Glaubensmustern und negativen Programmmierungen aus der Ahnenlinie)<\/strong><br \/>\n<em>Die Platte tr\u00e4gt die russische Aufschrift: \u0421\u0415\u0420\u0415\u0411\u0420\u042f\u041d\u042b\u0419 \u0420\u0423\u0427\u0415\u0419<\/em><\/p>\n<p>Sonderausgabe zum Jahreskongress 2021 gemeinsam mit der Platte &#8222;Bacalar &#8211; Cenoten Yucatans&#8220;. Es werden von beiden einmalig nur 1000 St\u00fcck aufgelegt und nicht nachproduziert. Durch die Anwendung beider Platten erkennt man: &#8222;Ich bin w\u00fcrdig&#8220;, &#8222;Ich habe das Wissen&#8220;, &#8222;Ich erreiche alles&#8220;.<\/p>\n<p>Die Platte dient der Entgiftung der Pers\u00f6nlichkeit durch die Reinigung der Ahnenkan\u00e4le und das L\u00f6schen von au\u00dfen stammender negativer Programmierungen und Glaubensmuster. Diejenigen, die ihren Vorfahren die Seele \u00f6ffnen konnten, haben die M\u00f6glichkeit, mit Vertrauen und mit der Kraft der Vorfahren in ihrer Welt zu leben und sich zu entwickeln, ohne auf vergangene Ereignisse zur\u00fcckzublicken. Dadurch wird dem Anwender der Wert des Lebens bewusst und er kann endlich sein eigenes Leben leben und annehmen.<\/p>\n<p><em>Die Aussagen beziehen sich auf alternative Testmethoden wie Meridianenergie-Messungen der Organfunktionskreisl\u00e4ufe nach TCM, Kirlian-Fotografie (EPG\/GDV-Kamera), Oberon, Amsat o.\u00e4. durch den Hersteller &#8222;Planet der Regionen&#8220; und stellen keine medizinische oder auf den physischen K\u00f6rper und dessen Organe bezogenen Aussage im Sinne der westlichen Schulmedizin dar.<\/em><\/p>\n<p><strong>Die Platte ist in diesem Sinne vor allem geeignet f\u00fcr:<\/strong><\/p>\n<ul>\n<li>verbindet mit der Ahnenlinie und der Kraft der Vorfahren und hilft dabei, deren Einfl\u00fcsse auf die eigene Pers\u00f6nlichkeit besser zu verstehen, seinen Lebensweg und seine Bestimmung zu finden,<\/li>\n<\/ul>\n<ul>\n<li>leitet einen Prozess der &#8222;Entgiftung&#8220; der Pers\u00f6nlichkeit im gesamten generischen Kanal, in der Ahnenlinie ein; als Folge davon k\u00f6nnen verschiedene chronische Beschwerden, negative Emotionen und Grundstimmungen, die sich im K\u00f6rper manifestiert haben, verschwinden,<\/li>\n<li>f\u00f6rdert die Bewusstseinstransformation: dazu wird die Aufl\u00f6sung einer Vielzahl hinderlicher innere Programme und Glaubensmuster initiert &#8211; einschlie\u00dflich solcher, die aus der Ahnenlinie und dem Geschlecht herr\u00fchren (z.B. Einschr\u00e4nkungen sein, die aufgrund von Klassen, Kasten, Berufen und \u00c4hnlichem entstanden waren und \u00fcber Generationen weiter gegeben wurden),<\/li>\n<li>beseitigt auch die hinderlichen inneren Programme und Glaubensmuster, die in diesem Leben von Eltern, Gesellschaft und Umwelt auferlegt wurden; f\u00fchrt den Benutzer so zu seinem eigentlichen Selbst, st\u00e4rkt das Selbstvertrauen und die eigene Wertsch\u00e4tzung,<\/li>\n<li>st\u00e4rkt das innere Licht mit den Energien der Liebe, Z\u00e4rtlichkeit, G\u00fcte, Vertrauen, Glauben und dem Verst\u00e4ndnis, dass das eigene Bewusstsein der Schl\u00fcssel zu Ver\u00e4nderungen im Leben ist,<\/li>\n<li>hilft dabei, sich das Wissen verschiedener Inkarnationen \u00fcber die Essenz des Lebens, \u00fcber die Weisheit der Liebe und die Verantwortung f\u00fcr sich selbst zu erschie\u00dfen,<\/li>\n<li>hilft dem Benutzer, das wirkliche Geschehen in der Welt schnell zu erfassen und sich an neue Energien und den Lauf der Zeit anzupassen, und unterst\u00fctzt dabei, zur richtigen Zeit am richtigen Ort zu sein, um die besten M\u00f6glichkeiten f\u00fcr sein eigenes Leben wahrnehmen zu k\u00f6nnen,<\/li>\n<li>st\u00e4rkt die harmonische Einheit von K\u00f6rper, Geist und Seele und f\u00fcllt den Benutzer mit den st\u00e4rksten Lichtschwingungen, was sich positiv auf viele Bereiche des K\u00f6rpers auswirken und Bewusstseinsprozesse aktivieren kann,<\/li>\n<li>st\u00e4rkt und reinigt die geistige Ebene, f\u00f6rdert positive Ver\u00e4nderungen im Leben,<\/li>\n<li>unterst\u00fctzt den Heilungsprozess auf der feinstofflichen Ebene (Energiezentren, Chakras, Meridiane) und auf der k\u00f6rperlichen Ebene (eischlie\u00dflich einer Reinigung von Dickdarm, Leber und Gallenblase, Nieren, Blase, Lymphsystem und Zwischenzellraum),<\/li>\n<li>die Platte stellt das Energiegleichgewicht in den Meridianen, den Organfunktionskreisl\u00e4ufen und den stofflichen Organen wieder her, verbindet die Organe mit ihren metaphysischen Funktionen und ihrer geistigen &#8222;Matrix&#8220;, womit sie zur Gesundung und Erneuerung und zu besserer Anpassungs- und Regulationsf\u00e4higkeit beitr\u00e4gt.<\/li>\n<\/ul>\n<p>Auf der Kolzov-Platte &#8222;Silbener Quell&#8220; sind die Informationen des Wassers aus dem Bach Zaikin Klyuch (&#8222;Silber-Bach&#8220;) an der S\u00fcdwestk\u00fcste der Halbinsel Kamtschatka gespeichert. Er entspringt an den H\u00e4ngen des Kraftplatzberges Zaikin in der N\u00e4he der Ortschaft Termalny im Kreis Elisowski. Der Berg Zaikin wiederum ist mit der Puschtschino-Pyramide auf Kamtschatka energetisch verbunden, welche als kosmisches Portal zum &#8222;Ozean des alten Wissens&#8220; und der hyperboreischen Proto-Zivilisation gelten.<\/p>\n<p>TIPP 1: Wenn Sie diese Platte verwenden, halten sie diese als erstes einige Minuten lang zwischen Ihren Handfl\u00e4chen. Die Platte erzeugt einen Energiewirbel und umfasst den ganzen K\u00f6rper in einem Torusfeld. Sprechen Sie innerlich die Dankbarkeit gegen\u00fcber Ihren Vorfahren und Ihrer Familie aus. Danach kann die Platte f\u00fcr alle Anwendungen wie Wasser informieren, in der Meditation, beim Durchstr\u00f6men lassen etc. verwendet werden.<\/p>\n<p>TIPP 2: Durch die Anwendung der Platte k\u00f6nnen die unterschiedlichsten \u00c4ngste und Glaubensmuster wie Geburts\u00e4ngste, unerkl\u00e4rlichen Phobien und \u00e4hnliches gel\u00f6scht werden. Hilfreich es ist auch, die Platte zu tragen, wenn man unter vielen Menschen ist.<\/p>\n<p>TIPP 3: Die Platte &#8222;Silberner Quell&#8220; kann mit allen zuvor erschienenen Platten und Armb\u00e4ndern kombiniert werden, besonders aber mit: den Platten Nr.1 bis Nr.8 der Serie Blau, Nr.18 (Serie Gold), &#8222;Schl\u00fcssel zur Gesundheit 2&#8220;, &#8222;Indi&#8220; (Serie Kollektion), &#8222;Bacalar &#8211; Cenoten Yucatans&#8220;, &#8222;Energien des Gelingens&#8220;, &#8222;Energien der Erf\u00fcllung&#8220;, &#8222;Kraft des Gesites&#8220;, &#8222;Licht des Erfolgs&#8220;, Quelle Gr\u00fcne Tara &#8211; Kailash&#8220;, &#8222;See Manasarovar &#8211; Kailash&#8220;, &#8222;Geheimnis des Weisen&#8220;, &#8222;Wundert\u00e4ter&#8220; (Serie Elite), &#8222;Heilung 1&#8220; und &#8222;Heilung 2&#8220;, &#8222;Neustart Reinigen&#8220; und Neustart F\u00fcllen&#8220;, &#8222;Goldener Sand&#8220; (Serie Effizient) und die Armb\u00e4nder &#8222;Gl\u00fcckseligekit&#8220; und &#8222;Lichtkraft&#8220;.<\/p>\n<p>Zur BEACHTUNG: Bei dieser Platte sollte das Wasser zum Energetisieren mindestens 6 Stunden lang darauf gestellt werden.<\/p>\n<p><em><u>Ergebnis im LIFE-TEST:<\/u>\u00a0Die Kolzov-Platte &#8222;Silbener Quell&#8220; hat ein neutrales Energiefeld mit mehr als 40 000 Bovis. Damit aktiviert sie gleich 4 Chakras auf 40 000 Bovis: Stirn-, Hals-, Solarplexus und Blase-\/Sexual-Chakra. Das Kronen-Chakra steigt auf 28 000 Bovis. Beim Herz- und Wurzel-Chakra tritt eine Besonderheit auf, die so noch nie bei einer Kolzov-Platte festgestellt wurde: hier pulsiert die Bovis-Energiest\u00e4rke &#8211; beim Herz-Chakra zwischen 21 000 und 28 000 Bovis, beim Wurzel-Chakra zwischen 14 000 und 21 000 Bovis. Durch die Aufladung der Chakras w\u00e4chst der bioenergetische Reaktionsabstand von zirka 75 Zentimetern um den K\u00f6rper auf 1,60 Meter. Verwendet man die Platte &#8222;Silbener Quell&#8220; mit &#8222;Bacalar &#8211; Cenoten Yucatans&#8220; oder &#8222;Tapirh\u00f6hle &#8211; Cenoten Yucatans&#8220; gemeinsam am K\u00f6rper steigen alle Chakras in ihrer Energie auf 40 000 Bovis.<\/em><\/p>\n<p><strong><em>Wichtiger Hinweis:<br \/>\nWir weisen ausdr\u00fccklich darauf hin, dass die Kolzov-Platte (russische Bezeichnung: &#8222;Korrektoren des funktionalen Zustands&#8220;) ein alternatives Energie- und Informationsprodukt ist und kein Heilmittel im Sinne der westlichen Schulmedizin. Vielmehr ist es ein rein energetisches Hilfsmittel zur ganzheitlichen Balancierung von energetischen Disharmonien und Blockaden. Informationen \u00fcber Qualit\u00e4t und Eigenschaften des Energieobjekts beziehen sich auf Aussagen des russischen Herstellers und alternativen Theorien zu Mensch und Umwelt, auf alternative Anschauungen und esoterische \u00dcberlieferungen oder Aussagen. Sie gelten nur im Sinne der esoterischen Lebensphilosophie und daran angelehnte Alternativheilkunde. Wirkungen im Sinne westlicher Wissenschaft oder Medizin werden hier nicht behauptet.<\/em><\/strong><\/p>","protected":false},"excerpt":{"rendered":"<p>Die Kolzov-Platte \u201eSilberner Quell\u201c (\u0421\u0415\u0420\u0415\u0411\u0420\u042f\u041d\u042b\u0419 \u0420\u0423\u0427\u0415\u0419) dient der tiefgreifenden \u201eEntgiftung\u201c der Pers\u00f6nlichkeit von negativen Ahnenprogrammen, \u00c4ngsten und auferlegten Glaubensmustern. Sie reinigt die Ahnenkan\u00e4le, st\u00e4rkt die Selbstwertsch\u00e4tzung und erm\u00f6glicht es dem Anwender, sich mit der Kraft seiner Vorfahren zu verbinden, um im Hier und Jetzt seine wahre Bestimmung zu leben.<\/p>","protected":false},"featured_media":2209,"comment_status":"open","ping_status":"closed","template":"","meta":[],"product_brand":[],"product_cat":[33],"product_tag":[114],"class_list":{"0":"post-1785","1":"product","2":"type-product","3":"status-publish","4":"has-post-thumbnail","6":"product_cat-elite-series","7":"product_tag-114","9":"first","10":"instock","11":"taxable","12":"shipping-taxable","13":"purchasable","14":"product-type-simple"},"_links":{"self":[{"href":"https:\/\/vigo-rio.com\/en\/wp-json\/wp\/v2\/product\/1785","targetHints":{"allow":["GET"]}}],"collection":[{"href":"https:\/\/vigo-rio.com\/en\/wp-json\/wp\/v2\/product"}],"about":[{"href":"https:\/\/vigo-rio.com\/en\/wp-json\/wp\/v2\/types\/product"}],"replies":[{"embeddable":true,"href":"https:\/\/vigo-rio.com\/en\/wp-json\/wp\/v2\/comments?post=1785"}],"wp:featuredmedia":[{"embeddable":true,"href":"https:\/\/vigo-rio.com\/en\/wp-json\/wp\/v2\/media\/2209"}],"wp:attachment":[{"href":"https:\/\/vigo-rio.com\/en\/wp-json\/wp\/v2\/media?parent=1785"}],"wp:term":[{"taxonomy":"product_brand","embeddable":true,"href":"https:\/\/vigo-rio.com\/en\/wp-json\/wp\/v2\/product_brand?post=1785"},{"taxonomy":"product_cat","embeddable":true,"href":"https:\/\/vigo-rio.com\/en\/wp-json\/wp\/v2\/product_cat?post=1785"},{"taxonomy":"product_tag","embeddable":true,"href":"https:\/\/vigo-rio.com\/en\/wp-json\/wp\/v2\/product_tag?post=1785"}],"curies":[{"name":"wp","href":"https:\/\/api.w.org\/{rel}","templated":true}]}}