{"id":1783,"date":"2026-01-15T10:08:57","date_gmt":"2026-01-15T10:08:57","guid":{"rendered":"https:\/\/vigo-rio.com\/?post_type=product&#038;p=1783"},"modified":"2026-04-14T09:14:40","modified_gmt":"2026-04-14T09:14:40","slug":"fc-soul-star","status":"publish","type":"product","link":"https:\/\/vigo-rio.com\/en\/product\/fc-soul-star\/","title":{"rendered":"FC Seelenstern \/ The Star of the Soul"},"content":{"rendered":"<p><strong>Kolzov-Platte: &#8222;Seelenstern&#8220;\u00a0&#8211; (st\u00e4rkt, reinigt und sch\u00fctzt das Energiefeld, hilft in Beruf und Schule, er\u00f6ffnet h\u00f6here Zug\u00e4nge zum ben\u00f6tigten Wissen, f\u00fcr Bitten in Notlagen)<br \/>\n<\/strong><\/p>\n<p><strong><em>(bei paarweiser Anwendung am besten mit der Platte &#8222;Tor zur Unendlichkeit&#8220;)<\/em><br \/>\n<\/strong><\/p>\n<p><strong>&#8211; neueste Version mit 8-Elementen (8 enthaltenen Energiespeicher-Chips)<\/strong><\/p>\n<p><em>Die Platte tr\u00e4gt die russische Aufschrift: \u00ab\u00ab\u0417\u0412\u0415\u0417\u0414\u0410 \u0414\u0423\u0428\u0418\u00bb bzw. auf dem erg\u00e4nzenden Deckblatt: STAR OF THE SOUL, ETOILE DE L&#8217;AME, SEELENSTERN<\/em><\/p>\n<p>Die Platte &#8222;Seelenstern&#8220; sch\u00fctzt das Energiefeld des Anwenders davor von anderen nur ausgenutzt zu werden. Hilft beim Lernen und im Beruf die richtigen Informationen und neues Wissen zu erlangen und gesch\u00e4ftliche Unternehmen auf einen guten Weg zu bringen. Im K\u00f6rperlichen ist die Platte hilfreich bei Stauungen in den unteren Extremit\u00e4ten, aktiviert die Beinkraft und hilft bei Krampfadern und H\u00e4morrhoiden.<br \/>\nMit Hilfe der Platte kann man auch um Hilfe gegen Feinde erbitten, um Hilfe bei Unrecht und um R\u00fcckgabe von gestohlenem Eigentum, um Unterst\u00fctzung f\u00fcr Menschen in Trauer und in Gefangenschaft.<\/p>\n<p><em>Die Aussagen beziehen sich auf alternative Testmethoden wie Meridianenergie-Messungen der Organfunktionskreisl\u00e4ufe nach TCM, Kirlian-Fotografie (EPG\/GDV-Kamera), Oberon, Amsat o.\u00e4. durch den Hersteller &#8222;Planet der Regionen&#8220; und stellen keine medizinische oder auf den physischen K\u00f6rper und dessen Organe bezogenen Aussage im Sinne der westlichen Schulmedizin dar.<\/em><\/p>\n<p><strong>Die Platte ist in diesem Sinne vor allem geeignet f\u00fcr:<\/strong><\/p>\n<ul>\n<li>sch\u00fctzt das Energiefeld des Anwenders vor &#8222;Energie-Vampirismus&#8220; insbesondere sozialer Ausnutzung: die Platte erzeugt dazu einen starken Energiekokon, der umso undurchdringlicher und gr\u00f6\u00dfer im Umfang wird, je \u00f6fter man die Platte anwendet,<\/li>\n<li>l\u00f6scht negative Energien anderer Menschen und entfernt die Last unn\u00f6tiger Verantwortung,<\/li>\n<li>st\u00e4rkt die geistigen und k\u00f6rperlichen Kr\u00e4fte des Anwenders, um sich selbstbewusst zu behaupten und um sein Potenzial und seine besten Qualit\u00e4ten in der Gesellschaft zum Ausdruck bringen zu k\u00f6nnen (in Arbeit, Beziehungen usw.),<\/li>\n<li>f\u00f6rdert den guten Start in gesch\u00e4ftlichen Unternehmungen und bei schwierigen Aufgaben, hilft \u00fcberm\u00e4\u00dfige Nervosit\u00e4t und Stress abzubauen,<\/li>\n<li>hilft bei Lernen und Erkenntnisgewinn (auch im Bereich von Innovationen, neuen Techniken und Methoden), unterst\u00fctzt die volle Entfaltung seiner Talente und seines Wissens,<\/li>\n<li>stellt eine Verbindung mit dem Informationsfeld der Erde her (Zugang zur \u201eAkasha-Chronik\u201c) und zu h\u00f6heren Geistf\u00fchrern und Lehrern her, um das ben\u00f6tigte Wissen zu erlangen,<\/li>\n<li>hilft auch das H\u00f6here Bewusstsein zu aktivieren, um Informationen per Intuition und Channeling zu erhalten,<\/li>\n<li>hilft aber auch, unn\u00fctze Informationen loszuwerden, harmonisiert die Emotionen und erf\u00fcllt mit dem Bewusstsein von der Gr\u00f6\u00dfe und Unantastbarkeit des Lebens und des Universums,<\/li>\n<li>st\u00e4rkt M\u00e4nner in ihren Yang-Energien und kann sich positiv auf die Potenz auswirken,<\/li>\n<li>st\u00e4rkt die Kraft der Harmonie in der Familie, hilft sich auf eine spirituellere Einstellung auszurichten, er\u00f6ffnet einen Zustand tiefer innerer Ruhe, G\u00fcte und W\u00e4rme, nimmt Nervosit\u00e4t, Aufregung und Geschrei, damit Harmonie und Frieden in der Familie herrscht,<\/li>\n<li>unterst\u00fctzt energetisch die Funktion des Dickdarms, den Lymphfluss und lindert Kr\u00e4mpfe,<\/li>\n<li>hilft bei Stauungen in den unteren Extremit\u00e4ten und in der Leistengegend, verbessert die ven\u00f6se Durchblutung und hilft so bei Krampfadern und H\u00e4morrhoiden,<\/li>\n<li>hilft Frauen nach der Geburt sich auf k\u00f6rperlicher und emotionaler Ebene wieder zu regenerieren und nachgeburtliche Depression zu vermeiden,<\/li>\n<li>ist wirksam als Schutzplatte unterwegs auf Reisen, bei Umzug und Jobwechsel,<\/li>\n<li>erh\u00f6ht das Kraftpotential in Tieren und Pflanzen durch die Energien der Erde.<\/li>\n<\/ul>\n<p>Auf der Platte sind die hohen Energien des Energieportals am 12. August 2022, dem Tag der Kraftgewinnung, gespeichert. Nach dem russischen Volkskalender ist dies der Tag von Johannes dem Krieger, ein christlicher Heiliger und M\u00e4rtyrer des 4. Jahrhunderts. Traditionell wendet man sich an ihn, um seine F\u00fcrsprache gegen Feinde zu erbitten, um Hilfe bei Unrecht und um R\u00fcckgabe von gestohlenem Eigentum zu erlangen, und um seine Unterst\u00fctzung f\u00fcr Menschen in Trauer und in Gefangenschaft zu bitten.<\/p>\n<p>TIPP 1: Die Platte &#8222;Seelenstern&#8220; bildet mit der Platte &#8222;Tor zur Unendlichkeit&#8220; ein einzigartiges Tandem, um eine neue Ebene der pers\u00f6nlichen Entwicklung zu erreichen, um seine Bestimmung zu finden und um sich besser an die Energien der neuen Zeit anpassen zu k\u00f6nnen.<\/p>\n<p>TIPP 2: Die Platte kann am besten nachmittags angewendet werden, besonders bei M\u00fcdigkeit. Zusammen mit der Platte &#8222;Maxismus&#8220; (Serie Arkanum) kann sie die m\u00e4nnliche Sexualfunktionen verbessern. Frauen k\u00f6nnen die Platte &#8222;Seelenstern&#8220; sehr gut mit den Platten &#8222;Bereginja&#8220; und &#8222;Kraft der Eintracht&#8220; zusammen verwenden.<\/p>\n<p>TIPP 3: Die Platte unterst\u00fctzt zudem bei schweren, k\u00f6rperlichen Belastungen in Beruf, Sport, Freizeit, aktiviert die Beinarbeit (sehr gut f\u00fcr Kellner, Postboten, Fahrradkuriere usw.), unterst\u00fctzend bei Lauf- und Kraft-Training, st\u00e4rkend auch bei sitzenden Berufen (Fahrer, B\u00fcroangestellte, Kosmetikerinnen, Sch\u00fcler und Studenten) &#8211; dann auf die Platte setzen.<\/p>\n<p>TIPP 4: Um negative Energien zu entfernen, kann die Platte am Duschkopf befestigt werden.<\/p>\n<p>TIPP 5: F\u00fcr Meditation, Transformationstechniken, Channeling, zur Heilung der Seele und des physischen K\u00f6rpers, zur Enth\u00fcllung des eigenen Potenzials kann man seine W\u00fcnsche und Anfragen auch aufschreiben und auf die Platte legen oder in der Meditation visualisieren.<\/p>\n<p>TIPP 6: \u00dcber die Anwendung der Platte kann man sich an den Heiligen Johannes wenden und um Hilfe gegen seine Feinde bitten, um Unterst\u00fctzung f\u00fcr Menschen in Trauer, f\u00fcr Opfer von Unrecht, um die R\u00fcckgabe von gestohlenem Eigentum, um vermisste Personen zu finden und um Personen aus der Gefangenschaft zu befreien.<\/p>\n<p>ZUR BEACHTUNG: Bei dieser Platte sollte das Wasser zum Energetisieren mindestens 15 Minuten lang darauf gestellt werden.<\/p>\n<p><em><u>Ergebnis im LIFE-TEST:<\/u>\u00a0Die Kolzov-Platte &#8222;Seelenstern&#8220; hat ein neutrales Energiefeld mit mehr als 40 000 Bovis. Damit aktiviert sie das Solarplexus-Chakra auf deutlich mehr als 40 000 Bovis (40 000 Bovis sind die sichere Messgrenze in dieser Testmethode nach Dr. Oberbach). Auch das Stirn-Chakra wird auf 40 000 Bovis aktiviert und Kronen- und Hals-Chakra steigen in ihrer Energie auf ebenfalls sehr hohe 35 000 Bovis. Herz- und Wurzel-Chakra vervierfachen ihre Energie auf 28 000 Bovis und das Blase-\/Sexual-Chakra verdreifacht noch seine Energie auf 21 000 Bovis. Durch die Aufladung der Chakras w\u00e4chst der bioenergetische Reaktionsabstand von zirka 75 Zentimetern um den K\u00f6rper auf 1,80 Meter.<\/em><\/p>\n<p><strong><em>Wichtiger Hinweis:<br \/>\nWir weisen ausdr\u00fccklich darauf hin, dass die Kolzov-Platte (russische Bezeichnung: &#8222;Korrektoren des funktionalen Zustands&#8220;) ein alternatives Energie- und Informationsprodukt ist und kein Heilmittel im Sinne der westlichen Schulmedizin. Vielmehr ist es ein rein energetisches Hilfsmittel zur ganzheitlichen Balancierung von energetischen Disharmonien und Blockaden. Informationen \u00fcber Qualit\u00e4t und Eigenschaften des Energieobjekts beziehen sich auf Aussagen des russischen Herstellers und alternativen Theorien zu Mensch und Umwelt, auf alternative Anschauungen und esoterische \u00dcberlieferungen oder Aussagen. Sie gelten nur im Sinne der esoterischen Lebensphilosophie und daran angelehnte Alternativheilkunde. Wirkungen im Sinne westlicher Wissenschaft oder Medizin werden hier nicht behauptet.<\/em><\/strong><\/p>","protected":false},"excerpt":{"rendered":"<p>sch\u00fctzt dich davor, sozial ausgenutzt zu werden, und baut einen starken Schutzwall gegen \u201eEnergie-Vampirismus\u201c auf. Sie ist ein exzellenter Helfer f\u00fcr Erfolg in Beruf und Studium, da sie den Zugang zu neuem Wissen und zur Intuition erleichtert. Im k\u00f6rperlichen Bereich ist sie spezialisiert auf die St\u00e4rkung der Beine und die Verbesserung der ven\u00f6sen Durchblutung. Zudem gilt sie traditionell als energetische Unterst\u00fctzung bei Unrecht, Verlusten oder in schwierigen Lebenslagen.<\/p>","protected":false},"featured_media":1812,"comment_status":"open","ping_status":"closed","template":"","meta":[],"product_brand":[],"product_cat":[33],"product_tag":[140],"class_list":{"0":"post-1783","1":"product","2":"type-product","3":"status-publish","4":"has-post-thumbnail","6":"product_cat-elite-series","7":"product_tag-140","9":"first","10":"instock","11":"taxable","12":"shipping-taxable","13":"purchasable","14":"product-type-simple"},"_links":{"self":[{"href":"https:\/\/vigo-rio.com\/en\/wp-json\/wp\/v2\/product\/1783","targetHints":{"allow":["GET"]}}],"collection":[{"href":"https:\/\/vigo-rio.com\/en\/wp-json\/wp\/v2\/product"}],"about":[{"href":"https:\/\/vigo-rio.com\/en\/wp-json\/wp\/v2\/types\/product"}],"replies":[{"embeddable":true,"href":"https:\/\/vigo-rio.com\/en\/wp-json\/wp\/v2\/comments?post=1783"}],"wp:featuredmedia":[{"embeddable":true,"href":"https:\/\/vigo-rio.com\/en\/wp-json\/wp\/v2\/media\/1812"}],"wp:attachment":[{"href":"https:\/\/vigo-rio.com\/en\/wp-json\/wp\/v2\/media?parent=1783"}],"wp:term":[{"taxonomy":"product_brand","embeddable":true,"href":"https:\/\/vigo-rio.com\/en\/wp-json\/wp\/v2\/product_brand?post=1783"},{"taxonomy":"product_cat","embeddable":true,"href":"https:\/\/vigo-rio.com\/en\/wp-json\/wp\/v2\/product_cat?post=1783"},{"taxonomy":"product_tag","embeddable":true,"href":"https:\/\/vigo-rio.com\/en\/wp-json\/wp\/v2\/product_tag?post=1783"}],"curies":[{"name":"wp","href":"https:\/\/api.w.org\/{rel}","templated":true}]}}