{"id":1779,"date":"2026-01-15T10:07:11","date_gmt":"2026-01-15T10:07:11","guid":{"rendered":"https:\/\/vigo-rio.com\/?post_type=product&#038;p=1779"},"modified":"2026-03-25T17:13:24","modified_gmt":"2026-03-25T17:13:24","slug":"fc-secrets-of-alaska","status":"publish","type":"product","link":"https:\/\/vigo-rio.com\/en\/product\/fc-secrets-of-alaska\/","title":{"rendered":"FC Geheimnisse von Alaska \/ Secrets of Alaska"},"content":{"rendered":"<p><strong>Kolzov-Platte: &#8222;Geheimnisse von Alaska&#8220;\u00a0(f\u00fcr energetische Stabilit\u00e4t, st\u00e4rkt die Aura, Schwingungserh\u00f6hung, Erf\u00fcllen des Seelenplans, f\u00fcr Lymphe und Stoffwechsel)<\/strong><\/p>\n<p><strong>&#8211; neueste Version mit 8-Elementen (8 enthaltenen Energiespeicher-Chips)<\/strong><\/p>\n<p><em>Die Platte tr\u00e4gt die russische Aufschrift: \u00ab\u0421\u0415\u041a\u0420\u0415\u0422\u042b \u0410\u041b\u042f\u0421\u041a\u0418\u00bb<br \/>\nbzw. auf dem erg\u00e4nzenden Deckblatt: &#8222;SECRETS OF ALASKA, SECRETS DE L&#8217;ALASKA, GEHEIMNISSE VON ALASKA&#8220;<\/em><\/p>\n<p>Zum 15. Jahrestag der Gr\u00fcndung des Kolzov-Platten-Herstellers &#8222;Planet der Regionen&#8220; erscheint die Platte &#8222;Geheimnisse von Alaska&#8220; (gemeinsam mit der Platte &#8222;Heilige Quelle) und sie tr\u00e4gt daher die &#8222;15&#8220; auf der Vorderseite.<br \/>\nDie Platte st\u00e4rkt die energetische Ordnung im Energiefeld des Anwenders und in seiner Umgebung. Sie vermittelt die ungew\u00f6hnlichen Energien eines Kraftplatzes in Alaska, in den die Informationen und Energien f\u00fcr Entwicklung unseres Planeten und der Menschheit eintreten.<br \/>\nDie Platte kann jene Menschen befl\u00fcgeln, die dem Wohl aller und der Sch\u00f6pfung dienen wollen. Wer im Sinne der H\u00f6heren Kr\u00e4fte handelt, dem vermittelt sie enorme Unterst\u00fctzung. Gleichzeitig k\u00f6nnen sich auch einige der eigenen, pers\u00f6nlichen Probleme aufl\u00f6sen. Wenn ein Mensch f\u00fcr seine Entwicklung eine Krise durchmachen muss, dann hilft die Platte, diese zu meistern und bewusst die notwendige Entwicklung zu erfahren. So kann sich der Anwender von veralteten Gedanken, Glaubenssystemen und Mustern befreien.<\/p>\n<p><em>Die Aussagen beziehen sich auf alternative Testmethoden wie Meridianenergie-Messungen der Organfunktionskreisl\u00e4ufe nach TCM, Kirlian-Fotografie (EPG\/GDV-Kamera), Oberon, Amsat o.\u00e4. durch den Hersteller &#8222;Planet der Regionen&#8220; und stellen keine medizinische oder auf den physischen K\u00f6rper und dessen Organe bezogenen Aussage im Sinne der westlichen Schulmedizin dar.<\/em><\/p>\n<p><strong>Die Platte &#8222;Geheimnisse von Alaska&#8220; ist vor allem geeignet f\u00fcr:<\/strong><\/p>\n<ul>\n<li>st\u00e4rkt das Biofeld, die Aura des Anwenders und stellt ihre gesunde Ordnung wieder her,<\/li>\n<li>vermittelt energetische Stabilit\u00e4t und Festigkeit, verbessert die Adaptions- und Reaktionsf\u00e4higkeit des Anwenders auf energetische Einfl\u00fcsse,<\/li>\n<li>aktiviert die Chakras, vor allem das 3., 7., 8. und 9. Chakra,<\/li>\n<li>\u00f6ffnet energetische, \u00e4therische Verbindungen zum h\u00f6chsten und reinsten Teil des Luft-Elements,<\/li>\n<li>harmonisiert das Element Wasser beim Anwender, wodurch der Fluss der Stoffwechselprozesse im K\u00f6rper wieder hergestellt und die Funktion des Lymphsystems normalisiert werden,<\/li>\n<li>\u00f6ffnet die energetischen Bedingungen und Programme f\u00fcr eine Neustrukturierung des umgebenden Raumes, um einen guten Lebensbereich f\u00fcr den Anwender zu schaffen,<\/li>\n<li>aktiviert dabei die \u00d6ffnung zur Lichtmatrix der hoher Energien unserer Zeit,<\/li>\n<li>er\u00f6ffnet, je nach spiritueller Entwicklung des Anwenders, den Zugang zur Akasha-Chronik (insbesondere zu Wasser-Themen)<\/li>\n<li>aktiviert interaktiv die Kreativit\u00e4t des Anwenders,<\/li>\n<li>verbindet den Willen des Anwenders mit dem g\u00f6ttlichen Willen und bringt das Individuelle in Einklang mit der Sch\u00f6pfung, so dass der Anwender zum aktiv Handelnden der &#8222;H\u00f6heren Kr\u00e4fte&#8220; zum Wohle der Sch\u00f6pfung und der Gemeinschaft wird und seine wirklichen Seelenplan leben kann,<\/li>\n<li>vermittelt Einsichten und man kann konkrete Fragen stellen &#8211; so kann die Platte helfen, seine W\u00fcnsche und Tr\u00e4ume, sein Denken und Handeln zu \u00fcberdenken,<\/li>\n<li>st\u00e4rkt energetisch die Gesundheit, heilt aber nicht selbstst\u00e4ndig &#8211; je besser die Grundgesundheit des Anwenders ist, umso besser k\u00f6nnen auch die Energien der Platte \u00fcbertragen werden.<\/li>\n<\/ul>\n<p>Auf der Kolzov-Platte &#8222;Geheimnisse Alaskas&#8220; sind die Informationen des Kraftplatzes Portage Lake gespeichert. Der See am Fu\u00dfe des Portage-Gletschers liegt etwa 80 Kilometer s\u00fcdlich von Anchorage im Chugach National Forest im S\u00fcden des US-Bundesstaates Alaska. Der Portage-Gletscher z\u00e4hlt zu den meistbesuchten Attraktionen Alaskas. Sein Gletschersee liegt auf der Kenai-Halbinsel mitten in der engsten Stelle der Landverbindung. Der Kraftort gilt als ein Energieportal, durch das die Energien f\u00fcr die Entwicklung unseres Planeten eintreten.<\/p>\n<p>TIPP: Die Platte ist kompatibel mit allen anderen zuvor erschienenen Platten.<\/p>\n<p>ZUR BEACHTUNG: Bei dieser Platte sollte das Wasser zum Energetisieren mindestens 15 Minuten lang darauf gestellt werden.<\/p>\n<p><em><strong>Wichtiger Hinweis: Wir weisen ausdr\u00fccklich darauf hin, dass die Kolzov-Platte (russische Bezeichnung: &#8222;Korrektoren des funktionalen Zustands&#8220;) ein alternatives Energie- und Informationsprodukt ist und kein Heilmittel im Sinne der westlichen Schulmedizin. Vielmehr ist es ein rein energetisches Hilfsmittel zur ganzheitlichen Balancierung von energetischen Disharmonien und Blockaden. Informationen \u00fcber Qualit\u00e4t und Eigenschaften des Energieobjekts beziehen sich auf Aussagen des russischen Herstellers und alternativen Theorien zu Mensch und Umwelt, auf alternative Anschauungen und esoterische \u00dcberlieferungen oder Aussagen. Sie gelten nur im Sinne der esoterischen Lebensphilosophie und daran angelehnte alternativheilkunde. Wirkungen im Sinne westlicher Wissenschaft oder Medizin werden hier nicht behauptet.<\/strong><\/em><\/p>","protected":false},"excerpt":{"rendered":"<p>Die Platte <b data-path-to-node=\"2\" data-index-in-node=\"11\">\u201eGeheimnisse von Alaska\u201c<\/b> (Jubil\u00e4ums-Edition \u201e15\u201c) dient der massiven St\u00e4rkung und Neustrukturierung der Aura. Sie verbindet den Anwender mit der Lichtmatrix hoher Energien, um den eigenen Willen mit dem g\u00f6ttlichen Plan in Einklang zu bringen. Sie hilft dabei, pers\u00f6nliche Krisen als Entwicklungschancen zu nutzen und veraltete Gedankenmuster abzulegen. Auf k\u00f6rperlicher Ebene harmonisiert sie das Element Wasser, was den Stoffwechsel reaktiviert und die Funktion des Lymphsystems normalisiert.<\/p>","protected":false},"featured_media":2418,"comment_status":"open","ping_status":"closed","template":"","meta":[],"product_brand":[],"product_cat":[33],"product_tag":[155],"class_list":{"0":"post-1779","1":"product","2":"type-product","3":"status-publish","4":"has-post-thumbnail","6":"product_cat-elite-series","7":"product_tag-155","9":"first","10":"instock","11":"taxable","12":"shipping-taxable","13":"purchasable","14":"product-type-simple"},"_links":{"self":[{"href":"https:\/\/vigo-rio.com\/en\/wp-json\/wp\/v2\/product\/1779","targetHints":{"allow":["GET"]}}],"collection":[{"href":"https:\/\/vigo-rio.com\/en\/wp-json\/wp\/v2\/product"}],"about":[{"href":"https:\/\/vigo-rio.com\/en\/wp-json\/wp\/v2\/types\/product"}],"replies":[{"embeddable":true,"href":"https:\/\/vigo-rio.com\/en\/wp-json\/wp\/v2\/comments?post=1779"}],"wp:featuredmedia":[{"embeddable":true,"href":"https:\/\/vigo-rio.com\/en\/wp-json\/wp\/v2\/media\/2418"}],"wp:attachment":[{"href":"https:\/\/vigo-rio.com\/en\/wp-json\/wp\/v2\/media?parent=1779"}],"wp:term":[{"taxonomy":"product_brand","embeddable":true,"href":"https:\/\/vigo-rio.com\/en\/wp-json\/wp\/v2\/product_brand?post=1779"},{"taxonomy":"product_cat","embeddable":true,"href":"https:\/\/vigo-rio.com\/en\/wp-json\/wp\/v2\/product_cat?post=1779"},{"taxonomy":"product_tag","embeddable":true,"href":"https:\/\/vigo-rio.com\/en\/wp-json\/wp\/v2\/product_tag?post=1779"}],"curies":[{"name":"wp","href":"https:\/\/api.w.org\/{rel}","templated":true}]}}