{"id":1777,"date":"2026-01-15T10:06:00","date_gmt":"2026-01-15T10:06:00","guid":{"rendered":"https:\/\/vigo-rio.com\/?post_type=product&#038;p=1777"},"modified":"2026-02-04T19:57:36","modified_gmt":"2026-02-04T19:57:36","slug":"fc-rebirth","status":"publish","type":"product","link":"https:\/\/vigo-rio.com\/en\/product\/fc-rebirth\/","title":{"rendered":"FC Wiedergeburt \/ Rebirth"},"content":{"rendered":"<p><strong>Kolzov-Platte: &#8222;Wiedergeburt&#8220; (&#8222;Zeitalter des Erwachens&#8220;)\u00a0&#8211; (im Russischen w\u00f6rtlich &#8222;\u00c4ra der Wiedergeburt&#8220;, die eigenen Bed\u00fcrfnisse erkennen und verwirklichen, f\u00fcr mehr Gl\u00fcck und Erfolg, Freundlichkeit und Mitgef\u00fchl im Leben, l\u00f6st karmische Verwicklungen)<\/strong><\/p>\n<p><strong><em>(bei paarweiser Anwendung am besten mit der Platte &#8222;Sonnensymbol&#8220;)<\/em><br \/>\n<\/strong><\/p>\n<p><strong>&#8211; neueste Version mit 8-Elementen (8 enthaltenen Energiespeicher-Chips)<\/strong><\/p>\n<p><em>Die Platte tr\u00e4gt die russische Aufschrift: \u00ab\u042d\u0420\u0410 \u0412\u041e\u0417\u0420\u041e\u0416\u0414\u0415\u041d\u0418\u042f\u00bb bzw. auf dem erg\u00e4nzenden Deckblatt: ERA OF REVIVAL, ERE DE L&#8217;EVEIL, WIEDERGEBURT<\/em><\/p>\n<p>Die Platte &#8222;Wiedergeburt&#8220; kann als ein universeller Korrektor verwendet werden &#8211; wenn man keine andere Platte zur Hand hat, bietet allein diese Platte schon viel Unterst\u00fctzung: Sie vermittelt sanfte heilende Energien und umh\u00fcllt mit den Energien der elterlichen Unterst\u00fctzung, F\u00fcrsorge und Liebe (unabh\u00e4ngig vom Alter des Benutzers).<br \/>\nDie Platte hilft dem Benutzer, zu sich selbst zur\u00fcckzukehren, sich eigenen Werten und W\u00fcnschen zuzuwenden, lehrt, sich selbst zuzuh\u00f6ren und die eigenen Bed\u00fcrfnisse zu erkennen und zu erf\u00fcllen. Sie hebt das Bewusstsein des Anwenders auf beispiellose H\u00f6hen und verhilft zu tiefen Einsichten und einem tiefen Verst\u00e4ndnis der Mysterien des Universums und der Sch\u00f6pfung.<br \/>\nDie Platte &#8222;Wiedergeburt&#8220; ist zudem eine wertvolle Unterst\u00fctzung f\u00fcr alle Kreativen und ist gleichsam eine energetische &#8222;Schirmherrschaft&#8220; f\u00fcr K\u00fcnstler, Maler, Musiker, Erfinder, Entwickler, Mystiker und Bewusstseinsforscher.<\/p>\n<p><em>Die Aussagen beziehen sich auf alternative Testmethoden wie Meridianenergie-Messungen der Organfunktionskreisl\u00e4ufe nach TCM, Kirlian-Fotografie (EPG\/GDV-Kamera), Oberon, Amsat o.\u00e4. durch den Hersteller &#8222;Planet der Regionen&#8220; und stellen keine medizinische oder auf den physischen K\u00f6rper und dessen Organe bezogenen Aussage im Sinne der westlichen Schulmedizin dar.<\/em><\/p>\n<p><strong>Die Platte ist in diesem Sinne vor allem geeignet f\u00fcr:<\/strong><\/p>\n<ul>\n<li>passt sich individuell an den Zustand jedes Benutzers an, um seinen Energiezustand im Falle einer Beeintr\u00e4chtigung wieder auf das h\u00f6chste Energieniveau der k\u00f6rperlichen und geistigen Gesundheit zu bringen,<\/li>\n<li>aktiviert die Energien von Gl\u00fcck und Erfolg im Leben und manifestiert Freundlichkeit als wahren Teil der Pers\u00f6nlichkeit des Benutzers,<\/li>\n<li>vermittelt ein Verst\u00e4ndnis f\u00fcr den Wert der Liebe im Leben, die Bedeutung der F\u00fcrsorge f\u00fcr sich selbst und andere durch bewusste Handlungen und Taten &#8211; die Worte \u201eIch liebe\u201c bleiben keine leere Phrase, sondern werden zu einer lebendigen, kraftvollen Botschaft,<\/li>\n<li>hilft dem Benutzer, zu sich selbst zur\u00fcckzukehren, auf sich selbst zu h\u00f6ren und sich seinen Werten, W\u00fcnschen und Bed\u00fcrfnissen zuzuwenden, so kann der Anwender einen pers\u00f6nlichen Raum erschaffen und verteidigen (Zeit schaffen f\u00fcr sein Studium, Entspannung, Meditation etc. f\u00fcr all das, was man wirklich will),<\/li>\n<li>aktiviert lebenswichtige Energien, die eine effektive Verwirklichung von Pl\u00e4nen und Tr\u00e4umen in allen Lebensbereichen (einschlie\u00dflich Kinderwunsch) erm\u00f6glichen,<\/li>\n<li>hilft dem Anwender, seine Fehler zu erkennen und deren Bedeutung im Lebenszyklus &#8222;was man s\u00e4t, das erntet man\u201c zu verstehen,<\/li>\n<li>zielt darauf ab, karmische Verwicklungen in Beziehungen zu l\u00f6sen (nicht nur zwischen Paaren, sondern im gesamten sozialen Umfeld, zwischen Freunden, Nachbarn, Kollegen usw.), f\u00f6rdert das Strebens von M\u00e4nnern und Frauen nach urspr\u00fcnglicher Integrit\u00e4t und Harmonie,<\/li>\n<li>erm\u00f6glicht es dem Anwender, in bestimmten Lebenssituationen noch einmal ganz von vorne anzufangen und einen neuen Zyklus in seinem Leben zu beginnen,<\/li>\n<li>verleiht emotionale Stabilit\u00e4t etwa bei Stress, Trauer, negativen Emotionen und erh\u00f6hter Nervosit\u00e4t; bef\u00e4higt den Anwender, \u00c4ngste zu \u00fcberwinden und &#8222;sich zu beherrschen&#8220;, indem er das wahre Bild der Welt sieht und erkennt,<\/li>\n<li>hebt das Bewusstsein des Anwenders auf beispiellose H\u00f6hen und hilft dabei, in einem bewussten, ganzheitlich-harmonischen Zustand zu bleiben &#8211; verhilft zu einem h\u00f6heren Verst\u00e4ndnis dessen, was passiert und lehrt zu akzeptieren und zu sch\u00e4tzen, was passiert &#8211; seien es Ereignisse, Menschen, Situationen, die Umgebung usw. -, alles kann eine h\u00f6here Inspiration und ein besseres Verst\u00e4ndnis der Essenz der Entfaltung der Dinge vermitteln,<\/li>\n<li>verhilft zu tiefen Einsichten und einem tiefen Verst\u00e4ndnis der Mysterien des Universums und der Sch\u00f6pfung, st\u00e4rkt die Intuition und vermittelt die urspr\u00fcngliche Weisheit und das Wissen der Ahnen,<\/li>\n<li>hilft im K\u00f6rperlichen bei allen Prozessen der Regeneration und Gesundung und beschleunigt die Genesung, hilft bei der Anpassung an ver\u00e4nderte \u00e4u\u00dfere Bedingungen, aktiviert die Energien der Verj\u00fcngung und Regeneration,<\/li>\n<li>hilft, die k\u00f6rpereigenen Abwehrkr\u00e4fte wiederherzustellen, damit das Immunsystem in voller Kraft, aber ohne \u00dcberlastung arbeiten kann.<\/li>\n<\/ul>\n<p>Auf der Platte sind die hohen Energien des Energieportals vom 5. November 2022 gespeichert. Dies ist zugleich der zoroastrische Feiertag von Apam-Napata, dem Herrscher der kosmischen Gew\u00e4sser und des Weltozeans.<\/p>\n<p>TIPP 1: Die Platte &#8222;Wiedergeburt&#8220; arbeitet mit der Platte &#8222;Sonnensymbol&#8220; in einem einzigartigen Tandem zusammen und erm\u00f6glicht, Energie und Informationen sehr viel besser wahrnehmen, sammeln und verteilen zu k\u00f6nnen. Sie helfen auch, den Beginn notwendiger Ereignisse zu beschleunigen.<\/p>\n<p>TIPP 2: Die Platte &#8222;Wiedergeburt&#8220; kann sehr gut nachts unter dem Kopfkissen verwendet werden: sie hilft dabei, sich richtig auszuruhen, die Seele zu harmonisieren und den K\u00f6rper wiederherzustellen. So ist sie auch in allen Krankheits- und Rehabilitationsphasen sehr hilfreich f\u00fcr eine schnellere Genesung.<\/p>\n<p>TIPP 3: Man kann die Platte f\u00fcr eine tiefe und vollst\u00e4ndigere Reinigung (Detox-Programm) verwenden, dazu kann man z.B. Kokos\u00f6l informieren und es sowohl einnehmen als auch \u00e4u\u00dferlich auftragen.<\/p>\n<p>TIPP 4: Die Platte &#8222;Wiedergeburt&#8220; kann mit allen zuvor erschienenen Platten und Armb\u00e4ndern kombiniert werden, insbesondere mit allen Platten der &#8222;Serie Arkanum&#8220; und mit den Platten &#8222;Nr.5&#8220; (Serie Blau), &#8222;Nr.9&#8220; (Serie Violett), &#8222;Bukovicka&#8220;, &#8222;Petrowotschka&#8220; (Serie Elite 8-Elemente), &#8222;Welikoretzky&#8220;, &#8222;Quelle des Lebens&#8220;, &#8222;Fungimin&#8220; (Serie Kollektion), &#8222;Langes Leben&#8220; (Serie Gr\u00fcn), &#8222;Rapa&#8220; (Winterserie 2020), &#8222;Quelle Shambala&#8220;, &#8222;Geheimer Heiliger See&#8220; (Serie Effizient), &#8222;Schatz Spaniens&#8220;, &#8222;Die drei heiligen Hierarchen&#8220; (Serie Elite) und mit den Armb\u00e4ndern &#8222;Cardio&#8220;, &#8222;Gesundheits-Navigator&#8220;.<\/p>\n<p>ZUR BEACHTUNG: Bei dieser Platte sollte das Wasser zum Energetisieren mindestens 15 Minuten lang darauf gestellt werden.<\/p>\n<p><em><u>Ergebnis im LIFE-TEST:\u00a0<\/u>Die Kolzov-Platte &#8222;Wiedergeburt&#8220; hat ein neutrales Energiefeld mit mehr als 40 000 Bovis. Damit aktiviert sie gleich 3 Chakras auf 40 000 Bovis: Stirn-, Herz- und Solarplexus-Chakra. Das Kronen-Chakra steigt auf ebenfalls sehr hohe 35 000 Bovis. Das Blase-\/Sexual-Chakra erh\u00f6ht sich in seiner Energie auf 28 000 Bovis, das Hals-Chakra verdreifacht seine Energie auf 21 000 Bovis und das Wurzel-Cakra verdoppelt seine Energie auf 14 000 Bovis. Durch die Aufladung der Chakras w\u00e4chst der bioenergetische Reaktionsabstand von zirka 75 Zentimetern um den K\u00f6rper auf 2,00 Meter.<\/em><\/p>\n<p><em><\/p>\n<p><strong>Wichtiger Hinweis:<br \/>\nWir weisen ausdr\u00fccklich darauf hin, dass die Kolzov-Platte (russische Bezeichnung: &#8222;Korrektoren des funktionalen Zustands&#8220;) ein alternatives Energie- und Informationsprodukt ist und kein Heilmittel im Sinne der westlichen Schulmedizin. Vielmehr ist es ein rein energetisches Hilfsmittel zur ganzheitlichen Balancierung von energetischen Disharmonien und Blockaden. Informationen \u00fcber Qualit\u00e4t und Eigenschaften des Energieobjekts beziehen sich auf Aussagen des russischen Herstellers und alternativen Theorien zu Mensch und Umwelt, auf alternative Anschauungen und esoterische \u00dcberlieferungen oder Aussagen. Sie gelten nur im Sinne der esoterischen Lebensphilosophie und daran angelehnte Alternativheilkunde. Wirkungen im Sinne westlicher Wissenschaft oder Medizin werden hier nicht behauptet.<\/strong><\/em><\/p>","protected":false},"excerpt":{"rendered":"<p>Ein universeller Begleiter f\u00fcr den Neuanfang und die Selbstverwirklichung. Diese Platte hilft Ihnen, zu Ihren wahren Werten zur\u00fcckzukehren, karmische Verstrickungen zu l\u00f6sen und Ihre Ziele mit Erfolg und Gl\u00fcck zu manifestieren. Sie bietet energetischen Schutz wie eine \u201eelterliche F\u00fcrsorge\u201c und unterst\u00fctzt kreative K\u00f6pfe dabei, tiefere Einsichten und Inspiration zu finden. Ideal f\u00fcr alle, die Altes loslassen und mit emotionaler Stabilit\u00e4t in einen neuen Lebenszyklus starten m\u00f6chten.<\/p>","protected":false},"featured_media":2738,"comment_status":"open","ping_status":"closed","template":"","meta":[],"product_brand":[],"product_cat":[33],"product_tag":[144],"class_list":{"0":"post-1777","1":"product","2":"type-product","3":"status-publish","4":"has-post-thumbnail","6":"product_cat-elite-series","7":"product_tag-144","9":"first","10":"instock","11":"taxable","12":"shipping-taxable","13":"product-type-variable"},"_links":{"self":[{"href":"https:\/\/vigo-rio.com\/en\/wp-json\/wp\/v2\/product\/1777","targetHints":{"allow":["GET"]}}],"collection":[{"href":"https:\/\/vigo-rio.com\/en\/wp-json\/wp\/v2\/product"}],"about":[{"href":"https:\/\/vigo-rio.com\/en\/wp-json\/wp\/v2\/types\/product"}],"replies":[{"embeddable":true,"href":"https:\/\/vigo-rio.com\/en\/wp-json\/wp\/v2\/comments?post=1777"}],"wp:featuredmedia":[{"embeddable":true,"href":"https:\/\/vigo-rio.com\/en\/wp-json\/wp\/v2\/media\/2738"}],"wp:attachment":[{"href":"https:\/\/vigo-rio.com\/en\/wp-json\/wp\/v2\/media?parent=1777"}],"wp:term":[{"taxonomy":"product_brand","embeddable":true,"href":"https:\/\/vigo-rio.com\/en\/wp-json\/wp\/v2\/product_brand?post=1777"},{"taxonomy":"product_cat","embeddable":true,"href":"https:\/\/vigo-rio.com\/en\/wp-json\/wp\/v2\/product_cat?post=1777"},{"taxonomy":"product_tag","embeddable":true,"href":"https:\/\/vigo-rio.com\/en\/wp-json\/wp\/v2\/product_tag?post=1777"}],"curies":[{"name":"wp","href":"https:\/\/api.w.org\/{rel}","templated":true}]}}