{"id":1776,"date":"2026-01-15T10:05:32","date_gmt":"2026-01-15T10:05:32","guid":{"rendered":"https:\/\/vigo-rio.com\/?post_type=product&#038;p=1776"},"modified":"2026-03-10T16:12:03","modified_gmt":"2026-03-10T16:12:03","slug":"fc-renaissance","status":"publish","type":"product","link":"https:\/\/vigo-rio.com\/en\/product\/fc-renaissance\/","title":{"rendered":"FC Renaissance"},"content":{"rendered":"<p><strong>Kolzov-Platte: &#8222;Renaissance&#8220;\u00a0&#8211; (f\u00fcr eine k\u00f6rperliche und geistige Erneuerung und &#8222;Wiedergeburt&#8220;) &#8211; (Serie ELITE)<\/strong><br \/>\n<em>Die Platte tr\u00e4gt die russische Aufschrift: \u0420\u0415\u041d\u0415\u0421\u0421\u0410\u041d\u0421<\/em><\/p>\n<p>Die Kolzov-Platte \u201eRenaissance\u201c verbessert die Beweglichkeit und st\u00e4rkt die Erneuerung der Haut. Sie hilft bei der Verwirklichung von Projekten und bei allen h\u00e4ndischen T\u00e4tigkeiten. Sie st\u00e4rkt au\u00dferdem die innere Erneuerung, den Aufbau eines Zustands der inneren Harmonie und des wahren Glaubens.<\/p>\n<p><em>Die Aussagen beziehen sich auf alternative Testmethoden wie Meridianenergie-Messungen der Organfunktionskreisl\u00e4ufe nach TCM, Kirlian-Fotografie (EPG\/GDV-Kamera), Oberon, Amsat o.\u00e4. durch den Hersteller &#8222;Planet der Regionen&#8220; und stellen keine medizinische oder auf den physischen K\u00f6rper und dessen Organe bezogenen Aussage im Sinne der westlichen Schulmedizin dar.<\/em><\/p>\n<p><strong>Die Platte ist in diesem Sinne vor allem geeignet f\u00fcr:<\/strong><\/p>\n<ul>\n<li>verbessert die Beweglichkeit bei Erkrankungen der Gelenke und der Wirbels\u00e4ule, beschleunigt die Heilung von Prellungen und Br\u00fcchen und hilft im Energetischen bei L\u00e4hmungserscheinungen,<\/li>\n<li>hilfreich bei Hautkrankheiten wie Ekzeme, Psoriasis u.a.,<\/li>\n<li>wirkt entspannend und unterst\u00fctzt dabei, Seelenfrieden und Ruhe zu finden,<\/li>\n<li>hilft dem Benutzer, seine Lebensaufgabe zu finden und einen Beruf zu w\u00e4hlen, in dem er seine Talente und F\u00e4higkeiten verwirklichen kann, hilft zudem dabei, seine Fertigkeiten im gew\u00e4hlten Beruf oder Hobby zu vervollkommnen,<\/li>\n<li>unterst\u00fctzt die Umsetzung von konkreten Ideen und Pl\u00e4nen, hilft dabei, fokussiert, selbstbewusst und zielstrebig auf seine Ziele zu erreichen,<\/li>\n<li>hilft dabei Konzepte zu erarbeiten, die f\u00fcr den Einzelnen und die Gesellschaft wichtig sind, aktiviert ein Gef\u00fchl wahrer Herzensg\u00fcte, von Vertrauen, Offenheit und wahrem Glauben der Seele,<\/li>\n<li>vermehrt bei Bedarf den materiellen Wohlstand des Benutzers und tr\u00e4gt zum Wohlstand des Unternehmens bei,<\/li>\n<li>f\u00fchrt den Anwender auf seinem Weg der spirituellen Entwicklung und verhilft zur Einsicht, dass das Erreichen von materieller F\u00fclle durch die Aktivierung und Anerkennung spiritueller Gesetzm\u00e4\u00dfigkeiten m\u00f6glich ist,<\/li>\n<li>unterst\u00fctzt die Pers\u00f6nlichkeitsentwicklung, f\u00f6rdert das Interesse an seinen eigenen unbegrenzten kreativen M\u00f6glichkeiten und an den ewigen spirituellen Werte und wahrer Gemeinschaft,<\/li>\n<li>hilft dabei, auf seinem Lebensweg zu tiefer Weisheit zu gelangen und die Erkenntisse der Vergangenheit zu nutzen,<\/li>\n<li>unterst\u00fctzt das Streben nach innerer Freiheit des Einzelnen und vermittelt ein gesundes Gleichgewicht zwischen Vergangenheit und Gegenwart, zwischen tradierten Gesetzen und Regeln und Entgrenzung,<\/li>\n<li>unterst\u00fctzt die Reinigung der Seele und erf\u00fcllt das Herz mit Freude, reinen Gef\u00fchlen des Vertrauens und der Freude an der F\u00fclle des Lebens<\/li>\n<\/ul>\n<p>Auf der Kolzov-Platte &#8222;Renaissance&#8220; sind die Informationen des Wassers aus der Quelle des heiligen St. Michael Klopsky bei Alt-Rakomo nahe von Weliki Nowgorod s\u00fcd\u00f6stlich von Sankt Petersburg gespeichert. Der Pfarrer Michael, genannt &#8222;Klopsky&#8220;, gr\u00fcndete Anfang des 15. Jahrunderts dort ein Kloster und wurde durch seine Wunder bekannt. Sp\u00e4ter stellte sich heraus, dass er ein Verwandter des verstorbenen russischen Gro\u00dff\u00fcrsten Simoen des Stolzen war.<\/p>\n<p>TIPP 1: Die Platte &#8222;Renaissance&#8220; arbeitet sehr gut mit der Platte &#8222;Himmlische F\u00fcrbitte&#8220; zusammen, um einen Raum f\u00fcr mehr Erfolg im Leben und im Beruf zu schaffen und um den Segen und die Unterst\u00fctzung der H\u00f6heren M\u00e4chte zu erhalten.<\/p>\n<p>TIPP 2: Die Platte unterst\u00fctzt alles, wo noch &#8222;Hand angelegt wird&#8220; &#8211; alle Anwender von k\u00f6rperlichen Therapien und Praktiken wie Masseure, Physiotherapeuten, Osteopathen, Chiropraktiker, aber Kosmetikerinnen. Sie ist ebenso hilfreich f\u00fcr alle kreativen Berufe und Arbeiten wie K\u00fcnstler, Musiker, Kunsthandwerker, Schneider und andere, die per &#8222;hand made&#8220; etwas erschaffen.<\/p>\n<p>TIPP 3: Die Platte kann als energetische Unterst\u00fctzung bei k\u00f6rperlicher Rehabilitation nach Operationen und Verletzungen des Bewegungsapparates und bei allen Behandlungen in der Sportmedizin eingesetzt werden. Auch f\u00fcr energetische K\u00f6rperarbeit wie Yoga, Qi-Gong, Atem\u00fcbungen und Meditation kann die Platte verwendet werden und leitet schnell in einen tiefen Zustand der Balance und Harmonie. Mit dieser Platte k\u00f6nnen auch sehr gut alle Cremes, \u00d6le etc. f\u00fcr Massage und Behandlung energetisiert werden.<\/p>\n<p>TIPP 4: Diese Platte kann von Personen jeglichen Glaubens verwendet werden, um die eigenen Gebete und die Einhaltung von Gel\u00fcbden und Fastenzeiten zu unterst\u00fctzen. Dazu legt man die Platte auf das Herz-Chakra und trinkt vorher ein Glas Wasser, dass mit der Platte informiert wurde.<\/p>\n<p>TIPP 5: Legen Sie die Platte in das Babybett und den Kinderwagen, um das Kleinkind gegen b\u00f6se Gedanken und Verw\u00fcnschungen zu sch\u00fctzen. Es entsteht eine Schutzkuppel, an der Negatives abprallt.<\/p>\n<p>TIPP 6: Die Platte &#8222;Renaissance&#8220; kann mit allen zuvor erschienenen Kolzov-Produkten kombiniert werden, besonders mit: &#8222;F\u00fclle und Erfolg&#8220; (Serie Gr\u00fcn), &#8222;Licht des Erfolgs&#8220;, &#8222;Energien des Gelingens&#8220;, &#8222;Energien der Erf\u00fcllung&#8220;, &#8222;Macht des Verstandes&#8220;, &#8222;Wohlstand&#8220;, &#8222;Talisman&#8220;, &#8222;Triumph des Seins&#8220;, &#8222;Bacalar &#8211; Cenoten Yucatans&#8220;, &#8222;Frieden&#8220; (Serie Elite), &#8222;Nr.5&#8220; (Serie Blau), &#8222;Nr.10&#8220; (Serie Violett), &#8222;Bewegungsfreiheit&#8220;, &#8222;Bogurajew&#8220;, &#8222;Paraskeva&#8220; (Winterserie 2020), &#8222;Kamerton&#8220;, &#8222;Ph\u00f6nix&#8220; (Serie Kollektion).<\/p>\n<p>ZUR BEACHTUNG: Bei dieser Platte sollte das Wasser zum Energetisieren mindestens 6 Stunden lang darauf gestellt werden. Bei dieser Platte ist es sehr wichtig, viel strukturiertes Wasser zu trinken, ca. 30 ml pro 1 kg Gewicht, also etwa 2 Liter bei 70kg K\u00f6rpergwicht.<\/p>\n<p><em><u>Ergebnis im LIFE-TEST:<\/u>\u00a0Die Kolzov-Platte &#8222;Renaissance&#8220; hat ein neutrales Energiefeld mit mehr als 40 000 Bovis. Damit aktiviert sie mit dem Kronen-, Stirn- und Solarplexus-Chakra gleich drei Chakras auf 40 000 Bovis. Auch Hals- und Blase-\/Sexual-Chakra steigen noch auf enorme 35 000 Bovis. Das Herz-Charka verdreifacht seine Energie auf 21 000 Bovis. Und das Wurzel-Chakra bleibt unver\u00e4ndert bei 7000 Bovis. Durch die Aufladung der Chakras w\u00e4chst der bioenergetische Reaktionsabstand von zirka 75 Zentimetern um den K\u00f6rper auf 2,00 Meter. Tr\u00e4gt man die Platten &#8222;Himmlische F\u00fcrbitte&#8220; und &#8222;Renaissance&#8220; gemeinsam am K\u00f6rper steigen alle Chakras in ihrer Energie auf 40 000 Bovis.<\/em><\/p>\n<p>&nbsp;<\/p>\n<p><strong><em>Wichtiger Hinweis:<br \/>\nWir weisen ausdr\u00fccklich darauf hin, dass die Kolzov-Platte (russische Bezeichnung: &#8222;Korrektoren des funktionalen Zustands&#8220;) ein alternatives Energie- und Informationsprodukt ist und kein Heilmittel im Sinne der westlichen Schulmedizin. Vielmehr ist es ein rein energetisches Hilfsmittel zur ganzheitlichen Balancierung von energetischen Disharmonien und Blockaden. Informationen \u00fcber Qualit\u00e4t und Eigenschaften des Energieobjekts beziehen sich auf Aussagen des russischen Herstellers und alternativen Theorien zu Mensch und Umwelt, auf alternative Anschauungen und esoterische \u00dcberlieferungen oder Aussagen. Sie gelten nur im Sinne der esoterischen Lebensphilosophie und daran angelehnte Alternativheilkunde. Wirkungen im Sinne westlicher Wissenschaft oder Medizin werden hier nicht behauptet.<\/em><\/strong><\/p>","protected":false},"excerpt":{"rendered":"<p>steht f\u00fcr k\u00f6rperliche und geistige Erneuerung. Sie unterst\u00fctzt die Beweglichkeit des Bewegungsapparates, beschleunigt Heilungsprozesse bei Verletzungen und ist ein kraftvoller Begleiter bei der Umsetzung von Projekten. Sie hilft dabei, materielle F\u00fclle durch spirituelle Gesetzm\u00e4\u00dfigkeiten zu manifestieren und die eigenen Talente im Beruf zur vollen Entfaltung zu bringen.<\/p>","protected":false},"featured_media":2207,"comment_status":"open","ping_status":"closed","template":"","meta":[],"product_brand":[],"product_cat":[33],"product_tag":[112],"class_list":{"0":"post-1776","1":"product","2":"type-product","3":"status-publish","4":"has-post-thumbnail","6":"product_cat-elite-series","7":"product_tag-112","9":"first","10":"instock","11":"taxable","12":"shipping-taxable","13":"purchasable","14":"product-type-simple"},"_links":{"self":[{"href":"https:\/\/vigo-rio.com\/en\/wp-json\/wp\/v2\/product\/1776","targetHints":{"allow":["GET"]}}],"collection":[{"href":"https:\/\/vigo-rio.com\/en\/wp-json\/wp\/v2\/product"}],"about":[{"href":"https:\/\/vigo-rio.com\/en\/wp-json\/wp\/v2\/types\/product"}],"replies":[{"embeddable":true,"href":"https:\/\/vigo-rio.com\/en\/wp-json\/wp\/v2\/comments?post=1776"}],"wp:featuredmedia":[{"embeddable":true,"href":"https:\/\/vigo-rio.com\/en\/wp-json\/wp\/v2\/media\/2207"}],"wp:attachment":[{"href":"https:\/\/vigo-rio.com\/en\/wp-json\/wp\/v2\/media?parent=1776"}],"wp:term":[{"taxonomy":"product_brand","embeddable":true,"href":"https:\/\/vigo-rio.com\/en\/wp-json\/wp\/v2\/product_brand?post=1776"},{"taxonomy":"product_cat","embeddable":true,"href":"https:\/\/vigo-rio.com\/en\/wp-json\/wp\/v2\/product_cat?post=1776"},{"taxonomy":"product_tag","embeddable":true,"href":"https:\/\/vigo-rio.com\/en\/wp-json\/wp\/v2\/product_tag?post=1776"}],"curies":[{"name":"wp","href":"https:\/\/api.w.org\/{rel}","templated":true}]}}