{"id":1775,"date":"2026-01-15T10:04:46","date_gmt":"2026-01-15T10:04:46","guid":{"rendered":"https:\/\/vigo-rio.com\/?post_type=product&#038;p=1775"},"modified":"2026-02-04T19:57:48","modified_gmt":"2026-02-04T19:57:48","slug":"fc-source-of-green-tara-kailash","status":"publish","type":"product","link":"https:\/\/vigo-rio.com\/en\/product\/fc-source-of-green-tara-kailash\/","title":{"rendered":"FC Quelle Gr\u00fcne Tara-Kailas \/ Source of Green Tara-Kailash"},"content":{"rendered":"<p><strong>Kolzov-Platte: &#8222;Quelle &#8218;Gr\u00fcne Tara&#8217;\/Kailash&#8220;\u00a0&#8211; (Entwicklung der Spiritualit\u00e4t und der Pers\u00f6nlichkeit, Aura-Schutz)<\/strong><\/p>\n<p><em>Die Platte tr\u00e4gt die russische Aufschrift: \u0417\u0415\u041b\u0415\u041d\u0410\u042f \u0422\u0410\u0420\u0410. \u041a\u0410\u0419\u041b\u0410\u0421<\/em><\/p>\n<p>Wie ein wei\u00dfer Kristall \u00fcberragt der Berg Kailash seine Umgebung im Gangdise-Gebirge. Das ganze Jahr \u00fcber bleibt seine pyramidenf\u00f6rmige Spitze mit Schnee bedeckt und leuchtet wie entr\u00fcckt&#8230; Der Berg gilt in vier Weltreligionen, im Tibetischen Buddhismus, Hinduismus, Jainismus und B\u00f6n, als heiliger Berg und wird mit dem Berg Meru und damit der &#8222;Weltenachse&#8220; und der &#8222;Mitte des Universums&#8220; identifiziert. Eine Umrundung des Berges auf einem zirka 53 km langen Weg ist die wichtigste Pilgerreise f\u00fcr Anh\u00e4nger dieser Religionen. An einem Pass entlang des Pilgerweges entspringt die heilige Quelle der Gr\u00fcnen Tara, deren Information auf der Kolzov-Platte gespeichert ist. Die Bergspitze des Kailash wurde aus R\u00fccksicht auf seine religi\u00f6se Bedeutung bisher nicht bestiegen. \u201eKein Ort ist wundervoller als dieser\u201c, hat der Yogi Milarepa (1052\u20131135) gesagt, der als der einzige bisherige Besteiger des Berges gilt.<br \/>\nDer Kailash liegt im Zentrum eines Gebiets, das f\u00fcr die Wasserversorgung des gesamten indischen Subkontinents von gro\u00dfer Bedeutung ist &#8211; hier entspringen die vier gro\u00dfen Fl\u00fcsse des s\u00fcdasiatischen Raums: im Norden der Indus, im Osten der Yarlung Tsangpo (Brahmaputra), im Westen der Satluj, ein Zufluss des Indus, und im S\u00fcden der Karnali, ein Zufluss des Ganges.<br \/>\nDie Gr\u00fcne Tara ist ein weiblicher, friedvoller Buddha und Bodhisattva und verk\u00f6rpert das aktive Mitgef\u00fchl aller Buddhas. Sie begleitet alle spirituell Suchenden in ihrer Entwicklung, sch\u00fctzt vor Gefahren und hilft, die urspr\u00fcngliche Weisheit zu erkennen und zu vermehren und sie wird f\u00fcr ihre wunscherf\u00fcllenden Qualit\u00e4ten gepriesen. Obwohl die gr\u00fcne Tara auch weltliche W\u00fcnsche erf\u00fcllen soll, besteht ihr eigentliches Anliegen darin, spirituell Praktizierende zur Erleuchtung zu f\u00fchren. Die Verehrung der Gr\u00fcnen Tara ist aber weit \u00e4lter als der Buddhismus und geht urspr\u00fcnglich auf eine indische Sterneng\u00f6ttin zur\u00fcck.<\/p>\n<p><em>Die Aussagen beziehen sich auf alternative Testmethoden wie Meridianenergie-Messungen der Organfunktionskreisl\u00e4ufe nach TCM, Kirlian-Fotografie (EPG\/GDV-Kamera), Oberon, Amsat o.\u00e4. durch den Hersteller &#8222;Planet der Regionen&#8220; und stellen keine medizinische oder auf den physischen K\u00f6rper und dessen Organe bezogenen Aussage im Sinne der westlichen Schulmedizin dar.<\/em><\/p>\n<p><strong>Die Platte ist in diesem Sinne vor allem geeignet f\u00fcr:<\/strong><\/p>\n<ul>\n<li>unterst\u00fctzt die spirituelle Entwicklung des Menschen und seinen Zugang zu universellen und spirituellen Dimensionen,<\/li>\n<li>f\u00f6rdert die kraftvolle spirituelle Transformation im Rahmen des gegenw\u00e4rtigen physischen K\u00f6rpers und f\u00fchrt zur ureigenen Seelenaufgabe zur\u00fcck,<\/li>\n<li>hilft dabei, unser spirituelles Herz zu entwickeln und sich selbst als wesentlichen Teil des Universums wahrzunehmen und sich mit dem h\u00f6heren Informationsfeld zu verbinden,<\/li>\n<li>erf\u00fcllt uns mit den Energien der Liebe in all ihren Erscheinungsformen, den Schwingungen der G\u00fcte, des Mitgef\u00fchls, der Ruhe und des Friedens,<\/li>\n<li>tr\u00e4gt zur Aufl\u00f6sung von negativen, energetisch-informellen \u00dcbergriffen jeglichen Niveaus und Ursprungs bei,<\/li>\n<li>tr\u00e4gt zum Schutz des Aura-Energiefeldes und aller Energiek\u00f6rper des Menschen bei,<\/li>\n<li>sch\u00fctzt vor verbaler, emotionaler und psychologischer Gewalt, die von Personen mit niedrigerem Schwingungsniveau ausgehen,<\/li>\n<li>f\u00f6rdert die Entwicklung der Intuition, die Entdeckung der klaren Erkenntnis in uns, die Wahl und die Annahme des Weges der spirituellen Selbstentwicklung,<\/li>\n<li>hilft, unsere inneren &#8222;D\u00e4monen&#8220; zu besiegen, m\u00f6gliche psychologische Hindernisse f\u00fcr das Erreichen von Zielen zu beseitigen,<\/li>\n<li>tr\u00e4gt zur Erf\u00fcllung von W\u00fcnschen bei.<\/li>\n<li>Vor allem in Kombination mit der Platte &#8220; See Manasarovar\/Kailash&#8220; tr\u00e4gt die Platte &#8222;Quelle Gr\u00fcne Tara\/Kailash&#8220; sehr kraftvoll dazu bei, alte Programmierungen und Muster aus der Vergangenheit aufzul\u00f6sen, sich neu auszurichten, um auf eine h\u00f6here Schwingungs- und Bewusstseinssebene zu gelangen.<\/li>\n<\/ul>\n<p>Die Platte &#8222;Quelle Gr\u00fcne Tara\/Kailash&#8220; ist f\u00fcr all jene eine wertvolle Hilfe:<\/p>\n<ul>\n<li>die sich spirituell entwickeln m\u00f6chten und auf der Suche nach ihrem eigenen Weg und dem tieferen Sinn im Leben sind,<\/li>\n<li>die verschiedene Praktiken der spirituellen Entwicklung betreiben und diese beschleunigen m\u00f6chten,<\/li>\n<li>w\u00e4hrend Fasten- und Reinigungszeiten,<\/li>\n<li>die bestrebt sind, den eigenen und den Energieraum der Umgebung in Einklang zu bringen und eine Atmosph\u00e4re der Liebe und des Wohlbefindens f\u00fcr sich und die Erde zu schaffen,<\/li>\n<li>die sich in der \u00d6ffentlichkeit oft in konfliktbehafteten oder kontroversen Situationen befinden,<\/li>\n<li>die die Ursachen von Stagnation in verschiedenen Lebensbereichen ermitteln und beseitigen wollen.<\/li>\n<\/ul>\n<p>Auf der Kolzov-Platte &#8222;Quelle Gr\u00fcne Tara\/Kailash&#8220; sind die Informationen einer heiligen Quelle gespeichert, die auf dem Pass der Gr\u00fcnen Tara am Pilgerweg um den Berg Kailash entspringt.<\/p>\n<p>TIPP 1: Neben dem Trinken des informierten Wassers und dem Tragen der Platte, k\u00f6nnen auch Reinigungsrituale damit durchgef\u00fchrt werden, zum Beispiel schon einfach indem man die Platte zwischen beide Handfl\u00e4chen nimmt und wie beim H\u00e4ndewaschen dar\u00fcberreibt.<\/p>\n<p>TIPP 2: In Kombination mit der Platte &#8222;See Manasarovar\/Kailash&#8220; tr\u00e4gt die Platte &#8222;Quelle Gr\u00fcne Tara\/Kailash&#8220; sehr kraftvoll dazu bei, alte Programmierungen und Muster aus der Vergangenheit aufzul\u00f6sen, sich neu auszurichten, um auf eine h\u00f6here Schwingungs- und Bewusstseinssebene zu gelangen.<\/p>\n<p>ZUR BEACHTUNG: bei dieser Platte sollte das Wasser zum Energetisieren mindestens 8,5 Stunden lang, also am einfachsten \u00fcber Nacht darauf gestellt werden.<\/p>\n<p><em><u>Ergebnis im LIFE-TEST:<\/u>\u00a0Die Platte &#8222;Kailash\/Gr\u00fcne Tara&#8220; hat eine enorm hohe Energie von deutlich mehr als 40 000 Bovis mit neutralem Energiefeld. Damit l\u00e4dt sie alle (!!!) Chakras auf 40 000 Bovis auf (40 000 Bovis sind hier die sichere Messgrenze) und dabei steigen das Kronen-Chakra und das Stirn-Chakra sogar noch deutlich h\u00f6her als 40 000 Bovis. Dabei dehnt sich auch das gesamte Energiefeld, der bioenergetische Reaktionsabstand, von 75 Zentimetern um den K\u00f6rper auf 2 Meter aus!<br \/>\nWerden beide Kailash Platten gemeinsam verwendet, ist dies als eine noch weitere Ausdehnung des gesamten Energiefeldes, des bioenergetischen Reaktionsabstandes, von 75 Zentimetern um den K\u00f6rper auf enorme 4,5 Meter testbar!<\/em><\/p>\n<p>&nbsp;<\/p>\n<p>&nbsp;<\/p>\n<p><strong><em>Wichtiger Hinweis:<br \/>\nWir weisen ausdr\u00fccklich darauf hin, dass die Kolzov-Platte (russische Bezeichnung: &#8222;Korrektoren des funktionalen Zustands&#8220;) ein alternatives Energie- und Informationsprodukt ist und kein Heilmittel im Sinne der westlichen Schulmedizin. Vielmehr ist es ein rein energetisches Hilfsmittel zur ganzheitlichen Balancierung von energetischen Disharmonien und Blockaden. Informationen \u00fcber Qualit\u00e4t und Eigenschaften des Energieobjekts beziehen sich auf Aussagen des russischen Herstellers und alternativen Theorien zu Mensch und Umwelt, auf alternative Anschauungen und esoterische \u00dcberlieferungen oder Aussagen. Sie gelten nur im Sinne der esoterischen Lebensphilosophie und daran angelehnte Alternativheilkunde. Wirkungen im Sinne westlicher Wissenschaft oder Medizin werden hier nicht behauptet.<\/em><\/strong><\/p>","protected":false},"excerpt":{"rendered":"<p>\u00fcbertr\u00e4gt die hochschwingenden Energien des heiligen Berges Kailash und dient als kraftvoller Katalysator f\u00fcr die spirituelle Transformation. Sie sch\u00fctzt das Biofeld vor psychologischer Gewalt und energetischen \u00dcbergriffen, hilft bei der \u00dcberwindung innerer Blockaden und unterst\u00fctzt den Anwender dabei, sein \u201espirituelles Herz\u201c zu entwickeln und die ureigene Seelenaufgabe zu manifestieren.<\/p>","protected":false},"featured_media":2198,"comment_status":"open","ping_status":"closed","template":"","meta":[],"product_brand":[],"product_cat":[33],"product_tag":[107],"class_list":{"0":"post-1775","1":"product","2":"type-product","3":"status-publish","4":"has-post-thumbnail","6":"product_cat-elite-series","7":"product_tag-107","9":"first","10":"instock","11":"taxable","12":"shipping-taxable","13":"purchasable","14":"product-type-simple"},"_links":{"self":[{"href":"https:\/\/vigo-rio.com\/en\/wp-json\/wp\/v2\/product\/1775","targetHints":{"allow":["GET"]}}],"collection":[{"href":"https:\/\/vigo-rio.com\/en\/wp-json\/wp\/v2\/product"}],"about":[{"href":"https:\/\/vigo-rio.com\/en\/wp-json\/wp\/v2\/types\/product"}],"replies":[{"embeddable":true,"href":"https:\/\/vigo-rio.com\/en\/wp-json\/wp\/v2\/comments?post=1775"}],"wp:featuredmedia":[{"embeddable":true,"href":"https:\/\/vigo-rio.com\/en\/wp-json\/wp\/v2\/media\/2198"}],"wp:attachment":[{"href":"https:\/\/vigo-rio.com\/en\/wp-json\/wp\/v2\/media?parent=1775"}],"wp:term":[{"taxonomy":"product_brand","embeddable":true,"href":"https:\/\/vigo-rio.com\/en\/wp-json\/wp\/v2\/product_brand?post=1775"},{"taxonomy":"product_cat","embeddable":true,"href":"https:\/\/vigo-rio.com\/en\/wp-json\/wp\/v2\/product_cat?post=1775"},{"taxonomy":"product_tag","embeddable":true,"href":"https:\/\/vigo-rio.com\/en\/wp-json\/wp\/v2\/product_tag?post=1775"}],"curies":[{"name":"wp","href":"https:\/\/api.w.org\/{rel}","templated":true}]}}