{"id":1773,"date":"2026-01-15T10:04:05","date_gmt":"2026-01-15T10:04:05","guid":{"rendered":"https:\/\/vigo-rio.com\/?post_type=product&#038;p=1773"},"modified":"2026-02-25T22:23:49","modified_gmt":"2026-02-25T22:23:49","slug":"fc-power-of-the-spirit","status":"publish","type":"product","link":"https:\/\/vigo-rio.com\/en\/product\/fc-power-of-the-spirit\/","title":{"rendered":"FC Kraft des Geistes \/ Power of the Spirit"},"content":{"rendered":"<p><strong>Kolzov-Platte: &#8222;Kraft des Geistes&#8220;\u00a0&#8211; (f\u00fcr Klarheit des Denkens und h\u00f6here Erkenntnisse, f\u00fcr Beharrlichkeit und Geduld zum Erreichen seiner Ziele auf dem Weg der menschlichen Evolution und spirituellen Entwicklung)<\/strong><br \/>\n<em><br \/>\n<\/em><\/p>\n<p><em>Die Platte tr\u00e4gt die russische Aufschrift: \u0421\u0418\u041b\u0410 \u0414\u0423\u0425\u0410<\/em><\/p>\n<p>Die Kolzov-Platte verleiht Beharrlichkeit und Geduld, um die Herausforderungen im Leben meistern zu k\u00f6nnen. Sie \u00f6ffnet das intuitive Sehen und H\u00f6ren, um die Essenz der Dinge und Abl\u00e4ufe erkennen zu k\u00f6nnen und \u00f6ffnet den Zugang zu den Geheimnissen des Universums.<\/p>\n<p><em>Die Aussagen beziehen sich auf alternative Testmethoden wie Meridianenergie-Messungen der Organfunktionskreisl\u00e4ufe nach TCM, Kirlian-Fotografie (EPG\/GDV-Kamera), Oberon, Amsat o.\u00e4. durch den Hersteller &#8222;Planet der Regionen&#8220; und stellen keine medizinische oder auf den physischen K\u00f6rper und dessen Organe bezogenen Aussage im Sinne der westlichen Schulmedizin dar.<\/em><\/p>\n<p><strong>Die Platte ist in diesem Sinne vor allem geeignet f\u00fcr:<\/strong><\/p>\n<ul>\n<li>f\u00f6rdert die Verwirklichung Ihrer guten Absichten und verleiht Ausdauer und Kraft, Beharrlichkeit und Geduld, um die Herausforderungen im Leben meistern zu k\u00f6nnen,<\/li>\n<li>f\u00f6rdert die Klarheit des Denkens und der Vernunft und st\u00e4rkt die Festigkeit des Geistes,<\/li>\n<li>hilft dabei, Erfahrungen verstehen und in Neues umsetzen zu k\u00f6nnen,<\/li>\n<li>hilft dabei, emotionale Zust\u00e4nde besser verstehen und harmonisieren zu k\u00f6nnen und f\u00fchrt zu emotionaler Ausgeglichenheit,<\/li>\n<li>\u00f6ffnet das intuitive Sehen und H\u00f6ren (in Abh\u00e4ngigkeit vom Grad der spirituellen Entwicklung) und erlaubt es uns, die Essenz der Dinge und Abl\u00e4ufe zu erkennen,<\/li>\n<li>\u00f6ffnet den Zugang zu den Geheimnissen des Universums, f\u00fcr die die Menschheit als w\u00fcrdig befunden wurde,<\/li>\n<li>in Abh\u00e4ngigkeit vom Grad des spirituelles Erwachens offenbart die Platte den Menschen Wissen \u00fcber Vergangenheit, Gegenwart und Zukunft,<\/li>\n<li>erleuchtet mit dem Strahlen des Wissens \u00fcber Erde und Weltraum.<\/li>\n<\/ul>\n<p>Auf der Kolzov-Platte &#8222;Kraft des Geistes&#8220; sind unter anderem die Informationen des kosmo-energetischen Kanals des Gottes Shelja gespeichert, die den Zustand der Freude schenkt, welche durch emotionale Ausgeglichenheit, Beharrlichkeit, Akzeptanz und Geduld in uns ausgel\u00f6st wird.<\/p>\n<p>TIPP 1: Wenn man das Gef\u00fchl des g\u00f6ttlichen Erfolgs und evolution\u00e4ren Voranschreitens st\u00e4rker in sich verankern m\u00f6chte, nimmt man die Platte &#8222;Kraft des Geistes&#8220; in die rechte Hand, spannt den Hals leicht an und ber\u00fchrt mit der rechten Hand die rechte Halsschlagader (und informiert so mit der Platte das vorbeiflie\u00dfende Blut in der rechten Halsschlagader) f\u00fcr die Dauer von 7 Herzschl\u00e4gen. Danach wechselt man die Seite: die Platte in die linke Hand nehmen und an die linke Halsseite halten.<br \/>\nDie Farbe Orange und der Granat verst\u00e4rken die Wirkung der Platte noch.<\/p>\n<p>TIPP 2: Die Energien des g\u00f6ttlichen Friedens werden zus\u00e4tzlich gest\u00e4rkt, wenn man die Platte bei sich hat und harmonische Musik etwa von der Viola oder der 7-saitigen Tonica-Gitarre h\u00f6rt oder spielt.<\/p>\n<p>TIPP 3: Die Platte &#8222;Kraft des Geistes&#8220; kann einzeln oder in Kombination verwendet werden mit den Platten: &#8222;Sieger&#8220; und &#8222;Indi&#8220; (Serie Kollektion), &#8222;Kolzovs Lichtgeschenk&#8220;, &#8222;Die drei heiligen Hierarchen&#8220; und &#8222;Inka&#8220; (Serie Elite), &#8222;Lhasa&#8220; (Serie Effizient), &#8222;Nr.12 &#8211; Gesunder Intellekt&#8220; (Serie Violett) und &#8222;Nr.18 &#8211; Synchronisation&#8220; (Serie Gold) sowie mit dem Armband &#8222;Magnat\/Sieger&#8220; (Armband &#8222;Mann&#8220; genannt).<\/p>\n<p>TIPP 4: Die beste Zeit f\u00fcr eine intensive Arbeit mit der Platte ist gegen 7 Uhr morgens.<\/p>\n<p>ZUR BEACHTUNG: Bei der Platte &#8222;Kraft des Geistes&#8220; sollte das Wasser zum Energetisieren mindestens 2 Stunden lang darauf gestellt werden.<\/p>\n<p><em><u>Ergebnis im LIFE-TEST:<\/u>\u00a0Die Kolzov-Platte &#8222;Kraft des Geistes&#8220; hat ein neutrales Energiefeld mit mehr als 40 000 Bovis. Damit aktiviert sie sogar vier Charkas auf enorme 40 000 Bovis: Stirn-, Hals-, Herz- und Solarplexus-Chakra. Das Kronen-Chakra wird nur etwas schw\u00e4cher auf 35 000 Bovis aktiviert. Die Aktivit\u00e4t des Wurzel-Chakras steigt auf 28 000 Bovis und das Blase-\/Sexual-Chakra verdoppelt seine Energie auf 14 000 Bovis Durch die Aufladung der Chakras w\u00e4chst der bioenergetische Reaktionsabstand von zirka 75 Zentimetern um den K\u00f6rper auf 1,90 Meter.<\/em><\/p>\n<p><strong><em>Wichtiger Hinweis:<br \/>\nWir weisen ausdr\u00fccklich darauf hin, dass die Kolzov-Platte (russische Bezeichnung: &#8222;Korrektoren des funktionalen Zustands&#8220;) ein alternatives Energie- und Informationsprodukt ist und kein Heilmittel im Sinne der westlichen Schulmedizin. Vielmehr ist es ein rein energetisches Hilfsmittel zur ganzheitlichen Balancierung von energetischen Disharmonien und Blockaden. Informationen \u00fcber Qualit\u00e4t und Eigenschaften des Energieobjekts beziehen sich auf Aussagen des russischen Herstellers und alternativen Theorien zu Mensch und Umwelt, auf alternative Anschauungen und esoterische \u00dcberlieferungen oder Aussagen. Sie gelten nur im Sinne der esoterischen Lebensphilosophie und daran angelehnte Alternativheilkunde. Wirkungen im Sinne westlicher Wissenschaft oder Medizin werden hier nicht behauptet.<\/em><\/strong><\/p>","protected":false},"excerpt":{"rendered":"<p>Die Kolzov-Platte \u201eKraft des Geistes\u201c (russisch: \u0421\u0418\u041b\u0410 \u0414\u0423\u0425\u0410) verleiht die notwendige Beharrlichkeit, Geduld und Klarheit, um Lebensziele konsequent zu verfolgen und Herausforderungen souver\u00e4n zu meistern. Sie st\u00e4rkt die Festigkeit des Geistes, harmonisiert emotionale Zust\u00e4nde und \u00f6ffnet den Zugang zu intuitivem Wissen sowie tieferen universellen Erkenntnissen \u00fcber Vergangenheit, Gegenwart und Zukunft.<\/p>","protected":false},"featured_media":2178,"comment_status":"open","ping_status":"closed","template":"","meta":[],"product_brand":[],"product_cat":[33],"product_tag":[92],"class_list":{"0":"post-1773","1":"product","2":"type-product","3":"status-publish","4":"has-post-thumbnail","6":"product_cat-elite-series","7":"product_tag-92","9":"first","10":"instock","11":"taxable","12":"shipping-taxable","13":"purchasable","14":"product-type-simple"},"_links":{"self":[{"href":"https:\/\/vigo-rio.com\/en\/wp-json\/wp\/v2\/product\/1773","targetHints":{"allow":["GET"]}}],"collection":[{"href":"https:\/\/vigo-rio.com\/en\/wp-json\/wp\/v2\/product"}],"about":[{"href":"https:\/\/vigo-rio.com\/en\/wp-json\/wp\/v2\/types\/product"}],"replies":[{"embeddable":true,"href":"https:\/\/vigo-rio.com\/en\/wp-json\/wp\/v2\/comments?post=1773"}],"wp:featuredmedia":[{"embeddable":true,"href":"https:\/\/vigo-rio.com\/en\/wp-json\/wp\/v2\/media\/2178"}],"wp:attachment":[{"href":"https:\/\/vigo-rio.com\/en\/wp-json\/wp\/v2\/media?parent=1773"}],"wp:term":[{"taxonomy":"product_brand","embeddable":true,"href":"https:\/\/vigo-rio.com\/en\/wp-json\/wp\/v2\/product_brand?post=1773"},{"taxonomy":"product_cat","embeddable":true,"href":"https:\/\/vigo-rio.com\/en\/wp-json\/wp\/v2\/product_cat?post=1773"},{"taxonomy":"product_tag","embeddable":true,"href":"https:\/\/vigo-rio.com\/en\/wp-json\/wp\/v2\/product_tag?post=1773"}],"curies":[{"name":"wp","href":"https:\/\/api.w.org\/{rel}","templated":true}]}}