{"id":1772,"date":"2026-01-15T10:03:51","date_gmt":"2026-01-15T10:03:51","guid":{"rendered":"https:\/\/vigo-rio.com\/?post_type=product&#038;p=1772"},"modified":"2026-02-04T19:57:59","modified_gmt":"2026-02-04T19:57:59","slug":"fc-power-of-the-mind","status":"publish","type":"product","link":"https:\/\/vigo-rio.com\/en\/product\/fc-power-of-the-mind\/","title":{"rendered":"FC Macht des Verstandes \/ Power of the Mind"},"content":{"rendered":"<p><strong>Kolzov-Platte: &#8222;Macht des Verstandes&#8220;\u00a0&#8211; (hilft, auf seinem Lebensweg voranzuschreiten und seine W\u00fcnsche zu manifestieren, aktiviert den positiven Lauf des Schicksals)<\/strong><br \/>\n<em>Die Platte tr\u00e4gt die russische Aufschrift: \u041c\u041e\u0413\u0423\u0429\u0415\u0421\u0422\u0412\u041e \u0420\u0410\u0417\u0423\u041c\u0410<\/em><\/p>\n<p>Diese Platte verleiht die Kraft, die eigene Macht und die uns innewohnenden g\u00f6ttlichen F\u00e4higkeiten zu erkennen und die \u00dcberzeugung &#8222;Ich kann alles erreichen&#8220; in sich zu verfestigen. Sie erweckt das sch\u00f6pferische Potenzial und aktiviert den positiven Lauf des Schicksals. Diese Platte aktiviert die Erdenergie und verbindet die schaffenden Geisteskr\u00e4fte mit der materiellen Ebene in der physischen Welt.<\/p>\n<p><em>Die Aussagen beziehen sich auf alternative Testmethoden wie Meridianenergie-Messungen der Organfunktionskreisl\u00e4ufe nach TCM, Kirlian-Fotografie (EPG\/GDV-Kamera), Oberon, Amsat o.\u00e4. durch den Hersteller &#8222;Planet der Regionen&#8220; und stellen keine medizinische oder auf den physischen K\u00f6rper und dessen Organe bezogenen Aussage im Sinne der westlichen Schulmedizin dar.<\/em><\/p>\n<p><strong>Die Platte ist in diesem Sinne vor allem geeignet f\u00fcr:<\/strong><\/p>\n<ul>\n<li>erleichtert das Voranschreiten auf dem eigenen Lebensweg, verst\u00e4rkt die M\u00f6glichkeiten, die eigene, positive Realit\u00e4t zu erschaffen und hilft beim Materialisieren und Manifestieren wohlwollender Gedanken,<\/li>\n<li>unterst\u00fctzt das Manifestieren eines beh\u00fcteten, gl\u00fcckverhei\u00dfenden Schicksals und hilft den Seelenweg in der jetzigen Inkarnation zu beschreiten,<\/li>\n<li>unterst\u00fctzt die Entwicklung von Bewusstsein und Spiritualit\u00e4t und weist den Weg zur Schatzkammer h\u00f6herer Erkenntnisse und Weisheiten,<\/li>\n<li>erm\u00f6glicht es, unsere g\u00f6ttliche Kraft zu erkennen und zu f\u00fchlen, um verstehen zu k\u00f6nnen, dass wir im Leben alles Positive erreichen k\u00f6nnen,<\/li>\n<li>aktiviert die Kraft der Erdenergien, kann so auch zur Verbesserung der Bodenfruchtbarkeit und des Erntesegens eingesetzt werden,<\/li>\n<li>sch\u00fctzt Heim und Herd, f\u00f6rdert Kindersegen, Heil und Wohlstand der Familie<\/li>\n<li>f\u00f6rdert handarbeitliche Fertigkeiten wie Sticken, Stricken, N\u00e4hen und andere Arten von Handarbeiten.<\/li>\n<\/ul>\n<p>Auf der Platte &#8222;Die Macht des Verstandes&#8220; sind u.a. die Informationen des kosmo-energetischen Kanals der G\u00f6ttin Makosch, der G\u00f6ttin der Fruchtbarkeit und des Schicksals gespeichert. Sie vermittelt die energetische und emotionale Qualit\u00e4t &#8222;Makodast&#8220; (Macht der G\u00f6ttin Makosch), die Freude welche dem Wissen um die eigene St\u00e4rke und Macht entspringt.<\/p>\n<p>TIPP 1: Anfangs sollte man sich allm\u00e4hlich an die Energie gew\u00f6hnen und die Platte zun\u00e4chst nur stundenweise anwenden und noch nicht den ganzen Tag. Wenn man die Wirkung der Platte st\u00e4rker in sich verankern m\u00f6chte, nimmt man die Platte in die rechte Hand, spannt den Hals leicht an und ber\u00fchrt mit der rechten Hand die rechte Halsschlagader (und informiert so mit der Platte das vorbeiflie\u00dfende Blut in der rechten Halsschlagader) f\u00fcr die Dauer von 14 Herzschl\u00e4gen. Danach wechselt man die Seite: die Platte in die linke Hand nehmen und an die linke Halsseite auf die linke Halsschlagader halten.<br \/>\nDie Farbe Gr\u00fcn und der Kristall Nephrit verst\u00e4rken die Wirkung der Platte noch.<\/p>\n<p>TIPP 2: Die Energien der Platte werden zus\u00e4tzlich gest\u00e4rkt, wenn man die Platte bei sich hat und harmonische Musik etwa von der Viola, der 7-saitigen Tonica-Gitarre oder der 7-saitigen Gusli h\u00f6rt oder spielt.<\/p>\n<p>TIPP 3: Die Platte &#8222;Die Macht des Verstandes&#8220; kann einzeln oder in Kombination verwendet werden vor allem mit den Platten: &#8222;Kamerton&#8220;, &#8222;Machvolles Wasser&#8220;, &#8222;Indi&#8220; (Serie Kolektion), &#8222;Kolzovs Lichtgeschenk&#8220;, &#8222;Code Gobi&#8220; und &#8222;Gold der W\u00fcste Gobi&#8220; (Serie Elite),<br \/>\n&#8222;Unfallschutz&#8220; und &#8222;Fortuna&#8220; (Serie Effizient), &#8222;Wahrhaftige Liebe, &#8222;Harmonie&#8220; und &#8222;Fauna und Flora&#8220; (Serie Gr\u00fcn) und mit dem Armband &#8222;Magnat&#8220;.<\/p>\n<p>TIPP 4: Die beste Zeit f\u00fcr eine intensive Arbeit mit der Platte ist gegen 14 Uhr.<\/p>\n<p>ZUR BEACHTUNG: Bei der Platte &#8222;Die Macht des Verstandes&#8220; sollte das Wasser zum Energetisieren mindestens 7 Stunden lang darauf gestellt werden. Sie k\u00f6nnen das aktivierte Wasser auch sehr gut zum Gie\u00dfen im Garten verwenden, da so auch hier die Erdenergien aktiviert werden (z.B: eine Platte unter die Gie\u00dfkanne legen oder auf den Deckel der Wassertonne).<\/p>\n<p><em><u>Ergebnis im LIFE-TEST:\u00a0<\/u>Die Kolzov-Platte &#8222;Macht des Verstandes&#8220; hat ein neutrales Energiefeld mit mehr als 40 000 Bovis. Damit aktiviert sie gleich drei Charkas auf \u00fcber 40 000 Bovis: das Kronen-Chakra, Stirn- und Wurzel-Chakra werden so stark aktiviert. Das Hals-Chakra und das Blase-\/Sexual-Chakra steigen auf ebenfalls hohe 28 000 Bovis. Das Herz-Chakra verdreifacht seine Energie auf 21 000 und das Solarplexus-Chakra verdoppelt seine Energie auf 14 000 Bovis. Durch die Aufladung der Chakras w\u00e4chst der bioenergetische Reaktionsabstand von zirka 75 Zentimetern um den K\u00f6rper auf 2,00 Meter.<\/em><\/p>\n<p><strong><em>Wichtiger Hinweis:<br \/>\nWir weisen ausdr\u00fccklich darauf hin, dass die Kolzov-Platte (russische Bezeichnung: &#8222;Korrektoren des funktionalen Zustands&#8220;) ein alternatives Energie- und Informationsprodukt ist und kein Heilmittel im Sinne der westlichen Schulmedizin. Vielmehr ist es ein rein energetisches Hilfsmittel zur ganzheitlichen Balancierung von energetischen Disharmonien und Blockaden. Informationen \u00fcber Qualit\u00e4t und Eigenschaften des Energieobjekts beziehen sich auf Aussagen des russischen Herstellers und alternativen Theorien zu Mensch und Umwelt, auf alternative Anschauungen und esoterische \u00dcberlieferungen oder Aussagen. Sie gelten nur im Sinne der esoterischen Lebensphilosophie und daran angelehnte Alternativheilkunde. Wirkungen im Sinne westlicher Wissenschaft oder Medizin werden hier nicht behauptet.<\/em><\/strong><\/p>","protected":false},"excerpt":{"rendered":"<p>st\u00e4rkt die \u00dcberzeugung \u201eIch kann alles erreichen\u201c und aktiviert das sch\u00f6pferische Potenzial, um die eigene Realit\u00e4t positiv zu gestalten. Sie verbindet geistige Schaffenskraft mit der materiellen Ebene, sch\u00fctzt Heim und Familie und unterst\u00fctzt den Anwender dabei, seinen Seelenweg mit Vertrauen in die eigene g\u00f6ttliche Kraft zu beschreiten.<\/p>","protected":false},"featured_media":2202,"comment_status":"open","ping_status":"closed","template":"","meta":[],"product_brand":[],"product_cat":[33],"product_tag":[109],"class_list":{"0":"post-1772","1":"product","2":"type-product","3":"status-publish","4":"has-post-thumbnail","6":"product_cat-elite-series","7":"product_tag-109","9":"first","10":"instock","11":"taxable","12":"shipping-taxable","13":"purchasable","14":"product-type-simple"},"_links":{"self":[{"href":"https:\/\/vigo-rio.com\/en\/wp-json\/wp\/v2\/product\/1772","targetHints":{"allow":["GET"]}}],"collection":[{"href":"https:\/\/vigo-rio.com\/en\/wp-json\/wp\/v2\/product"}],"about":[{"href":"https:\/\/vigo-rio.com\/en\/wp-json\/wp\/v2\/types\/product"}],"replies":[{"embeddable":true,"href":"https:\/\/vigo-rio.com\/en\/wp-json\/wp\/v2\/comments?post=1772"}],"wp:featuredmedia":[{"embeddable":true,"href":"https:\/\/vigo-rio.com\/en\/wp-json\/wp\/v2\/media\/2202"}],"wp:attachment":[{"href":"https:\/\/vigo-rio.com\/en\/wp-json\/wp\/v2\/media?parent=1772"}],"wp:term":[{"taxonomy":"product_brand","embeddable":true,"href":"https:\/\/vigo-rio.com\/en\/wp-json\/wp\/v2\/product_brand?post=1772"},{"taxonomy":"product_cat","embeddable":true,"href":"https:\/\/vigo-rio.com\/en\/wp-json\/wp\/v2\/product_cat?post=1772"},{"taxonomy":"product_tag","embeddable":true,"href":"https:\/\/vigo-rio.com\/en\/wp-json\/wp\/v2\/product_tag?post=1772"}],"curies":[{"name":"wp","href":"https:\/\/api.w.org\/{rel}","templated":true}]}}