{"id":1771,"date":"2026-01-15T10:03:37","date_gmt":"2026-01-15T10:03:37","guid":{"rendered":"https:\/\/vigo-rio.com\/?post_type=product&#038;p=1771"},"modified":"2026-02-04T19:58:04","modified_gmt":"2026-02-04T19:58:04","slug":"fc-petrov-source","status":"publish","type":"product","link":"https:\/\/vigo-rio.com\/en\/product\/fc-petrov-source\/","title":{"rendered":"FC Petrov Quelle \/ Petrov Source"},"content":{"rendered":"<p><strong>Kolzov-Platte: &#8222;Petrowotschka-Quelle \/ Petrov-Quelle&#8220;\u00a0(- f\u00fcr die Regeneration von Organen und Organismus, l\u00f6scht Negativinformationen nach Virusattacken, harmonisiert den Raum, schenkt Seelenfrieden)<br \/>\n<\/strong><\/p>\n<p><strong><em>(bei paarweiser Anwendung am besten mit der Platte &#8222;Umwandlung&#8220;)<\/em><br \/>\n<\/strong><\/p>\n<p><strong>&#8211; neueste Version mit 8-Elementen (8 enthaltenen Energiespeicher-Chips)<\/strong><\/p>\n<p><em>Die Platte tr\u00e4gt die russische Aufschrift: \u041f\u0415\u0422\u0420\u041e\u0412\u041e\u0427\u041a\u0410 bzw. auf dem erg\u00e4nzenden Deckblatt: PETROV SOURCE, SOURCE DER PETROV, PETROV QUELLE<\/em><\/p>\n<p>Die Platte st\u00e4rkt die Regeneration des gesamten Organismus auf Zellebene, stabilisiert bei \u00dcberlastung und starkem Stress und l\u00f6st innere Konflikte. Sie harmonisiert auch den \u00e4u\u00dferen Raum und wirkt Konflikten im Umfeld entgegen. Die Platte eignet sich sehr gut dazu, generell t\u00e4glich sein Wasser damit aufzuladen.<\/p>\n<p><em>Die Aussagen beziehen sich auf alternative Testmethoden wie Meridianenergie-Messungen der Organfunktionskreisl\u00e4ufe nach TCM, Kirlian-Fotografie (EPG\/GDV-Kamera), Oberon, Amsat o.\u00e4. durch den Hersteller &#8222;Planet der Regionen&#8220; und stellen keine medizinische oder auf den physischen K\u00f6rper und dessen Organe bezogenen Aussage im Sinne der westlichen Schulmedizin dar.<\/em><\/p>\n<p><strong>Die Platte ist in diesem Sinne vor allem geeignet f\u00fcr:<\/strong><\/p>\n<ul>\n<li>Die Platte harmonisiert den umgebenen Raum, st\u00e4rkt die positiven wohlwollenden Energien und wirkt in Konfliktsituationen ausgleichend.<\/li>\n<li>Die Platte hilft dabei, innere Konflikte zu l\u00f6sen und anerzogene Glaubenss\u00e4tze aufzul\u00f6sen, negative Programme wie \u00c4ngste, Vorurteile, Anspruchsdenken und Blockaden im Unterbewusstsein werden beseitigt, um das Gleichgewicht zwischen unseren W\u00fcnschen und M\u00f6glichkeiten wieder herzustellen und die Gebote der Seele und die W\u00fcnsche des Herzens in Einklang zu bringen.<\/li>\n<li>Die Platte bereitet den Anwender auf den \u00dcbergang zur n\u00e4chsth\u00f6heren neuen Energie- und Schwingungsebene vor, und hilft dabei, dass der Mensch all sein Wissen und die wertvollen Erfahrungen pr\u00e4sent zur Verf\u00fcgung hat und nutzen kann,<\/li>\n<li>schenkt Weisheit, Ausgeglichenheit und Seelenfrieden, hilft dabei, sich zu einer integren, reifen Pers\u00f6nlichkeit zu entwickeln, sich einen eigenen Standpunkt und eine eigene Sichtweise auf die Ereignisse, die in der Welt ablaufen, zu bilden.<\/li>\n<li>Auf Ebene der K\u00f6rper-Energien unterst\u00fctzt die Platte insbesondere die Atemwege: verbessert die Durchg\u00e4ngigkeit der Bronchien, die Absonderung von Sekreten, die vollst\u00e4ndige Regeneration nach Atemwegserkrankungen und l\u00f6scht Informationskomponenten, die w\u00e4hrend Pandemien und saisonalen Virusattacken auftreten k\u00f6nnen.<\/li>\n<li>Die Platte harmonisiert die Aktivit\u00e4t des Nervensystems, mildert Stress, Panikattacken, depressive Zust\u00e4nde und deren Folgen f\u00fcr den physischen K\u00f6rper oder hebt diese ganz auf und tr\u00e4gt auch zur Stabilisierung des Blutdrucks bei (der aufgrund von st\u00e4ndigem Stress und der Freisetzung von Adrenalin gest\u00f6rt werden kann),<\/li>\n<li>verbessert die Ged\u00e4chtnisfunktion, erh\u00f6ht die Konzentration und verbessert den Zustand des pr\u00e4frontalen Cortex im Gehirn (aktiviert das Stirn-Chakra, das &#8222;dritte Auge&#8220;),<\/li>\n<li>leitet \u00fcbersch\u00fcssiges Wasser aus dem Gewebe und vermindert so \u00d6deme (und der kolloid-osmotische Druck des Blutes wird auf sanfte Weise gesenkt).<\/li>\n<li>Die Platte entwickelt magensch\u00fctzende Eigenschaften, regt den Regenerationsprozess der Schleimhaut des gesamten Magen-Darm-Trakts an und wirkt der Entstehung von Geschw\u00fcren entgegen,<\/li>\n<li>verbessert den funktionellen Zustand der Milz, beseitigt sanft Stauungen, verbessert die Blutbildung und erh\u00f6ht die Widerstandskraft gegen Krankheiten.<\/li>\n<\/ul>\n<p>Auf der Kolzov-Platte &#8222;Petrowotschka&#8220; sind die Energien und Informationen des Wassers der Petrowotschka-Quelle gespeichert, die im Gebiet Tula (s\u00fcdlich von Moskau) entspringt.<\/p>\n<p>TIPP 1: Die Platten &#8222;Petrowotschka&#8220; und &#8222;Umwandlung&#8220; k\u00f6nnen sehr gut in Kombination angewendet werden und erg\u00e4nzen sich hervorragend.<\/p>\n<p>TIPP 2: Die Energie der Platte ist sehr hoch, aber ihre Wirkung ist sanft und wohlwollend, wodurch sofort eine aktive Anwendung den ganzen Tag lang m\u00f6glich ist und auch Kinder die Platte sehr gut verwenden k\u00f6nnen.<\/p>\n<p>TIPP 3: Nach durchgemachten Erkrankungen verschiedenster Art st\u00e4rkt sie die Regeneration des gesamten Organismus auf Zellebene.<\/p>\n<p>TIPP 4: Die Platte kann effektiv mit allen bereits erschienen Platten kombiniert werden, insbesondere mit den Platten \u201eNeurovita\u201c, &#8222;Norm des Lebens 1&#8220;, &#8222;Norm des Lebens 2&#8220;, &#8222;Schl\u00fcssel zur Gesundheit&#8220;, &#8222;Schl\u00fcssel zur Gesundheit 2&#8220;, &#8222;Jiva&#8220;, &#8222;Sdrawa&#8220;, &#8222;Gesunde Lunge&#8220; (alle Serie Kollektion), mit der Platte &#8222;Nr.2&#8220; (Serie Blau), &#8222;Bacalar. Cenoten Yucatans&#8220; und &#8222;Fr\u00fchling des Lebens&#8220; (Serie Elite)<\/p>\n<p>ZUR BEACHTUNG: Bei dieser Platte sollte das Wasser zum Energetisieren mindestens 18 Minuten lang darauf gestellt werden.<\/p>\n<p><em><u>Ergebnis im LIFE-TEST:\u00a0<\/u>Die Kolzov-Platte &#8222;Petrowotschka \/ Petrov-Quelle&#8220; hat ein neutrales Energiefeld mit mehr als 40 000 Bovis. Damit aktiviert sie gleich 4 Chakras auf 40 000 Bovis: Kronen-, Stirn- und Hals-Chakra sowie das Solarplexus-Chakra, wobei sich das Stirn-Chakra noch deutlich st\u00e4rker aktiviert wird (aber 40 000 Bovis ist in dieser Messmethode die sichere Testgrenze. Werte dar\u00fcber k\u00f6nnen nicht exakt beziffert werden). Das Herz-Chakra steigt auf 21 000 Bovis, Blase-\/Sexual-Chakra und Wurzel-Chakra verdoppeln ihre Energie auf 14 000 Bovis. Durch die Aufladung der Chakras w\u00e4chst der bioenergetische Reaktionsabstand von zirka 75 Zentimetern um den K\u00f6rper auf enorm 3,00 Meter.<\/em><\/p>\n<p><strong><em>Wichtiger Hinweis:<br \/>\nWir weisen ausdr\u00fccklich darauf hin, dass die Kolzov-Platte (russische Bezeichnung: &#8222;Korrektoren des funktionalen Zustands&#8220;) ein alternatives Energie- und Informationsprodukt ist und kein Heilmittel im Sinne der westlichen Schulmedizin. Vielmehr ist es ein rein energetisches Hilfsmittel zur ganzheitlichen Balancierung von energetischen Disharmonien und Blockaden. Informationen \u00fcber Qualit\u00e4t und Eigenschaften des Energieobjekts beziehen sich auf Aussagen des russischen Herstellers und alternativen Theorien zu Mensch und Umwelt, auf alternative Anschauungen und esoterische \u00dcberlieferungen oder Aussagen. Sie gelten nur im Sinne der esoterischen Lebensphilosophie und daran angelehnte Alternativheilkunde. Wirkungen im Sinne westlicher Wissenschaft oder Medizin werden hier nicht behauptet.<\/em><\/strong><\/p>","protected":false},"excerpt":{"rendered":"<p>Die Platte <b data-path-to-node=\"2\" data-index-in-node=\"11\">\u201ePetrowotschka-Quelle\u201c<\/b> ist ein sanfter, aber kraftvoller Alltagsbegleiter. Sie unterst\u00fctzt die Erholung des K\u00f6rpers auf Zellebene \u2013 besonders nach Krankheiten oder Virusattacken. Sie hilft dir, innere Konflikte und alte Glaubenss\u00e4tze zu l\u00f6sen, w\u00e4hrend sie gleichzeitig dein \u00e4u\u00dferes Umfeld harmonisiert und Konflikte entsch\u00e4rft. Sie schenkt Seelenfrieden und bereitet dein Energiesystem auf h\u00f6here Schwingungsebenen vor.<\/p>","protected":false},"featured_media":2415,"comment_status":"open","ping_status":"closed","template":"","meta":[],"product_brand":[],"product_cat":[33],"product_tag":[123],"class_list":{"0":"post-1771","1":"product","2":"type-product","3":"status-publish","4":"has-post-thumbnail","6":"product_cat-elite-series","7":"product_tag-123","9":"first","10":"instock","11":"taxable","12":"shipping-taxable","13":"purchasable","14":"product-type-simple"},"_links":{"self":[{"href":"https:\/\/vigo-rio.com\/en\/wp-json\/wp\/v2\/product\/1771","targetHints":{"allow":["GET"]}}],"collection":[{"href":"https:\/\/vigo-rio.com\/en\/wp-json\/wp\/v2\/product"}],"about":[{"href":"https:\/\/vigo-rio.com\/en\/wp-json\/wp\/v2\/types\/product"}],"replies":[{"embeddable":true,"href":"https:\/\/vigo-rio.com\/en\/wp-json\/wp\/v2\/comments?post=1771"}],"wp:featuredmedia":[{"embeddable":true,"href":"https:\/\/vigo-rio.com\/en\/wp-json\/wp\/v2\/media\/2415"}],"wp:attachment":[{"href":"https:\/\/vigo-rio.com\/en\/wp-json\/wp\/v2\/media?parent=1771"}],"wp:term":[{"taxonomy":"product_brand","embeddable":true,"href":"https:\/\/vigo-rio.com\/en\/wp-json\/wp\/v2\/product_brand?post=1771"},{"taxonomy":"product_cat","embeddable":true,"href":"https:\/\/vigo-rio.com\/en\/wp-json\/wp\/v2\/product_cat?post=1771"},{"taxonomy":"product_tag","embeddable":true,"href":"https:\/\/vigo-rio.com\/en\/wp-json\/wp\/v2\/product_tag?post=1771"}],"curies":[{"name":"wp","href":"https:\/\/api.w.org\/{rel}","templated":true}]}}