{"id":1769,"date":"2026-01-15T10:02:58","date_gmt":"2026-01-15T10:02:58","guid":{"rendered":"https:\/\/vigo-rio.com\/?post_type=product&#038;p=1769"},"modified":"2026-03-29T15:54:50","modified_gmt":"2026-03-29T15:54:50","slug":"fc-peace","status":"publish","type":"product","link":"https:\/\/vigo-rio.com\/en\/product\/fc-peace\/","title":{"rendered":"FC Frieden \/ Peace"},"content":{"rendered":"<p><strong>Kolzov-Platte: &#8222;Frieden&#8220;\u00a0&#8211; (f\u00fcr inneren und \u00e4u\u00dferen Frieden, Konfliktl\u00f6sung und Harmonie, Freude und F\u00fclle)<\/strong><\/p>\n<p><em>Die Platte tr\u00e4gt die russische Aufschrift: \u041c\u0418\u0420<\/em><\/p>\n<p>Diese besondere Kolzov-Platte f\u00f6rdert die Verbindung mit den Energien des Friedens und der Friedensstiftung und aktiviert das Gef\u00fchl der Freude. Wenn Sie die Platte Frieden regelm\u00e4\u00dfig verwenden, er\u00f6ffnet sich die M\u00f6glichkeit, st\u00e4ndig im Zustand des inneren Friedens zu leben und auf das eigene Umfeld befriedend einzuwirken.<\/p>\n<p><em>Die Aussagen beziehen sich auf alternative Testmethoden wie Meridianenergie-Messungen der Organfunktionskreisl\u00e4ufe nach TCM, Kirlian-Fotografie (EPG\/GDV-Kamera), Oberon, Amsat o.\u00e4. durch den Hersteller &#8222;Planet der Regionen&#8220; und stellen keine medizinische oder auf den physischen K\u00f6rper und dessen Organe bezogenen Aussage im Sinne der westlichen Schulmedizin dar.<\/em><\/p>\n<p><strong>Die Platte ist in diesem Sinne vor allem geeignet f\u00fcr:<\/strong><\/p>\n<ul>\n<li>aktiviert und harmonisiert die vier energetischen Grundelemente Erde, Wasser, Feuer und Luft in Mensch und Natur und leitet die Energien des Friedens sowohl in die menschliche Seele als auch in den umgebenden Raum,<\/li>\n<li>die Platte tr\u00e4gt dazu bei, uns selbst und unser pers\u00f6nliches Umfeld mit Harmonie, kreativer positiver Energie und h\u00f6heren Lichtschwingungen zu erf\u00fcllen,<\/li>\n<li>hilft dabei, Konflikte aufzul\u00f6sen &#8211; sowohl im inneren Zustand einer Person als auch im sozialen Umfeld, und indem im Innern Sanftheit und Frieden wachsen, \u00fcbertr\u00e4gt sich das auch auf unser \u00e4u\u00dferes Umfeld,<\/li>\n<li>tr\u00e4gt zur Verarbeitung psychischer Traumata bei und wirkt ausgleichend nach dem Durchleben von negativen Ereignissen, Trag\u00f6dien und Katastrophen,<\/li>\n<li>hilft dabei, die Gesetze des Universums von Frieden, Liebe und Harmonie zu erkennen und anzunehmen und lehrt, in einem Zustand der Erf\u00fcllung, der Freude und des Gl\u00fccks zu leben,<\/li>\n<li>die Platte \u00f6ffnet einen Raum des Friedens, der Harmonie und Freiheit erm\u00f6glicht die Manifestation der inneren und \u00e4u\u00dferen Best\u00e4ndigkeit und F\u00fclle.<\/li>\n<\/ul>\n<p>Auf der Kolzov- Platte &#8222;Frieden&#8220; sind unter anderem die Informationen des kosmo-energetischen Kanals der G\u00f6ttin Nav gespeichert mit der Aktivierung der g\u00f6ttlichen Emotion des &#8222;Geschenkes der G\u00f6ttin Nav&#8220;: das Gef\u00fchl der Freude, die aus Bes\u00e4nftigung entspringt.<\/p>\n<p>TIPP 1: Wenn man das Gef\u00fchl des g\u00f6ttlichen Friedens st\u00e4rker in sich verankern m\u00f6chte, nimmt man die Platte &#8222;Frieden&#8220; in die rechte Hand, spannt den Hals leicht an und ber\u00fchrt mit der rechten Hand die rechte Halsschlagader (und informiert so mit der Platte das vorbeiflie\u00dfende Blut in der rechten Halsschlagader). Danach wechselt man Seite: die Platte in die linke Hand nehmen und an die linke Halsseite auf die linke Halsschlagader halten.<\/p>\n<p>TIPP 2: Die Energien des g\u00f6ttlichen Friedens werden zus\u00e4tzlich gest\u00e4rkt, wenn man die Platte bei sich hat und harmonische Musik etwa von Klavier oder Saiteninstrumenten (z.B. Gitarre) h\u00f6rt oder spielt.<\/p>\n<p>TIPP 3: Sollen Kraft und Lebensenergie durch die Platte &#8222;Frieden&#8220; besonders gest\u00e4rkt werden, legt man mindestens 6 Stunden oder l\u00e4nger eines der folgenden Lebensmittel zum Energetisieren auf die Platte und verzehrt sie: Pistazien, K\u00fcrbis, Kirschen, Hafer, Zimt, Pilze insbesondere der Schw\u00e4rz-T\u00e4ubling &#8220; Russula nigricans &#8222;.<\/p>\n<p>TIPP 4: Die Platte &#8222;Frieden&#8220; kann einzeln oder in Kombination verwendet werden mit den Platten: &#8222;Lhasa&#8220;, &#8222;Heilige H\u00f6hle&#8220;, &#8222;Geheimer Heiliger See&#8220;, &#8222;Berg-Altar \/ Portal Sirius-Orion&#8220; (Serie Effizient), &#8222;Geheimnis des Weisen&#8220;, &#8222;Gold der W\u00fcste Gobi&#8220;, &#8222;Code Gobi&#8220;, &#8222;Gr\u00fcne Tara &#8211; Kailash&#8220;, See Manasarovar &#8211; Kailash (Serie Elite) und &#8222;Indi&#8220; (Serie Kollektion).<\/p>\n<p>TIPP 5: Die beste Zeit f\u00fcr eine intensive Arbeit mit der Platte ist gegen 11 Uhr am Vormittag, wobei dankende oder segnende Worte gesprochen werden sollten.<\/p>\n<p>ZUR BEACHTUNG: Bei der Platte &#8222;Frieden&#8220; sollte das Wasser zum Energetisieren mindestens 6 Stunden lang darauf gestellt werden.<\/p>\n<p><em>Ergebnis im LIFE-TEST: Die Kolzov-Platte &#8222;Frieden&#8220; hat ein neutrales Energiefeld mit mehr als 40 000 Bovis. Damit aktiviert sie insbesondere das Herz-Chakra, welches zusammen mit dem Solarplexus-Chakra deutlich auf \u00fcber 40 000 Bovis steigt. Das Stirn-Chakra steigt in seiner Aktivit\u00e4t auf 35 000 Bovis, das Kronen-Chakra auf 28 000 Bovis, Hals- und Blase-\/Sexual-Chakra auf 21 000 Bovis und das Wurzel-Chakra verdoppelt seine Energie auf 14 000 Bovis. Durch die Aufladung der Chakras w\u00e4chst der bioenergetische Reaktionsabstand von zirka 75 Zentimetern um den K\u00f6rper auf 2,70 Meter.<\/em><\/p>\n<p><em><strong>Wichtiger Hinweis:<br \/>\nWir weisen ausdr\u00fccklich darauf hin, dass die Kolzov-Platte (russische Bezeichnung: &#8222;Korrektoren des funktionalen Zustands&#8220;) ein alternatives Energie- und Informationsprodukt ist und kein Heilmittel im Sinne der westlichen Schulmedizin. Vielmehr ist es ein rein energetisches Hilfsmittel zur ganzheitlichen Balancierung von energetischen Disharmonien und Blockaden. Informationen \u00fcber Qualit\u00e4t und Eigenschaften des Energieobjekts beziehen sich auf Aussagen des russischen Herstellers und alternativen Theorien zu Mensch und Umwelt, auf alternative Anschauungen und esoterische \u00dcberlieferungen oder Aussagen. Sie gelten nur im Sinne der esoterischen Lebensphilosophie und daran angelehnte Alternativheilkunde. Wirkungen im Sinne westlicher Wissenschaft oder Medizin werden hier nicht behauptet.<\/strong><\/em><\/p>","protected":false},"excerpt":{"rendered":"<p>Die Kolzov-Platte \u201eFrieden\u201c (russisch: \u041c\u0418\u0420) dient der tiefen Harmonisierung von Mensch und Raum, indem sie die Verbindung zu den Energien der Friedensstiftung aktiviert. Sie hilft dabei, innere und \u00e4u\u00dfere Konflikte zu l\u00f6sen, psychische Traumata zu verarbeiten und einen stabilen Zustand der Gelassenheit, Freiheit und F\u00fclle zu manifestieren.<\/p>","protected":false},"featured_media":2172,"comment_status":"open","ping_status":"closed","template":"","meta":[],"product_brand":[],"product_cat":[33],"product_tag":[88],"class_list":{"0":"post-1769","1":"product","2":"type-product","3":"status-publish","4":"has-post-thumbnail","6":"product_cat-elite-series","7":"product_tag-88","9":"first","10":"instock","11":"taxable","12":"shipping-taxable","13":"purchasable","14":"product-type-simple"},"_links":{"self":[{"href":"https:\/\/vigo-rio.com\/en\/wp-json\/wp\/v2\/product\/1769","targetHints":{"allow":["GET"]}}],"collection":[{"href":"https:\/\/vigo-rio.com\/en\/wp-json\/wp\/v2\/product"}],"about":[{"href":"https:\/\/vigo-rio.com\/en\/wp-json\/wp\/v2\/types\/product"}],"replies":[{"embeddable":true,"href":"https:\/\/vigo-rio.com\/en\/wp-json\/wp\/v2\/comments?post=1769"}],"wp:featuredmedia":[{"embeddable":true,"href":"https:\/\/vigo-rio.com\/en\/wp-json\/wp\/v2\/media\/2172"}],"wp:attachment":[{"href":"https:\/\/vigo-rio.com\/en\/wp-json\/wp\/v2\/media?parent=1769"}],"wp:term":[{"taxonomy":"product_brand","embeddable":true,"href":"https:\/\/vigo-rio.com\/en\/wp-json\/wp\/v2\/product_brand?post=1769"},{"taxonomy":"product_cat","embeddable":true,"href":"https:\/\/vigo-rio.com\/en\/wp-json\/wp\/v2\/product_cat?post=1769"},{"taxonomy":"product_tag","embeddable":true,"href":"https:\/\/vigo-rio.com\/en\/wp-json\/wp\/v2\/product_tag?post=1769"}],"curies":[{"name":"wp","href":"https:\/\/api.w.org\/{rel}","templated":true}]}}