{"id":1765,"date":"2026-01-15T10:01:29","date_gmt":"2026-01-15T10:01:29","guid":{"rendered":"https:\/\/vigo-rio.com\/?post_type=product&#038;p=1765"},"modified":"2026-04-15T09:05:45","modified_gmt":"2026-04-15T09:05:45","slug":"fc-nine-healers","status":"publish","type":"product","link":"https:\/\/vigo-rio.com\/en\/product\/fc-nine-healers\/","title":{"rendered":"FC Neun Heiler \/ Nine Healers"},"content":{"rendered":"<p><strong>Kolzov-Platte: &#8222;Neun Heiler&#8220;\u00a0(unterst\u00fctzt alle Formen der Kommunikation, vertreibt Ungl\u00fcck und das Beharren im Vergangenen, f\u00fcr Schutz der Wohnung und Anbindung an die h\u00f6heren Kr\u00e4fte, f\u00fcr Regeneration des K\u00f6rpers)<br \/>\n<\/strong><\/p>\n<p><strong><em>(bei paarweiser Anwendung am besten mit der Platte &#8222;Blaue Lagune. Island)<\/em><br \/>\n<\/strong><\/p>\n<p><strong>&#8211; neueste Version mit 8-Elementen (8 enthaltenen Energiespeicher-Chips)<\/strong><\/p>\n<p><em>Die Platte tr\u00e4gt die russische Aufschrift: \u0414\u0415\u0412\u042f\u0422\u042c \u0426\u0415\u041b\u0418\u0422\u0415\u041b\u0415\u0419, bzw. auf dem erg\u00e4nzenden Deckblatt: NINE HEALERS, NEUF GUERISSEURS, NEUN HEILER<\/em><\/p>\n<p>Die Platte kann als Schutz f\u00fcr Wohnr\u00e4ume verwendet werden und vertreibt Ungl\u00fcck. Sie ist eine wertvolle Hilfe f\u00fcr alle Formen der Kommunikation etwa als Redner, in Lerngruppen etc.. Die Platte ist hilfreich f\u00fcr Menschen, die glauben, dass fr\u00fcher alles besser war und f\u00fcr jene, die nicht die Chancen der Gegenwart erkennen und die sich ihnen bietenden M\u00f6glichkeiten verpassen. Die Platte ist eine Unterst\u00fctzung bei Neuanf\u00e4ngen und f\u00fcr Menschen die sich vor Gegenwart und Zukunft verschlie\u00dfen. Sie hilft alte Wunden zu heilen und gibt neues Selbstvertrauen.<\/p>\n<p><em>Die Aussagen beziehen sich auf alternative Testmethoden wie Meridianenergie-Messungen der Organfunktionskreisl\u00e4ufe nach TCM, Kirlian-Fotografie (EPG\/GDV-Kamera), Oberon, Amsat o.\u00e4. durch den Hersteller &#8222;Planet der Regionen&#8220; und stellen keine medizinische oder auf den physischen K\u00f6rper und dessen Organe bezogenen Aussage im Sinne der westlichen Schulmedizin dar.<\/em><\/p>\n<p><strong>Die Platte ist in diesem Sinne vor allem geeignet f\u00fcr:<\/strong><\/p>\n<ul>\n<li>die Platte zielt auf eine kraftvolle k\u00f6rperliche Regeneration des Anwenders, vermittelt Kraft und Vitalit\u00e4t, lindert M\u00fcdigkeit und verj\u00fcngt den K\u00f6rper,<\/li>\n<li>reguliert die Funktionen des Herz-Kreislauf-Systems, des Magen-Darm-Trakts, der Bauchspeicheldr\u00fcse und der Milz und des Urogenital-Systems bei Frau und Mann,<\/li>\n<li>energetisiert alle 9 Chakras (die 7 Hauptchakras und die 2 wichtigsten Nebenchakras) und f\u00f6rdert den Heilungsprozess in Seele und K\u00f6rper des Anwenders: zun\u00e4chst aktiviert die Platte das Herz-Chakra zum Empfangen und \u00dcbertragen der Energien der Liebe, danach werden auch die oberen Chakras aktiviert und schlie\u00dflich das 1. und 2. Chakra, was mitunter als leichtes Pulsieren sp\u00fcrbar wird,<\/li>\n<li>aktiviert den Energiefluss l\u00e4ngs der Wirbels\u00e4ule, wodurch sich auch Blockaden l\u00f6sen k\u00f6nnen und der Anwender wird mit den heilenden Energien der Gesundheit erf\u00fcllt,<\/li>\n<li>harmonisiert Intellekt und kognitive Funktionen des Gehirns, aktiviert verborgene Potenziale und Talente des Anwenders und erm\u00f6glicht die Verwirklichung von Kreativit\u00e4t durch Liebe,<\/li>\n<li>\u00fcber die Aktivierung des Hals-Chakras wird die F\u00e4higkeit zur Kommunikation unterst\u00fctzt, die Platte wirkt so aber auch bei Halserkrankungen aufgrund von Infektionen und lindert Schmerzen,<\/li>\n<li>st\u00e4rkt das Vertrauen in die H\u00f6heren Kr\u00e4fte und vermittelt ein fast k\u00f6rperliches Gef\u00fchl der Unterst\u00fctzung und Anwesenheit der H\u00f6heren Kr\u00e4fte,<\/li>\n<li>hilft dabei zu erkennen, wie sinnlos es ist, sich auf Situationen in der Vergangenheit zu fixieren, gibt Einblicke in den wahren Grund f\u00fcr das \u201eFesthalten\u201c am Veralteten und hilft loszulassen &#8211; egal, ob es sich um aktuelle Ereignisse oder \u00e4ltere Erinnerungen handelt &#8211; und wandelt so Bitterkeit, Traurigkeit und emotionale Spannungen in eine ruhige Akzeptanz der eigenen Lebenserfahrung und in eine gesunde Gelassenheit,<\/li>\n<li>hilft, das Leben des Anwenders zu verbessern, indem es die &#8222;9 Ungl\u00fccke&#8220; beseitigt: starke Schmerzen, Verzweiflung, Einsamkeit, Trauer, Entmutigung, unerkl\u00e4rlicher Verlust, sch\u00e4dliche Faszination (auch b\u00f6ser Zauber), Versuchung, geistige Verwirrung, Willensverlust und Mangel an spiritueller Freude,<\/li>\n<li>verleiht Energie und Begeisterung f\u00fcr neue Taten, um in ein neues Leben einzutreten und sein Schicksal in die eigene Hand zu nehmen,<\/li>\n<li>f\u00f6rdert eine harmonische Beziehung zu sich selbst, der Welt, der Umwelt, aktiviert die Energien der Barmherzigkeit und Freundlichkeit,<\/li>\n<li>verhilft zu einer Leichtigkeit des Seins und s\u00e4ttigt mit den Energien der Gnade, mit deren Hilfe ein Mensch, der sich selbst positiv ver\u00e4ndert auch die Welt um sich herum ver\u00e4ndert,<\/li>\n<li>st\u00e4rkt das Bewusstsein f\u00fcr den Wert und die Bedeutung des Lebens und der Sch\u00f6pfung,<\/li>\n<li>weckt dann ein Gef\u00fchl der Dankbarkeit f\u00fcr all die guten Dinge, die jeder im Leben hat und erm\u00f6glicht dem Benutzer ein Leben in Seelenfrieden und moralischem Wohlbefinden,<\/li>\n<li>verbindet mit der Energie der Seele, lehrt sich selbst zu h\u00f6ren und sich selbst zu vertrauen und die Energien zu sp\u00fcren, aktiviert die F\u00e4higkeit zu prophetischen Tr\u00e4umen,<\/li>\n<li>hilft, \u201eeingefrorene\u201c Beziehungen wiederzubeleben, zu heilen, eine neue Ebene des gegenseitigen Verst\u00e4ndnisses und der Gef\u00fchle zu erreichen, sch\u00fctzt Familien, beseitigt Widrigkeiten aus dem Zuhause des Anwenders und beugt den Problemen des Lebens vor,<\/li>\n<li>sch\u00fctzt die Seele des Benutzers, indem sie vor allen Formen der Versuchung bewahrt und bringt die innere und spirituelle Unschuld und Reinheit ans Licht,<\/li>\n<li>harmonisiert mit h\u00f6heren Schwingungsenergien und \u00f6ffnet f\u00fcr die Energieentwicklung unseres Planeten und des Universums, die Gl\u00fcck und Licht bef\u00f6rdert,<\/li>\n<\/ul>\n<p>Auf der Kolzov-Platte sind die Informationen des Energieportals am 12.05.2023 gespeichert. Dieser Tag ist mit den neun christlichen &#8222;Kysic-Heiligen&#8220; (die neun heiligen M\u00e4rtyrer von Kyzikos, 3.Jh.), mit dem heiligen Memnon, dem Wundert\u00e4ter (2. Jh.), der unheilbare Krankheiten heilte, durch seine Erscheinung Schiffe aus Seenot rettete und viele andere Wunder vollbrachte und in der zoroastrischen Tradition mit &#8222;Arta&#8220;, der Kraft der Bewegung, die die Welt erzeugt und auf den Weg des wahren Guten hinweist, verbunden.<\/p>\n<p>TIPP 1: Die Platte &#8222;Neun Heiler&#8220; bildet ein erstaunliches Tandem mit der Platte &#8222;Blaue Lagune.Island&#8220;, indem sie zusammen angewendet einen hellen Energiefluss erzeugen und den Organismus insgesamt ausbalancieren. Sie bieten eine kraftvolle Unterst\u00fctzung in jeder Situation schaffen ein klares Verst\u00e4ndnis f\u00fcr die Essenz aller Lebensprozesse.<br \/>\nDie Platte &#8222;Neun Heiler&#8220; kann aber auch mit allen zuvor erschienenen Platten und Armb\u00e4ndern verwendet werden<br \/>\nDie Platte &#8222;Neun Heiler&#8220; umfasst sehr unterschiedliche Energiequalit\u00e4ten, wie kaum eine andere Platte, und vereint diese zu einer harmonischen Einheit &#8211; und je nach individuellem Bedarf erf\u00e4hrt der Anwender daraus eine passende wertvolle energetische Unterst\u00fctzung. Die Energie ist leicht, weich, fliegend, fr\u00f6hlich, aber &#8222;dickfl\u00fcssig&#8220; wie Honig; automatisch wird diese auf Bereiche und Teile des K\u00f6rpers gerichtet, die Unterst\u00fctzung und Heilung ben\u00f6tigen.<\/p>\n<p>TIPP 2:\u00a0Nehmen Sie die Platte beim ersten Kontakt mindestens 30 Minuten lang zwischen beide H\u00e4nde &#8211; danach reicht es aus, die Platte einige Minuten lang in den H\u00e4nden zu halten. Dabei sollte man m\u00f6glichst in positiven Gef\u00fchlen bleiben und auf Eile verzichten, keinesfalls sollte man dabei in Gedanken Menschen kritisieren und verurteilen. Sie k\u00f6nnen bei der Anwendung auch W\u00fcnsche positiv formulieren wie beispielweise \u201eMeine Beziehung zu &#8230; ist voller Liebe und Verst\u00e4ndnis.\u201c<\/p>\n<p>TIPP 3:\u00a0Sie k\u00f6nnen die Platte auch nachts verwenden, was die Einsichten und Ideen im Schlaf f\u00f6rdert.<\/p>\n<p>TIPP 4:\u00a0Bei Halsproblemen wie zum Beispiel entz\u00fcndeten Mandeln kann die Platte abwechselnd links und rechts an den Hals gelegt werden.<\/p>\n<p>TIPP 5: Die Platte &#8222;Neun Heiler&#8220; kann auch sehr gut als Hausschutz &#8211; etwa als eine von drei Platten im &#8222;Energiehaus&#8220; oder im Kolzov-Ring mit 18 Platten verwendet werden. Tipp 6: Um sich mit Gesundheit, Kraft und Gl\u00fcck zu s\u00e4ttigen, k\u00f6nnen Sie ein Ritual durchf\u00fchren: Gehen Sie mittags mit der Platte an eine ruhige Wegkreuzung und stellen Sie sich in den Wind und denken Sie: \u201eIch bin ges\u00e4ttigt mit Gesundheit, Kraft, Jugend und Gl\u00fcck.\u201c<br \/>\nBereiten Sie au\u00dferdem einen speziellen Kr\u00e4utertee zu aus: Birkenbl\u00e4tter, Johannisbeeren, Preiselbeeren, Preiselbeerenrinde, Brennnessel, L\u00f6wenzahn, Wegerich, Mutterkraut und Stiefm\u00fctterchen &#8211; legen Sie die Platte &#8222;Neun Heiler&#8220; unter die Teekanne und lassen Sie ihn mindestens 25 Minuten lang ziehen &#8211; trinken Sie ihn \u00fcber den Tag verteilt, dieser energetisierte Tee startet den Heilungsprozess von &#8222;77 Krankheiten&#8220;.<\/p>\n<p>ZUR BEACHTUNG: Bei dieser Platte sollte das Wasser zum Energetisieren mindestens 25 Minuten lang darauf gestellt werden.<strong><br \/>\n<\/strong><\/p>\n<p><em><u>Ergebnis im LIFE-TEST:\u00a0<\/u>Die Kolzov-Platte &#8222;Neun Heiler&#8220; hat ein neutrales Energiefeld mit mehr als 40 000 Bovis. Damit aktiviert sie drei Chakras sogar auf mehr als 40 000 Bovis: Kronen-, Herz- und Solarplexus-Chakra steigen in ihrer Energie auf diesen hohen Wert (40 000 Bovis sind in dieser Testmethode die sichere Nachweisgrenze). Das Stirn-Chakra erreicht den ebenfalls hohen Wert von 35 000 Bovis. Hals- und Blase-\/Sexual-Chakra vervierfachen noch ihre Energie auf 28 000 Bovis und das Wurzel-Charka steigt auf 21 000 Bovis.<br \/>\nDurch die Aufladung der Chakras w\u00e4chst der bioenergetische Reaktionsabstand von zirka 75 Zentimetern um den K\u00f6rper auf 1,50 Meter.<\/em><\/p>\n<p><em><strong>Wichtiger Hinweis:<br \/>\nWir weisen ausdr\u00fccklich darauf hin, dass die Kolzov-Platte (russische Bezeichnung: &#8222;Korrektoren des funktionalen Zustands&#8220;) ein alternatives Energie- und Informationsprodukt ist und kein Heilmittel im Sinne der westlichen Schulmedizin. Vielmehr ist es ein rein energetisches Hilfsmittel zur ganzheitlichen Balancierung von energetischen Disharmonien und Blockaden. Informationen \u00fcber Qualit\u00e4t und Eigenschaften des Energieobjekts beziehen sich auf Aussagen des russischen Herstellers und alternativen Theorien zu Mensch und Umwelt, auf alternative Anschauungen und esoterische \u00dcberlieferungen oder Aussagen. Sie gelten nur im Sinne der esoterischen Lebensphilosophie und daran angelehnte Alternativheilkunde. Wirkungen im Sinne westlicher Wissenschaft oder Medizin werden hier nicht behauptet.<\/strong><\/em><\/p>","protected":false},"excerpt":{"rendered":"<p>Die Platte <b data-path-to-node=\"2\" data-index-in-node=\"11\">\u201eNeun Heiler\u201c<\/b> ist ein vielseitiger Helfer f\u00fcr k\u00f6rperliche Verj\u00fcngung und den Schutz deines Zuhauses. Sie hilft dir, dich von der Vergangenheit zu l\u00f6sen, Chancen im Hier und Jetzt zu ergreifen und st\u00e4rkt dein Selbstvertrauen. Besonders n\u00fctzlich ist sie f\u00fcr die Kommunikation (z. B. bei Reden oder in Gruppen) und zur Beseitigung von \u201e9 Ungl\u00fccken\u201c wie Einsamkeit, Schmerz oder Verzweiflung. Sie energetisiert alle 9 Chakren und verbindet dich sp\u00fcrbar mit h\u00f6heren Schutzkr\u00e4ften.<\/p>","protected":false},"featured_media":2326,"comment_status":"open","ping_status":"closed","template":"","meta":[],"product_brand":[],"product_cat":[33],"product_tag":[152],"class_list":{"0":"post-1765","1":"product","2":"type-product","3":"status-publish","4":"has-post-thumbnail","6":"product_cat-elite-series","7":"product_tag-152","9":"first","10":"instock","11":"taxable","12":"shipping-taxable","13":"purchasable","14":"product-type-simple"},"_links":{"self":[{"href":"https:\/\/vigo-rio.com\/en\/wp-json\/wp\/v2\/product\/1765","targetHints":{"allow":["GET"]}}],"collection":[{"href":"https:\/\/vigo-rio.com\/en\/wp-json\/wp\/v2\/product"}],"about":[{"href":"https:\/\/vigo-rio.com\/en\/wp-json\/wp\/v2\/types\/product"}],"replies":[{"embeddable":true,"href":"https:\/\/vigo-rio.com\/en\/wp-json\/wp\/v2\/comments?post=1765"}],"wp:featuredmedia":[{"embeddable":true,"href":"https:\/\/vigo-rio.com\/en\/wp-json\/wp\/v2\/media\/2326"}],"wp:attachment":[{"href":"https:\/\/vigo-rio.com\/en\/wp-json\/wp\/v2\/media?parent=1765"}],"wp:term":[{"taxonomy":"product_brand","embeddable":true,"href":"https:\/\/vigo-rio.com\/en\/wp-json\/wp\/v2\/product_brand?post=1765"},{"taxonomy":"product_cat","embeddable":true,"href":"https:\/\/vigo-rio.com\/en\/wp-json\/wp\/v2\/product_cat?post=1765"},{"taxonomy":"product_tag","embeddable":true,"href":"https:\/\/vigo-rio.com\/en\/wp-json\/wp\/v2\/product_tag?post=1765"}],"curies":[{"name":"wp","href":"https:\/\/api.w.org\/{rel}","templated":true}]}}