{"id":1764,"date":"2026-01-15T10:01:10","date_gmt":"2026-01-15T10:01:10","guid":{"rendered":"https:\/\/vigo-rio.com\/?post_type=product&#038;p=1764"},"modified":"2026-02-04T19:58:33","modified_gmt":"2026-02-04T19:58:33","slug":"fc-new-times","status":"publish","type":"product","link":"https:\/\/vigo-rio.com\/en\/product\/fc-new-times\/","title":{"rendered":"FC Neue Zeit \/ New Times"},"content":{"rendered":"<p><strong>Kolzov-Platte: &#8222;Neue Zeit&#8220;\u00a0&#8211; (f\u00fcr die Anbindung an die neuen Energien der Erde, f\u00fcr Synchronisation und Harmonie &#8211; besonders in der Familie)<br \/>\n<\/strong><\/p>\n<p><strong><em>(bei paarweiser Anwendung am besten mit den Platten &#8222;Transformation&#8220;, &#8222;Tasliman&#8220; oder &#8222;Tapirh\u00f6hle &#8211; Cenoten Yucatans&#8220; &#8211; alle in der Serie Elite)<\/em><br \/>\n<\/strong><\/p>\n<p><strong>&#8211; neueste Version mit 8-Elementen (8 enthaltenen Energiespeicher-Chips)<\/strong><\/p>\n<p><em>Die Platte tr\u00e4gt die russische Aufschrift: \u041d\u041e\u0412\u041e\u0415 \u0412\u0420\u0415\u041c\u042f, bzw. auf dem erg\u00e4nzenden Deckblatt: NEW TIME, TEMPS NOUVEAUX, SOUL AWAKENING (hier ein \u00dcbersetzungsfehler des Herstellers)<\/em><\/p>\n<p>Diese Platte &#8222;Neue Zeit&#8220; ist f\u00fcr alle Menschen eine gro\u00dfe Unterst\u00fctzung, die sich auf die neuen h\u00f6her schwingenden Energien der Erde einstellen und diese bereits jetzt hilfreich in ihr Leben integrieren m\u00f6chten. Die Platte f\u00f6rdert die Anbindung an diese neuen Energien, unterst\u00fctzt die Synchronisation und Harmonie auf neuem Niveau und sie beh\u00fctet das Wohlergehen im famili\u00e4ren Umfeld.<\/p>\n<p><em>Die Aussagen beziehen sich auf alternative Testmethoden wie Meridianenergie-Messungen der Organfunktionskreisl\u00e4ufe nach TCM, Kirlian-Fotografie (EPG\/GDV-Kamera), Oberon, Amsat o.\u00e4. durch den Hersteller &#8222;Planet der Regionen&#8220; und stellen keine medizinische oder auf den physischen K\u00f6rper und dessen Organe bezogenen Aussage im Sinne der westlichen Schulmedizin dar.<\/em><\/p>\n<p><strong>Die Platte ist in diesem Sinne vor allem geeignet f\u00fcr:<\/strong><\/p>\n<ul>\n<li>Die Platte st\u00e4rkt und synchronisiert die Aktivit\u00e4t der rechten und linken Gehirnh\u00e4lfte, unterst\u00fctzt im Anwender die Umsetzung seiner geistigen F\u00e4higkeiten und \u00f6ffnet das Bewusstsein f\u00fcr die Energien der neuen Zeit,<\/li>\n<li>hilft, tiefe innere Blockaden zu l\u00f6sen, die uns daran hindern, im &#8222;Hier und Jetzt&#8220; zu leben,<\/li>\n<li>unterst\u00fctzt den geistigen Zugriff auf h\u00f6here Informationsebenen und hilft, die h\u00f6herschwingenden Energien im Lebensprozess der Erde verarbeiten zu k\u00f6nnen,<\/li>\n<li>st\u00e4rkt Intuition und fantasievolles Denken, er\u00f6ffnet neue M\u00f6glichkeiten und Wege und hilft, den Sinn im Leben zu erkennen &#8211; bringt in Alles, bei dem es bisher an der gedanklichen Durchdringung oder der praktischen Umsetzung fehlte, wahre Klarheit.<\/li>\n<li>l\u00f6scht \u00e4u\u00dfere und innere Verzerrungen des Denkens, hilft Illusionen zu durchdringen und vermittelt die hochschwingenden Energien von Liebe, G\u00fcte, Selbstlosigkeit, Moral und spiritueller Reinheit,<\/li>\n<li>zielt auf eine vollst\u00e4ndige energetische Harmonisierung des Biofeldes; dazu arbeitet der Mentalk\u00f6rper mit allen feinstofflichen Ebenen f\u00fcr eine Synchronisation und Harmonisierung zwischen den K\u00f6rperh\u00e4lften und -teilen zusammen.<\/li>\n<li>bringt die weiblichen und m\u00e4nnlichen Energien in Harmonie, f\u00f6rdert das Wohlergehen der Familie und hilft, seinen Seelenpartner zu finden.<\/li>\n<li>Sie hilft dabei, alle Pr\u00fcfungen des Lebens in W\u00fcrde und positiv gestimmt zu meistern, und gleich negative Einfl\u00fcsse von Menschen und gesellschaftlichem Umfeld aus,<\/li>\n<li>erh\u00f6ht insgesamt das Energieniveau des Organismus und erf\u00fcllt mit Lebensfreude, Vitalit\u00e4t und Kraft.<\/li>\n<li>hilft der erwachten Seele, ihren spirituellen Weg zu erkennen und f\u00f6rdert auf spirituellem Wege die Heilung an K\u00f6rper, Geist und Seele.<\/li>\n<li>Sie hilft dabei, alle Pr\u00fcfungen des Lebens in W\u00fcrde und positiv gestimmt zu meistern, und gleich negative Einfl\u00fcsse von Menschen und gesellschaftlichem Umfeld aus,<\/li>\n<li>erh\u00f6ht insgesamt das Energieniveau des Organismus und erf\u00fcllt mit Lebensfreude, Vitalit\u00e4t und Kraft.<\/li>\n<li>hilft der erwachten Seele, ihren spirituellen Weg zu erkennen und f\u00f6rdert auf spirituellem Wege die Heilung an K\u00f6rper, Geist und Seele. Die Platte hat auf der k\u00f6rperlichen Energieebene entz\u00fcndungshemmende und wundheilende Wirkungen, unterst\u00fctzt bei Erkrankungen des Bewegungsapparates, wie Verstauchungen, degenerativem Verschlei\u00df von Knorpel und Gelenken, Arthritis, Arthrose, Schleimbeutelentz\u00fcndung und vielem mehr. Sie wirkt energetisch schmerzlindernd und beschleunigt den Rehabilitationsprozess nach Krankheiten, Verletzungen und Operationen.<\/li>\n<li>f\u00f6rdert das materielle Wohlergehen durch das Auftreten wohlwollender M\u00e4zene bei Handel und anderem Austausch mit Menschen.<\/li>\n<\/ul>\n<p>Auf der Kolzov-Platte &#8222;Neue Zeit&#8220; sind die Informationen des Wassers aus der Quelle der heiligen M\u00e4rtyrerin Paraskewa Pjatniza gespeichert. Sie entspringt in den W\u00e4ldern um die Seen Musha und Sawerdushje nahe des Dorfes Sjabero bei Woloschowo im Kreis Luga (Gebiet Leningrad).<\/p>\n<p>TIPP 1: Um die Informationen und Energien der Platte &#8222;Neue Zeit&#8220; sofort in vollem Umfang nutzen zu k\u00f6nnen, kann es aufgrund der heutigen Belastungen von au\u00dfen n\u00f6tig sein, eine vorherige Reinigung durchzuf\u00fchren. Verwenden Sie dazu die Platten der Serie Gold (insbesondere die Platte Nr.20) und die Platte &#8222;Geschenk des Feuers&#8220;. Auf diese Weise k\u00f6nnen Sie externe implantierte Programme l\u00f6schen und die Programme der Harmonisierung und Synchronisation beschleunigen.<\/p>\n<p>TIPP 2: Die Platte &#8222;Neue Zeit&#8220; wirkt mit den Platten &#8222;Transformation&#8220;, &#8222;Tasliman&#8220; und &#8222;Tapirh\u00f6hle &#8211; Cenoten Yucatans&#8220; (alle in der Serie Elite erschienen) auf einzigartige Weise zusammen.<br \/>\nSie kann auch mit allen zuvor erschienenen Platten und Armb\u00e4ndern kombiniert werden, besonders noch mit: allen Platten der Serie GOLD und den Platten &#8222;Fr\u00fchling des Lebens&#8220;, &#8222;Geheimnisse des Universums&#8220;, &#8222;Gl\u00fcck&#8220;, &#8222;Kraft der Eintracht&#8220;, &#8222;See Manasarovar &#8211; Kailash&#8220;, &#8222;Gr\u00fcne Tara &#8211; Kailash&#8220;, &#8222;Macht des Verstandes&#8220; (Serie Elite), &#8222;Sdrawa&#8220;, &#8222;Neurovita&#8220;, &#8222;Welikoretzki&#8220;, &#8222;Bereginja&#8220; (Serie Kollektion), &#8222;Langes Leben&#8220;, &#8222;Wahrhaftige Liebe&#8220;, &#8222;Harmonie&#8220;, &#8222;Ordnungsplatte Frau&#8220;, &#8222;Ordnungsplatte Mann&#8220; (Serie Gr\u00fcn), &#8222;Rapa&#8220;, &#8222;Paraskeva&#8220; (Winterserie 2020).<\/p>\n<p>ZUR BEACHTUNG: Bei dieser Platte sollte das Wasser zum Energetisieren mindestens 15 Minuten lang darauf gestellt werden<\/p>\n<p><em>Ergebnis im LIFE-TEST: Die Kolzov-Platte &#8222;Neue Zeit&#8220; hat ein neutrales Energiefeld mit mehr als 40 000 Bovis. Damit aktiviert sie alle (!) sieben Chakras auf \u00fcber 40 000 Bovis, dabei erh\u00f6ht sich die Energie der oberen vier Chakras &#8211; also von Kronen-, Stirn-, Hals- und Herz-Chakra sogar auf weit \u00fcber diese 40 000 Bovis (40 000 Bovis ist in dieser Messmethode die sichere Testgrenze. Werte dar\u00fcber k\u00f6nnen nicht exakt beziffert werden.)<br \/>\nDurch die Aufladung der Chakras w\u00e4chst der bioenergetische Reaktionsabstand von zirka 75 Zentimetern um den K\u00f6rper auf enorme 3,30 Meter. Das ist die st\u00e4rkste bisher gemessene Aura-Aufladung mit einer einzelnen Platte.<\/em><\/p>\n<p><em><\/p>\n<p><\/em><\/p>\n<p><strong><em>Wichtiger Hinweis:<br \/>\nWir weisen ausdr\u00fccklich darauf hin, dass die Kolzov-Platte (russische Bezeichnung: &#8222;Korrektoren des funktionalen Zustands&#8220;) ein alternatives Energie- und Informationsprodukt ist und kein Heilmittel im Sinne der westlichen Schulmedizin. Vielmehr ist es ein rein energetisches Hilfsmittel zur ganzheitlichen Balancierung von energetischen Disharmonien und Blockaden. Informationen \u00fcber Qualit\u00e4t und Eigenschaften des Energieobjekts beziehen sich auf Aussagen des russischen Herstellers und alternativen Theorien zu Mensch und Umwelt, auf alternative Anschauungen und esoterische \u00dcberlieferungen oder Aussagen. Sie gelten nur im Sinne der esoterischen Lebensphilosophie und daran angelehnte Alternativheilkunde. Wirkungen im Sinne westlicher Wissenschaft oder Medizin werden hier nicht behauptet.<\/em><\/strong><\/p>","protected":false},"excerpt":{"rendered":"<p>ist ein Kraftpaket zur Anbindung an die neuen, hochschwingenden Erdenenergien. Sie synchronisiert die Gehirnh\u00e4lften, l\u00f6st tiefe innere Blockaden und schafft eine Br\u00fccke zwischen Intuition und praktischer Umsetzung. Sie harmonisiert das Familienleben, hilft beim Finden des Seelenpartners und sch\u00fctzt vor negativen gesellschaftlichen Einfl\u00fcssen. K\u00f6rperlich unterst\u00fctzt sie massiv den Bewegungsapparat bei Verschlei\u00df und Entz\u00fcndungen und beschleunigt Rehabilitationsprozesse.<\/p>","protected":false},"featured_media":2390,"comment_status":"open","ping_status":"closed","template":"","meta":[],"product_brand":[],"product_cat":[33],"product_tag":[121],"class_list":{"0":"post-1764","1":"product","2":"type-product","3":"status-publish","4":"has-post-thumbnail","6":"product_cat-elite-series","7":"product_tag-121","9":"first","10":"instock","11":"taxable","12":"shipping-taxable","13":"purchasable","14":"product-type-simple"},"_links":{"self":[{"href":"https:\/\/vigo-rio.com\/en\/wp-json\/wp\/v2\/product\/1764","targetHints":{"allow":["GET"]}}],"collection":[{"href":"https:\/\/vigo-rio.com\/en\/wp-json\/wp\/v2\/product"}],"about":[{"href":"https:\/\/vigo-rio.com\/en\/wp-json\/wp\/v2\/types\/product"}],"replies":[{"embeddable":true,"href":"https:\/\/vigo-rio.com\/en\/wp-json\/wp\/v2\/comments?post=1764"}],"wp:featuredmedia":[{"embeddable":true,"href":"https:\/\/vigo-rio.com\/en\/wp-json\/wp\/v2\/media\/2390"}],"wp:attachment":[{"href":"https:\/\/vigo-rio.com\/en\/wp-json\/wp\/v2\/media?parent=1764"}],"wp:term":[{"taxonomy":"product_brand","embeddable":true,"href":"https:\/\/vigo-rio.com\/en\/wp-json\/wp\/v2\/product_brand?post=1764"},{"taxonomy":"product_cat","embeddable":true,"href":"https:\/\/vigo-rio.com\/en\/wp-json\/wp\/v2\/product_cat?post=1764"},{"taxonomy":"product_tag","embeddable":true,"href":"https:\/\/vigo-rio.com\/en\/wp-json\/wp\/v2\/product_tag?post=1764"}],"curies":[{"name":"wp","href":"https:\/\/api.w.org\/{rel}","templated":true}]}}