{"id":1763,"date":"2026-01-15T10:00:56","date_gmt":"2026-01-15T10:00:56","guid":{"rendered":"https:\/\/vigo-rio.com\/?post_type=product&#038;p=1763"},"modified":"2026-02-04T19:58:38","modified_gmt":"2026-02-04T19:58:38","slug":"fc-new-star","status":"publish","type":"product","link":"https:\/\/vigo-rio.com\/en\/product\/fc-new-star\/","title":{"rendered":"FC Neuer Stern \/ New Star"},"content":{"rendered":"<p><strong>Kolzov-Platte: &#8222;Neuer Stern&#8220;\u00a0&#8211; (zur Anpassung des K\u00f6rpers an die neuen Energie der Zeit, Heilung von K\u00f6rper, Geist und Seele, Energieportal am 22.9.2022 zur Herbst-Tagundnachtgleiche)<br \/>\n<\/strong><\/p>\n<p><strong><em>(bei paarweiser Anwendung am besten mit der Platte &#8222;Pracht von Khwarenah)<\/em><br \/>\n<\/strong><\/p>\n<p><strong>&#8211; neueste Version mit 8-Elementen (8 enthaltenen Energiespeicher-Chips)<\/strong><\/p>\n<p><em>Die Platte tr\u00e4gt die russische Aufschrift: \u00ab\u041d\u041e\u0412\u0410\u042f \u0417\u0412\u0415\u0417\u0414\u0410\u00bb bzw. auf dem erg\u00e4nzenden Deckblatt: NEW STAR, NOUVELLE ETOILE, NEUER STERN<\/em><\/p>\n<p>Die Platte &#8222;Neuer Stern&#8220; hat ein vielf\u00e4ltiges Anwendungsspektrum: Sie unterst\u00fctzt im K\u00f6rperlichen unter anderem die Atemfunktionen und ist daher besonders hilfreich in der kalten Jahreszeit zur Vorbeugung und Korrektur von Atemwegserkrankungen, f\u00fcr alle, die viel sitzen und daher die Atmung wenig beanspruchen und f\u00fcr \u00e4ltere und bettl\u00e4gerige Menschen. Im Geistigen unterst\u00fctzt sie ideal in Meditation und allen spirituellen Praktiken, f\u00f6rdert Transformationsprozesse und geistiges Erwachen, da die Platte besonders nachhaltig auf die h\u00f6heren Energiezentren (Chakren) &#8211; vom Hals-Chakra bis zum Kronen-Chakra und dar\u00fcber hinaus &#8211; wirkt. Als Schutzplatte sollte sie auf Reisen, im Verkehr und in gro\u00dfen Gesellschaften nicht fehlen.<br \/>\nAuf der Platte &#8222;Neuer Stern&#8220; sind die hohen Energien vom Tag der Herbst-Tagundnachtgleiche am 22.9.2022 gespeichert. An diesen Tagen str\u00f6men die neuen Energien \u00fcber unsere Sonne verst\u00e4rkt zur Erde und es hilft uns Menschen, diese Energien mit den neuen Platten immer wieder in unser Energiefeld &#8222;einzuspeisen&#8220;&#8230;<br \/>\nF\u00fcnf Platten von f\u00fcnf aufeinander folgenden Daten des Sonnenzyklus sollen helfen, sich auf die neuen Energien der Zeit einzustellen: bereits erschienen sind die Platten &#8222;Umwandlung (Transmutation)&#8220;, Energieportal am 21.12.2021 zur Wintersonnenwende, &#8222;Solar&#8220;, Energieportal am 22.03.2022 Fr\u00fchlings-Tagundnachtgleiche, &#8222;L\u00e4cheln der Sonne&#8220;, Energieportal am 21.06.2022 Sommersonnenwende. Die Platte &#8222;Neuer Stern&#8220;, Energieportal am 22.09.2022 Fr\u00fchlings-Tagundnachtgleiche, ist also die vorletzte dieser Reihe.<\/p>\n<p><em>Die Aussagen beziehen sich auf alternative Testmethoden wie Meridianenergie-Messungen der Organfunktionskreisl\u00e4ufe nach TCM, Kirlian-Fotografie (EPG\/GDV-Kamera), Oberon, Amsat o.\u00e4. durch den Hersteller &#8222;Planet der Regionen&#8220; und stellen keine medizinische oder auf den physischen K\u00f6rper und dessen Organe bezogenen Aussage im Sinne der westlichen Schulmedizin dar.<\/em><\/p>\n<p><strong>Die Platte ist in diesem Sinne vor allem geeignet f\u00fcr:<\/strong><\/p>\n<ul>\n<li>hilft, das Potenzial der eigenen F\u00e4higkeiten besser zu entwickeln &#8211; dazu regt die Platte eine tiefe Selbsterkenntnis, das Wissen \u00fcber seine Seele und seine Seelenaufgabe an, sie aktiviert die Erweiterung seines Bewusstsein und das Verstehen, dass man selbst Mitsch\u00f6pfer seines Lebens ist,<\/li>\n<li>die Platte unterst\u00fctzt den Anwender darin, die erworbenen inneren Qualit\u00e4ten in seinem Leben zu manifestieren, seine sch\u00f6pferischen Ideen umzusetzen und unendliche Freude und Inspiration daraus zu ziehen,<\/li>\n<li>unterst\u00fctzt dabei, seine W\u00fcnsche besser zu verwirklichen,<\/li>\n<li>st\u00e4rkt die Verbindung mit dem h\u00f6chsten Aspekten seines Selbst und hilft bei der Arbeit an sich selbst, an seinen Erwartungen, W\u00fcnschen und \u00c4ngsten &#8211; kurz: an der eigenen Pers\u00f6nlichkeitsentwicklung,<\/li>\n<li>sorgt f\u00fcr ein Gleichgewicht der hochfrequenten Lichtenergien und der dichteren Energien des Anwenders, damit er leichter eine h\u00f6heres Niveau der Energie und des Bewusstseins erreichen kann, aktiviert zudem den Zugang zu den h\u00f6heren Lichtenergien, um alte Angelegenheiten leichter abschlie\u00dfen und einen neuen Lebensabschnitt er\u00f6ffnen und um Beziehungen jeglicher Art kn\u00fcpfen und das Leben zum Besseren ver\u00e4ndern zu k\u00f6nnen,<\/li>\n<li>erleichtert den Zugang zum Informationsfeld (Akasha-Chronik, neues Wissen, neue Aufgaben und Entdeckungen werden kommen), tr\u00e4gt zum erfolgreichen Start neuer Gesch\u00e4fte bei und hilft, diese zum Erfolg zu f\u00fchren (inklusive finanzieller Erfolg), vermittelt dem offenen Anwender ein klares Wissen davon, was genau getan werden muss, um Ziele zu erreichen, wie man lebt und wohin man sich bewegen sollte,<\/li>\n<li>hilft dabei, alles Negative im Leben loszuwerden und Liebe, Gesundheit und Gl\u00fcck anzuziehen,<\/li>\n<li>schafft im Energetischen ein \u00e4u\u00dferes Feld zum Schutz des Anwenders vor \u00e4u\u00dferen Angriffen und vor Unf\u00e4llen,<\/li>\n<li>f\u00f6rdert im Organismus die Synchronisation der Biorhythmen mit den kosmischen Rhythmen des Universums und befreit so von deren St\u00f6rungen durch Elektrosmog und andere k\u00fcnstliche Einfl\u00fcsse,<\/li>\n<li>hilft auch, die zeitlose Verbindung von Generationen zu sp\u00fcren und zu empfangen, um das eigene Familiensystem zu unterst\u00fctzen,<\/li>\n<li>erf\u00fcllt den Anwender mit kraftvoller Heilenergie, um eine vollst\u00e4ndige Heilung in allen Aspekten von K\u00f6rper, Geist und Seele anzuregen und hilft bei der Bearbeitung von psychischen Leiden und Traumata,wirkt positiv auf den gesamten Brustraum: unterst\u00fctzt das gesamte Atmungssystem bei einer Vielzahl entz\u00fcndlicher Erkrankungen (Bronchitis, Lungenentz\u00fcndung usw.) und verbessert die Durchblutung, reguliert den Bereich der Brustwirbels\u00e4ule, der Schultergelenke und verbessert so Irritationen und Taubheitsgef\u00fchle in den H\u00e4nden,<\/li>\n<li>unterst\u00fctzt die Heilung kleiner Wunden und insgesamt die Regeneration der Haut, wirkt so \u00e4u\u00dferlich verj\u00fcngend und unterst\u00fctzt gesundheitsf\u00f6rdernde Programme,<\/li>\n<li>hilft beim Aufl\u00f6sen der Folgen von alten Kopfverletzungen (auch von Gehirnersch\u00fctterung und Bewusstlosigkeit), die den Gesundheitszustand beeintr\u00e4chtigend (z.B. durch Kopfschmerzen, Seh- und H\u00f6rprobleme oder andere St\u00f6rungen in Gehirn und Denkverm\u00f6gen),<\/li>\n<li>hilft dabei seinen Seelenpartner zu finden und zieht die Geburt von &#8222;Sternenkindern&#8220; an,<\/li>\n<li>hilft bei Neugeborenen, negative Folgen der Geburt zu neutralisieren, und vermittelt bei Kaiserschnitt einen vollst\u00e4ndigen Eintritt ins Leben,<\/li>\n<li>unterst\u00fctzt den physischen K\u00f6rper dabei, seine Seele in Bezug auf die Anpassung an neue Energien &#8222;einzuholen&#8220;, so dass in jedem Benutzer &#8222;ein neuer Stern&#8220; geboren wird.<\/li>\n<\/ul>\n<p>Auf der Platte sind die hohen Energien vom Tag der Herbst-Tagundnachtgleiche am 22.9.2022 gespeichert. An diesen Tagen str\u00f6men die Energien der neuen Zeit von der Zentralsonne der Galaxie \u00fcber unsere Sonne verst\u00e4rkt zur Erde und es hilft uns Menschen, diese Energien mit der neuen Platte immer wieder in unser Energiefeld &#8222;einzuspeisen&#8220;&#8230;<\/p>\n<p>TIPP 1: F\u00fcr eine vollst\u00e4ndige Heilung von K\u00f6rper, Geist und Seele arbeitet die Platte ideal mit der Platte &#8222;Pracht von Khwarenah&#8220; zusammen. Und zusammen mit der Platte &#8222;Anti-Migr\u00e4ne&#8220; ist sie ein kraftvolles Tandem gegen Kopfschmerzen und zur Beseitigung der Folgen von Kopfverletzungen.<\/p>\n<p>TIPP 2: Die Platte &#8222;Neuer Stern&#8220; ist eine hilfreiche energetische Unterst\u00fctzung bei allen Operationen an Kopf, Augen, Ohren und Gesicht.<\/p>\n<p>TIPP 3: Auch bei Kinderwunsch ist die Platte hilfreich: Sie sollte schon verwendet, wenn eine Empf\u00e4ngnis angestrebt wird und dann w\u00e4hrend der gesamten Schwangerschaft getragen werden. Sie unterst\u00fctzt zudem bei schwierigen Geburten.<\/p>\n<p>TIPP 4: Die Platte erh\u00f6ht die Effizienz von Atem\u00fcbungen erheblich. Tragen Sie dabei die Platte am Arm oder K\u00f6rper im Bereich der Lunge.<\/p>\n<p>TIPP 5: Um ein jugendliches und sch\u00f6nes Aussehen zu bewahren, ist es ratsam, das Gesicht mit informierten Wasser zu waschen (Platte an den Wasserhahn oder die Mischbatterie legen) und alle seine Sch\u00f6nheitsprodukte damit zu informieren.<\/p>\n<p>TIPP 6: Um den Geldfluss zu verbessern, kann man die Platte in der Brieftasche tragen (wegen der Dicke der Platte eventuell nur die innenliegende eigentliche Wirkplatte in die Brieftasche stecken).<\/p>\n<p>TIPP 7: F\u00fcr die Verst\u00e4rkung von W\u00fcnschen und Zielen, visualisieren sie diese m\u00f6glichst detailliert und farbenfroh, stellen Sie sich einen Sonnenaufgang vor (oder stellen Sie sich direkt in den Sonnenaufgang) und halten Sie die Platten vor die Brust.<\/p>\n<p>TIPP 8: Man kann mit Hilfe der Platte sogar die Kundalini-Energie aktivieren, aber pr\u00fcfen Sie sich bitte zuvor gr\u00fcndlich, ob Sie dazu bereit sind. Falls Sie es wirklich w\u00fcnschen und Ihr Geist bereit ist, nehmen Sie die Platte vor die Brust und formulieren Sie die Absicht wir folgt: \u201eIch bitte, die positiven Energien in meine Energiestruktur zu ziehen f\u00fcr die Aktivierung und Entwicklung der Kundalini-Energie.\u201c<\/p>\n<p>TIPP 9: Um das Eindringen von Negativit\u00e4t in sein Zuhause zu verhindern, informieren Sie Salz auf der Platte und streuen ein wenig davon hinter die Haus- bzw. Wohnungst\u00fcr.<\/p>\n<p>ZUR BEACHTUNG: Bei dieser Platte sollte das Wasser zum Energetisieren mindestens 20 Minuten lang darauf gestellt werden.<\/p>\n<p><em><u>Ergebnis im LIFE-TEST:<\/u>\u00a0Die Kolzov-Platte &#8222;Neuer Stern&#8220; hat ein neutrales Energiefeld mit mehr als 40 000 Bovis. Damit aktiviert sie das oberste und das unterste Chakra auf 40 000 Bovis &#8211; also die enegetischen &#8222;Anbindungen&#8220; des Menschen &#8222;zum Himmel&#8220; und &#8222;zur Erde&#8220;.<br \/>\nStirn- und Herz-Chakra steigen auf 35 000 Bovis. Hals- und Solarplexus-Chakra auf 28 000 Bovis. und das Blase-\/Sexual-Chakra verdoppelt noch seine Energie auf 14 000 Bovis. Durch die Aufladung der Chakras w\u00e4chst der bioenergetische Reaktionsabstand von zirka 75 Zentimetern um den K\u00f6rper auf 1,90m.<\/em><\/p>\n<p><em><strong>Wichtiger Hinweis:<br \/>\nWir weisen ausdr\u00fccklich darauf hin, dass die Kolzov-Platte (russische Bezeichnung: &#8222;Korrektoren des funktionalen Zustands&#8220;) ein alternatives Energie- und Informationsprodukt ist und kein Heilmittel im Sinne der westlichen Schulmedizin. Vielmehr ist es ein rein energetisches Hilfsmittel zur ganzheitlichen Balancierung von energetischen Disharmonien und Blockaden. Informationen \u00fcber Qualit\u00e4t und Eigenschaften des Energieobjekts beziehen sich auf Aussagen des russischen Herstellers und alternativen Theorien zu Mensch und Umwelt, auf alternative Anschauungen und esoterische \u00dcberlieferungen oder Aussagen. Sie gelten nur im Sinne der esoterischen Lebensphilosophie und daran angelehnte Alternativheilkunde. Wirkungen im Sinne westlicher Wissenschaft oder Medizin werden hier nicht behauptet.<\/strong><\/em><\/p>","protected":false},"excerpt":{"rendered":"<p>ist darauf ausgerichtet, den physischen K\u00f6rper an die hochfrequenten Energien der neuen Zeit anzupassen. Sie wirkt besonders intensiv auf die oberen Chakren und unterst\u00fctzt das geistige Erwachen sowie die Manifestation sch\u00f6pferischer Ideen. K\u00f6rperlich ist sie ein Spezialist f\u00fcr den gesamten Brustraum und das Atmungssystem, was sie ideal f\u00fcr die kalte Jahreszeit oder f\u00fcr Menschen mit sitzender Lebensweise macht. Zudem hilft sie, die Folgen alter Kopfverletzungen zu neutralisieren und unterst\u00fctzt den erfolgreichen Start neuer gesch\u00e4ftlicher und privater<\/p>","protected":false},"featured_media":1802,"comment_status":"open","ping_status":"closed","template":"","meta":[],"product_brand":[],"product_cat":[33],"product_tag":[141],"class_list":{"0":"post-1763","1":"product","2":"type-product","3":"status-publish","4":"has-post-thumbnail","6":"product_cat-elite-series","7":"product_tag-141","9":"first","10":"instock","11":"taxable","12":"shipping-taxable","13":"purchasable","14":"product-type-simple"},"_links":{"self":[{"href":"https:\/\/vigo-rio.com\/en\/wp-json\/wp\/v2\/product\/1763","targetHints":{"allow":["GET"]}}],"collection":[{"href":"https:\/\/vigo-rio.com\/en\/wp-json\/wp\/v2\/product"}],"about":[{"href":"https:\/\/vigo-rio.com\/en\/wp-json\/wp\/v2\/types\/product"}],"replies":[{"embeddable":true,"href":"https:\/\/vigo-rio.com\/en\/wp-json\/wp\/v2\/comments?post=1763"}],"wp:featuredmedia":[{"embeddable":true,"href":"https:\/\/vigo-rio.com\/en\/wp-json\/wp\/v2\/media\/1802"}],"wp:attachment":[{"href":"https:\/\/vigo-rio.com\/en\/wp-json\/wp\/v2\/media?parent=1763"}],"wp:term":[{"taxonomy":"product_brand","embeddable":true,"href":"https:\/\/vigo-rio.com\/en\/wp-json\/wp\/v2\/product_brand?post=1763"},{"taxonomy":"product_cat","embeddable":true,"href":"https:\/\/vigo-rio.com\/en\/wp-json\/wp\/v2\/product_cat?post=1763"},{"taxonomy":"product_tag","embeddable":true,"href":"https:\/\/vigo-rio.com\/en\/wp-json\/wp\/v2\/product_tag?post=1763"}],"curies":[{"name":"wp","href":"https:\/\/api.w.org\/{rel}","templated":true}]}}