{"id":1762,"date":"2026-01-15T10:00:39","date_gmt":"2026-01-15T10:00:39","guid":{"rendered":"https:\/\/vigo-rio.com\/?post_type=product&#038;p=1762"},"modified":"2026-03-31T10:04:00","modified_gmt":"2026-03-31T10:04:00","slug":"fc-miracle-workers","status":"publish","type":"product","link":"https:\/\/vigo-rio.com\/en\/product\/fc-miracle-workers\/","title":{"rendered":"FC Wundert\u00e4ter \/ Miracle Workers"},"content":{"rendered":"<p><strong>Kolzov-Platte: &#8222;Wundert\u00e4ter&#8220;\u00a0&#8211; (f\u00fcr Spiritualit\u00e4t, Intuition, Medialit\u00e4t, f\u00fcr Schutz auf Reisen und vor Fremdeinfl\u00fcssen)<\/strong><em><br \/>\n<\/em><\/p>\n<p><em>Die Platte tr\u00e4gt die russische Aufschrift: \u0427\u0423\u0414\u041e\u0422\u0412\u041e\u0420\u0415\u0426<\/em><\/p>\n<p>Die Platte &#8222;Wundert\u00e4ter&#8220; ist insbesondere gedacht f\u00fcr alle, die ihr Leben mit mehr Liebe und Intuition bereichern und die Beziehungen im sozialen Umfeld verbessern wollen. Sie ist auch besonders hilfreich auf Reisen, bei Pilgerwanderungen, beim F\u00fchren von Verkehrsmittel aller Art, f\u00fcr Schichtarbeiter und Angeh\u00f6rige von Polizei, Milit\u00e4r und Sicherheitsdiensten. Sie hilft zudem bei nervlicher und k\u00f6rperlicher Ersch\u00f6pfung, psychischen Beschwerden und Depressionen.<\/p>\n<p><em>Die Aussagen beziehen sich auf alternative Testmethoden wie Meridianenergie-Messungen der Organfunktionskreisl\u00e4ufe nach TCM, Kirlian-Fotografie (EPG\/GDV-Kamera), Oberon, Amsat o.\u00e4. durch den Hersteller &#8222;Planet der Regionen&#8220; und stellen keine medizinische oder auf den physischen K\u00f6rper und dessen Organe bezogenen Aussage im Sinne der westlichen Schulmedizin dar.<\/em><\/p>\n<p><strong>Die Platte ist in diesem Sinne vor allem geeignet f\u00fcr:<\/strong><\/p>\n<ul>\n<li>f\u00f6rdert die Gesundheit des ganzen K\u00f6rpers, hilft versteckte Gesundheitsprobleme aufzudecken und diese effektiv zu korrigieren,<\/li>\n<li>tr\u00e4gt zur Aktivierung und Aufladung der Chakras (vor allem der 6., 7. und 8. Chakra) und zur harmonischen Verteilung von Energie im ganzen K\u00f6rper bei,<\/li>\n<li>hilft dabei, sich den Energien des \u201espirituellen Herzens\u201c zu \u00f6ffnen und die Aura mit den Energien der Liebe zu f\u00fcllen,<\/li>\n<li>verbessert die Beziehungen in Familie, Beruf und im sozialen Umfeld auf Basis gegenseitigen Verst\u00e4ndnisses,<\/li>\n<li>hilft auch im Stress ruhig zu bleiben und bei Bedarf schnell wichtige Entscheidungen zu treffen,<\/li>\n<li>hilft, schwierige Lebensabschnitte zu \u00fcberwinden, sich schneller an ver\u00e4nderte Bedingungen der Gesellschaft und der Umwelt anzupassen,<\/li>\n<li>hilft, seine W\u00fcnsche zu erf\u00fcllen,<\/li>\n<li>f\u00f6rdert die Entwicklung von Spiritualit\u00e4t, Intuition und Medialit\u00e4t, und st\u00e4rkt das Verm\u00f6gen zu tiefen Einsichten, Bewusstheit und Akzeptanz in den Sinn des Lebens zu gelangen,<\/li>\n<li>hilft, sich intuitiven Visionen und Erkenntnissen zu \u00f6ffnen und st\u00e4rkt die mediale F\u00e4higkeit, sich mit h\u00f6heren Ebenen der Vernunft und Weisheit zu verbinden,<\/li>\n<li>zielt darauf ab, alle m\u00f6glichen Fremdenergien und -programme, Energie- und Informationsinvasionen zu identifizieren und zu beseitigen, darunter auch das Einbringen k\u00fcnstlich erstellter Programme mittels Einwirkung auf fl\u00fcssige K\u00f6rperfl\u00fcssigkeiten (Beeinflussung \u00fcber Blut, Urin, Speichel, Spermien),<\/li>\n<li>regeneriert Aura und Bioenergiefeld des Organismus und erh\u00f6ht das Schwingungsniveau, um einen wirksamen Schutz vor Fremdenergien, Fremdinformationen und Fremdbestimmung zu schaffen.<\/li>\n<\/ul>\n<p>Auf der Kolzov- Platte &#8222;Wundert\u00e4ter&#8220; sind unter anderem die Informationen des Wassers der heiligen Quelle von &#8222;Nikolai dem Wundert\u00e4ter&#8220; in Sergijev Posad gespeichert.<\/p>\n<p>TIPP 1: Die kombinierte Anwendung mit den neuen Platten &#8222;Gold der W\u00fcste Gobi&#8220; und &#8222;Code Gobi&#8220; erh\u00f6ht noch die Wirksamkeit auf den K\u00f6rper f\u00fcr eine Heilung und Verj\u00fcngung und verst\u00e4rkt den Energieschutz.<\/p>\n<p>TIPP 2: Die Platte &#8222;Wundert\u00e4ter&#8220; kann zudem sehr gut kombiniert werden mit den Kolzov-Platten: &#8222;Goldener Sand&#8220;, &#8222;Gl\u00fcckseligkeit&#8220;, &#8222;Kamerton&#8220;, Indi&#8220;, &#8222;Wahrhaftige Liebe&#8220;, &#8222;Lhasa&#8220;, Berg-Altar&#8220;, &#8222;Heilige H\u00f6hle&#8220; und &#8222;Schwarzer Berg&#8220;.<\/p>\n<p>ZUR BEACHTUNG: bei dieser Platte sollte das Wasser zum Energetisieren mindestens 2 Stunden lang darauf gestellt werden. Das energetisierte Wasser kann auch zum Reinigen von R\u00e4umen, auf Kleidung und in die Aura verspr\u00fcht werden.<\/p>\n<p><em><u>Ergebnis im LIFE-TEST:<\/u>\u00a0Die Platte &#8222;Wundert\u00e4ter&#8220; hat ebenfalls eine sehr hohe Energie von 40 000 Bovis mit neutralem Energiefeld. Damit l\u00e4dt sie insbesondere das Kronen-Chakra, das Stirn-Chakra und das Wurzel-Chakra auf enorme 40 000 Bovis auf. Zudem steigen Herz- und Solarplexus-Chakra auf ebenfalls hohe 35 000 Bovis, das Hals-Chakra erh\u00f6ht seine Energie auf 28 000 Bovis, das Blasen-\/Sexual-Chakra auf 21 000 Bovis.<\/em><\/p>\n<p><strong><em>Wichtiger Hinweis:<br \/>\nWir weisen ausdr\u00fccklich darauf hin, dass die Kolzov-Platte (russische Bezeichnung: &#8222;Korrektoren des funktionalen Zustands&#8220;) ein alternatives Energie- und Informationsprodukt ist und kein Heilmittel im Sinne der westlichen Schulmedizin. Vielmehr ist es ein rein energetisches Hilfsmittel zur ganzheitlichen Balancierung von energetischen Disharmonien und Blockaden. Informationen \u00fcber Qualit\u00e4t und Eigenschaften des Energieobjekts beziehen sich auf Aussagen des russischen Herstellers und alternativen Theorien zu Mensch und Umwelt, auf alternative Anschauungen und esoterische \u00dcberlieferungen oder Aussagen. Sie gelten nur im Sinne der esoterischen Lebensphilosophie und daran angelehnte Alternativheilkunde. Wirkungen im Sinne westlicher Wissenschaft oder Medizin werden hier nicht behauptet.<\/em><\/strong><\/p>","protected":false},"excerpt":{"rendered":"<p>Die Kolzov-Platte \u201eWundert\u00e4ter\u201c (\u0427\u0423\u0414\u041e\u0422\u0412\u041e\u0420\u0415\u0426) ist ein kraftvoller Begleiter f\u00fcr Spiritualit\u00e4t, Intuition und Schutz. Sie hilft dabei, das \u201espirituelle Herz\u201c zu \u00f6ffnen, verbessert soziale Beziehungen und bietet starken energetischen Schutz auf Reisen sowie vor Fremdeinfl\u00fcssen. Besonders wertvoll ist sie bei Ersch\u00f6pfung und Stress, da sie hilft, die Aura zu regenerieren und das Schwingungsniveau des gesamten Organismus zu erh\u00f6hen.<\/p>","protected":false},"featured_media":2213,"comment_status":"open","ping_status":"closed","template":"","meta":[],"product_brand":[],"product_cat":[33],"product_tag":[117],"class_list":{"0":"post-1762","1":"product","2":"type-product","3":"status-publish","4":"has-post-thumbnail","6":"product_cat-elite-series","7":"product_tag-117","9":"first","10":"instock","11":"taxable","12":"shipping-taxable","13":"purchasable","14":"product-type-simple"},"_links":{"self":[{"href":"https:\/\/vigo-rio.com\/en\/wp-json\/wp\/v2\/product\/1762","targetHints":{"allow":["GET"]}}],"collection":[{"href":"https:\/\/vigo-rio.com\/en\/wp-json\/wp\/v2\/product"}],"about":[{"href":"https:\/\/vigo-rio.com\/en\/wp-json\/wp\/v2\/types\/product"}],"replies":[{"embeddable":true,"href":"https:\/\/vigo-rio.com\/en\/wp-json\/wp\/v2\/comments?post=1762"}],"wp:featuredmedia":[{"embeddable":true,"href":"https:\/\/vigo-rio.com\/en\/wp-json\/wp\/v2\/media\/2213"}],"wp:attachment":[{"href":"https:\/\/vigo-rio.com\/en\/wp-json\/wp\/v2\/media?parent=1762"}],"wp:term":[{"taxonomy":"product_brand","embeddable":true,"href":"https:\/\/vigo-rio.com\/en\/wp-json\/wp\/v2\/product_brand?post=1762"},{"taxonomy":"product_cat","embeddable":true,"href":"https:\/\/vigo-rio.com\/en\/wp-json\/wp\/v2\/product_cat?post=1762"},{"taxonomy":"product_tag","embeddable":true,"href":"https:\/\/vigo-rio.com\/en\/wp-json\/wp\/v2\/product_tag?post=1762"}],"curies":[{"name":"wp","href":"https:\/\/api.w.org\/{rel}","templated":true}]}}