{"id":1760,"date":"2026-01-15T09:59:56","date_gmt":"2026-01-15T09:59:56","guid":{"rendered":"https:\/\/vigo-rio.com\/?post_type=product&#038;p=1760"},"modified":"2026-02-01T18:31:02","modified_gmt":"2026-02-01T18:31:02","slug":"fc-magical-dreams","status":"publish","type":"product","link":"https:\/\/vigo-rio.com\/en\/product\/fc-magical-dreams\/","title":{"rendered":"FC Magische Tr\u00e4ume \/ Magical Dreams"},"content":{"rendered":"<p><strong>Kolzov-Platte: &#8222;Magische Tr\u00e4ume&#8220; &#8211; (f\u00fcr erholsamen Schlaf, luzide und prophetische Tr\u00e4ume, bei Stress und zur Kl\u00e4rung des Unterbewussten)<br \/>\n<\/strong><\/p>\n<p><strong><em>(bei paarweiser Anwendung am besten mit der Platte &#8222;Wunder von Mechensk&#8220;)<\/em><br \/>\n<\/strong><\/p>\n<p><strong>&#8211; neueste Version mit 8-Elementen (8 enthaltenen Energiespeicher-Chips)<\/strong><\/p>\n<p><em>Die Platte tr\u00e4gt die russische Aufschrift: \u00ab\u0412\u041e\u041b\u0428\u0415\u0411\u041d\u0410\u042f \u041a\u041e\u041b\u042b\u0411\u0415\u041b\u042c\u00bb bzw. auf dem erg\u00e4nzenden Deckblatt: MAGIC CRADLE, PORTAIL DES REVES, MAGISCHE TR\u00c4UME<\/em><\/p>\n<p>Die Platte hilft bei erh\u00f6htem Stress (sowohl emotional als auch k\u00f6rperlich), chronischer M\u00fcdigkeit und Schlafst\u00f6rungen zu einem erholsamen Schlaf zu finden. Kinder mit Aktivit\u00e4tsst\u00f6rungen k\u00f6nnen sich damit beruhigend und werden ausgeglichener. In der Traumarbeit kann sie das Unterbewusstsein kl\u00e4ren und kann so auch von Therapeuten, Psychologen, P\u00e4dagogen und Heilern begleitend angewendet werden. Vor allem verbessert sie nach und nach die F\u00e4higkeit zum luziden Tr\u00e4umen und f\u00fcr vorausschauende Tr\u00e4ume. Und die Platte kann auch genutzt werden, um die Wirkungen anderer Kolzov-Platten besser zu verstehen.<\/p>\n<p><em>Die Aussagen beziehen sich auf alternative Testmethoden wie Meridianenergie-Messungen der Organfunktionskreisl\u00e4ufe nach TCM, Kirlian-Fotografie (EPG\/GDV-Kamera), Oberon, Amsat o.\u00e4. durch den Hersteller &#8222;Planet der Regionen&#8220; und stellen keine medizinische oder auf den physischen K\u00f6rper und dessen Organe bezogenen Aussage im Sinne der westlichen Schulmedizin dar.<\/em><\/p>\n<p><strong>Die Platte ist in diesem Sinne vor allem geeignet f\u00fcr:<\/strong><\/p>\n<ul>\n<li>erweckt im Benutzer nach und nach die F\u00e4higkeit, prophetische Tr\u00e4ume zu erleben und andere Formen der Hellsichtigkeit; verleiht auch die M\u00f6glichkeit in luziden Tr\u00e4umen zu arbeiten, die Traumwelt besser zu verstehen und die Mitteilungen der Traumsprache intuitiv zu deuten, hilft Tr\u00e4ume mit einem eventuellen negativen Szenario besser zu verarbeiten,<\/li>\n<li>die Platte hilft, Zeichen h\u00f6herer Kr\u00e4fte ohne \u00e4u\u00dfere Illusionen und Beeinflussung zu empfangen, um so Hinweise auf verschiedene Lebensthemen und -situationen zu erhalten,<\/li>\n<li>verbessert den Schlaf und die Erholung im Schlaf,<\/li>\n<li>hilft dabei aus der Welt der Illusionen herauszukommen und sich zu fragen: Wer bin ich? Warum bin ich hier? Was ist meine wahre Bestimmung? und Antworten auf diese Fragen zu finden,<\/li>\n<li>die Platte hilft dem Benutzer Tag f\u00fcr Tag, das wahre innere Licht in seiner Seele zu erwecken, den Glauben zu st\u00e4rken, sich mit seiner inneren Welt zu verbinden und die Sensibilit\u00e4t seiner Wahrnehmung zu erh\u00f6hen,<\/li>\n<li>l\u00f6scht negative Programme und alle Arten von Einschr\u00e4nkungen und Dogmen, die den Anwender daran hindern, er selbst zu sein, seine Wahrheit zu leben und in der Erkenntnis seiner Selbst voranzuschreiten,<\/li>\n<li>verleiht dem Benutzer die Freiheit, sich selbst, andere Menschen und die Welt zu lieben, zu f\u00fchlen, zu sehen, zu verstehen und ein erf\u00fclltes Leben zu f\u00fchren mit dem Gef\u00fchl als h\u00e4tte man Fl\u00fcgel,<\/li>\n<li>unterst\u00fctzt energetisch Behandlungen zur Regulation des Hormonsystems, der Atmung und des Lymphsystem und hilft bringt stagnierende Energien und Zirkulation wieder in Fluss,<\/li>\n<li>hilft vor allem M\u00e4nnern, Aggressionen und J\u00e4hzorn zu reduzieren,<\/li>\n<li>mit Hilfe der Platte k\u00f6nnen Haarentfernungsmittel aktiviert werden und wirken dadurch intensiver, oder die Platte an Ger\u00e4ten zur Haarentfernung befestigt werden,<\/li>\n<li>die Platte kann auch f\u00fcr die energetische Hilfe und Heilung bei Tieren verwendet werden,<\/li>\n<li>die Platte kann auch genutzt werden, um die Wirkungen anderer Kolzov-Platten besser zu verstehen &#8211; wenn beide Platen in den H\u00e4nden gehalten werden, werden das Wissen und die Geheimnisse jedes Korrektors enth\u00fcllt und man versteht seine Essenz besser, oft werden die Informationen dazu in Tr\u00e4umen ind er n\u00e4chsten Nacht vermittelt.<\/li>\n<\/ul>\n<p>Auf der Kolzov-Platte &#8222;Portal der Tr\u00e4ume&#8220; sind die Informationen des Energieportals am 18. Juni 2022, dem Tag der Heiligen Dorothea, gespeichert.<\/p>\n<p>TIPP 1: Die Platte kann in jedem Alter verwendet werden. F\u00fcr den ersten Kontakt nehmen Sie Platte jeweils zwischen beide Handfl\u00e4chen, um eine sofortige Verbindung herzustellen. Nachts kann sie einfach unter das Kopfkissen oder an das Kopfende des Bettes gelegt werden.<\/p>\n<p>TIPP 2: Wenn etwas Schlechtes oder Unverst\u00e4ndliches getr\u00e4umt wurde, dann kann man die Heilige Dorothea \u00fcber den Korrektor um Hilfe bitten.<br \/>\nDie Platte kann auch genutzt werden, um die Wirkungen anderer Kolzov-Platten besser zu verstehen &#8211; nehmen Sie dazu die Platte &#8222;Portal der Tr\u00e4ume&#8220; in eine Hand und die jeweilige Platte in die andere und entspannen Sie sich mit geschlossenen Augen oder meditieren Sie und achten Sie auf ihre intuitiven Eindr\u00fccke&#8230;<\/p>\n<p>TIPP 3: Hilft M\u00fcttern (insbesondere kleinen Kindern) sehr sich zu entspannen, zu schlafen und sich im Schlaf zu erholen und zu harmonisieren. Zur Beruhigung eines Kindes nehmen Sie die Platte an den K\u00f6rper und nehmen Sie ihr Kind in den Arm oder an die Hand &#8211; hilfreich auch bei Entwicklungs- und Verhaltensst\u00f6rungen (ADHS &#8211; Aufmerksamkeitsdefizit-Hyperaktivit\u00e4tsst\u00f6rung, Autismus-Spektrum etc.).<\/p>\n<p>TIPP 4: Dei Erkrankungen Atemwege, auch nach Epidemien und Pandemien, kann die Platte zusammen mit &#8222;Geschenk des Feuers&#8220;, &#8222;Petrovotschka&#8220; und &#8222;Geschenk des Himmels&#8220; sehr gut verwendet werden.<\/p>\n<p>TIPP 5: W\u00e4hrend des Unkrautj\u00e4tens solle die Platte am Handgelenk oder zumindest bei sich getragen werden, dann w\u00e4chst es nciht so schnell wieder nach.<br \/>\nUnd noch ein kurioser Tipp: Um den Gurkenertrag zu steigern, kann eine Bitte an die Heilige Dorothea wie folgt formuliert werden: \u201eWenn immer noch Unkraut w\u00e4chst, m\u00f6gen meine Gurken immer mehr wachsen\u201c. Werfen Sie mit diesen Worten einen alten Schuh (nur einen) von Ihrem Fu\u00df in das Gew\u00e4chshaus, auf das Bett, auf dem die Gurken wachsen. Das Ritual ist am 18. Juni am effektivsten, funktioniert aber auch an jedem anderen Datum.<br \/>\nTipp 6: Die Platte kann als starker Hausschutz verwendet werden (z.B: im &#8222;Energiehaus&#8220; mit 3 Platten). Sie k\u00f6nnen Lebensmittel mit dem damit strukturierten Wasser kochen. Und legen Sie die Platten auf den Esstisch, wenn Ihre Familie zur Mahlzeit zusammen sitzt.<\/p>\n<p>TIPP 6: Zur Entwicklung gr\u00f6\u00dferer Sensitivit\u00e4t erg\u00e4nzen sich die beiden neuen Platten &#8222;Wunder von Mechensk&#8220; und &#8222;Portal der Tr\u00e4ume&#8220; ideal &#8211; die Platte &#8222;Portal der Tr\u00e4ume&#8220; arbeitet daran nachts und die Platte &#8222;Wunder von Mechensk&#8220; am Tag.<\/p>\n<p>ZUR BEACHTUNG: Bei dieser Platte sollte das Wasser zum Energetisieren mindestens 20 Minuten lang darauf gestellt werden.<\/p>\n<p><em><u>Ergebnis im LIFE-TEST:\u00a0<\/u>Die Kolzov-Platte &#8222;Portal der Tr\u00e4ume&#8220; hat ein neutrales Energiefeld mit mehr als 40 000 Bovis. Damit aktiviert sie die Chakras langsam ansteigend &#8211; nimmt man die Platte am Abend sind die Energiewerte nach zirka einer Stunde bei 4 Chakras auf 28 000 Bovis gestiegen und bei 3 Chakras auf 21 000 Bovis. Nach der Anwendung in der Nacht (unterm Kopfkissen liegend) ist die Energie deutlich h\u00f6her: gleich 5 Chakras sind in ihrer Energie auf 40 000 Bovis gestiegen: Stirn-, Hals, Herz-, Solarplexus- und das Blase-\/Sexual-Chakra erh\u00f6hen ihre Energie auf diese H\u00f6chstwert von 40 000 Bovis. Das Kronen-Chakra steigt auf 35 000 Bovis und das Wurzel-Chakra auf 28 000 Bovis.<br \/>\nDurch die Aufladung der Chakras w\u00e4chst der bioenergetische Reaktionsabstand von zirka 75 Zentimetern um den K\u00f6rper auf 2,20 Meter.<\/em><\/p>\n<p><em><br \/>\n<strong>Wichtiger Hinweis:<br \/>\nWir weisen ausdr\u00fccklich darauf hin, dass die Kolzov-Platte (russische Bezeichnung: &#8222;Korrektoren des funktionalen Zustands&#8220;) ein alternatives Energie- und Informationsprodukt ist und kein Heilmittel im Sinne der westlichen Schulmedizin. Vielmehr ist es ein rein energetisches Hilfsmittel zur ganzheitlichen Balancierung von energetischen Disharmonien und Blockaden. Informationen \u00fcber Qualit\u00e4t und Eigenschaften des Energieobjekts beziehen sich auf Aussagen des russischen Herstellers und alternativen Theorien zu Mensch und Umwelt, auf alternative Anschauungen und esoterische \u00dcberlieferungen oder Aussagen. Sie gelten nur im Sinne der esoterischen Lebensphilosophie und daran angelehnte Alternativheilkunde. Wirkungen im Sinne westlicher Wissenschaft oder Medizin werden hier nicht behauptet.<\/strong><\/em><\/p>","protected":false},"excerpt":{"rendered":"<p>ist dein Begleiter f\u00fcr die Nacht. Sie hilft bei chronischer M\u00fcdigkeit und hohem Stress, schneller in einen tiefen, erholsamen Schlaf zu finden. Sie f\u00f6rdert die F\u00e4higkeit zu luziden (bewussten) und prophetischen Tr\u00e4umen und hilft dir, Botschaften deines Unterbewusstseins besser zu verstehen. Zudem dient sie als \u201e\u00dcbersetzer\u201c f\u00fcr andere Kolzov-Platten: In Kombination hilft sie dir, deren tiefere Wirkung intuitiv zu erfassen.<\/p>","protected":false},"featured_media":2324,"comment_status":"open","ping_status":"closed","template":"","meta":[],"product_brand":[],"product_cat":[33],"product_tag":[135],"class_list":{"0":"post-1760","1":"product","2":"type-product","3":"status-publish","4":"has-post-thumbnail","6":"product_cat-elite-series","7":"product_tag-135","9":"first","10":"instock","11":"taxable","12":"shipping-taxable","13":"purchasable","14":"product-type-simple"},"_links":{"self":[{"href":"https:\/\/vigo-rio.com\/en\/wp-json\/wp\/v2\/product\/1760","targetHints":{"allow":["GET"]}}],"collection":[{"href":"https:\/\/vigo-rio.com\/en\/wp-json\/wp\/v2\/product"}],"about":[{"href":"https:\/\/vigo-rio.com\/en\/wp-json\/wp\/v2\/types\/product"}],"replies":[{"embeddable":true,"href":"https:\/\/vigo-rio.com\/en\/wp-json\/wp\/v2\/comments?post=1760"}],"wp:featuredmedia":[{"embeddable":true,"href":"https:\/\/vigo-rio.com\/en\/wp-json\/wp\/v2\/media\/2324"}],"wp:attachment":[{"href":"https:\/\/vigo-rio.com\/en\/wp-json\/wp\/v2\/media?parent=1760"}],"wp:term":[{"taxonomy":"product_brand","embeddable":true,"href":"https:\/\/vigo-rio.com\/en\/wp-json\/wp\/v2\/product_brand?post=1760"},{"taxonomy":"product_cat","embeddable":true,"href":"https:\/\/vigo-rio.com\/en\/wp-json\/wp\/v2\/product_cat?post=1760"},{"taxonomy":"product_tag","embeddable":true,"href":"https:\/\/vigo-rio.com\/en\/wp-json\/wp\/v2\/product_tag?post=1760"}],"curies":[{"name":"wp","href":"https:\/\/api.w.org\/{rel}","templated":true}]}}