{"id":1759,"date":"2026-01-15T09:59:40","date_gmt":"2026-01-15T09:59:40","guid":{"rendered":"https:\/\/vigo-rio.com\/?post_type=product&#038;p=1759"},"modified":"2026-02-20T17:08:30","modified_gmt":"2026-02-20T17:08:30","slug":"fc-magic-of-love","status":"publish","type":"product","link":"https:\/\/vigo-rio.com\/en\/product\/fc-magic-of-love\/","title":{"rendered":"FC Magie der Liebe \/ Magic of Love"},"content":{"rendered":"<p><strong>Kolzov-Platte: &#8222;Magie der Liebe&#8220;\u00a0(vermittelt die Weisheit der Liebe, st\u00e4rkt Ausstrahlung, Selbstwertgef\u00fchl, Sinnlichkeit und Partnerschaft, harmonisiert die Geschlechtsfunktionen, hilft in Wechseljahren &#8211; hohe Yin-Energie)<\/strong><\/p>\n<p><strong><em>(bei paarweiser Anwendung am besten mit der Platte &#8222;Afrasiab&#8220;)<\/em><br \/>\n<\/strong><\/p>\n<p><strong>&#8211; neueste Version mit 8-Elementen (8 enthaltenen Energiespeicher-Chips)<\/strong><\/p>\n<p><em>Die Platte tr\u00e4gt die russische Aufschrift: \u041c\u0410\u0413\u0418\u042f \u041b\u042e\u0411\u0412\u0418 bzw. auf dem erg\u00e4nzenden Deckblatt: MAGIC OF LOVE, MAGIE DE L&#8217;AMOUR, MAGIE DER LIEBE<\/em><\/p>\n<p>Die Platte &#8222;Magie der Liebe&#8220; hilft dabei, dauerhafte Liebesbeziehungen aufzubauen, sie tr\u00e4gt zur Entwicklung des Selbstwertgef\u00fchls bei und bringt Sch\u00f6nheit, Liebe und Inspiration in den Alltag. Sie ist besonders hilfreich f\u00fcr Frauen jeden Alters, die Probleme mit ihrem Aussehen haben und Unterst\u00fctzung bei der Manifestation ihrer weiblichen Essenz und Energien ben\u00f6tigen. Sie hilft zudem dabei, eine herzliche, vertrauensvolle Beziehung zu Kindern aufzubauen und die Krisen im Erwachsenwerden zu \u00fcberwinden. Die Platte hilft bei Kinderwunsch und st\u00e4rkt die Partnerschaft. F\u00fcr \u00e4ltere Frauen ist sie eine wertvolle Hilfe, um das aktive Gesundheitsalter zu verl\u00e4ngern.<br \/>\nDie Platte &#8222;Magie der Liebe&#8220; bildet ein erstaunliches Tandem mit der Platte &#8222;Afrasiab&#8220; mit dem Ziel, die h\u00f6here Harmonie weiblicher und m\u00e4nnlicher Energien Energie zu erschaffen, Beziehungen aufzubauen und aufrechtzuerhalten sowie eine wirksame Heilung des Anwenders zu erreichen.<\/p>\n<p><em>Die Aussagen beziehen sich auf alternative Testmethoden wie Meridianenergie-Messungen der Organfunktionskreisl\u00e4ufe nach TCM, Kirlian-Fotografie (EPG\/GDV-Kamera), Oberon, Amsat o.\u00e4. durch den Hersteller &#8222;Planet der Regionen&#8220; und stellen keine medizinische oder auf den physischen K\u00f6rper und dessen Organe bezogenen Aussage im Sinne der westlichen Schulmedizin dar.<\/em><\/p>\n<p><strong>Die Platte ist in diesem Sinne vor allem geeignet f\u00fcr:<\/strong><\/p>\n<ul>\n<li>die Platte hilft, Sch\u00f6nheit, Liebe und Inspiration in alle allt\u00e4glichen Aktivit\u00e4ten zu bringen und seine besten Eigenschaften wie Weisheit, St\u00e4rke, spirituelle Sch\u00f6nheit, Harmonie, F\u00fcrsorge und Liebe zu offenbaren,<\/li>\n<li>f\u00fcllt und s\u00e4ttigt mit den Energien der Liebe, Z\u00e4rtlichkeit, Leidenschaft und Freude<\/li>\n<li>st\u00e4rkt die Paarbeziehung und aktiviert wieder die Gef\u00fchle und Harmonie und tr\u00e4gt dazu bei, eine sinnliche Beziehungen aufzubauen, die von einem tiefen Gef\u00fchl der gegenseitigen Akzeptanz gepr\u00e4gt ist,<\/li>\n<li>f\u00fcllt mit Lebensenergie und st\u00e4rkt den Geist, gibt Hoffnung und Energie, um Tr\u00e4ume wahr werden zu lassen,<\/li>\n<li>reduziert geistigen Stress und M\u00fcdigkeit und beschleunigt die Regeneration nach einem Arbeitstag oder Training,<\/li>\n<li>vermittelt ein Verst\u00e4ndnis f\u00fcr die Sch\u00f6nheit des menschlichen Lebens und weckt Respekt vor dem individuellem Weg des anderen,<\/li>\n<li>die Platte hilft Frauen und M\u00e4nnern auf energetischer Ebene bei gyn\u00e4kologischen (einschlie\u00dflich entz\u00fcndlicher Prozesse) und urologischen Erkrankungen (Zystitis, Nephritis, Nierenversagen),<\/li>\n<li>die Platte zielt bei Frauen darauf ab, den hormonellen Hintergrund auszugleichen und hilft auch in den Wechseljahren Beschwerden wie Stimmungsschwankungen, Aggressionsausbr\u00fcche, Hitzewallungen usw. auszugleichen, und verbessert allgemein die Gesundheit des gesamten gyn\u00e4kologischen Systems,<\/li>\n<li>so erh\u00f6ht die Platte die weibliche Fruchtbarkeit und wirkt vielf\u00e4ltigen Ursachen wie etwa die Durchg\u00e4ngigkeit der Eileiter, die zu Unfruchtbarkeit f\u00fchren, entgegen,<\/li>\n<li>die Platte hilft M\u00e4nnern bei Erkrankungen der Prostata,<\/li>\n<li>die Platte verbessert insgesamt die Prozesse der Mikrozirkulation (nicht nur in den Geschlechtsorganen), normalisiert Stoffwechselprozesse und die Funktion des Verdauungstrakts,<\/li>\n<li>verbessert den Zustand von Gelenken nach Sch\u00e4digungen und Verletzungen und hilft, den Entz\u00fcndungsprozess zu lindern,<\/li>\n<li>tr\u00e4gt dazu bei, eine vorzeitige Alterung des K\u00f6rpers zu verhindern und den gesunden Schlaf zu verbessern,<\/li>\n<li>die Platte verbindet mit der Quelle der Weisheit der Liebe: diese Liebe schaut mit einem L\u00e4cheln dorthin, wo man sonst mit Selbstverurteilung auf sich blickt, sie erm\u00f6glicht es, eine positive Einstellung gegen\u00fcber Aspekten seiner selbst anzunehmen, die eine Quelle von Scham oder Vorw\u00fcrfen sein k\u00f6nnen und beseitigt gleichzeitig Gef\u00fchle von Eifersucht und Neid,<\/li>\n<li>st\u00e4rkt das Selbstwertgef\u00fchl, das Verst\u00e4ndnis und die Akzeptanz von sich selbst als sch\u00f6ne Frau (unabh\u00e4nig von Figur, Haut, Haaren etc.),<\/li>\n<li>manifestiert bei Frauen die Kraft der inneren und \u00e4u\u00dferen Sch\u00f6nheit, der weiblichen Pr\u00e4senz, der Selbstliebe und der Individualit\u00e4t,<\/li>\n<li>hilft dabei, neben den sozialen Rollen als Mutter, Ehefrau, Tochter usw. sich als geliebte Frau mit eigenen Zielen Interessen und W\u00fcnsche zu erkennen und zu akzeptieren, unterst\u00fctzt dabei, die eigene Kreativit\u00e4t und Kunstfertigkeit zu erkennen, zu manifestieren und zu verwirklichen und seinen individuellen Stil &#8211; etwa in Kleidung, Make-up, Verhalten, Gang &#8211; zu finden,<\/li>\n<li>hilft dabei, einen pers\u00f6nlichen Raum zu schaffen, in dem man sich entspannen und erholen kann, um seine Energien f\u00fcr das Leben wieder aufzuf\u00fcllen,<\/li>\n<li>enth\u00fcllt die wahre Natur von Frauen in Bezug auf Sexualit\u00e4t, Weiblichkeit und Charme und verleiht eine bezaubernde Anziehungskraft,<\/li>\n<li>die Platte hilft Frauen jeden Alters, einen w\u00fcrdigen Partner zu finden und hilft dabei, dann den Mann auch Mann sein zu lassen und ihn in der Aus\u00fcbung m\u00e4nnlicher Funktionen und der Manifestation m\u00e4nnlicher Qualit\u00e4ten zu unterst\u00fctzen, wodurch es ihm m\u00f6glich wird, sich als Besch\u00fctzer, Verdiener und Unterst\u00fctzer zu manifestieren,<\/li>\n<li>hilft, einen besonderen Raum zu schaffen, um ein Kind in die Aura eines Paares mit bewusstem Kinderwunsch hineinzuziehen und sich selbst mit den Augen eines liebevollen Elternteils zu sehen,<\/li>\n<li>hilft dabei, die eigenen Kinder auch in schwierigen Phasen des Erwachsenwerdens aus einem Zustand der Liebe zu akzeptieren und den Abtrennungsprozess von ihnen zu durchlaufen,<\/li>\n<li>hilft dabei, die Beziehung der Frau in karmischen und generischen Systemen von Leiden und Einsamkeit zu befreien, st\u00e4rkt insgesamt die Stabilit\u00e4t des psychischen Alltagszustands einer Frau und die Stressresistenz und hilft dabei, sich nicht in Angelegenheiten anderer Menschen, die einen nichts angehen, emotional einbinden zu lassen.<\/li>\n<\/ul>\n<p>Auf der Kolzov-Platte &#8222;Magie der Liebe&#8220; sind die Informationen der Thermal-Heilquelle Bibi-Fatima, bei dem 3200 Meter hoch gelegenen Dorf Yamchun im Pamir-Gebirge in Tadschikistan gespeichert.<\/p>\n<p>TIPP 1:\u00a0Die Platte &#8222;Magie der Liebe&#8220; bildet ein erstaunliches Tandem mit der Platte &#8222;Afrasiab&#8220; mit dem Ziel, die h\u00f6here Harmonie weiblicher und m\u00e4nnlicher Energien zu erschaffen, Partner-Beziehungen aufzubauen und aufrechtzuerhalten sowie eine wirksame Heilung eines Menschen zu erreichen. W\u00e4hrend die Platte &#8222;Magie der Liebe&#8220; eine hohe Yin-Energie vermittelt, transportiert die Platte &#8222;Afrasiab&#8220; eine hohe Yang-Energie. Die Energie der Platte &#8222;Magie der Liebe&#8220; ist glatt, weich und umh\u00fcllend und sie ist auch mit allen zuvor ver\u00f6ffentlichten Platten kombinierbar.<\/p>\n<p>TIPP 2:\u00a0Bei der Informierung von Wasser auf der Platte k\u00f6nnen Sie zus\u00e4tzlich Genesungsabsichten und W\u00fcnsche auf das Wasser pr\u00e4gen, indem Sie diese auf einen Zettel schreiben und auf die Platte legen und dann darauf das Wasser stellen. Sie k\u00f6nnen den Zettel zur Wunschverst\u00e4rkung auch einfach mindestens 5 Tage lang auf der Platte liegen lassen.<\/p>\n<p>TIPP 3: Durchstr\u00f6men lassen zur St\u00e4rkung des Fortpflanzungssystems von Frauen: Legen Sie etwa 5 Minuten lang die Platte &#8222;Magie der Liebe&#8220; am Kinn hin und die Platte &#8222;Bereginja&#8220; (Serie Kollektion) auf die Stirn (dem Bereich, in dem das Haarwachstum beginnt), halten Sie danach je eine Platten f\u00fcr 5 Minuten senkrecht zwischen dem 3. und 4. Finger in den H\u00e4nden und\/oder legen Sie die Platten &#8222;Nephrit&#8220; (Serie Kollektion) auf den Unterbauch (2.Chakra) und die Platten &#8222;Magie der Liebe&#8220; und &#8222;Bereginja&#8220; (Serie Kollektion) links und rechts aufs Becken vor den H\u00fcftgelenken.<br \/>\nDurchstr\u00f6men lassen bei urologischen Erkrankungen: die Platten &#8222;Magie der Liebe&#8220; auf das 2.Chakra (unterhalb des Bauchnabels) legen, die Platte Nr.2 (Serie Blau) oder &#8222;Nephrit&#8220; (Serie Kollektion) auf den Fu\u00dfr\u00fccken &#8211; nach 5 Minuten den Fu\u00dfr\u00fccken wechseln. Bei Blasenentz\u00fcndung besser nicht in der Aktivit\u00e4tszeit des Blasen-Meridians zwischen 15-17Uhr durchf\u00fchren!<br \/>\nUnd ein Tipp f\u00fcr versiertere Anwender: Um auf der Energieebene die Energiezirkulation im Fortpflanzungssystem wiederherzustellen, arbeiten Sie mit den Meridianen des Perikards (Kreislauf-Sexus, zwischen 19-21 Uhr) und dem damit verbundenen Dreifach-Erw\u00e4rmer-Meridian (zwischen 21-23 Uhr), die dem Element Feuer zugeordnet sind, und den Meridianen des Wasser-Elements, dem Nieren- (17-19 Uhr) und dem Blasen-Meridian (15-17 Uhr).<\/p>\n<p>TIPP 4:\u00a0Die Platte &#8222;Magie der Liebe&#8220; kann zur Informierung aller Kosmetika, Intimhygieneprodukte und Waschungen verwendet werden und zur Unterst\u00fctzung bei Sch\u00f6nheitsbehandlungen im Salon (ideal auch f\u00fcr Kosmetikerinnen, Chirurgen, Massagetherapeuten, Designer usw.)<\/p>\n<p><strong><br \/>\n<\/strong>ZUR BEACHTUNG: Bei dieser Platte sollte das Wasser zum Energetisieren mindestens 15 Minuten lang darauf gestellt werden.<strong><br \/>\n<\/strong><\/p>\n<p><em><strong>Wichtiger Hinweis:<br \/>\nWir weisen ausdr\u00fccklich darauf hin, dass die Kolzov-Platte (russische Bezeichnung: &#8222;Korrektoren des funktionalen Zustands&#8220;) ein alternatives Energie- und Informationsprodukt ist und kein Heilmittel im Sinne der westlichen Schulmedizin. Vielmehr ist es ein rein energetisches Hilfsmittel zur ganzheitlichen Balancierung von energetischen Disharmonien und Blockaden. Informationen \u00fcber Qualit\u00e4t und Eigenschaften des Energieobjekts beziehen sich auf Aussagen des russischen Herstellers und alternativen Theorien zu Mensch und Umwelt, auf alternative Anschauungen und esoterische \u00dcberlieferungen oder Aussagen. Sie gelten nur im Sinne der esoterischen Lebensphilosophie und daran angelehnte Alternativheilkunde. Wirkungen im Sinne westlicher Wissenschaft oder Medizin werden hier nicht behauptet.<\/strong><\/em><\/p>","protected":false},"excerpt":{"rendered":"<p>tr\u00e4gt eine sehr hohe <b data-path-to-node=\"2\" data-index-in-node=\"86\">Yin-Energie<\/b> und ist darauf spezialisiert, die wahre Natur der Frau \u2013 Sch\u00f6nheit, Charisma und Individualit\u00e4t \u2013 zu manifestieren. Sie hilft dabei, karmische Muster von Einsamkeit zu l\u00f6sen, das Selbstwertgef\u00fchl unabh\u00e4ngig vom \u00e4u\u00dferen Erscheinungsbild zu st\u00e4rken und eine tiefe, akzeptierende Liebe zu sich selbst und zum Partner aufzubauen. Zudem unterst\u00fctzt sie energetisch bei Kinderwunsch, harmonisiert die Geschlechtsfunktionen und ist eine wertvolle Begleiterin in den Wechseljahren.<\/p>","protected":false},"featured_media":2325,"comment_status":"open","ping_status":"closed","template":"","meta":[],"product_brand":[],"product_cat":[33],"product_tag":[150],"class_list":{"0":"post-1759","1":"product","2":"type-product","3":"status-publish","4":"has-post-thumbnail","6":"product_cat-elite-series","7":"product_tag-150","9":"first","10":"instock","11":"taxable","12":"shipping-taxable","13":"purchasable","14":"product-type-simple"},"_links":{"self":[{"href":"https:\/\/vigo-rio.com\/en\/wp-json\/wp\/v2\/product\/1759","targetHints":{"allow":["GET"]}}],"collection":[{"href":"https:\/\/vigo-rio.com\/en\/wp-json\/wp\/v2\/product"}],"about":[{"href":"https:\/\/vigo-rio.com\/en\/wp-json\/wp\/v2\/types\/product"}],"replies":[{"embeddable":true,"href":"https:\/\/vigo-rio.com\/en\/wp-json\/wp\/v2\/comments?post=1759"}],"wp:featuredmedia":[{"embeddable":true,"href":"https:\/\/vigo-rio.com\/en\/wp-json\/wp\/v2\/media\/2325"}],"wp:attachment":[{"href":"https:\/\/vigo-rio.com\/en\/wp-json\/wp\/v2\/media?parent=1759"}],"wp:term":[{"taxonomy":"product_brand","embeddable":true,"href":"https:\/\/vigo-rio.com\/en\/wp-json\/wp\/v2\/product_brand?post=1759"},{"taxonomy":"product_cat","embeddable":true,"href":"https:\/\/vigo-rio.com\/en\/wp-json\/wp\/v2\/product_cat?post=1759"},{"taxonomy":"product_tag","embeddable":true,"href":"https:\/\/vigo-rio.com\/en\/wp-json\/wp\/v2\/product_tag?post=1759"}],"curies":[{"name":"wp","href":"https:\/\/api.w.org\/{rel}","templated":true}]}}