{"id":1757,"date":"2026-01-15T09:58:56","date_gmt":"2026-01-15T09:58:56","guid":{"rendered":"https:\/\/vigo-rio.com\/?post_type=product&#038;p=1757"},"modified":"2026-02-04T19:58:58","modified_gmt":"2026-02-04T19:58:58","slug":"fc-light-of-knowledge","status":"publish","type":"product","link":"https:\/\/vigo-rio.com\/en\/product\/fc-light-of-knowledge\/","title":{"rendered":"FC Licht des Wissens \/ Light of Knowledge"},"content":{"rendered":"<p><strong>Kolzov-Platte: &#8220; Licht des Wissens&#8220; &#8211; (erschlie\u00dft das innere Potential, st\u00e4rkt alles in uns angelegte Gute und schafft ein positives Umfeld) &#8211; (Serie ELITE)<\/strong><br \/>\n<em>Die Platte tr\u00e4gt die russische Aufschrift: \u0421\u0412\u0415\u0422\u041e\u0427 \u0417\u041d\u0410\u041d\u0418\u0419<\/em><\/p>\n<p>Diese Platte hilft dabei, dass sich all das Gute, das in uns und in unserem Leben bereits angelegt ist, entfalten kann: sie schafft in vielf\u00e4ltiger Weise ein positives Umfeld, es werden hilfreiche Lehrer in Ihr Leben gezogen werden, Sie k\u00f6nnen endlich mehr aus Ihrem guten, positiven Potenzial sch\u00f6pfen, um ein gutes, gl\u00fcckseliges Leben zu f\u00fchren. Die Platte hilft auch Kindern sehr gut dabei, Aggressionen abzubauen und ist f\u00fcr alle empfehlenswert, die ein tiefes Gef\u00fchl von Einsamkeit, Verlassenheit und Isolation versp\u00fcren. Sie hilft dabei aus der Dunkelheit heraus ans Licht zu treten und die Freude an allem, was gut ist, zu empfinden.<\/p>\n<p><em>Die Aussagen beziehen sich auf alternative Testmethoden wie Meridianenergie-Messungen der Organfunktionskreisl\u00e4ufe nach TCM, Kirlian-Fotografie (EPG\/GDV-Kamera), Oberon, Amsat o.\u00e4. durch den Hersteller &#8222;Planet der Regionen&#8220; und stellen keine medizinische oder auf den physischen K\u00f6rper und dessen Organe bezogenen Aussage im Sinne der westlichen Schulmedizin dar.<\/em><\/p>\n<p><strong>Die Platte ist in diesem Sinne vor allem geeignet f\u00fcr:<\/strong><\/p>\n<ul>\n<li>erh\u00f6ht das Potenzial aller positiven Anlagen, f\u00fchrt den Anwender auf den rechten Pfad und zu den richtigen Entscheidungen im Leben und verleiht die feurige Energie der g\u00f6ttlichen Erkenntnis, die Gutes ins Leben zieht,<\/li>\n<li>zeigt neue Wege auf, indem es neue Lehrer und Vorbilder ins Leben zieht,<\/li>\n<li>erweckt die Liebe zur Weisheit, leitet uns hin zu st\u00e4ndiger Entwicklung durch das Wissen um die g\u00f6ttliche Wahrheit und hilft, das sich das heilige Wissen des All-Eins-Seins dem Anwender enth\u00fcllt,<\/li>\n<li>\u00f6ffnet den Zugriff auf heiliges Wissen (immer mehr je nach wachsendem Grad des spirituellen Erwachens) und macht es klar und verst\u00e4ndlich; so wird es auch m\u00f6glich, seine ureigene Lebensaufgabe zu erkennen und die wahren Seelenw\u00fcnsche zu erf\u00fcllen,<\/li>\n<li>hilft dabei, die Erinnerung an Traditionen und Verm\u00e4chtnisse unserer Ahnen zu wecken und vermittelt daraus neue Kraft um auf dem Weg hin zum Licht unbeirrt voranzuschreiten,<\/li>\n<li>transformiert Hinderliches, das den positiven Kr\u00e4ften der Ahnen entgegen steht,<\/li>\n<li>\u00f6ffnet uns f\u00fcr die Erkenntnis der Essenz allen Lebens und hilft dabei, wahrhaftig zu leben und uns st\u00e4rker den spirituellen Ebenen zuzuwenden.<\/li>\n<li>aktiviert dazu die rechten Gehirnh\u00e4lfte, die f\u00fcr Intuition, Kreativit\u00e4t, das Erkennen von Symbolen und den Ausdruck der Gef\u00fchle zust\u00e4ndig ist,<\/li>\n<li>die Platte erleichtert die Verarbeitung und Wahrnehmung von r\u00e4umlichen Informationen durch Bilder und Symbole, unterst\u00fctzt unsere Tr\u00e4ume und die aktive Umsetzung unserer kreativen F\u00e4higkeiten,<\/li>\n<li>unterst\u00fctzt dabei, die Seele zu \u00f6ffnen, um sich mit den Energien des Lichts zu f\u00fcllen und Gedanken und Emotionen zu kl\u00e4ren,<\/li>\n<li>tr\u00e4gt zur L\u00f6sung emotionaler Blockaden insbesondere auf der Ebene des 2. und 3. Chakras bei und l\u00f6st dadurch entstandene eventuelle Verkrampfung von Gesichts- und K\u00f6rpermuskeln &#8211; so hilft die Platte auch dabei, Mimikfalten wieder zu gl\u00e4tten,<\/li>\n<li>erm\u00f6glicht es, mehr &#8222;m\u00e4nnliche&#8220; Yang-Energie zu manifestieren, sich in der Gesellschaft durch Bewusstheit zu behaupten,<\/li>\n<li>hilft dabei, sich anzunehmen und in einen Zustand bedingungsloser Liebe zu erlangen, die Anwesenheit H\u00f6herer M\u00e4chte zu sp\u00fcren und zu akzeptieren.<\/li>\n<\/ul>\n<p>Auf der Kolzov-Platte &#8222;Leuchtfeuer des Wissens&#8220; sind unter anderem die Informationen des kosmo-energetischen Kanals des Sonnengottes Chor gespeichert, welche die Freude an allem, was gut ist (&#8222;Chorodast&#8220; genannt) vermittelt.<\/p>\n<p>TIPP 1: Die Platte &#8222;Leuchtfeuer des Wissens&#8220; arbeitet sehr gut mit der Platte &#8222;Transformation&#8220; zusammen und bildet mit ihr ein einzigartiges Gespann &#8211; vergleichbar den polaren Kr\u00e4fte von Mars und Venus -, wodurch sie einen Raum f\u00fcr Geburt und die Manifestation der wahren Liebe schaffen.<\/p>\n<p>TIPP 2: Die Platte kann sofort den ganzen Tag verwendet werden. Sie beginnt sofort zu wirken, ist eher sanft und unaufdringlich zu sp\u00fcren &#8211; gleichsam wie ein vern\u00fcnftiger Freund oder ein geliebter Mensch, der immer f\u00fcr Sie da ist. Wenn man die Energien der Platte und das Gef\u00fchl der Freude, um all das Gute, das uns innewohnt, st\u00e4rker in sich verankern m\u00f6chte, nimmt man die Platte in die rechte Hand, spannt den Hals leicht an und ber\u00fchrt mit der rechten Hand die rechte Halsschlagader (und informiert so mit der Platte das vorbeiflie\u00dfende Blut in der rechten Halsschlagader) f\u00fcr die Dauer von 17 Herzschl\u00e4gen. Danach wechselt man die Seite: die Platte in die linke Hand nehmen und an die linke Halsseite auf die linke Halsschlagader halten. Die Farbe Blau und der Diamant verst\u00e4rken die Wirkung der Platte noch.<\/p>\n<p>TIPP 3: Die Energien der Platte, die Energien des Wissens und des Guten, werden zus\u00e4tzlich gest\u00e4rkt, wenn man die Platte bei sich hat und harmonische Musik der Sitar oder der 17-saitigen Tonica-Gitarre (17-saitige Gusli) h\u00f6rt oder spielt.<\/p>\n<p>TIPP 4: Die Platte &#8222;Leuchtfeuer des Wissens&#8220; kann mit allen zuvor erschienenen Platten und Armb\u00e4ndern kombiniert werden, besonders mit: &#8222;Danilowo See&#8220;, &#8222;Geheimer Heiliger See&#8220;, Lhasa&#8220; (Serie Effizient), Gl\u00fcckseligkeit, &#8222;Indi&#8220; (Serie Kollektion), &#8222;Wundert\u00e4ter&#8220;, &#8222;Code der W\u00fcste Gobi&#8220;, &#8222;Gold der W\u00fcste Gobi&#8220;, &#8222;Manasarovar See &#8211; Kailash&#8220;, &#8222;Gr\u00fcne Tara &#8211; Kailash&#8220;, &#8222;Licht des Erfolgs&#8220; (Serie Elite).<\/p>\n<p>TIPP 5: Die Energetisierung von Wasser oder Lebensmitteln kann jederzeit durchgef\u00fchrt werden. Gegen 17 Uhr ist ein besonders g\u00fcnstiger Zeitpunkt, um sich der Unterst\u00fctzung bei energetischen Praktiken, Meditationen oder Gebeten zu bedienen.<\/p>\n<p>ZUR BEACHTUNG: Bei dieser Platte sollte das Wasser zum Energetisieren mindestens 7 Stunden lang darauf gestellt werden.<\/p>\n<p><em><u>Ergebnis im LIFE-TEST:<\/u>\u00a0Die Kolzov-Platte &#8222;Leuchtfeuer des Wissens&#8220; hat ein neutrales Energiefeld mit mehr als 40 000 Bovis. Damit aktiviert sie 3 Chakras auf 40 000 Bovis: Hals-, Herz- und Blase-\/Sexual-Chakra. Stirn- und Solarplexus-Charka steigen ebenfalls hohe 35 000 Bovis. Das Kronen-Chakra und das Wurzel-Chakra verdreifachen ihre Energie auf 21 000 Bovis. Durch die Aufladung der Chakras w\u00e4chst der bioenergetische Reaktionsabstand von zirka 75 Zentimetern um den K\u00f6rper auf 1,50 Meter. Verwendet man die Platten &#8222;Leuchtfeuer des Wissens&#8220; und &#8222;Transformation&#8220; gemeinsam am K\u00f6rper steigen alle Chakras in ihrer Energie auf 40 000 Bovis.<\/em><\/p>\n<p>&nbsp;<\/p>\n<p>&nbsp;<\/p>\n<p><em><strong>Wichtiger Hinweis:<br \/>\nWir weisen ausdr\u00fccklich darauf hin, dass die Kolzov-Platte (russische Bezeichnung: &#8222;Korrektoren des funktionalen Zustands&#8220;) ein alternatives Energie- und Informationsprodukt ist und kein Heilmittel im Sinne der westlichen Schulmedizin. Vielmehr ist es ein rein energetisches Hilfsmittel zur ganzheitlichen Balancierung von energetischen Disharmonien und Blockaden. Informationen \u00fcber Qualit\u00e4t und Eigenschaften des Energieobjekts beziehen sich auf Aussagen des russischen Herstellers und alternativen Theorien zu Mensch und Umwelt, auf alternative Anschauungen und esoterische \u00dcberlieferungen oder Aussagen. Sie gelten nur im Sinne der esoterischen Lebensphilosophie und daran angelehnte Alternativheilkunde. Wirkungen im Sinne westlicher Wissenschaft oder Medizin werden hier nicht behauptet.<\/strong><\/em><\/p>","protected":false},"excerpt":{"rendered":"<p>hilft dabei, das in uns angelegte positive Potenzial voll zu entfalten und ein harmonisches Umfeld zu schaffen. Sie unterst\u00fctzt den Zugang zu innerer Weisheit, f\u00f6rdert die kreative rechte Gehirnh\u00e4lfte und l\u00f6st emotionale Blockaden. Besonders wirksam ist sie bei Gef\u00fchlen von Einsamkeit oder Isolation, da sie den Weg \u201eaus der Dunkelheit ans Licht\u201c ebnet und die Freude an allem Guten aktiviert.<\/p>","protected":false},"featured_media":2180,"comment_status":"open","ping_status":"closed","template":"","meta":[],"product_brand":[],"product_cat":[33],"product_tag":[94],"class_list":{"0":"post-1757","1":"product","2":"type-product","3":"status-publish","4":"has-post-thumbnail","6":"product_cat-elite-series","7":"product_tag-94","9":"first","10":"instock","11":"taxable","12":"shipping-taxable","13":"purchasable","14":"product-type-simple"},"_links":{"self":[{"href":"https:\/\/vigo-rio.com\/en\/wp-json\/wp\/v2\/product\/1757","targetHints":{"allow":["GET"]}}],"collection":[{"href":"https:\/\/vigo-rio.com\/en\/wp-json\/wp\/v2\/product"}],"about":[{"href":"https:\/\/vigo-rio.com\/en\/wp-json\/wp\/v2\/types\/product"}],"replies":[{"embeddable":true,"href":"https:\/\/vigo-rio.com\/en\/wp-json\/wp\/v2\/comments?post=1757"}],"wp:featuredmedia":[{"embeddable":true,"href":"https:\/\/vigo-rio.com\/en\/wp-json\/wp\/v2\/media\/2180"}],"wp:attachment":[{"href":"https:\/\/vigo-rio.com\/en\/wp-json\/wp\/v2\/media?parent=1757"}],"wp:term":[{"taxonomy":"product_brand","embeddable":true,"href":"https:\/\/vigo-rio.com\/en\/wp-json\/wp\/v2\/product_brand?post=1757"},{"taxonomy":"product_cat","embeddable":true,"href":"https:\/\/vigo-rio.com\/en\/wp-json\/wp\/v2\/product_cat?post=1757"},{"taxonomy":"product_tag","embeddable":true,"href":"https:\/\/vigo-rio.com\/en\/wp-json\/wp\/v2\/product_tag?post=1757"}],"curies":[{"name":"wp","href":"https:\/\/api.w.org\/{rel}","templated":true}]}}