{"id":1756,"date":"2026-01-15T09:58:31","date_gmt":"2026-01-15T09:58:31","guid":{"rendered":"https:\/\/vigo-rio.com\/?post_type=product&#038;p=1756"},"modified":"2026-02-25T22:23:23","modified_gmt":"2026-02-25T22:23:23","slug":"fc-light-of-hope","status":"publish","type":"product","link":"https:\/\/vigo-rio.com\/en\/product\/fc-light-of-hope\/","title":{"rendered":"FC Licht der Hoffnung \/ Ray of Hope"},"content":{"rendered":"<p><strong>Kolzov-Platte: &#8222;Licht der Hoffnung&#8220;\u00a0&#8211; (f\u00fcr gezielte Arbeit an Problemen, st\u00e4rkt Glaube, Liebe und Hoffnung, hilft beim \u00dcbergang auf eine neue Seins- und Bewusstseinsebene)<br \/>\n<\/strong><\/p>\n<p><strong><em>bei paarweiser Anwendung am besten mit der Platte &#8222;Sonnenbote&#8220;)<\/em><br \/>\n<\/strong><\/p>\n<p><strong>&#8211; neueste Version mit 8-Elementen (8 enthaltenen Energiespeicher-Chips)<\/strong><\/p>\n<p><em>Die Platte tr\u00e4gt die russische Aufschrift: \u041b\u0423\u0427 \u041d\u0410\u0414\u0415\u0416\u0414\u042b bzw. auf dem erg\u00e4nzenden Deckblatt: RAY OF HOPE, LUMIERE D&#8217;ESPOIR, LICHT DER HOFFNUNG<\/em><\/p>\n<p>Die Platte &#8222;Licht der Hoffnung&#8220; unterst\u00fctzt auf k\u00f6rperlicher Ebene alle Organe und Systeme, die Heilung, Wiederherstellung und Erneuerung erfordern. Sie arbeitet ganz gezielt an den jeweils individuellen Problemen. Energetisch tr\u00e4gt sie dazu bei, ein neues h\u00f6heres Schwingungsniveau zu erreichen. Sie hilft dabei, Altes loszulassen und st\u00e4rkt Glauben, Liebe, Hoffnung und Selbstvertrauen und f\u00f6rdert Harmonie und Gl\u00fcck in der Familie.<\/p>\n<p><em>Die Aussagen beziehen sich auf alternative Testmethoden wie Meridianenergie-Messungen der Organfunktionskreisl\u00e4ufe nach TCM, Kirlian-Fotografie (EPG\/GDV-Kamera), Oberon, Amsat o.\u00e4. durch den Hersteller &#8222;Planet der Regionen&#8220; und stellen keine medizinische oder auf den physischen K\u00f6rper und dessen Organe bezogenen Aussage im Sinne der westlichen Schulmedizin dar.<\/em><\/p>\n<p><strong>Die Platte ist in diesem Sinne vor allem geeignet f\u00fcr:<\/strong><\/p>\n<ul>\n<li>die Platte richtet ihre Wirkung gezielt auf die individuellen Probleme des Anwenders in der Gesundheit und anderen Lebensbereichen, wie in einem geb\u00fcndelten Lichtstrahl identifiziert sie die Grundursache der Probleme und leitet die Energie zur Aufl\u00f6sung, Reinigung und Wiederherstellung dorthin,<\/li>\n<li>unterst\u00fctzt den Aufbau einer wirksamen inneren Schutzbarriere gegen das Eindringen sch\u00e4dlicher externer Programme (auch Viren), l\u00f6scht negative Fremdprogramme aus dem Biofeld des Benutzers und bietet eine aktive energetische Unterst\u00fctzung des Immunsystems,<\/li>\n<li>auf k\u00f6rperlicher Ebene unterst\u00fctzt die Platte alle Organe und Systeme, die Heilung, Wiederherstellung und Erneuerung erfordern,<\/li>\n<li>unterst\u00fctzt insbesondere die H\u00f6rorgane, den Gleichgewichtssinn und den gesamten Sprechapparat (etwa bei Schwindel, Artikulationsst\u00f6rungen etc.),<\/li>\n<li>hilft bei Migr\u00e4ne und migr\u00e4ne\u00e4hnlichen Zust\u00e4nden (Kr\u00e4mpfen), zielt darauf ab, die Empfindlichkeit (Licht, L\u00e4rm) zu reduzieren, die Hals-Nacken-Muskulatur zu entspannen, die Durchblutung wiederherzustellen, Schwellungen und Blockaden zu reduzieren,<\/li>\n<li>hilft dabei, \u00fcberlebte, alte Lebensprozesse und -situationen abzuschlie\u00dfen (gerichtlicher, wirtschaftlicher, karmischer Art usw.), um f\u00fcr den \u00dcbergang auf eine neue Seins- und Bewusstseinsebene frei zu sein,<\/li>\n<li>f\u00f6rdert im Anwender Eigenschaften wie Weisheit, Glaube, Hoffnung, Liebe zum Sch\u00f6pfer, zu sich selbst, zur Familie und zu den Menschen,<\/li>\n<li>die Platte hilft dabei, den \u00dcbergang in eine neue Lebensebene zu vollziehen, in der Hoffnung und Vertrauen in die Zukunft nicht nur als Wunsch existieren, sondern fest in den Herzen der Menschen verankert ist, dass alles gut wird,<\/li>\n<li>unterst\u00fctzt energetisch das Erreichen eines neuen h\u00f6heren Energieniveaus, auf der jeder Anschluss an die Hilfe und Unterst\u00fctzung von den H\u00f6heren Kr\u00e4ften und Lehrern erhalten kann, hilft dabei, die eigenen h\u00f6heren Energiezentren f\u00fcr die Entwicklung von mehr Sensibilit\u00e4t zu aktivieren (f\u00fcr Intuition, Hellsichtigkeit usw.),<\/li>\n<li>die Platte erweckt nach und nach die Seele auf einer tiefen, kristallklaren Ebene und manifestiert im Benutzer die hohen Energien von Freundlichkeit, Z\u00e4rtlichkeit, Liebe, Sanftheit, Verst\u00e4ndnis, innerer W\u00e4rme und Licht,<\/li>\n<li>vermittelt Schutz und Unterst\u00fctzung, Bewusstsein, Akzeptanz von sich selbst und anderen ohne Wertung, hilft falsche soziale &#8222;Pflichten&#8220; abzubauen (ich schulde jemand anderem mehr als mir selbst), st\u00e4rkt Glaube und Liebe und schenkt Hoffnung,<\/li>\n<li>schafft in der Partnerschaft g\u00fcnstige Bedingungen f\u00fcr Harmonie und Gl\u00fcck in der Familie, st\u00e4rkt die Kraft der Treue und unterst\u00fctzt es, komplizierte das Auftreten von &#8222;Liebesdreiecken&#8220; zu vermeiden,<\/li>\n<li>bei Frauen tr\u00e4gt die Platte zur Vorbeugung von gyn\u00e4kologischen Erkrankungen bei und beugt Unfruchtbarkeit vor, und sie hilft den passenden Partner anzuziehen,<\/li>\n<li>tr\u00e4gt allgemein zur Harmonisierung des Wohnraums bei,<\/li>\n<li>wird die Platte nachts unter das Kopfkissen gelegt, erm\u00f6glicht sie dem Anwender zu verstehen, was ihn daran hindert, gl\u00fccklich, erfolgreich und gesund zu sein, was er im Leben aufgeben und wof\u00fcr er sich einsetzen sollte,<\/li>\n<li>aktiviert die Energien der Erneuerung, reinigt die Seele von Schmerzen und verhindert, dass etwas Schlimmes im Leben passiert.<\/li>\n<\/ul>\n<p>Auf der Platte sind die Informationen des Energieportals am 30. September 2022 gespeichert, am Tag des Feiertags des Glaubens, der Hoffnung, der Liebe und der g\u00f6ttliche Weisheit Sophia.<\/p>\n<p>TIPP 1: Die Platte &#8222;Licht der Hoffnung&#8220; arbeitet mit der Platte &#8220; &#8222;Sonnenbote&#8220; in einem einzigartigen Team zusammen. Um ein spezielles Problems zu bearbeiten, kann man die Arbeit der Platte noch mental unterst\u00fctzen: schreiben Sie das Problem auf, legen Sie die Platte auf das 5. Chakra (Hals-Chakra) und sagen Sie laut, was Sie sich w\u00fcnschen. Richten Sie innerlich die Aufmerksamkeit zum jeweiligen Problembereich und stellen Sie sich vor, wie sich der Energiestrahl der Platte dorthin konzentriert wird. Sagen Sie dabei zum Beispiel \u201eIch bitte, meine Bauchspeicheldr\u00fcse zu heilen\u201c. Tragen Sie zudem die Platte in einem Brustbeutel auf der Thymusdr\u00fcse und\/oder legen Sie sie nachts unter das Kopfkissen.<\/p>\n<p>TIPP 2: Die Platte &#8222;Licht der Hoffnung&#8220; ist ein universeller Korrektor und kann sehr gut auch w\u00e4hrend einer Meditation und bei therapeutischen Arbeiten verwendet werden. Die Platte ist auch zur begleitenden Behandlung nach einem Schlaganfall gut geeignet.<\/p>\n<p>TIPP 3: Sie k\u00f6nnen die Platte auch zur Informierung von Massage\u00f6len, Heilsalben, kosmetischen Produkten etc. verwenden.<\/p>\n<p>TIPP 4: Die Platte &#8222;Licht der Hoffnung&#8220; kann gemeinsam mit der Platte &#8222;Sonnensymbol&#8220; verwendet werden, um Unsicherheit und Kritiksucht aufzul\u00f6sen und um das Selbstwertgef\u00fchl zu steigern.<br \/>\nBei Migr\u00e4ne kann sie die Wirkung der Arkanum-Platte &#8222;Anti-migr\u00e4ne&#8220; unterst\u00fctzen und zusammen mit &#8222;Osteovita&#8220; lindert sie Schmerzen im Bewegungsapparat.<\/p>\n<p>TIPP 5: Bei Tieren kann sie zusammen mit der Platte &#8222;Zoovita&#8220; die Beweglichkeit wieder verbessern und tr\u00e4gt zur schnelleren Genesung nach Krankheiten bei.<\/p>\n<p>TIPP 6: Die Platte kann mit allen zuvor erschienenen Platten und Armb\u00e4ndern verwendet werden, insbesondere mit &#8222;Nr.9&#8220; und &#8222;Nr.10&#8220; (Serie Violett), &#8222;Wasserfall Korbu&#8220; (Serie Elite 8-Elemente), &#8222;Perle Serbiens&#8220;, &#8222;Neurovita&#8220; (Serie Kollektion), &#8222;Heilung 1&#8220;, &#8222;Goldener Schnitt&#8220;, &#8222;Sch\u00f6ne Haut&#8220;, &#8222;Klarer Blick 1&#8220; (Serie Effizient), &#8222;Bewegungsfreiheit&#8220; (Winterserie 2020), &#8222;Seidozero. Arctida&#8220;, &#8222;Schatz Spaniens&#8220; (Serie Elite) und mit den Armb\u00e4ndern &#8222;Venorm&#8220;, &#8222;Gesundheits-Navigator&#8220; und Baumhoroskop-Armb\u00e4ndern &#8222;Amulett&#8220;.<\/p>\n<p>ZUR BEACHTUNG: Bei dieser Platte sollte das Wasser zum Energetisieren mindestens 15 Minuten lang darauf gestellt werden.<\/p>\n<p><em><u>Ergebnis im LIFE-TEST:\u00a0<\/u>Die Kolzov-Platte &#8222;Licht der Hoffnung&#8220; hat ein neutrales Energiefeld mit mehr als 40 000 Bovis. Damit aktiviert sie gleich 3 Chakra auf enorme 40 000 Bovis: Kronen-, Hals- und Solarplexus-Chakra steigen in ihrer Energie auf diesen hohen Wert. Das Herz-Chakra wird auf ebenfalls sehr hohe 35 000 Bovis aktiviert. Die anderen drei Chakras, Stirn-, Blase-\/Sexual- und Wurzel-Chakra vervierfachen ihre Energie auf 28 000 Bovis.<br \/>\nDurch die Aufladung der Chakras w\u00e4chst der bioenergetische Reaktionsabstand von zirka 75 Zentimetern um den K\u00f6rper auf 2,15m.<br \/>\nVerwendet man &#8211; wie von Kolzov empfohlen &#8211; die beiden Platten &#8222;Licht der Hoffnung&#8220; und &#8222;Sonnenbote&#8220; gemeinsam, steigen alle (!) Charka auf 40 000 Bovis und jeweils &#8222;jedes zweite&#8220; sogar noch deutlich dar\u00fcber, n\u00e4mlich Stirn-, Herz-, Blase-\/Sexual-Chakra. Und durch die Aufladung der Chakras w\u00e4chst der bioenergetische Reaktionsabstand von zirka 75 Zentimetern um den K\u00f6rper auf enorme 3,00 Meter!<\/em><\/p>\n<p><em><br \/>\n<strong>Wichtiger Hinweis:<br \/>\nWir weisen ausdr\u00fccklich darauf hin, dass die Kolzov-Platte (russische Bezeichnung: &#8222;Korrektoren des funktionalen Zustands&#8220;) ein alternatives Energie- und Informationsprodukt ist und kein Heilmittel im Sinne der westlichen Schulmedizin. Vielmehr ist es ein rein energetisches Hilfsmittel zur ganzheitlichen Balancierung von energetischen Disharmonien und Blockaden. Informationen \u00fcber Qualit\u00e4t und Eigenschaften des Energieobjekts beziehen sich auf Aussagen des russischen Herstellers und alternativen Theorien zu Mensch und Umwelt, auf alternative Anschauungen und esoterische \u00dcberlieferungen oder Aussagen. Sie gelten nur im Sinne der esoterischen Lebensphilosophie und daran angelehnte Alternativheilkunde. Wirkungen im Sinne westlicher Wissenschaft oder Medizin werden hier nicht behauptet.<\/strong><\/em><\/p>","protected":false},"excerpt":{"rendered":"<p>agiert wie ein geb\u00fcndelter Lichtstrahl, der die Grundursachen individueller Probleme identifiziert und Energie zur Heilung dorthin leitet. Sie unterst\u00fctzt den \u00dcbergang auf eine neue Bewusstseinsebene, indem sie hilft, alte karmische oder wirtschaftliche Lasten abzuschlie\u00dfen. Die Platte st\u00e4rkt das Immunsystem gegen Fremdprogramme, f\u00f6rdert die Harmonie in der Partnerschaft (Schutz vor \u201eLiebesdreiecken\u201c) und unterst\u00fctzt bei Migr\u00e4ne sowie Sprech- und H\u00f6rorganen.<\/p>","protected":false},"featured_media":2332,"comment_status":"open","ping_status":"closed","template":"","meta":[],"product_brand":[],"product_cat":[33],"product_tag":[148],"class_list":{"0":"post-1756","1":"product","2":"type-product","3":"status-publish","4":"has-post-thumbnail","6":"product_cat-elite-series","7":"product_tag-148","9":"first","10":"instock","11":"taxable","12":"shipping-taxable","13":"purchasable","14":"product-type-simple"},"_links":{"self":[{"href":"https:\/\/vigo-rio.com\/en\/wp-json\/wp\/v2\/product\/1756","targetHints":{"allow":["GET"]}}],"collection":[{"href":"https:\/\/vigo-rio.com\/en\/wp-json\/wp\/v2\/product"}],"about":[{"href":"https:\/\/vigo-rio.com\/en\/wp-json\/wp\/v2\/types\/product"}],"replies":[{"embeddable":true,"href":"https:\/\/vigo-rio.com\/en\/wp-json\/wp\/v2\/comments?post=1756"}],"wp:featuredmedia":[{"embeddable":true,"href":"https:\/\/vigo-rio.com\/en\/wp-json\/wp\/v2\/media\/2332"}],"wp:attachment":[{"href":"https:\/\/vigo-rio.com\/en\/wp-json\/wp\/v2\/media?parent=1756"}],"wp:term":[{"taxonomy":"product_brand","embeddable":true,"href":"https:\/\/vigo-rio.com\/en\/wp-json\/wp\/v2\/product_brand?post=1756"},{"taxonomy":"product_cat","embeddable":true,"href":"https:\/\/vigo-rio.com\/en\/wp-json\/wp\/v2\/product_cat?post=1756"},{"taxonomy":"product_tag","embeddable":true,"href":"https:\/\/vigo-rio.com\/en\/wp-json\/wp\/v2\/product_tag?post=1756"}],"curies":[{"name":"wp","href":"https:\/\/api.w.org\/{rel}","templated":true}]}}