{"id":1754,"date":"2026-01-15T09:57:29","date_gmt":"2026-01-15T09:57:29","guid":{"rendered":"https:\/\/vigo-rio.com\/?post_type=product&#038;p=1754"},"modified":"2026-02-08T13:40:48","modified_gmt":"2026-02-08T13:40:48","slug":"fc-liberators","status":"publish","type":"product","link":"https:\/\/vigo-rio.com\/en\/product\/fc-liberators\/","title":{"rendered":"FC Befreier \/ Liberators"},"content":{"rendered":"<p><strong>Kolzov-Platte: &#8222;Befreier&#8220;\u00a0(zur Reinigung von K\u00f6rper und Energiezentren)<br \/>\n<\/strong><\/p>\n<p>Die Platte &#8222;Befreier&#8220; sch\u00fctzt in gro\u00dfen Menschenansammlungen. Sie reinigt das Energiefeld und die Chakras und unterst\u00fctzt die Entgiftungsfunktionen des Organismus. Sie ist auch empfehlenswert bei Gesundheitsprobleme ohne erkennbare Usachen, entz\u00fcndlichen Erkrankungen, bei erh\u00f6hter Reizbarkeit und grundloser Aggressivit\u00e4t sowie chronischer M\u00fcdigkeit und Antriebsschw\u00e4che.<\/p>\n<p><em>Die Aussagen beziehen sich auf alternative Testmethoden wie Meridianenergie-Messungen der Organfunktionskreisl\u00e4ufe nach TCM, Kirlian-Fotografie (EPG\/GDV-Kamera), Oberon, Amsat o.\u00e4. durch den Hersteller &#8222;Planet der Regionen&#8220; und stellen keine medizinische oder auf den physischen K\u00f6rper und dessen Organe bezogenen Aussage im Sinne der westlichen Schulmedizin dar.<\/em><\/p>\n<p><strong>Die Platte ist in diesem Sinne vor allem geeignet f\u00fcr:<\/strong><\/p>\n<ul>\n<li>Die Platte unterst\u00fctzt die feinstoffliche Reinigung von Biofeld, Aura und Energiezentren (Chakras) von unbefugten energetisch-informellen \u00dcbergriffen jeglicher Art und von externen selbstzerst\u00f6rerischen und negativen Programmen,<\/li>\n<li>sie unterst\u00fctzt die Entgiftungsfunktionen des K\u00f6rpers, einschlie\u00dflich der Beseitigung von Vergiftungen (auch energetischer Art)<\/li>\n<li>sie stimuliert und reguliert Darmt\u00e4tigkeit und Ausscheidung, wirkt entz\u00fcndungshemmend und krampfl\u00f6send bei Erkrankungen des Magen-Darm-Trakts und so auch einen positiven Einfluss bei entz\u00fcndlichen Darmerkrankungen (Reizdarm),<\/li>\n<li>hat eine starke antibakterielle, antivirale und antiparasit\u00e4re Wirkung bei verschiedenen entz\u00fcndlichen Prozesse im Organismus &#8211; insbesondere im Bereich Hals, Nase Ohren, Bronchien, Darm, Harnwege und Fortpflanzungsorganen,<\/li>\n<li>sie st\u00e4rkt insgesamt das Energieniveau, f\u00fcllt die Chakra-Energien wieder auf und aktiviert die Funktion aller Energiezentren,<\/li>\n<li>reinigt die Chakras und l\u00f6scht negative und unn\u00f6tige Informationen aus den Energiezentren,<\/li>\n<li>f\u00f6rdert ein harmonisches Leben im Hier und Jetzt im Zustand der Bewusstheit.<\/li>\n<\/ul>\n<p>Auf der Kolzov- Platte &#8222;Befreier&#8220; sind unter anderem die Informationen einer Quelle aus den W\u00e4ldern um Orjol im Gebiet Orjol in Westrussland gespeichert.<\/p>\n<p>TIPP 1: Die Platte &#8222;Befreier&#8220; kann sehr gut kombiniert werden mit den Kolzov-Platten: &#8222;Nr.2 Entgiftung&#8220; (Serie BLAU), &#8222;Nr.20 Reinigung&#8220; (Serie GOLD), &#8222;Quelle der Lamas&#8220;, &#8222;Schl\u00fcssel zur Gesundheit 1&#8220;, &#8222;Schl\u00fcssel zur Gesundheit 2&#8220;, &#8222;Machvolles Wasser&#8220; (Serie KOLLEKTION), &#8222;Quelle Shambala&#8220;, &#8222;Heilige H\u00f6hle&#8220; (Serie EFFIZIENT).<\/p>\n<p>TIPP 2: Die Platte kann auch sehr gut zum Energetisieren von Wasser f\u00fcr reinigende B\u00e4der verwendet werden. Auch Abreibungen mit dem energetisierten Wasser sind hilfreich.<\/p>\n<p>ZUR BEACHTUNG: Bei dieser Platte sollte das Wasser zum Energetisieren mindestens 1 Stunden lang darauf gestellt werden. Trinken Sie das Wasser und tragen Sie die Platte am K\u00f6rper, insbesondere zur energetischen Reinigung, wenn man nach Hause kommt.<\/p>\n<p><em><u>Ergebnis im LIFE-TEST:\u00a0<\/u>Die Kolzov-Platte &#8222;Befreier&#8220; hat ein neutrales Energiefeld mit mehr als 40 000 Bovis. Damit aktiviert sie ebenfalls alle (!) Chakras auf enorme 40 000 Bovis (40 000 Bovis ist in dieser Testmethode die gesicherte Nachweisgrenze, also das oberste Ende der Skala). Diese starke Energie kann auch hier gut integriert werden und vermittelt einen starke St\u00e4rkung der Aura. Die hohe Aufladung aller Chakras bewirkt auch eine gro\u00dfe Ausdehnung des gesamten Energiefeldes: der bioenergetische Reaktionsabstand w\u00e4chst von 75 Zentimetern um den K\u00f6rper auf 2,25 Meter.<\/em><\/p>\n<p><em><strong>Wichtiger Hinweis:<br \/>\nWir weisen ausdr\u00fccklich darauf hin, dass die Kolzov-Platte (russische Bezeichnung: &#8222;Korrektoren des funktionalen Zustands&#8220;) ein alternatives Energie- und Informationsprodukt ist und kein Heilmittel im Sinne der westlichen Schulmedizin. Vielmehr ist es ein rein energetisches Hilfsmittel zur ganzheitlichen Balancierung von energetischen Disharmonien und Blockaden. Informationen \u00fcber Qualit\u00e4t und Eigenschaften des Energieobjekts beziehen sich auf Aussagen des russischen Herstellers und alternativen Theorien zu Mensch und Umwelt, auf alternative Anschauungen und esoterische \u00dcberlieferungen oder Aussagen. Sie gelten nur im Sinne der esoterischen Lebensphilosophie und daran angelehnte Alternativheilkunde. Wirkungen im Sinne westlicher Wissenschaft oder Medizin werden hier nicht behauptet.<\/strong><\/em><\/p>","protected":false},"excerpt":{"rendered":"<p data-path-to-node=\"2\">Die ultimative Schutzplatte f\u00fcr den Alltag in gro\u00dfen Menschenmengen. Der \u201eBefreier\u201c reinigt Ihr Energiefeld und Ihre Chakren von fremden, negativen Einfl\u00fcssen und unterst\u00fctzt gleichzeitig die physischen Entgiftungsprozesse Ihres K\u00f6rpers. Er wirkt harmonisierend bei Reizbarkeit, chronischer M\u00fcdigkeit und Magen-Darm-Beschwerden. Starten Sie befreit und voller Energie in das Hier und Jetzt \u2013 ideal zur energetischen Reinigung nach einem langen Tag.<\/p>","protected":false},"featured_media":2732,"comment_status":"open","ping_status":"closed","template":"","meta":[],"product_brand":[],"product_cat":[33],"product_tag":[82],"class_list":{"0":"post-1754","1":"product","2":"type-product","3":"status-publish","4":"has-post-thumbnail","6":"product_cat-elite-series","7":"product_tag-82","9":"first","10":"instock","11":"taxable","12":"shipping-taxable","13":"purchasable","14":"product-type-simple"},"_links":{"self":[{"href":"https:\/\/vigo-rio.com\/en\/wp-json\/wp\/v2\/product\/1754","targetHints":{"allow":["GET"]}}],"collection":[{"href":"https:\/\/vigo-rio.com\/en\/wp-json\/wp\/v2\/product"}],"about":[{"href":"https:\/\/vigo-rio.com\/en\/wp-json\/wp\/v2\/types\/product"}],"replies":[{"embeddable":true,"href":"https:\/\/vigo-rio.com\/en\/wp-json\/wp\/v2\/comments?post=1754"}],"wp:featuredmedia":[{"embeddable":true,"href":"https:\/\/vigo-rio.com\/en\/wp-json\/wp\/v2\/media\/2732"}],"wp:attachment":[{"href":"https:\/\/vigo-rio.com\/en\/wp-json\/wp\/v2\/media?parent=1754"}],"wp:term":[{"taxonomy":"product_brand","embeddable":true,"href":"https:\/\/vigo-rio.com\/en\/wp-json\/wp\/v2\/product_brand?post=1754"},{"taxonomy":"product_cat","embeddable":true,"href":"https:\/\/vigo-rio.com\/en\/wp-json\/wp\/v2\/product_cat?post=1754"},{"taxonomy":"product_tag","embeddable":true,"href":"https:\/\/vigo-rio.com\/en\/wp-json\/wp\/v2\/product_tag?post=1754"}],"curies":[{"name":"wp","href":"https:\/\/api.w.org\/{rel}","templated":true}]}}