{"id":1753,"date":"2026-01-15T09:57:00","date_gmt":"2026-01-15T09:57:00","guid":{"rendered":"https:\/\/vigo-rio.com\/?post_type=product&#038;p=1753"},"modified":"2026-02-04T19:59:10","modified_gmt":"2026-02-04T19:59:10","slug":"fc-kuza-cave-zanzibar","status":"publish","type":"product","link":"https:\/\/vigo-rio.com\/en\/product\/fc-kuza-cave-zanzibar\/","title":{"rendered":"FC Kuza Cave Zanzibar"},"content":{"rendered":"<p><strong>Kolzov-Platte: &#8222;Kuza-H\u00f6hle. Sansibar&#8220;\u00a0&#8211; (f\u00fcr psychologische Hilfe in Notlagen und Katastrophen, gegen \u00c4ngste und Traumata, harmonisiert K\u00f6rper und Seele)<br \/>\n<\/strong><\/p>\n<p><strong><em>(bei paarweiser Anwendung am besten mit der Platte &#8222;Kuumbi H\u00f6hle. Sansibar&#8220;)<\/em><br \/>\n<\/strong><\/p>\n<p><strong>&#8211; neueste Version mit 8-Elementen (8 enthaltenen Energiespeicher-Chips)<\/strong><\/p>\n<p><em>Die Platte tr\u00e4gt die Aufschrift: \u041f\u0415\u0429\u0415\u0420\u0410 \u041a\u0423\u0417\u0410 \u041a\u0415\u0419\u0412. \u0417\u0410\u041d\u0417\u0418\u0411\u0410\u0420 bzw. auf dem erg\u00e4nzenden Deckblatt: KUZA CAVE.ZANZIBAR, GROTTE DE KUZA.ZANZIBAR, KUZA CAVE.ZANZIBAR<\/em><\/p>\n<p>Die Platte zielt darauf ab, eine psychisch gesunde Atmosph\u00e4re in sich selbst, in der Familie und der Gesellschaft zu schaffen. Sie harmonisiert und hilft in allen Aspekten von K\u00f6rper und Seele. Sie ist insbesondere eine wertvolle Hilfe bei Traumata und \u00c4ngsten, bei akuten Schocksituationen, bei k\u00f6rperlicher Gewalt und Katastrophen &#8211; sowohl zur Selbstanwendung als auch zur Unterst\u00fctzung therapeutischer Arbeit.<\/p>\n<p><em>Die Aussagen beziehen sich auf alternative Testmethoden wie Meridianenergie-Messungen der Organfunktionskreisl\u00e4ufe nach TCM, Kirlian-Fotografie (EPG\/GDV-Kamera), Oberon, Amsat o.\u00e4. durch den Hersteller &#8222;Planet der Regionen&#8220; und stellen keine medizinische oder auf den physischen K\u00f6rper und dessen Organe bezogenen Aussage im Sinne der westlichen Schulmedizin dar.<\/em><\/p>\n<p><strong>Die Platte ist in diesem Sinne vor allem geeignet f\u00fcr:<\/strong><\/p>\n<ul>\n<li>hilft auf energetischer Ebene das Nervensystems zu harmonisieren, bringt Sympathikus und Parasympathikus ins Gleichgewicht und ist hilfreich bei Depressionen, \u00c4ngsten, Panik- und Angstzust\u00e4nden und psychischen \u00dcberforderung,<\/li>\n<li>hilft Stress abzubauen, den Geist zu beruhigen und in einen Zustand des Gleichgewichts zur\u00fcckzukehren, l\u00f6st Verspannungen im K\u00f6rper und unterst\u00fctzt es, in einen meditativen Zustand der Ruhe zu gelangen,<\/li>\n<li>unterst\u00fctzt das Losl\u00f6sen von inneren und \u00e4u\u00dferen seelischen Belastungen und hilft dabei, traumatisches Erleben zu verarbeiten und in eine positive Richtung zu lenken, damit keine psychosomatischen St\u00f6rungen entstehen,<\/li>\n<li>st\u00e4rkt allgemein den Organismus, vermittelt Vitalit\u00e4t, st\u00e4rkt das Immunsystem, unterst\u00fctzt die Regeneration nach einer Erkrankung und vermittelt einen harmonischen Zustand,<\/li>\n<li>unterst\u00fctzt den Anwender darin, gew\u00fcnschte Ziele zu erreichen, Beziehungen in Familie und Gesellschaft zu verbessern, Prozesse der Pers\u00f6nlichkeitsentwicklung zu starten und seinen Alterungsprozess zu verlangsamen,<\/li>\n<li>unterst\u00fctzt auf energetischer Ebene insbesondere die T\u00e4tigkeiten der Bauchspeicheldr\u00fcse, des Magen-Darm-Trakts und der Schleimh\u00e4ute,<\/li>\n<li>die Platte kann auch nachts sehr gut angewendet werden und unterst\u00fctzt im Schlaf die Ruhe und Wiederherstellung des Organismus,<\/li>\n<li>unterst\u00fctzt die Verwirklichung guter W\u00fcnsche und Absichten des Benutzers.<\/li>\n<\/ul>\n<p>Auf der Kolzov-Platte &#8222;Kuza-H\u00f6hle. Sansibar&#8220; sind die Informationen des kristallklaren t\u00fcrkisfarbenen S\u00fc\u00dfwassers in der Kalksteinh\u00f6hle Kuza bei der Stadt Paje im S\u00fcdosten Sansibars gespeichert. Seit alters her kommen Menschen hierher, um von diesem Wasser Heilung zu erfahren.<\/p>\n<p>TIPP 1: Die Kolzov-Platte &#8222;Kuza-H\u00f6hle. Sansibar&#8220; bildet im Zusammenwirken mit der zweiten Sansibar-Platte &#8222;Kuumbi-H\u00f6hle&#8220; ein einzigartiges sich erg\u00e4nzendes und verst\u00e4rkendes Gespann.<\/p>\n<p>TIPP 2: Die Platte baut einen individuellen Prozess auf, sucht nach individuellen Blockaden und arbeitet auf verschiedenen Ebenen an den Ursachen des Problems &#8211; bei der Anwendung der Platte ist es wichtig, an das Gew\u00fcnschte zu denken und es m\u00f6glichst bildlich zu visualisieren.<\/p>\n<p>TIPP 3: Die Platte unter anderem ein Therapeuten (Psychologen, Psychotherapeuten, Heilpraktiker, Lebensberater, Lehrer) ein wichtiges Instrument, um Menschen in Notsituationen psychologische Hilfe bereitzustellen. Sie kann aber auch von Laien zur Selbstunterst\u00fctzung verwendet werden.<\/p>\n<p>TIPP 4: Um &#8222;traumatisches Material&#8220; aus dem K\u00f6rper und dem Unterbewusstsein zu entfernen, ist es n\u00fctzlich, unterst\u00fctzend Atem\u00fcbungen, Yoga oder Meditation durchzuf\u00fchren. Auch B\u00e4der k\u00f6nnen mit der Platte informiert werden, sowie kosmetische Produkte.<br \/>\nTIPP 5: Diabetiker k\u00f6nnen mit dieser Platte ihre Problemlage und den Zustand ihrer Blutgef\u00e4\u00dfe deutlich verbessern, wenn sie viel Wasser trinken, das auf diesem FSC informiert wurde.<\/p>\n<p>TIPP 6: Die Platte kann in Kombination mit allen zuvor erschienenen Platten und Armb\u00e4ndern verwendet werden, insbesondere mit: &#8222;Nr.2&#8220;, &#8222;Nr.7&#8220; und &#8222;Nr.8&#8220; (Serie Blau), &#8222;Petrovotschka&#8220; (&#8222;Petrov-Quelle&#8220;) &#8222;Geschenk des Himmels&#8220; (Serie Elite 8-Elemente), &#8222;Sch\u00f6ne Haut&#8220; (&#8222;Sch\u00f6nheitsfaktor&#8220;), &#8222;Goldener Schnitt&#8220;, &#8222;Lhasa&#8220;, &#8222;Fortuna, (Serie Effizient), &#8222;See Manasarovar. Kailash&#8220;, &#8222;Gr\u00fcne Tara. Kailash&#8220; (Serie Elite), &#8222;Kamerton&#8220;, &#8222;Ph\u00f6nix&#8220;, &#8222;Schl\u00fcssel zur Gesundheit 1&#8220; und &#8222;Schl\u00fcssel zur Gesundheit 2&#8220; (Serie Kollektion), &#8222;Rapa&#8220; (Winterserie 2020), &#8222;Nr.18&#8220; (Serie Gold), &#8222;F\u00fclle und Erfolg&#8220; (Serie Gr\u00fcn) und die Armb\u00e4nder Cardio&#8220; und &#8222;Magnat&#8220; (&#8222;M\u00e4nner-Armband&#8220;).<\/p>\n<p>ZUR BEACHTUNG: Bei dieser Platte sollte das Wasser zum Energetisieren mindestens 18 Minuten lang darauf gestellt werden.<\/p>\n<p><em><u>Ergebnis im LIFE-TEST:<\/u>\u00a0Die Kolzov-Platte &#8222;Kuza-H\u00f6hle. Sansibar&#8220; hat ein neutrales Energiefeld mit 40 000 Bovis. Damit aktiviert sie gleich 4 Chakras auf 40 000 Bovis: Kronen-, Stirn, Herz- und Wurzel-Chakra, wobei das Herz-Chakra noch deutlich dar\u00fcber aktiviert wird. Das Hals-Chakra steigt in seiner Energie auf ebenfalls hohe 35 000 Bovis. Das Solarplexus-Chakra steigt auf 28 000 Bovis und das Blase-\/Sexual-Chakra auf 21 000 Bovis. Durch die Aufladung der Chakras w\u00e4chst der bioenergetische Reaktionsabstand von zirka 75 Zentimetern um den K\u00f6rper auf enorme 2,70 Meter.<\/em><\/p>\n<p><em><br \/>\n<strong>Wichtiger Hinweis:<br \/>\nWir weisen ausdr\u00fccklich darauf hin, dass die Kolzov-Platte (russische Bezeichnung: &#8222;Korrektoren des funktionalen Zustands&#8220;) ein alternatives Energie- und Informationsprodukt ist und kein Heilmittel im Sinne der westlichen Schulmedizin. Vielmehr ist es ein rein energetisches Hilfsmittel zur ganzheitlichen Balancierung von energetischen Disharmonien und Blockaden. Informationen \u00fcber Qualit\u00e4t und Eigenschaften des Energieobjekts beziehen sich auf Aussagen des russischen Herstellers und alternativen Theorien zu Mensch und Umwelt, auf alternative Anschauungen und esoterische \u00dcberlieferungen oder Aussagen. Sie gelten nur im Sinne der esoterischen Lebensphilosophie und daran angelehnte Alternativheilkunde. Wirkungen im Sinne westlicher Wissenschaft oder Medizin werden hier nicht behauptet.<\/strong><\/em><\/p>","protected":false},"excerpt":{"rendered":"<p>ist ein spezialisierter energetischer Helfer f\u00fcr extreme psychische Belastungen. Sie bringt das autonome Nervensystem (Sympathikus und Parasympathikus) ins Gleichgewicht und ist daher unverzichtbar bei Panikattacken, Schockzust\u00e4nden, Depressionen oder nach traumatischer Gewalt. Sie hilft, den Geist zu beruhigen, emotionale Lasten abzuwerfen und verhindert, dass Stress in psychosomatische St\u00f6rungen umschl\u00e4gt. Ihre Energie wirkt tief regenerierend und dehnt die Aura auf beachtliche 2,70 Meter aus.<\/p>","protected":false},"featured_media":2395,"comment_status":"open","ping_status":"closed","template":"","meta":[],"product_brand":[],"product_cat":[33],"product_tag":[124],"class_list":{"0":"post-1753","1":"product","2":"type-product","3":"status-publish","4":"has-post-thumbnail","6":"product_cat-elite-series","7":"product_tag-124","9":"first","10":"instock","11":"taxable","12":"shipping-taxable","13":"purchasable","14":"product-type-simple"},"_links":{"self":[{"href":"https:\/\/vigo-rio.com\/en\/wp-json\/wp\/v2\/product\/1753","targetHints":{"allow":["GET"]}}],"collection":[{"href":"https:\/\/vigo-rio.com\/en\/wp-json\/wp\/v2\/product"}],"about":[{"href":"https:\/\/vigo-rio.com\/en\/wp-json\/wp\/v2\/types\/product"}],"replies":[{"embeddable":true,"href":"https:\/\/vigo-rio.com\/en\/wp-json\/wp\/v2\/comments?post=1753"}],"wp:featuredmedia":[{"embeddable":true,"href":"https:\/\/vigo-rio.com\/en\/wp-json\/wp\/v2\/media\/2395"}],"wp:attachment":[{"href":"https:\/\/vigo-rio.com\/en\/wp-json\/wp\/v2\/media?parent=1753"}],"wp:term":[{"taxonomy":"product_brand","embeddable":true,"href":"https:\/\/vigo-rio.com\/en\/wp-json\/wp\/v2\/product_brand?post=1753"},{"taxonomy":"product_cat","embeddable":true,"href":"https:\/\/vigo-rio.com\/en\/wp-json\/wp\/v2\/product_cat?post=1753"},{"taxonomy":"product_tag","embeddable":true,"href":"https:\/\/vigo-rio.com\/en\/wp-json\/wp\/v2\/product_tag?post=1753"}],"curies":[{"name":"wp","href":"https:\/\/api.w.org\/{rel}","templated":true}]}}