{"id":1752,"date":"2026-01-15T09:56:37","date_gmt":"2026-01-15T09:56:37","guid":{"rendered":"https:\/\/vigo-rio.com\/?post_type=product&#038;p=1752"},"modified":"2026-04-15T09:05:43","modified_gmt":"2026-04-15T09:05:43","slug":"fc-kuumbi-cave-zanzibar","status":"publish","type":"product","link":"https:\/\/vigo-rio.com\/en\/product\/fc-kuumbi-cave-zanzibar\/","title":{"rendered":"FC Kuumbi Cave Zanzibar"},"content":{"rendered":"<p><strong>Kolzov-Platte: &#8222;Kuumbi-H\u00f6hle. Sansibar&#8220;\u00a0&#8211; (st\u00e4rkt die Stresstoleranz, l\u00f6st psychosomatische Probleme nach Traumata auf, kl\u00e4rt die Ahnenlinie)<\/strong><\/p>\n<p><strong><em>(bei paarweiser Anwendung am besten mit der Platte &#8222;Kuza H\u00f6hle. Sansibar&#8220;)<\/em><br \/>\n<\/strong><\/p>\n<p><strong>&#8211; neueste Version mit 8-Elementen (8 enthaltenen Energiespeicher-Chips)<\/strong><\/p>\n<p><em>Die Platte tr\u00e4gt die Aufschrift: \u041f\u0415\u0429\u0415\u0420\u0410 \u041a\u0423\u0423\u041c\u0411\u0418. \u0417\u0410\u041d\u0417\u0418\u0411\u0410\u0420 bzw. auf dem erg\u00e4nzenden Deckblatt: KUUMBI CAVE.ZANZIBAR, GROTTE DE KUUMBI.ZANZIBAR, KUUMBI CAVE.ZANZIBAR<br \/>\n<\/em><\/p>\n<p>Die Platte &#8222;Kuumbi-H\u00f6hle. Sansibar&#8220; hilft dabei, psychosomatische Zust\u00e4nde und Erkrankungen, die durch Stress, Traumata, Unf\u00e4lle, Katastrophen, Kriege etc. verursacht wurden, aufzul\u00f6sen und arbeitet dabei bis in die Ahnenlinien hinein. Sie heilt die Seele bei Verlust von Verwandten und Freunden und hilft dabei, eine gelassenere neutralere Wahrnehmung der Welt zu erlangen und negative Emotionen wie Hass in den Herzen und Seelen der Menschen in positive Komponenten umzuwandeln.<\/p>\n<p><em>Die Aussagen beziehen sich auf alternative Testmethoden wie Meridianenergie-Messungen der Organfunktionskreisl\u00e4ufe nach TCM, Kirlian-Fotografie (EPG\/GDV-Kamera), Oberon, Amsat o.\u00e4. durch den Hersteller &#8222;Planet der Regionen&#8220; und stellen keine medizinische oder auf den physischen K\u00f6rper und dessen Organe bezogenen Aussage im Sinne der westlichen Schulmedizin dar.<\/em><\/p>\n<p><strong>Die Platte ist in diesem Sinne vor allem geeignet f\u00fcr:<\/strong><\/p>\n<ul>\n<li>hilft bei der Wiederherstellung der regulatorischen Funktion der Hypophyse und des Hypothalamus (und damit eine der wichtigsten Steuerzentrum des Nervensystems und insgesamt des Organismus), dies f\u00f6rdert indirekt die Produktion von Hormonen, welche die Prozesse des Wachstums, der k\u00f6rperlichen Entwicklung und Regeneration, des Stoffwechsels und der Fortpflanzungsfunktion beeinflussen,<\/li>\n<li>zielt darauf ab, die Regulationsf\u00e4higkeit des Nervensystems zu stabilisieren, um eine angemessenen gesunde Reaktion des Organismus in Stresssituationen und bei verschiedensten Umweltver\u00e4nderungen zu erm\u00f6glichen, normalisiert dabei das jeweils angemessene Verh\u00e4ltnis der Hormonen Adrenalin und Noradrenalin,<\/li>\n<li>stabilisiert den psycho-emotionalen Zustand und beeinflusst positiv die Produktion der \u201eGl\u00fcckshormone\u201c Dopamin (von deren Konzentration die Funktionsweise der Herz- und Nervenzellen, des K\u00f6rpergewichts und der Leistungsf\u00e4higkeit abh\u00e4ngt) und Serotonin (hilft bei der Regulierung des Schlaf- und Wachrhythmus, der inneren biologischen Uhr) positiv<\/li>\n<li>hilft dabei, eventuelle psychosomatische Zust\u00e4nde und Krankheiten, die durch Stress und Trauma entstehen, zu lindern oder deren Entstehung zu verringern (das k\u00f6nnen unter anderem H\u00f6rverlust, verlangsamtes Sprechen, Stottern, motorische St\u00f6rungen wie Tremor, Parese der Gliedma\u00dfen usw. sein),<\/li>\n<li>wirkt sich insgesamt positiv auf den Zustand der Gehirngef\u00e4\u00dfe aus, hilft sanft bei der Linderung von Kr\u00e4mpfen bei \u00dcberanstrengung, Kopfschmerzen, \u00c4nderungen der Au\u00dfentemperatur, Wetterf\u00fchligkeit und verringert so die Wahrscheinlichkeit von Schlaganf\u00e4llen, unterst\u00fctzt in der Therapie von Mikroschlaganf\u00e4llen und deren Folgen,<\/li>\n<li>hilft auch dabei, Verspannungen und Kr\u00e4mpfe der Augenmuskulatur w\u00e4hrend vieler Stunden Arbeit mit Computer, Smartphone usw. zu l\u00f6sen,<\/li>\n<li>unterst\u00fctzt die Regulation von Stoffwechselprozessen, was unter anderem auch ein gesundes Abnehmen und die Gewichtskontrolle &#8211; dem jeweiligen Alter und Lebenszyklus angemessen &#8211; f\u00f6rdert,<\/li>\n<li>heilt Tr\u00e4nen&#8220; der Bitterkeit \u00fcber den Verlust von Verwandten und Freunden, hilft dabei insbesondere die &#8222;Frauentr\u00e4nen&#8220;(die Seele der Familie) zu heilen und vermittelt dazu die Unterst\u00fctzung der Ahnen und Generationen von Frauen, die in dieser H\u00f6hle bereits Trost gesucht haben, verleiht hierzu uralte Weisheit, altes Wissen und den Frieden der Erde und hilft, die &#8222;Musik des Herzens&#8220; zu h\u00f6ren,<\/li>\n<li>stellt eine tiefe Verbindung mit der g\u00f6ttlichen Pr\u00e4senz des Lichts wieder her, verbindet das spirituelle Zentrum von &#8222;Ich bin&#8220; mit dem H\u00f6heren Selbst, bringt den Benutzer auf eine h\u00f6here Ebene des Bewusstseins, aktiviert das Ahnenged\u00e4chtnis,<\/li>\n<li>hilft dabei, eine gelassenere neutralere Wahrnehmung der Welt zu erlangen und negative Emotionen in positive Komponenten umzuwandeln,<\/li>\n<li>transformiert eventuelle negative Ausstrahlungen des Anwenders, damit diese in der Zukunft nicht zur Materialisierung einer unerw\u00fcnschten Realit\u00e4t f\u00fchren k\u00f6nnen, hilft im Ungl\u00fcck ausgesendete negative Botschaften und W\u00fcnsche zu entfernen,<\/li>\n<li>bietet allgemein Hilfestellung in schwierigen Lebenssituationen und aktiviert die Kreativit\u00e4t des Anwenders, st\u00e4rkt den Schutz vor negativen Lebenssituationen und transformiert den \u00e4u\u00dferen energetischen Raum des Benutzers zum Besseren,<\/li>\n<li>schaltet das \u201einnere reinigende Feuer\u201c im Menschen durch die Aktivierung des Elements Feuer ein,<\/li>\n<li>f\u00f6rdert die Entstehung einer gesicherten pers\u00f6nlichen Existenz im allgemeinen Lebensumfeld des Anwenders und im Raum seines Seins.<\/li>\n<\/ul>\n<p>Auf der Kolzov-Platte &#8222;Kuumbi-H\u00f6hle. Sansibar&#8220; sind die Informationen der alten Kult- und Wohnh\u00f6hle Kuumbi &#8211; auf Swahili: &#8222;Pango la Kuumbi&#8220; was \u00fcbersetzt &#8222;H\u00f6hle der Sch\u00f6pfung&#8220; bedeutet. Seit \u00fcber 20.000 Jahren haben Menschen diese H\u00f6hle genutzt und noch heute kommen Besucher, um hier zu beten &#8211; oft, um eine emotionale Balance nach dem Verlust eines geliebten Menschen und um eine Neuausrichtung im Leben zu finden.<\/p>\n<p>TIPP 1: Die Platte &#8222;Kuumbi-H\u00f6hle. Sansibar&#8220; arbeitet in einzigartiger Weise im Tandem mit der Platte &#8222;Kuza-H\u00f6hle. Sansibar&#8220; zusammen. Bei der Arbeit mit den Platten wirkt es unterst\u00fctzend, wenn man diese in Dankbarkeit anwendet und sich an das Prinzip des Universums erinnert \u201ewas du ausstrahlst, ist was du empf\u00e4ngst\u201c. W\u00e4hrend Sie sich mit den Platten durchstr\u00f6men, visualisieren Sie zudem f\u00fcr ihre Situation eine m\u00f6gliche gew\u00fcnschte L\u00f6sung.<\/p>\n<p>TIPP 2: Es ist vor allem f\u00fcr jede Frau wichtig, diese Platte zu verwenden, um sich selbst zu stabilisieren und in die spirituelle, energetische Weltunion der Frauen einzutreten &#8211; die Platte hilft dabei, sich mit den Energien von Mutter Erde, der Weisheit weiblicher Generationen und der inneren St\u00e4rke und Weisheit des weiblichen Aspekts des Seins zu verbinden.<\/p>\n<p>TIPP 3: Unterst\u00fctzen und st\u00e4rken Sie auch mit Gebeten im Namen des Friedens und der Einheit die weiblichen Energien des Planeten und wandeln Sie die Welt der M\u00e4nner und der m\u00e4nnlichen Energie zum Besseren!<\/p>\n<p>TIPP 4: M\u00e4nner sollten diese Platte ebenfalls unbedingt verwenden, um die Energie des Gleichgewichts in der Welt der Handlungen und Taten zu st\u00e4rken, um Konflikte, Zusammenst\u00f6\u00dfe und Aggressionen zu l\u00f6sen, um wahre m\u00e4nnliche Qualit\u00e4ten zu entwickeln und mit ihrer Zuverl\u00e4ssigkeit und Standhaftigkeit die weiblichen Energien des Planeten zu unterst\u00fctzen.<\/p>\n<p>TIPP 5: Um die Ahnenkan\u00e4le, embryonale und fr\u00fchgeburtliche Traumata zu reinigen, wird die gemeinsamen Anwendung de Platten &#8222;Kuumbi-H\u00f6hle. Sansibar&#8220; und &#8222;Kuza-H\u00f6hle. Sansibar&#8220; mit den Platten &#8222;Neustart Reinigen&#8220; und &#8222;Neustart F\u00fcllen&#8220; (Serie Effizient) empfohlen &#8211; am besten sich damit durchstr\u00f6men zu lassen (insbesondere auf das 3. und 1.Chakra, Bauchnabel Geburtskanal, legen).<\/p>\n<p>TIPP 6: Die Platte kann in Kombination mit allen zuvor erschienenen Platten und Armb\u00e4ndern verwendet werden, insbesondere mit: &#8222;Himmlische F\u00fcrbitte&#8220;, &#8222;Kolzovs Lichtgeschenk&#8220;, &#8222;Frieden&#8220; und &#8222;Protector&#8220; (Serie Elite), &#8222;Unfall-Schutz&#8220; (Anti-Kataklysm&#8220;), &#8222;Fortuna&#8220; (Serie Effizient), &#8222;Wahrhaftige Liebe&#8220;, &#8222;Harmonie&#8220;, &#8222;Ordnungsplatte Frau&#8220; und &#8222;Ordnungsplatte Mann&#8220; (Serie Gr\u00fcn) und die Armb\u00e4nder Amulett und &#8222;Charme (Frauen-Armband). Zudem wird empfohlen, sich mit den Platten &#8222;Neustart Reinigen&#8220; und &#8222;Neustart F\u00fcllen&#8220; (Serie Effizient) durchstr\u00f6men zu lassen (3. und 1.Chakra, Bauchnabel Geburtskanal)<\/p>\n<p>ZUR BEACHTUNG: Bei dieser Platte sollte das Wasser zum Energetisieren mindestens 12 Minuten lang darauf gestellt werden<\/p>\n<p><em><u>Ergebnis im LIFE-TEST:<\/u>\u00a0Die Kolzov-Platte &#8222;Kuumbi-H\u00f6hle. Sansibar&#8220; hat ein neutrales Energiefeld mit 40 000 Bovis. Damit aktiviert sie das Herz-Chakra und das Stirn-Chakra auf 40 000 Bovis. Das Kronen-Chakra steigt auf ebenfalls sehr hohe 35 000 Bovis. Das Solarplexus-Chakra erh\u00f6ht sich in seiner Energie auf 20 000 Bovis, Hals- und Wurzel-Chakra verdreifachen ihre Enrgie auf 21 000 Bovis und das Blase-\/Sexual-Chakra verdoppelt npoch seine Energie auf 14 000 Bovis. Durch die Aufladung der Chakras w\u00e4chst der bioenergetische Reaktionsabstand von zirka 75 Zentimetern um den K\u00f6rper auf 2,10 Meter.<\/em><\/p>\n<p><em><\/p>\n<p><\/em><\/p>\n<p><em><strong>Wichtiger Hinweis:<br \/>\nWir weisen ausdr\u00fccklich darauf hin, dass die Kolzov-Platte (russische Bezeichnung: &#8222;Korrektoren des funktionalen Zustands&#8220;) ein alternatives Energie- und Informationsprodukt ist und kein Heilmittel im Sinne der westlichen Schulmedizin. Vielmehr ist es ein rein energetisches Hilfsmittel zur ganzheitlichen Balancierung von energetischen Disharmonien und Blockaden. Informationen \u00fcber Qualit\u00e4t und Eigenschaften des Energieobjekts beziehen sich auf Aussagen des russischen Herstellers und alternativen Theorien zu Mensch und Umwelt, auf alternative Anschauungen und esoterische \u00dcberlieferungen oder Aussagen. Sie gelten nur im Sinne der esoterischen Lebensphilosophie und daran angelehnte Alternativheilkunde. Wirkungen im Sinne westlicher Wissenschaft oder Medizin werden hier nicht behauptet.<\/strong><\/em><\/p>","protected":false},"excerpt":{"rendered":"<p>Die Platte <b data-path-to-node=\"2\" data-index-in-node=\"11\">\u201eKuumbi-H\u00f6hle. Sansibar\u201c<\/b> (\u201eH\u00f6hle der Sch\u00f6pfung\u201c) ist ein kraftvoller Regulator f\u00fcr das Hormon- und Nervensystem (Hypophyse\/Hypothalamus). Sie ist spezialisiert auf die Heilung tiefer emotionaler Wunden, insbesondere bei Verlusten und Trauer (\u201eFrauentr\u00e4nen\u201c), und wandelt negative Emotionen wie Hass in Frieden um. Die Platte kl\u00e4rt Ahnenlinien, l\u00f6st fr\u00fchgeburtliche Traumata und hilft dabei, die Welt gelassener wahrzunehmen. Sie sch\u00fctzt vor der Materialisierung negativer Gedanken und verbindet den Anwender mit der uralten Weisheit von \u00fcber 20.000 Jahren Menschheitsgeschichte.<\/p>","protected":false},"featured_media":2397,"comment_status":"open","ping_status":"closed","template":"","meta":[],"product_brand":[],"product_cat":[33],"product_tag":[125],"class_list":{"0":"post-1752","1":"product","2":"type-product","3":"status-publish","4":"has-post-thumbnail","6":"product_cat-elite-series","7":"product_tag-125","9":"first","10":"instock","11":"taxable","12":"shipping-taxable","13":"purchasable","14":"product-type-simple"},"_links":{"self":[{"href":"https:\/\/vigo-rio.com\/en\/wp-json\/wp\/v2\/product\/1752","targetHints":{"allow":["GET"]}}],"collection":[{"href":"https:\/\/vigo-rio.com\/en\/wp-json\/wp\/v2\/product"}],"about":[{"href":"https:\/\/vigo-rio.com\/en\/wp-json\/wp\/v2\/types\/product"}],"replies":[{"embeddable":true,"href":"https:\/\/vigo-rio.com\/en\/wp-json\/wp\/v2\/comments?post=1752"}],"wp:featuredmedia":[{"embeddable":true,"href":"https:\/\/vigo-rio.com\/en\/wp-json\/wp\/v2\/media\/2397"}],"wp:attachment":[{"href":"https:\/\/vigo-rio.com\/en\/wp-json\/wp\/v2\/media?parent=1752"}],"wp:term":[{"taxonomy":"product_brand","embeddable":true,"href":"https:\/\/vigo-rio.com\/en\/wp-json\/wp\/v2\/product_brand?post=1752"},{"taxonomy":"product_cat","embeddable":true,"href":"https:\/\/vigo-rio.com\/en\/wp-json\/wp\/v2\/product_cat?post=1752"},{"taxonomy":"product_tag","embeddable":true,"href":"https:\/\/vigo-rio.com\/en\/wp-json\/wp\/v2\/product_tag?post=1752"}],"curies":[{"name":"wp","href":"https:\/\/api.w.org\/{rel}","templated":true}]}}